{"id":515,"date":"2017-08-24T10:35:12","date_gmt":"2017-08-24T10:35:12","guid":{"rendered":"https:\/\/www.temacslitters.com\/?page_id=515\/"},"modified":"2023-12-22T11:28:54","modified_gmt":"2023-12-22T11:28:54","slug":"azienda","status":"publish","type":"page","link":"https:\/\/www.temacslitters.com\/it\/azienda\/","title":{"rendered":"Temac: il partner giusto per la tua azienda"},"content":{"rendered":"\t\t<div data-elementor-type=\"wp-page\" data-elementor-id=\"515\" class=\"elementor elementor-515\">\n\t\t\t\t\t\t<section class=\"elementor-section elementor-top-section elementor-element elementor-element-65f74bef elementor-section-boxed elementor-section-height-default elementor-section-height-default\" data-id=\"65f74bef\" data-element_type=\"section\">\n\t\t\t\t\t\t<div class=\"elementor-container elementor-column-gap-default\">\n\t\t\t\t\t<div class=\"elementor-column elementor-col-100 elementor-top-column elementor-element elementor-element-7cdd2fef\" data-id=\"7cdd2fef\" data-element_type=\"column\">\n\t\t\t<div class=\"elementor-widget-wrap elementor-element-populated\">\n\t\t\t\t\t\t<div class=\"elementor-element elementor-element-6ffe54b3 elementor-widget elementor-widget-image\" data-id=\"6ffe54b3\" data-element_type=\"widget\" data-widget_type=\"image.default\">\n\t\t\t\t<div class=\"elementor-widget-container\">\n\t\t\t\t\t\t\t\t\t\t\t\t\t\t\t<img fetchpriority=\"high\" decoding=\"async\" width=\"1200\" height=\"249\" src=\"https:\/\/www.temacslitters.com\/wp-content\/uploads\/2023\/02\/temac-azienda-1.jpg\" class=\"attachment-full size-full wp-image-4853\" alt=\"\" srcset=\"https:\/\/www.temacslitters.com\/wp-content\/uploads\/2023\/02\/temac-azienda-1.jpg 1200w, https:\/\/www.temacslitters.com\/wp-content\/uploads\/2023\/02\/temac-azienda-1-300x62.jpg 300w, https:\/\/www.temacslitters.com\/wp-content\/uploads\/2023\/02\/temac-azienda-1-1024x212.jpg 1024w, https:\/\/www.temacslitters.com\/wp-content\/uploads\/2023\/02\/temac-azienda-1-768x159.jpg 768w\" sizes=\"(max-width: 1200px) 100vw, 1200px\" \/>\t\t\t\t\t\t\t\t\t\t\t\t\t\t\t<\/div>\n\t\t\t\t<\/div>\n\t\t\t\t<section class=\"elementor-section elementor-inner-section elementor-element elementor-element-7620caab elementor-section-boxed elementor-section-height-default elementor-section-height-default\" data-id=\"7620caab\" data-element_type=\"section\">\n\t\t\t\t\t\t<div class=\"elementor-container elementor-column-gap-default\">\n\t\t\t\t\t<div class=\"elementor-column elementor-col-50 elementor-inner-column elementor-element elementor-element-298daec5\" data-id=\"298daec5\" data-element_type=\"column\">\n\t\t\t<div class=\"elementor-widget-wrap elementor-element-populated\">\n\t\t\t\t\t\t<div class=\"elementor-element elementor-element-147e2e2e elementor-widget elementor-widget-image\" data-id=\"147e2e2e\" data-element_type=\"widget\" data-widget_type=\"image.default\">\n\t\t\t\t<div class=\"elementor-widget-container\">\n\t\t\t\t\t\t\t\t\t\t\t\t\t\t\t<img decoding=\"async\" width=\"484\" height=\"289\" src=\"https:\/\/www.temacslitters.com\/wp-content\/uploads\/2023\/02\/massimo-cerliani.jpg\" class=\"attachment-full size-full wp-image-4779\" alt=\"massimo cerliani\" srcset=\"https:\/\/www.temacslitters.com\/wp-content\/uploads\/2023\/02\/massimo-cerliani.jpg 484w, https:\/\/www.temacslitters.com\/wp-content\/uploads\/2023\/02\/massimo-cerliani-300x179.jpg 300w\" sizes=\"(max-width: 484px) 100vw, 484px\" \/>\t\t\t\t\t\t\t\t\t\t\t\t\t\t\t<\/div>\n\t\t\t\t<\/div>\n\t\t\t\t\t<\/div>\n\t\t<\/div>\n\t\t\t\t<div class=\"elementor-column elementor-col-50 elementor-inner-column elementor-element elementor-element-5cd8c1ae\" data-id=\"5cd8c1ae\" data-element_type=\"column\">\n\t\t\t<div class=\"elementor-widget-wrap elementor-element-populated\">\n\t\t\t\t\t\t<div class=\"elementor-element elementor-element-39d4d1bb elementor-widget elementor-widget-text-editor\" data-id=\"39d4d1bb\" data-element_type=\"widget\" data-widget_type=\"text-editor.default\">\n\t\t\t\t<div class=\"elementor-widget-container\">\n\t\t\t\t\t\t\t\t\t<p><strong>\u201cSlitter engineering\u201d<\/strong> \u00e8 la nostra essenza: la progettazione \u00e8 la nostra filosofia operativa, foriera di genialit\u00e0 e creativit\u00e0.<br \/>Siamo sempre pronti ad <strong>ascoltare le esigenze dei nostri clienti<\/strong> e a progettare <strong>nuove soluzioni<\/strong> che le soddisfino.<br \/><strong>Il cliente \u00e8 un nostro partner prezioso<\/strong>. Crediamo che le soluzioni pi\u00f9 creative, le piccole migliorie costruttive o di software cos\u00ec apprezzate oggi, siano partite dagli spunti e dalle richieste dei nostri clienti. Un diametro di svolgimento leggermente pi\u00f9 grande, uno spostamento della stazione di raccolta, una gestione dei pesi automatica, un puntatore in pi\u00f9 per facilitare l\u2019operatore. Dalle pi\u00f9 semplici modifiche a progettazioni pi\u00f9 importanti, <strong>il nostro modus operandi \u00e8 l\u2019ascolto, seguito dallo studio di fattibilit\u00e0 e dalla realizzazione concreta<\/strong>.<\/p>\t\t\t\t\t\t\t\t<\/div>\n\t\t\t\t<\/div>\n\t\t\t\t<div class=\"elementor-element elementor-element-59785b58 elementor-align-center elementor-widget elementor-widget-button\" data-id=\"59785b58\" data-element_type=\"widget\" data-widget_type=\"button.default\">\n\t\t\t\t<div class=\"elementor-widget-container\">\n\t\t\t\t\t\t\t\t\t<div class=\"elementor-button-wrapper\">\n\t\t\t\t\t<a class=\"elementor-button elementor-button-link elementor-size-sm\" href=\"https:\/\/www.temacslitters.com\/wp-content\/uploads\/2023\/12\/temac_ITA_ENG.pdf\" target=\"_blank\">\n\t\t\t\t\t\t<span class=\"elementor-button-content-wrapper\">\n\t\t\t\t\t\t\t\t\t<span class=\"elementor-button-text\">Scarica il catalogo<\/span>\n\t\t\t\t\t<\/span>\n\t\t\t\t\t<\/a>\n\t\t\t\t<\/div>\n\t\t\t\t\t\t\t\t<\/div>\n\t\t\t\t<\/div>\n\t\t\t\t\t<\/div>\n\t\t<\/div>\n\t\t\t\t\t<\/div>\n\t\t<\/section>\n\t\t\t\t\t<\/div>\n\t\t<\/div>\n\t\t\t\t\t<\/div>\n\t\t<\/section>\n\t\t\t\t<section class=\"elementor-section elementor-top-section elementor-element elementor-element-756a731c elementor-section-boxed elementor-section-height-default elementor-section-height-default\" data-id=\"756a731c\" data-element_type=\"section\">\n\t\t\t\t\t\t<div class=\"elementor-container elementor-column-gap-default\">\n\t\t\t\t\t<div class=\"elementor-column elementor-col-50 elementor-top-column elementor-element elementor-element-6b80e275\" data-id=\"6b80e275\" data-element_type=\"column\">\n\t\t\t<div class=\"elementor-widget-wrap elementor-element-populated\">\n\t\t\t\t\t\t<div class=\"elementor-element elementor-element-2ba834df elementor-widget elementor-widget-image\" data-id=\"2ba834df\" data-element_type=\"widget\" data-widget_type=\"image.default\">\n\t\t\t\t<div class=\"elementor-widget-container\">\n\t\t\t\t\t\t\t\t\t\t\t\t\t\t\t<img decoding=\"async\" width=\"475\" height=\"205\" src=\"https:\/\/www.temacslitters.com\/wp-content\/uploads\/2023\/02\/slitter-design-1.jpg\" class=\"attachment-full size-full wp-image-4792\" alt=\"\" srcset=\"https:\/\/www.temacslitters.com\/wp-content\/uploads\/2023\/02\/slitter-design-1.jpg 475w, https:\/\/www.temacslitters.com\/wp-content\/uploads\/2023\/02\/slitter-design-1-300x129.jpg 300w\" sizes=\"(max-width: 475px) 100vw, 475px\" \/>\t\t\t\t\t\t\t\t\t\t\t\t\t\t\t<\/div>\n\t\t\t\t<\/div>\n\t\t\t\t\t<\/div>\n\t\t<\/div>\n\t\t\t\t<div class=\"elementor-column elementor-col-50 elementor-top-column elementor-element elementor-element-30bb69fa\" data-id=\"30bb69fa\" data-element_type=\"column\">\n\t\t\t<div class=\"elementor-widget-wrap elementor-element-populated\">\n\t\t\t\t\t\t<div class=\"elementor-element elementor-element-10ea7f6c elementor-widget elementor-widget-text-editor\" data-id=\"10ea7f6c\" data-element_type=\"widget\" data-widget_type=\"text-editor.default\">\n\t\t\t\t<div class=\"elementor-widget-container\">\n\t\t\t\t\t\t\t\t\t<p>Tutte le taglierine, se si considerano solo i principali parametri tecnici, sembrano uguali, ma sono i dettagli che fanno la differenza tra le <a href=\"https:\/\/www.temacslitters.com\/it\/t\/taglierine-ribobinatrici-bialbero\/\">macchine per packaging<\/a>. Nel nostro caso, il punto di partenza \u00e8 sempre il cliente ed in particolare l\u2019operatore macchina del reparto taglio. \u00c8 ascoltando gli utilizzatori finali, quelli che usano la taglierina tutti i giorni, che nel corso della nostra esperienza, abbiamo migliorato alcuni aspetti, introdotto semplici, ma risolutivi particolari, per andare incontro alle loro esigenze. E cos\u00ec <strong>o<\/strong><b>gni taglierina si arricchisce di soluzioni ad hoc, tanto che ognuna ha delle particolarit\u00e0, che la rendono unica<\/b>.<\/p>\t\t\t\t\t\t\t\t<\/div>\n\t\t\t\t<\/div>\n\t\t\t\t<div class=\"elementor-element elementor-element-3b322ce elementor-align-center elementor-widget elementor-widget-button\" data-id=\"3b322ce\" data-element_type=\"widget\" data-widget_type=\"button.default\">\n\t\t\t\t<div class=\"elementor-widget-container\">\n\t\t\t\t\t\t\t\t\t<div class=\"elementor-button-wrapper\">\n\t\t\t\t\t<a class=\"elementor-button elementor-button-link elementor-size-sm\" href=\"https:\/\/www.temacslitters.com\/it\/skills\/\">\n\t\t\t\t\t\t<span class=\"elementor-button-content-wrapper\">\n\t\t\t\t\t\t\t\t\t<span class=\"elementor-button-text\">Approfondisci le skills<\/span>\n\t\t\t\t\t<\/span>\n\t\t\t\t\t<\/a>\n\t\t\t\t<\/div>\n\t\t\t\t\t\t\t\t<\/div>\n\t\t\t\t<\/div>\n\t\t\t\t\t<\/div>\n\t\t<\/div>\n\t\t\t\t\t<\/div>\n\t\t<\/section>\n\t\t\t\t<section class=\"elementor-section elementor-top-section elementor-element elementor-element-60d0c2b elementor-section-boxed elementor-section-height-default elementor-section-height-default\" data-id=\"60d0c2b\" data-element_type=\"section\">\n\t\t\t\t\t\t<div class=\"elementor-container elementor-column-gap-default\">\n\t\t\t\t\t<div class=\"elementor-column elementor-col-50 elementor-top-column elementor-element elementor-element-6cbb179b\" data-id=\"6cbb179b\" data-element_type=\"column\">\n\t\t\t<div class=\"elementor-widget-wrap elementor-element-populated\">\n\t\t\t\t\t\t<div class=\"elementor-element elementor-element-13afa00 elementor-widget elementor-widget-image\" data-id=\"13afa00\" data-element_type=\"widget\" data-widget_type=\"image.default\">\n\t\t\t\t<div class=\"elementor-widget-container\">\n\t\t\t\t\t\t\t\t\t\t\t\t\t\t\t<img loading=\"lazy\" decoding=\"async\" width=\"401\" height=\"287\" src=\"https:\/\/www.temacslitters.com\/wp-content\/uploads\/2023\/02\/affidabili.jpg\" class=\"attachment-full size-full wp-image-4842\" alt=\"\" srcset=\"https:\/\/www.temacslitters.com\/wp-content\/uploads\/2023\/02\/affidabili.jpg 401w, https:\/\/www.temacslitters.com\/wp-content\/uploads\/2023\/02\/affidabili-300x215.jpg 300w\" sizes=\"(max-width: 401px) 100vw, 401px\" \/>\t\t\t\t\t\t\t\t\t\t\t\t\t\t\t<\/div>\n\t\t\t\t<\/div>\n\t\t\t\t\t<\/div>\n\t\t<\/div>\n\t\t\t\t<div class=\"elementor-column elementor-col-50 elementor-top-column elementor-element elementor-element-52b0faa0\" data-id=\"52b0faa0\" data-element_type=\"column\">\n\t\t\t<div class=\"elementor-widget-wrap elementor-element-populated\">\n\t\t\t\t\t\t<div class=\"elementor-element elementor-element-31be4993 elementor-widget elementor-widget-heading\" data-id=\"31be4993\" data-element_type=\"widget\" data-widget_type=\"heading.default\">\n\t\t\t\t<div class=\"elementor-widget-container\">\n\t\t\t\t\t<h3 class=\"elementor-heading-title elementor-size-default\">Siamo affidabili<\/h3>\t\t\t\t<\/div>\n\t\t\t\t<\/div>\n\t\t\t\t<div class=\"elementor-element elementor-element-35e879bf elementor-widget elementor-widget-text-editor\" data-id=\"35e879bf\" data-element_type=\"widget\" data-widget_type=\"text-editor.default\">\n\t\t\t\t<div class=\"elementor-widget-container\">\n\t\t\t\t\t\t\t\t\t<p>I nostri prodotti rispondo ai pi\u00f9 elevati requisiti di affidabilit\u00e0 e rendimento, garantendo alta efficienza e continua innovazione nel settore.<br \/>Dal 1999 siamo un partner affidabile che crede nella qualit\u00e0 e non scende a compromessi. Nel corso degli anni abbiamo ottenuto una sempre pi\u00f9 elevata percentuale di clienti fidelizzati. Restiamo con i nostri clienti grazie a:<\/p><ul><li>efficiente servizio di ricambistica<\/li><li>qualificato supporto tecnico in loco o da remoto<\/li><\/ul>\t\t\t\t\t\t\t\t<\/div>\n\t\t\t\t<\/div>\n\t\t\t\t\t<\/div>\n\t\t<\/div>\n\t\t\t\t\t<\/div>\n\t\t<\/section>\n\t\t\t\t<section class=\"elementor-section elementor-top-section elementor-element elementor-element-46f6889 elementor-section-boxed elementor-section-height-default elementor-section-height-default\" data-id=\"46f6889\" data-element_type=\"section\">\n\t\t\t\t\t\t<div class=\"elementor-container elementor-column-gap-default\">\n\t\t\t\t\t<div class=\"elementor-column elementor-col-50 elementor-top-column elementor-element elementor-element-7663fe6e\" data-id=\"7663fe6e\" data-element_type=\"column\">\n\t\t\t<div class=\"elementor-widget-wrap elementor-element-populated\">\n\t\t\t\t\t\t<div class=\"elementor-element elementor-element-545338a9 elementor-widget elementor-widget-image\" data-id=\"545338a9\" data-element_type=\"widget\" data-widget_type=\"image.default\">\n\t\t\t\t<div class=\"elementor-widget-container\">\n\t\t\t\t\t\t\t\t\t\t\t\t\t\t\t<img loading=\"lazy\" decoding=\"async\" width=\"690\" height=\"279\" src=\"https:\/\/www.temacslitters.com\/wp-content\/uploads\/2022\/06\/ecosystemac.jpg\" class=\"attachment-large size-large wp-image-3976\" alt=\"ecosystemac\" srcset=\"https:\/\/www.temacslitters.com\/wp-content\/uploads\/2022\/06\/ecosystemac.jpg 768w, https:\/\/www.temacslitters.com\/wp-content\/uploads\/2022\/06\/ecosystemac-300x121.jpg 300w\" sizes=\"(max-width: 690px) 100vw, 690px\" \/>\t\t\t\t\t\t\t\t\t\t\t\t\t\t\t<\/div>\n\t\t\t\t<\/div>\n\t\t\t\t\t<\/div>\n\t\t<\/div>\n\t\t\t\t<div class=\"elementor-column elementor-col-50 elementor-top-column elementor-element elementor-element-3c91b061\" data-id=\"3c91b061\" data-element_type=\"column\">\n\t\t\t<div class=\"elementor-widget-wrap elementor-element-populated\">\n\t\t\t\t\t\t<div class=\"elementor-element elementor-element-1e59b3be elementor-widget elementor-widget-heading\" data-id=\"1e59b3be\" data-element_type=\"widget\" data-widget_type=\"heading.default\">\n\t\t\t\t<div class=\"elementor-widget-container\">\n\t\t\t\t\t<h3 class=\"elementor-heading-title elementor-size-default\">Siamo ecologici<\/h3>\t\t\t\t<\/div>\n\t\t\t\t<\/div>\n\t\t\t\t<div class=\"elementor-element elementor-element-774e5297 elementor-widget elementor-widget-text-editor\" data-id=\"774e5297\" data-element_type=\"widget\" data-widget_type=\"text-editor.default\">\n\t\t\t\t<div class=\"elementor-widget-container\">\n\t\t\t\t\t\t\t\t\t<p>Abbiamo assunto il nostro impegno ambientale, progettando e realizzando la serie <strong>Ecosystemac<\/strong> che garantisce un alto valore aggiunto in termini di performance produttive \u00a0ed ecosostenibilit\u00e0.<\/p>\t\t\t\t\t\t\t\t<\/div>\n\t\t\t\t<\/div>\n\t\t\t\t<div class=\"elementor-element elementor-element-7a4ab elementor-align-center elementor-widget elementor-widget-button\" data-id=\"7a4ab\" data-element_type=\"widget\" data-widget_type=\"button.default\">\n\t\t\t\t<div class=\"elementor-widget-container\">\n\t\t\t\t\t\t\t\t\t<div class=\"elementor-button-wrapper\">\n\t\t\t\t\t<a class=\"elementor-button elementor-button-link elementor-size-sm\" href=\"https:\/\/www.temacslitters.com\/it\/ecosystemac\/\">\n\t\t\t\t\t\t<span class=\"elementor-button-content-wrapper\">\n\t\t\t\t\t\t\t\t\t<span class=\"elementor-button-text\">Scopri Ecosystemac<\/span>\n\t\t\t\t\t<\/span>\n\t\t\t\t\t<\/a>\n\t\t\t\t<\/div>\n\t\t\t\t\t\t\t\t<\/div>\n\t\t\t\t<\/div>\n\t\t\t\t\t<\/div>\n\t\t<\/div>\n\t\t\t\t\t<\/div>\n\t\t<\/section>\n\t\t\t\t<\/div>\n\t\t","protected":false},"excerpt":{"rendered":"<p>\u201cSlitter engineering\u201d \u00e8 la nostra essenza: la progettazione \u00e8 la nostra filosofia operativa, foriera di genialit\u00e0 e creativit\u00e0.Siamo sempre pronti ad ascoltare le esigenze dei nostri clienti e a progettare nuove soluzioni che le soddisfino.Il cliente \u00e8 un nostro partner prezioso. Crediamo che le soluzioni pi\u00f9 creative, le piccole migliorie costruttive o di software cos\u00ec<br \/><a class=\"moretag\" href=\"https:\/\/www.temacslitters.com\/it\/azienda\/\">+ Leggi Tutto<\/a><\/p>\n","protected":false},"author":1,"featured_media":0,"parent":0,"menu_order":0,"comment_status":"closed","ping_status":"closed","template":"templates\/page-fullwidth_template.php","meta":{"_acf_changed":false,"footnotes":""},"class_list":["post-515","page","type-page","status-publish","hentry"],"acf":[],"yoast_head":"<!-- This site is optimized with the Yoast SEO plugin v27.5 - https:\/\/yoast.com\/product\/yoast-seo-wordpress\/ -->\n<title>Temac Macchine per Converting e Packaging<\/title>\n<meta name=\"description\" content=\"In Temac ogni taglierina si arricchisce di soluzioni ad hoc, tanto che ognuna ha particolarit\u00e0, che la rende unica. Contattaci.\" \/>\n<meta name=\"robots\" content=\"index, follow, max-snippet:-1, max-image-preview:large, max-video-preview:-1\" \/>\n<link rel=\"canonical\" href=\"https:\/\/www.temacslitters.com\/it\/azienda\/\" \/>\n<meta property=\"og:locale\" content=\"it_IT\" \/>\n<meta property=\"og:type\" content=\"article\" \/>\n<meta property=\"og:title\" content=\"Temac Macchine per Converting e Packaging\" \/>\n<meta property=\"og:description\" content=\"In Temac ogni taglierina si arricchisce di soluzioni ad hoc, tanto che ognuna ha particolarit\u00e0, che la rende unica. Contattaci.\" \/>\n<meta property=\"og:url\" content=\"https:\/\/www.temacslitters.com\/it\/azienda\/\" \/>\n<meta property=\"og:site_name\" content=\"Taglierine Ribobinatrici Temac\" \/>\n<meta property=\"article:publisher\" content=\"https:\/\/www.facebook.com\/TemacSrl\/\" \/>\n<meta property=\"article:modified_time\" content=\"2023-12-22T11:28:54+00:00\" \/>\n<meta property=\"og:image\" content=\"https:\/\/www.temacslitters.com\/wp-content\/uploads\/2023\/02\/temac-azienda-1.jpg\" \/>\n<meta name=\"twitter:card\" content=\"summary_large_image\" \/>\n<meta name=\"twitter:label1\" content=\"Tempo di lettura stimato\" \/>\n\t<meta name=\"twitter:data1\" content=\"3 minuti\" \/>\n<script type=\"application\/ld+json\" class=\"yoast-schema-graph\">{\"@context\":\"https:\\\/\\\/schema.org\",\"@graph\":[{\"@type\":\"WebPage\",\"@id\":\"https:\\\/\\\/www.temacslitters.com\\\/it\\\/azienda\\\/\",\"url\":\"https:\\\/\\\/www.temacslitters.com\\\/it\\\/azienda\\\/\",\"name\":\"Temac Macchine per Converting e Packaging\",\"isPartOf\":{\"@id\":\"https:\\\/\\\/www.temacslitters.com\\\/it\\\/#website\"},\"primaryImageOfPage\":{\"@id\":\"https:\\\/\\\/www.temacslitters.com\\\/it\\\/azienda\\\/#primaryimage\"},\"image\":{\"@id\":\"https:\\\/\\\/www.temacslitters.com\\\/it\\\/azienda\\\/#primaryimage\"},\"thumbnailUrl\":\"https:\\\/\\\/www.temacslitters.com\\\/wp-content\\\/uploads\\\/2023\\\/02\\\/temac-azienda-1.jpg\",\"datePublished\":\"2017-08-24T10:35:12+00:00\",\"dateModified\":\"2023-12-22T11:28:54+00:00\",\"description\":\"In Temac ogni taglierina si arricchisce di soluzioni ad hoc, tanto che ognuna ha particolarit\u00e0, che la rende unica. Contattaci.\",\"breadcrumb\":{\"@id\":\"https:\\\/\\\/www.temacslitters.com\\\/it\\\/azienda\\\/#breadcrumb\"},\"inLanguage\":\"it-IT\",\"potentialAction\":[{\"@type\":\"ReadAction\",\"target\":[\"https:\\\/\\\/www.temacslitters.com\\\/it\\\/azienda\\\/\"]}]},{\"@type\":\"ImageObject\",\"inLanguage\":\"it-IT\",\"@id\":\"https:\\\/\\\/www.temacslitters.com\\\/it\\\/azienda\\\/#primaryimage\",\"url\":\"https:\\\/\\\/www.temacslitters.com\\\/wp-content\\\/uploads\\\/2023\\\/02\\\/temac-azienda-1.jpg\",\"contentUrl\":\"https:\\\/\\\/www.temacslitters.com\\\/wp-content\\\/uploads\\\/2023\\\/02\\\/temac-azienda-1.jpg\"},{\"@type\":\"BreadcrumbList\",\"@id\":\"https:\\\/\\\/www.temacslitters.com\\\/it\\\/azienda\\\/#breadcrumb\",\"itemListElement\":[{\"@type\":\"ListItem\",\"position\":1,\"name\":\"Home\",\"item\":\"https:\\\/\\\/www.temacslitters.com\\\/it\\\/\"},{\"@type\":\"ListItem\",\"position\":2,\"name\":\"Temac: il partner giusto per la tua azienda\"}]},{\"@type\":\"WebSite\",\"@id\":\"https:\\\/\\\/www.temacslitters.com\\\/it\\\/#website\",\"url\":\"https:\\\/\\\/www.temacslitters.com\\\/it\\\/\",\"name\":\"Taglierine Ribobinatrici Temac\",\"description\":\"Temac: leader sul mercato nella produzione di taglierine ribobinatrici, macchine per packaging e macchine speciali a richiesta.\",\"publisher\":{\"@id\":\"https:\\\/\\\/www.temacslitters.com\\\/it\\\/#organization\"},\"potentialAction\":[{\"@type\":\"SearchAction\",\"target\":{\"@type\":\"EntryPoint\",\"urlTemplate\":\"https:\\\/\\\/www.temacslitters.com\\\/it\\\/?s={search_term_string}\"},\"query-input\":{\"@type\":\"PropertyValueSpecification\",\"valueRequired\":true,\"valueName\":\"search_term_string\"}}],\"inLanguage\":\"it-IT\"},{\"@type\":\"Organization\",\"@id\":\"https:\\\/\\\/www.temacslitters.com\\\/it\\\/#organization\",\"name\":\"Temac\",\"url\":\"https:\\\/\\\/www.temacslitters.com\\\/it\\\/\",\"logo\":{\"@type\":\"ImageObject\",\"inLanguage\":\"it-IT\",\"@id\":\"https:\\\/\\\/www.temacslitters.com\\\/it\\\/#\\\/schema\\\/logo\\\/image\\\/\",\"url\":\"https:\\\/\\\/www.temacslitters.com\\\/wp-content\\\/uploads\\\/2017\\\/03\\\/temac_converting_taglierine_svolgitori_logo.png\",\"contentUrl\":\"https:\\\/\\\/www.temacslitters.com\\\/wp-content\\\/uploads\\\/2017\\\/03\\\/temac_converting_taglierine_svolgitori_logo.png\",\"width\":219,\"height\":55,\"caption\":\"Temac\"},\"image\":{\"@id\":\"https:\\\/\\\/www.temacslitters.com\\\/it\\\/#\\\/schema\\\/logo\\\/image\\\/\"},\"sameAs\":[\"https:\\\/\\\/www.facebook.com\\\/TemacSrl\\\/\",\"https:\\\/\\\/www.linkedin.com\\\/company\\\/temac-srl\\\/\"]}]}<\/script>\n<!-- \/ Yoast SEO plugin. -->","yoast_head_json":{"title":"Temac Macchine per Converting e Packaging","description":"In Temac ogni taglierina si arricchisce di soluzioni ad hoc, tanto che ognuna ha particolarit\u00e0, che la rende unica. Contattaci.","robots":{"index":"index","follow":"follow","max-snippet":"max-snippet:-1","max-image-preview":"max-image-preview:large","max-video-preview":"max-video-preview:-1"},"canonical":"https:\/\/www.temacslitters.com\/it\/azienda\/","og_locale":"it_IT","og_type":"article","og_title":"Temac Macchine per Converting e Packaging","og_description":"In Temac ogni taglierina si arricchisce di soluzioni ad hoc, tanto che ognuna ha particolarit\u00e0, che la rende unica. Contattaci.","og_url":"https:\/\/www.temacslitters.com\/it\/azienda\/","og_site_name":"Taglierine Ribobinatrici Temac","article_publisher":"https:\/\/www.facebook.com\/TemacSrl\/","article_modified_time":"2023-12-22T11:28:54+00:00","og_image":[{"url":"https:\/\/www.temacslitters.com\/wp-content\/uploads\/2023\/02\/temac-azienda-1.jpg","type":"","width":"","height":""}],"twitter_card":"summary_large_image","twitter_misc":{"Tempo di lettura stimato":"3 minuti"},"schema":{"@context":"https:\/\/schema.org","@graph":[{"@type":"WebPage","@id":"https:\/\/www.temacslitters.com\/it\/azienda\/","url":"https:\/\/www.temacslitters.com\/it\/azienda\/","name":"Temac Macchine per Converting e Packaging","isPartOf":{"@id":"https:\/\/www.temacslitters.com\/it\/#website"},"primaryImageOfPage":{"@id":"https:\/\/www.temacslitters.com\/it\/azienda\/#primaryimage"},"image":{"@id":"https:\/\/www.temacslitters.com\/it\/azienda\/#primaryimage"},"thumbnailUrl":"https:\/\/www.temacslitters.com\/wp-content\/uploads\/2023\/02\/temac-azienda-1.jpg","datePublished":"2017-08-24T10:35:12+00:00","dateModified":"2023-12-22T11:28:54+00:00","description":"In Temac ogni taglierina si arricchisce di soluzioni ad hoc, tanto che ognuna ha particolarit\u00e0, che la rende unica. Contattaci.","breadcrumb":{"@id":"https:\/\/www.temacslitters.com\/it\/azienda\/#breadcrumb"},"inLanguage":"it-IT","potentialAction":[{"@type":"ReadAction","target":["https:\/\/www.temacslitters.com\/it\/azienda\/"]}]},{"@type":"ImageObject","inLanguage":"it-IT","@id":"https:\/\/www.temacslitters.com\/it\/azienda\/#primaryimage","url":"https:\/\/www.temacslitters.com\/wp-content\/uploads\/2023\/02\/temac-azienda-1.jpg","contentUrl":"https:\/\/www.temacslitters.com\/wp-content\/uploads\/2023\/02\/temac-azienda-1.jpg"},{"@type":"BreadcrumbList","@id":"https:\/\/www.temacslitters.com\/it\/azienda\/#breadcrumb","itemListElement":[{"@type":"ListItem","position":1,"name":"Home","item":"https:\/\/www.temacslitters.com\/it\/"},{"@type":"ListItem","position":2,"name":"Temac: il partner giusto per la tua azienda"}]},{"@type":"WebSite","@id":"https:\/\/www.temacslitters.com\/it\/#website","url":"https:\/\/www.temacslitters.com\/it\/","name":"Taglierine Ribobinatrici Temac","description":"Temac: leader sul mercato nella produzione di taglierine ribobinatrici, macchine per packaging e macchine speciali a richiesta.","publisher":{"@id":"https:\/\/www.temacslitters.com\/it\/#organization"},"potentialAction":[{"@type":"SearchAction","target":{"@type":"EntryPoint","urlTemplate":"https:\/\/www.temacslitters.com\/it\/?s={search_term_string}"},"query-input":{"@type":"PropertyValueSpecification","valueRequired":true,"valueName":"search_term_string"}}],"inLanguage":"it-IT"},{"@type":"Organization","@id":"https:\/\/www.temacslitters.com\/it\/#organization","name":"Temac","url":"https:\/\/www.temacslitters.com\/it\/","logo":{"@type":"ImageObject","inLanguage":"it-IT","@id":"https:\/\/www.temacslitters.com\/it\/#\/schema\/logo\/image\/","url":"https:\/\/www.temacslitters.com\/wp-content\/uploads\/2017\/03\/temac_converting_taglierine_svolgitori_logo.png","contentUrl":"https:\/\/www.temacslitters.com\/wp-content\/uploads\/2017\/03\/temac_converting_taglierine_svolgitori_logo.png","width":219,"height":55,"caption":"Temac"},"image":{"@id":"https:\/\/www.temacslitters.com\/it\/#\/schema\/logo\/image\/"},"sameAs":["https:\/\/www.facebook.com\/TemacSrl\/","https:\/\/www.linkedin.com\/company\/temac-srl\/"]}]}},"_links":{"self":[{"href":"https:\/\/www.temacslitters.com\/it\/wp-json\/wp\/v2\/pages\/515","targetHints":{"allow":["GET"]}}],"collection":[{"href":"https:\/\/www.temacslitters.com\/it\/wp-json\/wp\/v2\/pages"}],"about":[{"href":"https:\/\/www.temacslitters.com\/it\/wp-json\/wp\/v2\/types\/page"}],"author":[{"embeddable":true,"href":"https:\/\/www.temacslitters.com\/it\/wp-json\/wp\/v2\/users\/1"}],"replies":[{"embeddable":true,"href":"https:\/\/www.temacslitters.com\/it\/wp-json\/wp\/v2\/comments?post=515"}],"version-history":[{"count":32,"href":"https:\/\/www.temacslitters.com\/it\/wp-json\/wp\/v2\/pages\/515\/revisions"}],"predecessor-version":[{"id":5581,"href":"https:\/\/www.temacslitters.com\/it\/wp-json\/wp\/v2\/pages\/515\/revisions\/5581"}],"wp:attachment":[{"href":"https:\/\/www.temacslitters.com\/it\/wp-json\/wp\/v2\/media?parent=515"}],"curies":[{"name":"wp","href":"https:\/\/api.w.org\/{rel}","templated":true}]}}