{"id":4224,"date":"2022-10-21T08:20:25","date_gmt":"2022-10-21T08:20:25","guid":{"rendered":"https:\/\/www.temacslitters.com\/?page_id=4224"},"modified":"2023-09-07T13:33:23","modified_gmt":"2023-09-07T13:33:23","slug":"etichette-vino","status":"publish","type":"page","link":"https:\/\/www.temacslitters.com\/it\/etichette-vino\/","title":{"rendered":"Etichette vino"},"content":{"rendered":"\t\t<div data-elementor-type=\"wp-page\" data-elementor-id=\"4224\" class=\"elementor elementor-4224\">\n\t\t\t\t\t\t<section class=\"elementor-section elementor-top-section elementor-element elementor-element-cd5f623 elementor-section-boxed elementor-section-height-default elementor-section-height-default\" data-id=\"cd5f623\" data-element_type=\"section\">\n\t\t\t\t\t\t<div class=\"elementor-container elementor-column-gap-default\">\n\t\t\t\t\t<div class=\"elementor-column elementor-col-50 elementor-top-column elementor-element elementor-element-6db2409\" data-id=\"6db2409\" data-element_type=\"column\">\n\t\t\t<div class=\"elementor-widget-wrap elementor-element-populated\">\n\t\t\t\t\t\t<div class=\"elementor-element elementor-element-681c392 elementor-widget elementor-widget-image\" data-id=\"681c392\" data-element_type=\"widget\" data-widget_type=\"image.default\">\n\t\t\t\t<div class=\"elementor-widget-container\">\n\t\t\t\t\t\t\t\t\t\t\t\t\t\t\t<img fetchpriority=\"high\" decoding=\"async\" width=\"768\" height=\"512\" src=\"https:\/\/www.temacslitters.com\/wp-content\/uploads\/2022\/10\/taglierine-temac-etichette-vino.jpg\" class=\"attachment-large size-large wp-image-4305\" alt=\"etichette vino taglierine temac\" srcset=\"https:\/\/www.temacslitters.com\/wp-content\/uploads\/2022\/10\/taglierine-temac-etichette-vino.jpg 768w, https:\/\/www.temacslitters.com\/wp-content\/uploads\/2022\/10\/taglierine-temac-etichette-vino-300x200.jpg 300w\" sizes=\"(max-width: 768px) 100vw, 768px\" \/>\t\t\t\t\t\t\t\t\t\t\t\t\t\t\t<\/div>\n\t\t\t\t<\/div>\n\t\t\t\t\t<\/div>\n\t\t<\/div>\n\t\t\t\t<div class=\"elementor-column elementor-col-50 elementor-top-column elementor-element elementor-element-cd19b12\" data-id=\"cd19b12\" data-element_type=\"column\">\n\t\t\t<div class=\"elementor-widget-wrap elementor-element-populated\">\n\t\t\t\t\t\t<div class=\"elementor-element elementor-element-b3b77c2 elementor-widget elementor-widget-text-editor\" data-id=\"b3b77c2\" data-element_type=\"widget\" data-widget_type=\"text-editor.default\">\n\t\t\t\t<div class=\"elementor-widget-container\">\n\t\t\t\t\t\t\t\t\t<p>Un discorso particolare va fatto per il<strong> packaging delle etichette per vini<\/strong>. Le etichette per vino hanno un grande fascino perch\u00e9 condizionano il pubblico nella scelta e al tempo stesso comunicano i valori della cantina produttrice. La<strong> stampa a caldo con lamina d\u2019oro o d\u2019argento <\/strong>e la<strong> goffratura<\/strong> possono rendere una bottiglia di vino davvero speciale.<br \/>Temac ha sviluppato, nel corso degli anni, una grande esperienza nel settore del taglio di<strong> hot stamping foil e cold stamping foil<\/strong>, grazie alla collaborazione con il produttore leader mondiale nel settore. Il particolare materiale cos\u00ec delicato e costoso viene processato nel modo pi\u00f9 corretto e professionale sulle nostre taglierine ottenendo un rotolo finito di alta perfezione.<\/p><p>Rientrano nel settore wine labels anche le<strong> capsule termoretraibili<\/strong>. Esse hanno una triplice funzione. La prima \u00e8 quella di sigillo di sicurezza alimentare: se la capsula \u00e8 aperta o rimossa, significa che il vino \u00e8 stato gi\u00e0 aperto. La seconda \u00e8 quella di evitare l&#8217;eccessivo passaggio di aria tra il contenuto della bottiglia e l&#8217;ambiente esterno. La terza \u00e8 puramente estetica: la capsula \u00e8 un abbellimento della bottiglia in cui scrivere il proprio marchio, o dare delle note di colore alla bottiglia stessa. Anche qui Temac pu\u00f2 suggerire la taglierina perfetta.<\/p>\t\t\t\t\t\t\t\t<\/div>\n\t\t\t\t<\/div>\n\t\t\t\t<div class=\"elementor-element elementor-element-8663565 elementor-widget elementor-widget-text-editor\" data-id=\"8663565\" data-element_type=\"widget\" data-widget_type=\"text-editor.default\">\n\t\t\t\t<div class=\"elementor-widget-container\">\n\t\t\t\t\t\t\t\t\t<h3>CAMPI DI APPLICAZIONE<\/h3><p>Etichette per vino, capsule,&#8230;<\/p>\t\t\t\t\t\t\t\t<\/div>\n\t\t\t\t<\/div>\n\t\t\t\t<div class=\"elementor-element elementor-element-b7dc56e elementor-widget elementor-widget-text-editor\" data-id=\"b7dc56e\" data-element_type=\"widget\" data-widget_type=\"text-editor.default\">\n\t\t\t\t<div class=\"elementor-widget-container\">\n\t\t\t\t\t\t\t\t\t<h3>MATERIALI<\/h3><p>PVC termoretraibile<br \/>capsule in polilaminato<br \/>Lamina per stampa a caldo<\/p>\t\t\t\t\t\t\t\t<\/div>\n\t\t\t\t<\/div>\n\t\t\t\t\t<\/div>\n\t\t<\/div>\n\t\t\t\t\t<\/div>\n\t\t<\/section>\n\t\t\t\t<section class=\"elementor-section elementor-top-section elementor-element elementor-element-10cb598 elementor-section-boxed elementor-section-height-default elementor-section-height-default\" data-id=\"10cb598\" data-element_type=\"section\">\n\t\t\t\t\t\t<div class=\"elementor-container elementor-column-gap-default\">\n\t\t\t\t\t<div class=\"elementor-column elementor-col-100 elementor-top-column elementor-element elementor-element-c5997a8\" data-id=\"c5997a8\" data-element_type=\"column\">\n\t\t\t<div class=\"elementor-widget-wrap elementor-element-populated\">\n\t\t\t\t\t\t<div class=\"elementor-element elementor-element-2e6b301 elementor-widget elementor-widget-heading\" data-id=\"2e6b301\" data-element_type=\"widget\" data-widget_type=\"heading.default\">\n\t\t\t\t<div class=\"elementor-widget-container\">\n\t\t\t\t\t<h2 class=\"elementor-heading-title elementor-size-default\">Taglierine Consigliate<\/h2>\t\t\t\t<\/div>\n\t\t\t\t<\/div>\n\t\t\t\t\t<\/div>\n\t\t<\/div>\n\t\t\t\t\t<\/div>\n\t\t<\/section>\n\t\t\t\t<section class=\"elementor-section elementor-top-section elementor-element elementor-element-5dc52a8 elementor-section-boxed elementor-section-height-default elementor-section-height-default\" data-id=\"5dc52a8\" data-element_type=\"section\">\n\t\t\t\t\t\t<div class=\"elementor-container elementor-column-gap-default\">\n\t\t\t\t\t<div class=\"elementor-column elementor-col-50 elementor-top-column elementor-element elementor-element-a75eb66\" data-id=\"a75eb66\" data-element_type=\"column\">\n\t\t\t<div class=\"elementor-widget-wrap elementor-element-populated\">\n\t\t\t\t\t\t<div class=\"elementor-element elementor-element-9814995 elementor-widget elementor-widget-image\" data-id=\"9814995\" data-element_type=\"widget\" data-widget_type=\"image.default\">\n\t\t\t\t<div class=\"elementor-widget-container\">\n\t\t\t\t\t\t\t\t\t\t\t\t<figure class=\"wp-caption\">\n\t\t\t\t\t\t\t\t\t\t\t<a href=\"https:\/\/www.temacslitters.com\/it\/m\/taglierina-ribobinatrice-bialbero-srs-850\/\">\n\t\t\t\t\t\t\t<img decoding=\"async\" width=\"505\" height=\"355\" src=\"https:\/\/www.temacslitters.com\/wp-content\/uploads\/2018\/01\/srs850.jpg\" class=\"attachment-large size-large wp-image-3067\" alt=\"srs850\" srcset=\"https:\/\/www.temacslitters.com\/wp-content\/uploads\/2018\/01\/srs850.jpg 505w, https:\/\/www.temacslitters.com\/wp-content\/uploads\/2018\/01\/srs850-300x211.jpg 300w\" sizes=\"(max-width: 505px) 100vw, 505px\" \/>\t\t\t\t\t\t\t\t<\/a>\n\t\t\t\t\t\t\t\t\t\t\t<figcaption class=\"widget-image-caption wp-caption-text\">SRS 850<\/figcaption>\n\t\t\t\t\t\t\t\t\t\t<\/figure>\n\t\t\t\t\t\t\t\t\t<\/div>\n\t\t\t\t<\/div>\n\t\t\t\t\t<\/div>\n\t\t<\/div>\n\t\t\t\t<div class=\"elementor-column elementor-col-50 elementor-top-column elementor-element elementor-element-1f8d55a\" data-id=\"1f8d55a\" data-element_type=\"column\">\n\t\t\t<div class=\"elementor-widget-wrap elementor-element-populated\">\n\t\t\t\t\t\t\t<\/div>\n\t\t<\/div>\n\t\t\t\t\t<\/div>\n\t\t<\/section>\n\t\t\t\t<\/div>\n\t\t","protected":false},"excerpt":{"rendered":"<p>Un discorso particolare va fatto per il packaging delle etichette per vini. Le etichette per vino hanno un grande fascino perch\u00e9 condizionano il pubblico nella scelta e al tempo stesso comunicano i valori della cantina produttrice. La stampa a caldo con lamina d\u2019oro o d\u2019argento e la goffratura possono rendere una bottiglia di vino davvero<br \/><a class=\"moretag\" href=\"https:\/\/www.temacslitters.com\/it\/etichette-vino\/\">+ Leggi Tutto<\/a><\/p>\n","protected":false},"author":1,"featured_media":0,"parent":0,"menu_order":0,"comment_status":"closed","ping_status":"closed","template":"templates\/page-fullwidth_template.php","meta":{"_acf_changed":false,"footnotes":""},"class_list":["post-4224","page","type-page","status-publish","hentry"],"acf":[],"yoast_head":"<!-- This site is optimized with the Yoast SEO plugin v27.3 - https:\/\/yoast.com\/product\/yoast-seo-wordpress\/ -->\n<title>Taglierine Etichettatura Vino - Packaging Capsule Termoretraibili<\/title>\n<meta name=\"description\" content=\"La taglierina per il packaging delle etichette per vini e capsule termoretraibili: ideale per la stampa a caldo con lamina d\u2019oro o d\u2019argento e la goffratura.\" \/>\n<meta name=\"robots\" content=\"index, follow, max-snippet:-1, max-image-preview:large, max-video-preview:-1\" \/>\n<link rel=\"canonical\" href=\"https:\/\/www.temacslitters.com\/it\/etichette-vino\/\" \/>\n<meta property=\"og:locale\" content=\"it_IT\" \/>\n<meta property=\"og:type\" content=\"article\" \/>\n<meta property=\"og:title\" content=\"Taglierine Etichettatura Vino - Packaging Capsule Termoretraibili\" \/>\n<meta property=\"og:description\" content=\"La taglierina per il packaging delle etichette per vini e capsule termoretraibili: ideale per la stampa a caldo con lamina d\u2019oro o d\u2019argento e la goffratura.\" \/>\n<meta property=\"og:url\" content=\"https:\/\/www.temacslitters.com\/it\/etichette-vino\/\" \/>\n<meta property=\"og:site_name\" content=\"Taglierine Ribobinatrici Temac\" \/>\n<meta property=\"article:publisher\" content=\"https:\/\/www.facebook.com\/TemacSrl\/\" \/>\n<meta property=\"article:modified_time\" content=\"2023-09-07T13:33:23+00:00\" \/>\n<meta property=\"og:image\" content=\"https:\/\/www.temacslitters.com\/wp-content\/uploads\/2022\/10\/taglierine-temac-etichette-vino.jpg\" \/>\n<meta name=\"twitter:card\" content=\"summary_large_image\" \/>\n<meta name=\"twitter:label1\" content=\"Tempo di lettura stimato\" \/>\n\t<meta name=\"twitter:data1\" content=\"2 minuti\" \/>\n<script type=\"application\/ld+json\" class=\"yoast-schema-graph\">{\"@context\":\"https:\\\/\\\/schema.org\",\"@graph\":[{\"@type\":\"WebPage\",\"@id\":\"https:\\\/\\\/www.temacslitters.com\\\/it\\\/etichette-vino\\\/\",\"url\":\"https:\\\/\\\/www.temacslitters.com\\\/it\\\/etichette-vino\\\/\",\"name\":\"Taglierine Etichettatura Vino - Packaging Capsule Termoretraibili\",\"isPartOf\":{\"@id\":\"https:\\\/\\\/www.temacslitters.com\\\/it\\\/#website\"},\"primaryImageOfPage\":{\"@id\":\"https:\\\/\\\/www.temacslitters.com\\\/it\\\/etichette-vino\\\/#primaryimage\"},\"image\":{\"@id\":\"https:\\\/\\\/www.temacslitters.com\\\/it\\\/etichette-vino\\\/#primaryimage\"},\"thumbnailUrl\":\"https:\\\/\\\/www.temacslitters.com\\\/wp-content\\\/uploads\\\/2022\\\/10\\\/taglierine-temac-etichette-vino.jpg\",\"datePublished\":\"2022-10-21T08:20:25+00:00\",\"dateModified\":\"2023-09-07T13:33:23+00:00\",\"description\":\"La taglierina per il packaging delle etichette per vini e capsule termoretraibili: ideale per la stampa a caldo con lamina d\u2019oro o d\u2019argento e la goffratura.\",\"breadcrumb\":{\"@id\":\"https:\\\/\\\/www.temacslitters.com\\\/it\\\/etichette-vino\\\/#breadcrumb\"},\"inLanguage\":\"it-IT\",\"potentialAction\":[{\"@type\":\"ReadAction\",\"target\":[\"https:\\\/\\\/www.temacslitters.com\\\/it\\\/etichette-vino\\\/\"]}]},{\"@type\":\"ImageObject\",\"inLanguage\":\"it-IT\",\"@id\":\"https:\\\/\\\/www.temacslitters.com\\\/it\\\/etichette-vino\\\/#primaryimage\",\"url\":\"https:\\\/\\\/www.temacslitters.com\\\/wp-content\\\/uploads\\\/2022\\\/10\\\/taglierine-temac-etichette-vino.jpg\",\"contentUrl\":\"https:\\\/\\\/www.temacslitters.com\\\/wp-content\\\/uploads\\\/2022\\\/10\\\/taglierine-temac-etichette-vino.jpg\"},{\"@type\":\"BreadcrumbList\",\"@id\":\"https:\\\/\\\/www.temacslitters.com\\\/it\\\/etichette-vino\\\/#breadcrumb\",\"itemListElement\":[{\"@type\":\"ListItem\",\"position\":1,\"name\":\"Home\",\"item\":\"https:\\\/\\\/www.temacslitters.com\\\/it\\\/\"},{\"@type\":\"ListItem\",\"position\":2,\"name\":\"Etichette vino\"}]},{\"@type\":\"WebSite\",\"@id\":\"https:\\\/\\\/www.temacslitters.com\\\/it\\\/#website\",\"url\":\"https:\\\/\\\/www.temacslitters.com\\\/it\\\/\",\"name\":\"Taglierine Ribobinatrici Temac\",\"description\":\"Temac: leader sul mercato nella produzione di taglierine ribobinatrici, macchine per packaging e macchine speciali a richiesta.\",\"publisher\":{\"@id\":\"https:\\\/\\\/www.temacslitters.com\\\/it\\\/#organization\"},\"potentialAction\":[{\"@type\":\"SearchAction\",\"target\":{\"@type\":\"EntryPoint\",\"urlTemplate\":\"https:\\\/\\\/www.temacslitters.com\\\/it\\\/?s={search_term_string}\"},\"query-input\":{\"@type\":\"PropertyValueSpecification\",\"valueRequired\":true,\"valueName\":\"search_term_string\"}}],\"inLanguage\":\"it-IT\"},{\"@type\":\"Organization\",\"@id\":\"https:\\\/\\\/www.temacslitters.com\\\/it\\\/#organization\",\"name\":\"Temac\",\"url\":\"https:\\\/\\\/www.temacslitters.com\\\/it\\\/\",\"logo\":{\"@type\":\"ImageObject\",\"inLanguage\":\"it-IT\",\"@id\":\"https:\\\/\\\/www.temacslitters.com\\\/it\\\/#\\\/schema\\\/logo\\\/image\\\/\",\"url\":\"https:\\\/\\\/www.temacslitters.com\\\/wp-content\\\/uploads\\\/2017\\\/03\\\/temac_converting_taglierine_svolgitori_logo.png\",\"contentUrl\":\"https:\\\/\\\/www.temacslitters.com\\\/wp-content\\\/uploads\\\/2017\\\/03\\\/temac_converting_taglierine_svolgitori_logo.png\",\"width\":219,\"height\":55,\"caption\":\"Temac\"},\"image\":{\"@id\":\"https:\\\/\\\/www.temacslitters.com\\\/it\\\/#\\\/schema\\\/logo\\\/image\\\/\"},\"sameAs\":[\"https:\\\/\\\/www.facebook.com\\\/TemacSrl\\\/\",\"https:\\\/\\\/www.linkedin.com\\\/company\\\/temac-srl\\\/\"]}]}<\/script>\n<!-- \/ Yoast SEO plugin. -->","yoast_head_json":{"title":"Taglierine Etichettatura Vino - Packaging Capsule Termoretraibili","description":"La taglierina per il packaging delle etichette per vini e capsule termoretraibili: ideale per la stampa a caldo con lamina d\u2019oro o d\u2019argento e la goffratura.","robots":{"index":"index","follow":"follow","max-snippet":"max-snippet:-1","max-image-preview":"max-image-preview:large","max-video-preview":"max-video-preview:-1"},"canonical":"https:\/\/www.temacslitters.com\/it\/etichette-vino\/","og_locale":"it_IT","og_type":"article","og_title":"Taglierine Etichettatura Vino - Packaging Capsule Termoretraibili","og_description":"La taglierina per il packaging delle etichette per vini e capsule termoretraibili: ideale per la stampa a caldo con lamina d\u2019oro o d\u2019argento e la goffratura.","og_url":"https:\/\/www.temacslitters.com\/it\/etichette-vino\/","og_site_name":"Taglierine Ribobinatrici Temac","article_publisher":"https:\/\/www.facebook.com\/TemacSrl\/","article_modified_time":"2023-09-07T13:33:23+00:00","og_image":[{"url":"https:\/\/www.temacslitters.com\/wp-content\/uploads\/2022\/10\/taglierine-temac-etichette-vino.jpg","type":"","width":"","height":""}],"twitter_card":"summary_large_image","twitter_misc":{"Tempo di lettura stimato":"2 minuti"},"schema":{"@context":"https:\/\/schema.org","@graph":[{"@type":"WebPage","@id":"https:\/\/www.temacslitters.com\/it\/etichette-vino\/","url":"https:\/\/www.temacslitters.com\/it\/etichette-vino\/","name":"Taglierine Etichettatura Vino - Packaging Capsule Termoretraibili","isPartOf":{"@id":"https:\/\/www.temacslitters.com\/it\/#website"},"primaryImageOfPage":{"@id":"https:\/\/www.temacslitters.com\/it\/etichette-vino\/#primaryimage"},"image":{"@id":"https:\/\/www.temacslitters.com\/it\/etichette-vino\/#primaryimage"},"thumbnailUrl":"https:\/\/www.temacslitters.com\/wp-content\/uploads\/2022\/10\/taglierine-temac-etichette-vino.jpg","datePublished":"2022-10-21T08:20:25+00:00","dateModified":"2023-09-07T13:33:23+00:00","description":"La taglierina per il packaging delle etichette per vini e capsule termoretraibili: ideale per la stampa a caldo con lamina d\u2019oro o d\u2019argento e la goffratura.","breadcrumb":{"@id":"https:\/\/www.temacslitters.com\/it\/etichette-vino\/#breadcrumb"},"inLanguage":"it-IT","potentialAction":[{"@type":"ReadAction","target":["https:\/\/www.temacslitters.com\/it\/etichette-vino\/"]}]},{"@type":"ImageObject","inLanguage":"it-IT","@id":"https:\/\/www.temacslitters.com\/it\/etichette-vino\/#primaryimage","url":"https:\/\/www.temacslitters.com\/wp-content\/uploads\/2022\/10\/taglierine-temac-etichette-vino.jpg","contentUrl":"https:\/\/www.temacslitters.com\/wp-content\/uploads\/2022\/10\/taglierine-temac-etichette-vino.jpg"},{"@type":"BreadcrumbList","@id":"https:\/\/www.temacslitters.com\/it\/etichette-vino\/#breadcrumb","itemListElement":[{"@type":"ListItem","position":1,"name":"Home","item":"https:\/\/www.temacslitters.com\/it\/"},{"@type":"ListItem","position":2,"name":"Etichette vino"}]},{"@type":"WebSite","@id":"https:\/\/www.temacslitters.com\/it\/#website","url":"https:\/\/www.temacslitters.com\/it\/","name":"Taglierine Ribobinatrici Temac","description":"Temac: leader sul mercato nella produzione di taglierine ribobinatrici, macchine per packaging e macchine speciali a richiesta.","publisher":{"@id":"https:\/\/www.temacslitters.com\/it\/#organization"},"potentialAction":[{"@type":"SearchAction","target":{"@type":"EntryPoint","urlTemplate":"https:\/\/www.temacslitters.com\/it\/?s={search_term_string}"},"query-input":{"@type":"PropertyValueSpecification","valueRequired":true,"valueName":"search_term_string"}}],"inLanguage":"it-IT"},{"@type":"Organization","@id":"https:\/\/www.temacslitters.com\/it\/#organization","name":"Temac","url":"https:\/\/www.temacslitters.com\/it\/","logo":{"@type":"ImageObject","inLanguage":"it-IT","@id":"https:\/\/www.temacslitters.com\/it\/#\/schema\/logo\/image\/","url":"https:\/\/www.temacslitters.com\/wp-content\/uploads\/2017\/03\/temac_converting_taglierine_svolgitori_logo.png","contentUrl":"https:\/\/www.temacslitters.com\/wp-content\/uploads\/2017\/03\/temac_converting_taglierine_svolgitori_logo.png","width":219,"height":55,"caption":"Temac"},"image":{"@id":"https:\/\/www.temacslitters.com\/it\/#\/schema\/logo\/image\/"},"sameAs":["https:\/\/www.facebook.com\/TemacSrl\/","https:\/\/www.linkedin.com\/company\/temac-srl\/"]}]}},"_links":{"self":[{"href":"https:\/\/www.temacslitters.com\/it\/wp-json\/wp\/v2\/pages\/4224","targetHints":{"allow":["GET"]}}],"collection":[{"href":"https:\/\/www.temacslitters.com\/it\/wp-json\/wp\/v2\/pages"}],"about":[{"href":"https:\/\/www.temacslitters.com\/it\/wp-json\/wp\/v2\/types\/page"}],"author":[{"embeddable":true,"href":"https:\/\/www.temacslitters.com\/it\/wp-json\/wp\/v2\/users\/1"}],"replies":[{"embeddable":true,"href":"https:\/\/www.temacslitters.com\/it\/wp-json\/wp\/v2\/comments?post=4224"}],"version-history":[{"count":14,"href":"https:\/\/www.temacslitters.com\/it\/wp-json\/wp\/v2\/pages\/4224\/revisions"}],"predecessor-version":[{"id":5186,"href":"https:\/\/www.temacslitters.com\/it\/wp-json\/wp\/v2\/pages\/4224\/revisions\/5186"}],"wp:attachment":[{"href":"https:\/\/www.temacslitters.com\/it\/wp-json\/wp\/v2\/media?parent=4224"}],"curies":[{"name":"wp","href":"https:\/\/api.w.org\/{rel}","templated":true}]}}