{"id":3973,"date":"2022-06-29T08:57:11","date_gmt":"2022-06-29T08:57:11","guid":{"rendered":"https:\/\/www.temacslitters.com\/?page_id=3973"},"modified":"2025-06-18T09:03:40","modified_gmt":"2025-06-18T09:03:40","slug":"ecosystemac","status":"publish","type":"page","link":"https:\/\/www.temacslitters.com\/it\/ecosystemac\/","title":{"rendered":"Ecosystemac"},"content":{"rendered":"\t\t<div data-elementor-type=\"wp-page\" data-elementor-id=\"3973\" class=\"elementor elementor-3973\">\n\t\t\t\t\t\t<section class=\"elementor-section elementor-top-section elementor-element elementor-element-d7dee7f elementor-section-boxed elementor-section-height-default elementor-section-height-default\" data-id=\"d7dee7f\" data-element_type=\"section\">\n\t\t\t\t\t\t<div class=\"elementor-container elementor-column-gap-default\">\n\t\t\t\t\t<div class=\"elementor-column elementor-col-100 elementor-top-column elementor-element elementor-element-8cbe0ae\" data-id=\"8cbe0ae\" data-element_type=\"column\">\n\t\t\t<div class=\"elementor-widget-wrap elementor-element-populated\">\n\t\t\t\t\t\t<div class=\"elementor-element elementor-element-9c6e308 elementor-widget elementor-widget-image\" data-id=\"9c6e308\" data-element_type=\"widget\" data-widget_type=\"image.default\">\n\t\t\t\t<div class=\"elementor-widget-container\">\n\t\t\t\t\t\t\t\t\t\t\t\t\t\t\t<img fetchpriority=\"high\" decoding=\"async\" width=\"690\" height=\"279\" src=\"https:\/\/www.temacslitters.com\/wp-content\/uploads\/2022\/06\/ecosystemac.jpg\" class=\"attachment-large size-large wp-image-3976\" alt=\"ecosystemac\" srcset=\"https:\/\/www.temacslitters.com\/wp-content\/uploads\/2022\/06\/ecosystemac.jpg 768w, https:\/\/www.temacslitters.com\/wp-content\/uploads\/2022\/06\/ecosystemac-300x121.jpg 300w\" sizes=\"(max-width: 690px) 100vw, 690px\" \/>\t\t\t\t\t\t\t\t\t\t\t\t\t\t\t<\/div>\n\t\t\t\t<\/div>\n\t\t\t\t\t<\/div>\n\t\t<\/div>\n\t\t\t\t\t<\/div>\n\t\t<\/section>\n\t\t\t\t<section class=\"elementor-section elementor-top-section elementor-element elementor-element-49d52f1 elementor-section-boxed elementor-section-height-default elementor-section-height-default\" data-id=\"49d52f1\" data-element_type=\"section\">\n\t\t\t\t\t\t<div class=\"elementor-container elementor-column-gap-default\">\n\t\t\t\t\t<div class=\"elementor-column elementor-col-100 elementor-top-column elementor-element elementor-element-b830d30\" data-id=\"b830d30\" data-element_type=\"column\">\n\t\t\t<div class=\"elementor-widget-wrap elementor-element-populated\">\n\t\t\t\t\t\t<div class=\"elementor-element elementor-element-f8fe56d elementor-widget elementor-widget-text-editor\" data-id=\"f8fe56d\" data-element_type=\"widget\" data-widget_type=\"text-editor.default\">\n\t\t\t\t<div class=\"elementor-widget-container\">\n\t\t\t\t\t\t\t\t\t<h2>I mercati del converting e del packaging, sempre pi\u00f9 dinamici e attenti alla qualit\u00e0, ritengono ora pi\u00f9 che mai importante adottare sistemi di misure che coniugano fra loro impatto ambientale, salute e sicurezza, in ogni fase del processo di produzione.\n\nA tal proposito, Temac ha una gamma di prodotti identificati con il logo Ecosystemac: le taglierine che rispettano l\u2019ambiente.<\/h2>\t\t\t\t\t\t\t\t<\/div>\n\t\t\t\t<\/div>\n\t\t\t\t\t<\/div>\n\t\t<\/div>\n\t\t\t\t\t<\/div>\n\t\t<\/section>\n\t\t\t\t<section class=\"elementor-section elementor-top-section elementor-element elementor-element-5e604ef elementor-section-boxed elementor-section-height-default elementor-section-height-default\" data-id=\"5e604ef\" data-element_type=\"section\">\n\t\t\t\t\t\t<div class=\"elementor-container elementor-column-gap-default\">\n\t\t\t\t\t<div class=\"elementor-column elementor-col-100 elementor-top-column elementor-element elementor-element-4b2c594\" data-id=\"4b2c594\" data-element_type=\"column\">\n\t\t\t<div class=\"elementor-widget-wrap elementor-element-populated\">\n\t\t\t\t\t\t<div class=\"elementor-element elementor-element-7e53dc7 elementor-widget elementor-widget-text-editor\" data-id=\"7e53dc7\" data-element_type=\"widget\" data-widget_type=\"text-editor.default\">\n\t\t\t\t<div class=\"elementor-widget-container\">\n\t\t\t\t\t\t\t\t\t<p><strong>L\u2019IMPEGNO TEMAC VERSO L\u2019AMBIENTE<\/strong><\/p><p>Oltre a collaborare con i clienti per rendere i nostri prodotti sempre pi\u00f9 efficienti, abbiamo voluto prenderci l\u2019impegno di progettare e immettere sul mercato la serie Ecosystemac che <strong>garantisce alto valore aggiunto in termini di resa e di eco-sostenibilit\u00e0<\/strong>\u201d, afferma Massimo Cerliani titolare di Temac. Il progresso di un\u2019azienda si misura anche guardando le sue scelte che devono essere responsabili, volte a <strong>migliorare la qualit\u00e0 della vita e dell\u2019ambiente<\/strong>. Il risultato \u00e8 ottimale per tutti: per l\u2019azienda produttrice che oggi, per definirsi moderna, deve contribuire alla difesa dell\u2019ambiente, per il cliente che vanta nell\u2019immediato un riscontro positivo in termini di qualit\u00e0, servizio e soprattutto risparmio e per la natura il cui rispetto non \u00e8 che una naturale ispirazione umana.<br \/>\u201c<strong>Esperienza, ingegno e sensibilit\u00e0 verde<\/strong> sono le doti delle macchine di Temac nate sotto il segno \u201cEcosystemac\u201d: ha perfezionato la progettazione globale interna, sia elettronica che meccanica per<strong> offrire alla clientela il top dell\u2019automazione<\/strong>. Grazie infatti all\u2019ausilio di software specifici che gestiscono tutte le fasi di lavoro,<strong> Temac ha ridotto drasticamente i tempi di fermo macchina, migliorando la resa e garantendo sempre affidabilit\u00e0 e versatilit\u00e0<\/strong>, oltre che un facile utilizzo da parte dell\u2019operatore anche meno esperto.<br \/>La parola chiave per tutti i prodotti Temac \u00e8 qualit\u00e0: per questo non si trascurano le delicate fasi di studio e progettazione, che culminano nella realizzazione di strutture meccaniche estremamente robuste e solide, atte a sopportare pesi e prestazioni che vanno al di l\u00e0 dei parametri raggiunti con taglierine standard.<\/p>\t\t\t\t\t\t\t\t<\/div>\n\t\t\t\t<\/div>\n\t\t\t\t\t<\/div>\n\t\t<\/div>\n\t\t\t\t\t<\/div>\n\t\t<\/section>\n\t\t\t\t<section class=\"elementor-section elementor-top-section elementor-element elementor-element-5397a36 elementor-section-boxed elementor-section-height-default elementor-section-height-default\" data-id=\"5397a36\" data-element_type=\"section\">\n\t\t\t\t\t\t<div class=\"elementor-container elementor-column-gap-default\">\n\t\t\t\t\t<div class=\"elementor-column elementor-col-100 elementor-top-column elementor-element elementor-element-dc1d4be\" data-id=\"dc1d4be\" data-element_type=\"column\">\n\t\t\t<div class=\"elementor-widget-wrap elementor-element-populated\">\n\t\t\t\t\t\t<div class=\"elementor-element elementor-element-b29e75a elementor-widget elementor-widget-text-editor\" data-id=\"b29e75a\" data-element_type=\"widget\" data-widget_type=\"text-editor.default\">\n\t\t\t\t<div class=\"elementor-widget-container\">\n\t\t\t\t\t\t\t\t\t<p><strong>I SERVIZI TEMAC<\/strong><\/p><p>Temac \u00e8 vicino al suo cliente e a chi nel reparto produttivo\/taglio ha a che fare ogni giorno con la macchina. Per tale motivo si \u00e8 fatta carico di ogni richiesta dell\u2019operatore, anche la pi\u00f9 piccola e banale, per facilitare la lavorazione di ogni materiale, anche quello pi\u00f9 delicato. L\u2019estrema professionalit\u00e0, con cui vengono effettuate le impostazioni tecniche preliminari di ogni taglierina, assicura al Cliente il risultato finale: abbattimento dei tempi di fermo macchina,<strong> velocit\u00e0 di cambio del tipo di lavorazione, pianificazione ottimale delle fasi di controllo e gestione del ciclo produttivo<\/strong>. L\u2019esperienza Temac, grazie a un know how ben consolidato insieme a uno staff tecnico efficiente e giovane, consente di fornire un sistema di servizi ampio e completo, sempre aggiornato, perfettamente rispondente al profilo del cliente.<br \/>In tempi dove la globalizzazione dei mercati sembrerebbe avvantaggiare i concetti di \u201cconcorrenza\u201d e \u201cdinamismo\u201d al di fuori di ogni regola economica ed etica, <strong>Temac guarda al futuro scommettendo su valori come \u201cqualit\u00e0\u201d e \u201ccompetenza<\/strong>\u201d, intesi come capacit\u00e0 di prevedere ogni esigenza del cliente e predisporre in anticipo soluzioni adeguate. Non da ultimo, Temac, offre alla sua clientela italiana ed estera, un servizio post-vendita tramite una rete di agenti pronti a soddisfare in maniera tempestiva ogni minima aspettativa.<\/p>\t\t\t\t\t\t\t\t<\/div>\n\t\t\t\t<\/div>\n\t\t\t\t\t<\/div>\n\t\t<\/div>\n\t\t\t\t\t<\/div>\n\t\t<\/section>\n\t\t\t\t<section class=\"elementor-section elementor-top-section elementor-element elementor-element-8774656 elementor-section-boxed elementor-section-height-default elementor-section-height-default\" data-id=\"8774656\" data-element_type=\"section\">\n\t\t\t\t\t\t<div class=\"elementor-container elementor-column-gap-default\">\n\t\t\t\t\t<div class=\"elementor-column elementor-col-100 elementor-top-column elementor-element elementor-element-f2b9a6a\" data-id=\"f2b9a6a\" data-element_type=\"column\">\n\t\t\t<div class=\"elementor-widget-wrap elementor-element-populated\">\n\t\t\t\t\t\t<div class=\"elementor-element elementor-element-4d9ede7 elementor-widget elementor-widget-text-editor\" data-id=\"4d9ede7\" data-element_type=\"widget\" data-widget_type=\"text-editor.default\">\n\t\t\t\t<div class=\"elementor-widget-container\">\n\t\t\t\t\t\t\t\t\t<p><strong>LA SFIDA CON IL MERCATO<\/strong><\/p><p>Temac affronta cos\u00ec la sfida con il mercato, superando con ottimismo e caparbiet\u00e0 le difficolt\u00e0 che hanno coinvolto tutto il settore del packaging. \u201cProseguiremo sulla strada di un <strong>impegno serio e solidale, scommettendo su un futuro migliore ed eco-sostenibile<\/strong>: valori forti che rafforzano la fiducia dei nostri clienti, certi che la sfida con il mercato si vince anche con un\u2019ispirazione verde\u201d, conclude Massimo Cerliani.<\/p>\t\t\t\t\t\t\t\t<\/div>\n\t\t\t\t<\/div>\n\t\t\t\t\t<\/div>\n\t\t<\/div>\n\t\t\t\t\t<\/div>\n\t\t<\/section>\n\t\t\t\t<\/div>\n\t\t","protected":false},"excerpt":{"rendered":"<p>I mercati del converting e del packaging, sempre pi\u00f9 dinamici e attenti alla qualit\u00e0, ritengono ora pi\u00f9 che mai importante adottare sistemi di misure che coniugano fra loro impatto ambientale, salute e sicurezza, in ogni fase del processo di produzione. A tal proposito, Temac ha una gamma di prodotti identificati con il logo Ecosystemac: le<br \/><a class=\"moretag\" href=\"https:\/\/www.temacslitters.com\/it\/ecosystemac\/\">+ Leggi Tutto<\/a><\/p>\n","protected":false},"author":1,"featured_media":0,"parent":0,"menu_order":0,"comment_status":"closed","ping_status":"closed","template":"templates\/page-fullwidth_template.php","meta":{"_acf_changed":false,"footnotes":""},"class_list":["post-3973","page","type-page","status-publish","hentry"],"acf":[],"yoast_head":"<!-- This site is optimized with the Yoast SEO plugin v27.5 - https:\/\/yoast.com\/product\/yoast-seo-wordpress\/ -->\n<title>Ecosystemac - Taglierine Ribobinatrici Temac<\/title>\n<meta name=\"robots\" content=\"index, follow, max-snippet:-1, max-image-preview:large, max-video-preview:-1\" \/>\n<link rel=\"canonical\" href=\"https:\/\/www.temacslitters.com\/it\/ecosystemac\/\" \/>\n<meta property=\"og:locale\" content=\"it_IT\" \/>\n<meta property=\"og:type\" content=\"article\" \/>\n<meta property=\"og:title\" content=\"Ecosystemac - Taglierine Ribobinatrici Temac\" \/>\n<meta property=\"og:description\" content=\"I mercati del converting e del packaging, sempre pi\u00f9 dinamici e attenti alla qualit\u00e0, ritengono ora pi\u00f9 che mai importante adottare sistemi di misure che coniugano fra loro impatto ambientale, salute e sicurezza, in ogni fase del processo di produzione. A tal proposito, Temac ha una gamma di prodotti identificati con il logo Ecosystemac: le+ Leggi Tutto\" \/>\n<meta property=\"og:url\" content=\"https:\/\/www.temacslitters.com\/it\/ecosystemac\/\" \/>\n<meta property=\"og:site_name\" content=\"Taglierine Ribobinatrici Temac\" \/>\n<meta property=\"article:publisher\" content=\"https:\/\/www.facebook.com\/TemacSrl\/\" \/>\n<meta property=\"article:modified_time\" content=\"2025-06-18T09:03:40+00:00\" \/>\n<meta property=\"og:image\" content=\"https:\/\/www.temacslitters.com\/wp-content\/uploads\/2022\/06\/ecosystemac.jpg\" \/>\n\t<meta property=\"og:image:width\" content=\"768\" \/>\n\t<meta property=\"og:image:height\" content=\"311\" \/>\n\t<meta property=\"og:image:type\" content=\"image\/jpeg\" \/>\n<meta name=\"twitter:card\" content=\"summary_large_image\" \/>\n<meta name=\"twitter:label1\" content=\"Tempo di lettura stimato\" \/>\n\t<meta name=\"twitter:data1\" content=\"4 minuti\" \/>\n<script type=\"application\/ld+json\" class=\"yoast-schema-graph\">{\"@context\":\"https:\\\/\\\/schema.org\",\"@graph\":[{\"@type\":\"WebPage\",\"@id\":\"https:\\\/\\\/www.temacslitters.com\\\/it\\\/ecosystemac\\\/\",\"url\":\"https:\\\/\\\/www.temacslitters.com\\\/it\\\/ecosystemac\\\/\",\"name\":\"Ecosystemac - Taglierine Ribobinatrici Temac\",\"isPartOf\":{\"@id\":\"https:\\\/\\\/www.temacslitters.com\\\/it\\\/#website\"},\"primaryImageOfPage\":{\"@id\":\"https:\\\/\\\/www.temacslitters.com\\\/it\\\/ecosystemac\\\/#primaryimage\"},\"image\":{\"@id\":\"https:\\\/\\\/www.temacslitters.com\\\/it\\\/ecosystemac\\\/#primaryimage\"},\"thumbnailUrl\":\"https:\\\/\\\/www.temacslitters.com\\\/wp-content\\\/uploads\\\/2022\\\/06\\\/ecosystemac.jpg\",\"datePublished\":\"2022-06-29T08:57:11+00:00\",\"dateModified\":\"2025-06-18T09:03:40+00:00\",\"breadcrumb\":{\"@id\":\"https:\\\/\\\/www.temacslitters.com\\\/it\\\/ecosystemac\\\/#breadcrumb\"},\"inLanguage\":\"it-IT\",\"potentialAction\":[{\"@type\":\"ReadAction\",\"target\":[\"https:\\\/\\\/www.temacslitters.com\\\/it\\\/ecosystemac\\\/\"]}]},{\"@type\":\"ImageObject\",\"inLanguage\":\"it-IT\",\"@id\":\"https:\\\/\\\/www.temacslitters.com\\\/it\\\/ecosystemac\\\/#primaryimage\",\"url\":\"https:\\\/\\\/www.temacslitters.com\\\/wp-content\\\/uploads\\\/2022\\\/06\\\/ecosystemac.jpg\",\"contentUrl\":\"https:\\\/\\\/www.temacslitters.com\\\/wp-content\\\/uploads\\\/2022\\\/06\\\/ecosystemac.jpg\"},{\"@type\":\"BreadcrumbList\",\"@id\":\"https:\\\/\\\/www.temacslitters.com\\\/it\\\/ecosystemac\\\/#breadcrumb\",\"itemListElement\":[{\"@type\":\"ListItem\",\"position\":1,\"name\":\"Home\",\"item\":\"https:\\\/\\\/www.temacslitters.com\\\/it\\\/\"},{\"@type\":\"ListItem\",\"position\":2,\"name\":\"Ecosystemac\"}]},{\"@type\":\"WebSite\",\"@id\":\"https:\\\/\\\/www.temacslitters.com\\\/it\\\/#website\",\"url\":\"https:\\\/\\\/www.temacslitters.com\\\/it\\\/\",\"name\":\"Taglierine Ribobinatrici Temac\",\"description\":\"Temac: leader sul mercato nella produzione di taglierine ribobinatrici, macchine per packaging e macchine speciali a richiesta.\",\"publisher\":{\"@id\":\"https:\\\/\\\/www.temacslitters.com\\\/it\\\/#organization\"},\"potentialAction\":[{\"@type\":\"SearchAction\",\"target\":{\"@type\":\"EntryPoint\",\"urlTemplate\":\"https:\\\/\\\/www.temacslitters.com\\\/it\\\/?s={search_term_string}\"},\"query-input\":{\"@type\":\"PropertyValueSpecification\",\"valueRequired\":true,\"valueName\":\"search_term_string\"}}],\"inLanguage\":\"it-IT\"},{\"@type\":\"Organization\",\"@id\":\"https:\\\/\\\/www.temacslitters.com\\\/it\\\/#organization\",\"name\":\"Temac\",\"url\":\"https:\\\/\\\/www.temacslitters.com\\\/it\\\/\",\"logo\":{\"@type\":\"ImageObject\",\"inLanguage\":\"it-IT\",\"@id\":\"https:\\\/\\\/www.temacslitters.com\\\/it\\\/#\\\/schema\\\/logo\\\/image\\\/\",\"url\":\"https:\\\/\\\/www.temacslitters.com\\\/wp-content\\\/uploads\\\/2017\\\/03\\\/temac_converting_taglierine_svolgitori_logo.png\",\"contentUrl\":\"https:\\\/\\\/www.temacslitters.com\\\/wp-content\\\/uploads\\\/2017\\\/03\\\/temac_converting_taglierine_svolgitori_logo.png\",\"width\":219,\"height\":55,\"caption\":\"Temac\"},\"image\":{\"@id\":\"https:\\\/\\\/www.temacslitters.com\\\/it\\\/#\\\/schema\\\/logo\\\/image\\\/\"},\"sameAs\":[\"https:\\\/\\\/www.facebook.com\\\/TemacSrl\\\/\",\"https:\\\/\\\/www.linkedin.com\\\/company\\\/temac-srl\\\/\"]}]}<\/script>\n<!-- \/ Yoast SEO plugin. -->","yoast_head_json":{"title":"Ecosystemac - Taglierine Ribobinatrici Temac","robots":{"index":"index","follow":"follow","max-snippet":"max-snippet:-1","max-image-preview":"max-image-preview:large","max-video-preview":"max-video-preview:-1"},"canonical":"https:\/\/www.temacslitters.com\/it\/ecosystemac\/","og_locale":"it_IT","og_type":"article","og_title":"Ecosystemac - Taglierine Ribobinatrici Temac","og_description":"I mercati del converting e del packaging, sempre pi\u00f9 dinamici e attenti alla qualit\u00e0, ritengono ora pi\u00f9 che mai importante adottare sistemi di misure che coniugano fra loro impatto ambientale, salute e sicurezza, in ogni fase del processo di produzione. A tal proposito, Temac ha una gamma di prodotti identificati con il logo Ecosystemac: le+ Leggi Tutto","og_url":"https:\/\/www.temacslitters.com\/it\/ecosystemac\/","og_site_name":"Taglierine Ribobinatrici Temac","article_publisher":"https:\/\/www.facebook.com\/TemacSrl\/","article_modified_time":"2025-06-18T09:03:40+00:00","og_image":[{"width":768,"height":311,"url":"https:\/\/www.temacslitters.com\/wp-content\/uploads\/2022\/06\/ecosystemac.jpg","type":"image\/jpeg"}],"twitter_card":"summary_large_image","twitter_misc":{"Tempo di lettura stimato":"4 minuti"},"schema":{"@context":"https:\/\/schema.org","@graph":[{"@type":"WebPage","@id":"https:\/\/www.temacslitters.com\/it\/ecosystemac\/","url":"https:\/\/www.temacslitters.com\/it\/ecosystemac\/","name":"Ecosystemac - Taglierine Ribobinatrici Temac","isPartOf":{"@id":"https:\/\/www.temacslitters.com\/it\/#website"},"primaryImageOfPage":{"@id":"https:\/\/www.temacslitters.com\/it\/ecosystemac\/#primaryimage"},"image":{"@id":"https:\/\/www.temacslitters.com\/it\/ecosystemac\/#primaryimage"},"thumbnailUrl":"https:\/\/www.temacslitters.com\/wp-content\/uploads\/2022\/06\/ecosystemac.jpg","datePublished":"2022-06-29T08:57:11+00:00","dateModified":"2025-06-18T09:03:40+00:00","breadcrumb":{"@id":"https:\/\/www.temacslitters.com\/it\/ecosystemac\/#breadcrumb"},"inLanguage":"it-IT","potentialAction":[{"@type":"ReadAction","target":["https:\/\/www.temacslitters.com\/it\/ecosystemac\/"]}]},{"@type":"ImageObject","inLanguage":"it-IT","@id":"https:\/\/www.temacslitters.com\/it\/ecosystemac\/#primaryimage","url":"https:\/\/www.temacslitters.com\/wp-content\/uploads\/2022\/06\/ecosystemac.jpg","contentUrl":"https:\/\/www.temacslitters.com\/wp-content\/uploads\/2022\/06\/ecosystemac.jpg"},{"@type":"BreadcrumbList","@id":"https:\/\/www.temacslitters.com\/it\/ecosystemac\/#breadcrumb","itemListElement":[{"@type":"ListItem","position":1,"name":"Home","item":"https:\/\/www.temacslitters.com\/it\/"},{"@type":"ListItem","position":2,"name":"Ecosystemac"}]},{"@type":"WebSite","@id":"https:\/\/www.temacslitters.com\/it\/#website","url":"https:\/\/www.temacslitters.com\/it\/","name":"Taglierine Ribobinatrici Temac","description":"Temac: leader sul mercato nella produzione di taglierine ribobinatrici, macchine per packaging e macchine speciali a richiesta.","publisher":{"@id":"https:\/\/www.temacslitters.com\/it\/#organization"},"potentialAction":[{"@type":"SearchAction","target":{"@type":"EntryPoint","urlTemplate":"https:\/\/www.temacslitters.com\/it\/?s={search_term_string}"},"query-input":{"@type":"PropertyValueSpecification","valueRequired":true,"valueName":"search_term_string"}}],"inLanguage":"it-IT"},{"@type":"Organization","@id":"https:\/\/www.temacslitters.com\/it\/#organization","name":"Temac","url":"https:\/\/www.temacslitters.com\/it\/","logo":{"@type":"ImageObject","inLanguage":"it-IT","@id":"https:\/\/www.temacslitters.com\/it\/#\/schema\/logo\/image\/","url":"https:\/\/www.temacslitters.com\/wp-content\/uploads\/2017\/03\/temac_converting_taglierine_svolgitori_logo.png","contentUrl":"https:\/\/www.temacslitters.com\/wp-content\/uploads\/2017\/03\/temac_converting_taglierine_svolgitori_logo.png","width":219,"height":55,"caption":"Temac"},"image":{"@id":"https:\/\/www.temacslitters.com\/it\/#\/schema\/logo\/image\/"},"sameAs":["https:\/\/www.facebook.com\/TemacSrl\/","https:\/\/www.linkedin.com\/company\/temac-srl\/"]}]}},"_links":{"self":[{"href":"https:\/\/www.temacslitters.com\/it\/wp-json\/wp\/v2\/pages\/3973","targetHints":{"allow":["GET"]}}],"collection":[{"href":"https:\/\/www.temacslitters.com\/it\/wp-json\/wp\/v2\/pages"}],"about":[{"href":"https:\/\/www.temacslitters.com\/it\/wp-json\/wp\/v2\/types\/page"}],"author":[{"embeddable":true,"href":"https:\/\/www.temacslitters.com\/it\/wp-json\/wp\/v2\/users\/1"}],"replies":[{"embeddable":true,"href":"https:\/\/www.temacslitters.com\/it\/wp-json\/wp\/v2\/comments?post=3973"}],"version-history":[{"count":22,"href":"https:\/\/www.temacslitters.com\/it\/wp-json\/wp\/v2\/pages\/3973\/revisions"}],"predecessor-version":[{"id":6258,"href":"https:\/\/www.temacslitters.com\/it\/wp-json\/wp\/v2\/pages\/3973\/revisions\/6258"}],"wp:attachment":[{"href":"https:\/\/www.temacslitters.com\/it\/wp-json\/wp\/v2\/media?parent=3973"}],"curies":[{"name":"wp","href":"https:\/\/api.w.org\/{rel}","templated":true}]}}