{"id":5299,"date":"2023-09-29T10:32:09","date_gmt":"2023-09-29T10:32:09","guid":{"rendered":"https:\/\/www.temacslitters.com\/?page_id=5299"},"modified":"2023-09-29T10:34:21","modified_gmt":"2023-09-29T10:34:21","slug":"energie-renouvelable-transports","status":"publish","type":"page","link":"https:\/\/www.temacslitters.com\/fr\/energie-renouvelable-transports\/","title":{"rendered":"Energie renouvelable, transports"},"content":{"rendered":"\t\t<div data-elementor-type=\"wp-page\" data-elementor-id=\"5299\" class=\"elementor elementor-5299 elementor-4259\">\n\t\t\t\t\t\t<section class=\"elementor-section elementor-top-section elementor-element elementor-element-cd5f623 elementor-section-boxed elementor-section-height-default elementor-section-height-default\" data-id=\"cd5f623\" data-element_type=\"section\">\n\t\t\t\t\t\t<div class=\"elementor-container elementor-column-gap-default\">\n\t\t\t\t\t<div class=\"elementor-column elementor-col-50 elementor-top-column elementor-element elementor-element-6db2409\" data-id=\"6db2409\" data-element_type=\"column\">\n\t\t\t<div class=\"elementor-widget-wrap elementor-element-populated\">\n\t\t\t\t\t\t<div class=\"elementor-element elementor-element-681c392 elementor-widget elementor-widget-image\" data-id=\"681c392\" data-element_type=\"widget\" data-widget_type=\"image.default\">\n\t\t\t\t<div class=\"elementor-widget-container\">\n\t\t\t\t\t\t\t\t\t\t\t\t\t\t\t<img fetchpriority=\"high\" decoding=\"async\" width=\"768\" height=\"512\" src=\"https:\/\/www.temacslitters.com\/wp-content\/uploads\/2022\/11\/taglierine-temac-trasporti-energia.jpg\" class=\"attachment-large size-large wp-image-4413\" alt=\"taglierine temac trasporti energia\" srcset=\"https:\/\/www.temacslitters.com\/wp-content\/uploads\/2022\/11\/taglierine-temac-trasporti-energia.jpg 768w, https:\/\/www.temacslitters.com\/wp-content\/uploads\/2022\/11\/taglierine-temac-trasporti-energia-300x200.jpg 300w\" sizes=\"(max-width: 768px) 100vw, 768px\" \/>\t\t\t\t\t\t\t\t\t\t\t\t\t\t\t<\/div>\n\t\t\t\t<\/div>\n\t\t\t\t\t<\/div>\n\t\t<\/div>\n\t\t\t\t<div class=\"elementor-column elementor-col-50 elementor-top-column elementor-element elementor-element-cd19b12\" data-id=\"cd19b12\" data-element_type=\"column\">\n\t\t\t<div class=\"elementor-widget-wrap elementor-element-populated\">\n\t\t\t\t\t\t<div class=\"elementor-element elementor-element-b3b77c2 elementor-widget elementor-widget-text-editor\" data-id=\"b3b77c2\" data-element_type=\"widget\" data-widget_type=\"text-editor.default\">\n\t\t\t\t<div class=\"elementor-widget-container\">\n\t\t\t\t\t\t\t\t\t<p>Du secteur des \u00e9nergies renouvelables aux transports, en passant par l&rsquo;a\u00e9ronautique et la construction navale, un monde de <strong>films haute performance<\/strong> s\u2019ouvre\u00a0: ils sont <strong>utilis\u00e9s dans la production de fibres de carbone, de polym\u00e8res fluor\u00e9s et de rubans adh\u00e9sifs<\/strong> qui sont largement utilis\u00e9s pour assurer la r\u00e9duction du poids et de la consommation de carburant, tout en am\u00e9liorant la r\u00e9sistance et la fatigue m\u00e9canique.<\/p>\t\t\t\t\t\t\t\t<\/div>\n\t\t\t\t<\/div>\n\t\t\t\t<div class=\"elementor-element elementor-element-8663565 elementor-widget elementor-widget-text-editor\" data-id=\"8663565\" data-element_type=\"widget\" data-widget_type=\"text-editor.default\">\n\t\t\t\t<div class=\"elementor-widget-container\">\n\t\t\t\t\t\t\t\t\t<h3>DOMAINES D &lsquo;APPLICATION<\/h3><p>L\u2019industrie des filtres, de l&rsquo;automobile, de la construction, de la chaussure et des meubles, l&rsquo;industrie des appareils m\u00e9nagers et de l&rsquo;isolation acoustique.<\/p>\t\t\t\t\t\t\t\t<\/div>\n\t\t\t\t<\/div>\n\t\t\t\t<div class=\"elementor-element elementor-element-b7dc56e elementor-widget elementor-widget-text-editor\" data-id=\"b7dc56e\" data-element_type=\"widget\" data-widget_type=\"text-editor.default\">\n\t\t\t\t<div class=\"elementor-widget-container\">\n\t\t\t\t\t\t\t\t\t<h3>MATERIAUX<\/h3><p>Fluor thermoplastique<br \/>PTFE 13-300 mic PTFE, FEP, PFA, ETFE, PVDF, THV, sans tissu<\/p>\t\t\t\t\t\t\t\t<\/div>\n\t\t\t\t<\/div>\n\t\t\t\t\t<\/div>\n\t\t<\/div>\n\t\t\t\t\t<\/div>\n\t\t<\/section>\n\t\t\t\t<section class=\"elementor-section elementor-top-section elementor-element elementor-element-10cb598 elementor-section-boxed elementor-section-height-default elementor-section-height-default\" data-id=\"10cb598\" data-element_type=\"section\">\n\t\t\t\t\t\t<div class=\"elementor-container elementor-column-gap-default\">\n\t\t\t\t\t<div class=\"elementor-column elementor-col-100 elementor-top-column elementor-element elementor-element-c5997a8\" data-id=\"c5997a8\" data-element_type=\"column\">\n\t\t\t<div class=\"elementor-widget-wrap elementor-element-populated\">\n\t\t\t\t\t\t<div class=\"elementor-element elementor-element-2e6b301 elementor-widget elementor-widget-heading\" data-id=\"2e6b301\" data-element_type=\"widget\" data-widget_type=\"heading.default\">\n\t\t\t\t<div class=\"elementor-widget-container\">\n\t\t\t\t\t<h2 class=\"elementor-heading-title elementor-size-default\">Coupeurs recommand\u00e9s <\/h2>\t\t\t\t<\/div>\n\t\t\t\t<\/div>\n\t\t\t\t\t<\/div>\n\t\t<\/div>\n\t\t\t\t\t<\/div>\n\t\t<\/section>\n\t\t\t\t<section class=\"elementor-section elementor-top-section elementor-element elementor-element-5dc52a8 elementor-section-boxed elementor-section-height-default elementor-section-height-default\" data-id=\"5dc52a8\" data-element_type=\"section\">\n\t\t\t\t\t\t<div class=\"elementor-container elementor-column-gap-default\">\n\t\t\t\t\t<div class=\"elementor-column elementor-col-50 elementor-top-column elementor-element elementor-element-a75eb66\" data-id=\"a75eb66\" data-element_type=\"column\">\n\t\t\t<div class=\"elementor-widget-wrap elementor-element-populated\">\n\t\t\t\t\t\t<div class=\"elementor-element elementor-element-9814995 elementor-widget elementor-widget-image\" data-id=\"9814995\" data-element_type=\"widget\" data-widget_type=\"image.default\">\n\t\t\t\t<div class=\"elementor-widget-container\">\n\t\t\t\t\t\t\t\t\t\t\t\t<figure class=\"wp-caption\">\n\t\t\t\t\t\t\t\t\t\t\t<a href=\"https:\/\/www.temacslitters.com\/fr\/m\/bobineuse-decoupeuse-tts-160-180\/\">\n\t\t\t\t\t\t\t<img decoding=\"async\" width=\"505\" height=\"355\" src=\"https:\/\/www.temacslitters.com\/wp-content\/uploads\/2018\/01\/tts160-180.jpg\" class=\"attachment-large size-large wp-image-2004\" alt=\"\" srcset=\"https:\/\/www.temacslitters.com\/wp-content\/uploads\/2018\/01\/tts160-180.jpg 505w, https:\/\/www.temacslitters.com\/wp-content\/uploads\/2018\/01\/tts160-180-300x211.jpg 300w\" sizes=\"(max-width: 505px) 100vw, 505px\" \/>\t\t\t\t\t\t\t\t<\/a>\n\t\t\t\t\t\t\t\t\t\t\t<figcaption class=\"widget-image-caption wp-caption-text\">TTS<\/figcaption>\n\t\t\t\t\t\t\t\t\t\t<\/figure>\n\t\t\t\t\t\t\t\t\t<\/div>\n\t\t\t\t<\/div>\n\t\t\t\t\t<\/div>\n\t\t<\/div>\n\t\t\t\t<div class=\"elementor-column elementor-col-50 elementor-top-column elementor-element elementor-element-1f8d55a\" data-id=\"1f8d55a\" data-element_type=\"column\">\n\t\t\t<div class=\"elementor-widget-wrap elementor-element-populated\">\n\t\t\t\t\t\t<div class=\"elementor-element elementor-element-5dd340c elementor-widget elementor-widget-image\" data-id=\"5dd340c\" data-element_type=\"widget\" data-widget_type=\"image.default\">\n\t\t\t\t<div class=\"elementor-widget-container\">\n\t\t\t\t\t\t\t\t\t\t\t\t<figure class=\"wp-caption\">\n\t\t\t\t\t\t\t\t\t\t\t<a href=\"https:\/\/www.temacslitters.com\/fr\/m\/bobineuse-decoupeuse-tsa-1312-iss\/\">\n\t\t\t\t\t\t\t<img decoding=\"async\" width=\"505\" height=\"355\" src=\"https:\/\/www.temacslitters.com\/wp-content\/uploads\/2018\/01\/tsa1312-ISS.jpg\" class=\"attachment-large size-large wp-image-3702\" alt=\"tsa 1312-ISS\" srcset=\"https:\/\/www.temacslitters.com\/wp-content\/uploads\/2018\/01\/tsa1312-ISS.jpg 505w, https:\/\/www.temacslitters.com\/wp-content\/uploads\/2018\/01\/tsa1312-ISS-300x211.jpg 300w\" sizes=\"(max-width: 505px) 100vw, 505px\" \/>\t\t\t\t\t\t\t\t<\/a>\n\t\t\t\t\t\t\t\t\t\t\t<figcaption class=\"widget-image-caption wp-caption-text\">TSA<\/figcaption>\n\t\t\t\t\t\t\t\t\t\t<\/figure>\n\t\t\t\t\t\t\t\t\t<\/div>\n\t\t\t\t<\/div>\n\t\t\t\t\t<\/div>\n\t\t<\/div>\n\t\t\t\t\t<\/div>\n\t\t<\/section>\n\t\t\t\t<\/div>\n\t\t","protected":false},"excerpt":{"rendered":"<p>Du secteur des \u00e9nergies renouvelables aux transports, en passant par l&rsquo;a\u00e9ronautique et la construction navale, un monde de films haute performance s\u2019ouvre\u00a0: ils sont utilis\u00e9s dans la production de fibres de carbone, de polym\u00e8res fluor\u00e9s et de rubans adh\u00e9sifs qui sont largement utilis\u00e9s pour assurer la r\u00e9duction du poids et de la consommation de carburant,<br \/><a class=\"moretag\" href=\"https:\/\/www.temacslitters.com\/fr\/energie-renouvelable-transports\/\">+ Lire La Suite<\/a><\/p>\n","protected":false},"author":1,"featured_media":0,"parent":0,"menu_order":0,"comment_status":"closed","ping_status":"closed","template":"templates\/page-fullwidth_template.php","meta":{"_acf_changed":false,"footnotes":""},"class_list":["post-5299","page","type-page","status-publish","hentry"],"acf":[],"yoast_head":"<!-- This site is optimized with the Yoast SEO plugin v27.3 - https:\/\/yoast.com\/product\/yoast-seo-wordpress\/ -->\n<title>Energie renouvelable, transports - Bobineuse D\u00e9coupeuse Temac<\/title>\n<meta name=\"robots\" content=\"index, follow, max-snippet:-1, max-image-preview:large, max-video-preview:-1\" \/>\n<link rel=\"canonical\" href=\"https:\/\/www.temacslitters.com\/fr\/energie-renouvelable-transports\/\" \/>\n<meta property=\"og:locale\" content=\"fr_FR\" \/>\n<meta property=\"og:type\" content=\"article\" \/>\n<meta property=\"og:title\" content=\"Energie renouvelable, transports - Bobineuse D\u00e9coupeuse Temac\" \/>\n<meta property=\"og:description\" content=\"Du secteur des \u00e9nergies renouvelables aux transports, en passant par l&rsquo;a\u00e9ronautique et la construction navale, un monde de films haute performance s\u2019ouvre\u00a0: ils sont utilis\u00e9s dans la production de fibres de carbone, de polym\u00e8res fluor\u00e9s et de rubans adh\u00e9sifs qui sont largement utilis\u00e9s pour assurer la r\u00e9duction du poids et de la consommation de carburant,+ Lire La Suite\" \/>\n<meta property=\"og:url\" content=\"https:\/\/www.temacslitters.com\/fr\/energie-renouvelable-transports\/\" \/>\n<meta property=\"og:site_name\" content=\"Bobineuse D\u00e9coupeuse Temac\" \/>\n<meta property=\"article:publisher\" content=\"https:\/\/www.facebook.com\/TemacSrl\/\" \/>\n<meta property=\"article:modified_time\" content=\"2023-09-29T10:34:21+00:00\" \/>\n<meta property=\"og:image\" content=\"https:\/\/www.temacslitters.com\/wp-content\/uploads\/2022\/11\/taglierine-temac-trasporti-energia.jpg\" \/>\n<meta name=\"twitter:card\" content=\"summary_large_image\" \/>\n<meta name=\"twitter:label1\" content=\"Dur\u00e9e de lecture estim\u00e9e\" \/>\n\t<meta name=\"twitter:data1\" content=\"2 minutes\" \/>\n<script type=\"application\/ld+json\" class=\"yoast-schema-graph\">{\"@context\":\"https:\\\/\\\/schema.org\",\"@graph\":[{\"@type\":\"WebPage\",\"@id\":\"https:\\\/\\\/www.temacslitters.com\\\/fr\\\/energie-renouvelable-transports\\\/\",\"url\":\"https:\\\/\\\/www.temacslitters.com\\\/fr\\\/energie-renouvelable-transports\\\/\",\"name\":\"Energie renouvelable, transports - Bobineuse D\u00e9coupeuse Temac\",\"isPartOf\":{\"@id\":\"https:\\\/\\\/www.temacslitters.com\\\/it\\\/#website\"},\"primaryImageOfPage\":{\"@id\":\"https:\\\/\\\/www.temacslitters.com\\\/fr\\\/energie-renouvelable-transports\\\/#primaryimage\"},\"image\":{\"@id\":\"https:\\\/\\\/www.temacslitters.com\\\/fr\\\/energie-renouvelable-transports\\\/#primaryimage\"},\"thumbnailUrl\":\"https:\\\/\\\/www.temacslitters.com\\\/wp-content\\\/uploads\\\/2022\\\/11\\\/taglierine-temac-trasporti-energia.jpg\",\"datePublished\":\"2023-09-29T10:32:09+00:00\",\"dateModified\":\"2023-09-29T10:34:21+00:00\",\"breadcrumb\":{\"@id\":\"https:\\\/\\\/www.temacslitters.com\\\/fr\\\/energie-renouvelable-transports\\\/#breadcrumb\"},\"inLanguage\":\"fr-FR\",\"potentialAction\":[{\"@type\":\"ReadAction\",\"target\":[\"https:\\\/\\\/www.temacslitters.com\\\/fr\\\/energie-renouvelable-transports\\\/\"]}]},{\"@type\":\"ImageObject\",\"inLanguage\":\"fr-FR\",\"@id\":\"https:\\\/\\\/www.temacslitters.com\\\/fr\\\/energie-renouvelable-transports\\\/#primaryimage\",\"url\":\"https:\\\/\\\/www.temacslitters.com\\\/wp-content\\\/uploads\\\/2022\\\/11\\\/taglierine-temac-trasporti-energia.jpg\",\"contentUrl\":\"https:\\\/\\\/www.temacslitters.com\\\/wp-content\\\/uploads\\\/2022\\\/11\\\/taglierine-temac-trasporti-energia.jpg\"},{\"@type\":\"BreadcrumbList\",\"@id\":\"https:\\\/\\\/www.temacslitters.com\\\/fr\\\/energie-renouvelable-transports\\\/#breadcrumb\",\"itemListElement\":[{\"@type\":\"ListItem\",\"position\":1,\"name\":\"Home\",\"item\":\"https:\\\/\\\/www.temacslitters.com\\\/it\\\/\"},{\"@type\":\"ListItem\",\"position\":2,\"name\":\"Energie renouvelable, transports\"}]},{\"@type\":\"WebSite\",\"@id\":\"https:\\\/\\\/www.temacslitters.com\\\/it\\\/#website\",\"url\":\"https:\\\/\\\/www.temacslitters.com\\\/it\\\/\",\"name\":\"Bobineuse D\u00e9coupeuse Temac\",\"description\":\"Temac : leader du march\u00e9 dans la production de bobineuses-refendeuses, de machines d&#039;emballage et de machines sp\u00e9ciales sur demande.\",\"publisher\":{\"@id\":\"https:\\\/\\\/www.temacslitters.com\\\/it\\\/#organization\"},\"potentialAction\":[{\"@type\":\"SearchAction\",\"target\":{\"@type\":\"EntryPoint\",\"urlTemplate\":\"https:\\\/\\\/www.temacslitters.com\\\/it\\\/?s={search_term_string}\"},\"query-input\":{\"@type\":\"PropertyValueSpecification\",\"valueRequired\":true,\"valueName\":\"search_term_string\"}}],\"inLanguage\":\"fr-FR\"},{\"@type\":\"Organization\",\"@id\":\"https:\\\/\\\/www.temacslitters.com\\\/it\\\/#organization\",\"name\":\"Temac\",\"url\":\"https:\\\/\\\/www.temacslitters.com\\\/it\\\/\",\"logo\":{\"@type\":\"ImageObject\",\"inLanguage\":\"fr-FR\",\"@id\":\"https:\\\/\\\/www.temacslitters.com\\\/it\\\/#\\\/schema\\\/logo\\\/image\\\/\",\"url\":\"https:\\\/\\\/www.temacslitters.com\\\/wp-content\\\/uploads\\\/2017\\\/03\\\/temac_converting_taglierine_svolgitori_logo.png\",\"contentUrl\":\"https:\\\/\\\/www.temacslitters.com\\\/wp-content\\\/uploads\\\/2017\\\/03\\\/temac_converting_taglierine_svolgitori_logo.png\",\"width\":219,\"height\":55,\"caption\":\"Temac\"},\"image\":{\"@id\":\"https:\\\/\\\/www.temacslitters.com\\\/it\\\/#\\\/schema\\\/logo\\\/image\\\/\"},\"sameAs\":[\"https:\\\/\\\/www.facebook.com\\\/TemacSrl\\\/\",\"https:\\\/\\\/www.linkedin.com\\\/company\\\/temac-srl\\\/\"]}]}<\/script>\n<!-- \/ Yoast SEO plugin. -->","yoast_head_json":{"title":"Energie renouvelable, transports - Bobineuse D\u00e9coupeuse Temac","robots":{"index":"index","follow":"follow","max-snippet":"max-snippet:-1","max-image-preview":"max-image-preview:large","max-video-preview":"max-video-preview:-1"},"canonical":"https:\/\/www.temacslitters.com\/fr\/energie-renouvelable-transports\/","og_locale":"fr_FR","og_type":"article","og_title":"Energie renouvelable, transports - Bobineuse D\u00e9coupeuse Temac","og_description":"Du secteur des \u00e9nergies renouvelables aux transports, en passant par l&rsquo;a\u00e9ronautique et la construction navale, un monde de films haute performance s\u2019ouvre\u00a0: ils sont utilis\u00e9s dans la production de fibres de carbone, de polym\u00e8res fluor\u00e9s et de rubans adh\u00e9sifs qui sont largement utilis\u00e9s pour assurer la r\u00e9duction du poids et de la consommation de carburant,+ Lire La Suite","og_url":"https:\/\/www.temacslitters.com\/fr\/energie-renouvelable-transports\/","og_site_name":"Bobineuse D\u00e9coupeuse Temac","article_publisher":"https:\/\/www.facebook.com\/TemacSrl\/","article_modified_time":"2023-09-29T10:34:21+00:00","og_image":[{"url":"https:\/\/www.temacslitters.com\/wp-content\/uploads\/2022\/11\/taglierine-temac-trasporti-energia.jpg","type":"","width":"","height":""}],"twitter_card":"summary_large_image","twitter_misc":{"Dur\u00e9e de lecture estim\u00e9e":"2 minutes"},"schema":{"@context":"https:\/\/schema.org","@graph":[{"@type":"WebPage","@id":"https:\/\/www.temacslitters.com\/fr\/energie-renouvelable-transports\/","url":"https:\/\/www.temacslitters.com\/fr\/energie-renouvelable-transports\/","name":"Energie renouvelable, transports - Bobineuse D\u00e9coupeuse Temac","isPartOf":{"@id":"https:\/\/www.temacslitters.com\/it\/#website"},"primaryImageOfPage":{"@id":"https:\/\/www.temacslitters.com\/fr\/energie-renouvelable-transports\/#primaryimage"},"image":{"@id":"https:\/\/www.temacslitters.com\/fr\/energie-renouvelable-transports\/#primaryimage"},"thumbnailUrl":"https:\/\/www.temacslitters.com\/wp-content\/uploads\/2022\/11\/taglierine-temac-trasporti-energia.jpg","datePublished":"2023-09-29T10:32:09+00:00","dateModified":"2023-09-29T10:34:21+00:00","breadcrumb":{"@id":"https:\/\/www.temacslitters.com\/fr\/energie-renouvelable-transports\/#breadcrumb"},"inLanguage":"fr-FR","potentialAction":[{"@type":"ReadAction","target":["https:\/\/www.temacslitters.com\/fr\/energie-renouvelable-transports\/"]}]},{"@type":"ImageObject","inLanguage":"fr-FR","@id":"https:\/\/www.temacslitters.com\/fr\/energie-renouvelable-transports\/#primaryimage","url":"https:\/\/www.temacslitters.com\/wp-content\/uploads\/2022\/11\/taglierine-temac-trasporti-energia.jpg","contentUrl":"https:\/\/www.temacslitters.com\/wp-content\/uploads\/2022\/11\/taglierine-temac-trasporti-energia.jpg"},{"@type":"BreadcrumbList","@id":"https:\/\/www.temacslitters.com\/fr\/energie-renouvelable-transports\/#breadcrumb","itemListElement":[{"@type":"ListItem","position":1,"name":"Home","item":"https:\/\/www.temacslitters.com\/it\/"},{"@type":"ListItem","position":2,"name":"Energie renouvelable, transports"}]},{"@type":"WebSite","@id":"https:\/\/www.temacslitters.com\/it\/#website","url":"https:\/\/www.temacslitters.com\/it\/","name":"Bobineuse D\u00e9coupeuse Temac","description":"Temac : leader du march\u00e9 dans la production de bobineuses-refendeuses, de machines d&#039;emballage et de machines sp\u00e9ciales sur demande.","publisher":{"@id":"https:\/\/www.temacslitters.com\/it\/#organization"},"potentialAction":[{"@type":"SearchAction","target":{"@type":"EntryPoint","urlTemplate":"https:\/\/www.temacslitters.com\/it\/?s={search_term_string}"},"query-input":{"@type":"PropertyValueSpecification","valueRequired":true,"valueName":"search_term_string"}}],"inLanguage":"fr-FR"},{"@type":"Organization","@id":"https:\/\/www.temacslitters.com\/it\/#organization","name":"Temac","url":"https:\/\/www.temacslitters.com\/it\/","logo":{"@type":"ImageObject","inLanguage":"fr-FR","@id":"https:\/\/www.temacslitters.com\/it\/#\/schema\/logo\/image\/","url":"https:\/\/www.temacslitters.com\/wp-content\/uploads\/2017\/03\/temac_converting_taglierine_svolgitori_logo.png","contentUrl":"https:\/\/www.temacslitters.com\/wp-content\/uploads\/2017\/03\/temac_converting_taglierine_svolgitori_logo.png","width":219,"height":55,"caption":"Temac"},"image":{"@id":"https:\/\/www.temacslitters.com\/it\/#\/schema\/logo\/image\/"},"sameAs":["https:\/\/www.facebook.com\/TemacSrl\/","https:\/\/www.linkedin.com\/company\/temac-srl\/"]}]}},"_links":{"self":[{"href":"https:\/\/www.temacslitters.com\/fr\/wp-json\/wp\/v2\/pages\/5299","targetHints":{"allow":["GET"]}}],"collection":[{"href":"https:\/\/www.temacslitters.com\/fr\/wp-json\/wp\/v2\/pages"}],"about":[{"href":"https:\/\/www.temacslitters.com\/fr\/wp-json\/wp\/v2\/types\/page"}],"author":[{"embeddable":true,"href":"https:\/\/www.temacslitters.com\/fr\/wp-json\/wp\/v2\/users\/1"}],"replies":[{"embeddable":true,"href":"https:\/\/www.temacslitters.com\/fr\/wp-json\/wp\/v2\/comments?post=5299"}],"version-history":[{"count":4,"href":"https:\/\/www.temacslitters.com\/fr\/wp-json\/wp\/v2\/pages\/5299\/revisions"}],"predecessor-version":[{"id":5303,"href":"https:\/\/www.temacslitters.com\/fr\/wp-json\/wp\/v2\/pages\/5299\/revisions\/5303"}],"wp:attachment":[{"href":"https:\/\/www.temacslitters.com\/fr\/wp-json\/wp\/v2\/media?parent=5299"}],"curies":[{"name":"wp","href":"https:\/\/api.w.org\/{rel}","templated":true}]}}