{"id":3975,"date":"2022-07-19T12:09:30","date_gmt":"2022-07-19T12:09:30","guid":{"rendered":"https:\/\/www.temacslitters.com\/?page_id=3975"},"modified":"2022-07-19T13:45:52","modified_gmt":"2022-07-19T13:45:52","slug":"ecosystemac","status":"publish","type":"page","link":"https:\/\/www.temacslitters.com\/fr\/ecosystemac\/","title":{"rendered":"Ecosystemac"},"content":{"rendered":"\t\t<div data-elementor-type=\"wp-page\" data-elementor-id=\"3975\" class=\"elementor elementor-3975 elementor-3973\">\n\t\t\t\t\t\t<section class=\"elementor-section elementor-top-section elementor-element elementor-element-d7dee7f elementor-section-boxed elementor-section-height-default elementor-section-height-default\" data-id=\"d7dee7f\" data-element_type=\"section\">\n\t\t\t\t\t\t<div class=\"elementor-container elementor-column-gap-default\">\n\t\t\t\t\t<div class=\"elementor-column elementor-col-100 elementor-top-column elementor-element elementor-element-8cbe0ae\" data-id=\"8cbe0ae\" data-element_type=\"column\">\n\t\t\t<div class=\"elementor-widget-wrap elementor-element-populated\">\n\t\t\t\t\t\t<div class=\"elementor-element elementor-element-9c6e308 elementor-widget elementor-widget-image\" data-id=\"9c6e308\" data-element_type=\"widget\" data-widget_type=\"image.default\">\n\t\t\t\t<div class=\"elementor-widget-container\">\n\t\t\t\t\t\t\t\t\t\t\t\t\t\t\t<img fetchpriority=\"high\" decoding=\"async\" width=\"690\" height=\"279\" src=\"https:\/\/www.temacslitters.com\/wp-content\/uploads\/2022\/06\/ecosystemac.jpg\" class=\"attachment-large size-large wp-image-3978\" alt=\"ecosystemac\" srcset=\"https:\/\/www.temacslitters.com\/wp-content\/uploads\/2022\/06\/ecosystemac.jpg 768w, https:\/\/www.temacslitters.com\/wp-content\/uploads\/2022\/06\/ecosystemac-300x121.jpg 300w\" sizes=\"(max-width: 690px) 100vw, 690px\" \/>\t\t\t\t\t\t\t\t\t\t\t\t\t\t\t<\/div>\n\t\t\t\t<\/div>\n\t\t\t\t\t<\/div>\n\t\t<\/div>\n\t\t\t\t\t<\/div>\n\t\t<\/section>\n\t\t\t\t<section class=\"elementor-section elementor-top-section elementor-element elementor-element-49d52f1 elementor-section-boxed elementor-section-height-default elementor-section-height-default\" data-id=\"49d52f1\" data-element_type=\"section\">\n\t\t\t\t\t\t<div class=\"elementor-container elementor-column-gap-default\">\n\t\t\t\t\t<div class=\"elementor-column elementor-col-100 elementor-top-column elementor-element elementor-element-b830d30\" data-id=\"b830d30\" data-element_type=\"column\">\n\t\t\t<div class=\"elementor-widget-wrap elementor-element-populated\">\n\t\t\t\t\t\t<div class=\"elementor-element elementor-element-f8fe56d elementor-widget elementor-widget-text-editor\" data-id=\"f8fe56d\" data-element_type=\"widget\" data-widget_type=\"text-editor.default\">\n\t\t\t\t<div class=\"elementor-widget-container\">\n\t\t\t\t\t\t\t\t\t<h2>Les march\u00e9s de la transformation et de l\u2019emballage, de plus en plus dynamiques et attentifs \u00e0 la qualit\u00e9, consid\u00e8rent d\u00e9sormais qu\u2019il est important d\u2019adopter des syst\u00e8mes qui int\u00e8grent l\u2019impact environnemental, la sant\u00e9 et la s\u00e9curit\u00e9, \u00e0 chaque \u00e9tape du processus de production.<br \/>\u00c0 cet \u00e9gard, Temac dispose d\u2019une gamme de produits identifi\u00e9s par le logo Ecosystemac : des d\u00e9coupeuses respectueuses de l\u2019environnement.<\/h2>\t\t\t\t\t\t\t\t<\/div>\n\t\t\t\t<\/div>\n\t\t\t\t\t<\/div>\n\t\t<\/div>\n\t\t\t\t\t<\/div>\n\t\t<\/section>\n\t\t\t\t<section class=\"elementor-section elementor-top-section elementor-element elementor-element-fd5bf9f elementor-section-boxed elementor-section-height-default elementor-section-height-default\" data-id=\"fd5bf9f\" data-element_type=\"section\">\n\t\t\t\t\t\t<div class=\"elementor-container elementor-column-gap-default\">\n\t\t\t\t\t<div class=\"elementor-column elementor-col-100 elementor-top-column elementor-element elementor-element-96d9cf1\" data-id=\"96d9cf1\" data-element_type=\"column\">\n\t\t\t<div class=\"elementor-widget-wrap elementor-element-populated\">\n\t\t\t\t\t\t<div class=\"elementor-element elementor-element-472df25 elementor-widget elementor-widget-text-editor\" data-id=\"472df25\" data-element_type=\"widget\" data-widget_type=\"text-editor.default\">\n\t\t\t\t<div class=\"elementor-widget-container\">\n\t\t\t\t\t\t\t\t\t<p><strong>L\u2019ENGAGEMENT DE TEMAC EN FAVEUR DE L\u2019ENVIRONNEMENT<\/strong><\/p><p>En collaboration avec nos clients, nous rendons nos machines de plus en plus performantes ; et notre s\u00e9rie ECOSYSTEMAC est con\u00e7ue et d\u00e9velopp\u00e9e pour garantir une forte valeur ajout\u00e9e en termes de rendement et d\u2019\u00e9co-durabilit\u00e9.<br \/>Nous pensons qu\u2019une entreprise progresse par ses choix responsables visant \u00e0 am\u00e9liorer la qualit\u00e9 de vie et la qualit\u00e9 de l\u2019environnement.<br \/>Le r\u00e9sultat est gagnant pour tous : pour TEMAC qui contribue \u00e0 la protection de l\u2019environnement, pour le client qui b\u00e9n\u00e9ficie imm\u00e9diatement d\u2019un retour positif en termes de qualit\u00e9 et d\u2019\u00e9conomies et pour la nature dont le respect n\u2019est qu\u2019une inspiration humaine naturelle.<br \/>\u00ab Exp\u00e9rience, ing\u00e9niosit\u00e9 et sensibilit\u00e9 verte sont les qualit\u00e9s des machines Temac n\u00e9es sous le signe \u00ab Ecosystemac \u00bb : elles ont perfectionn\u00e9 la conception interne globale, \u00e0 la fois \u00e9lectronique et m\u00e9canique, pour offrir aux clients la meilleure machine avec les meilleures performances.<br \/>Gr\u00e2ce au logiciel sp\u00e9cifique qui g\u00e8re toutes les phases de travail, Temac a consid\u00e9rablement r\u00e9duit les temps d\u2019arr\u00eat des machines, am\u00e9liorant le rendement et garantissant toujours fiabilit\u00e9 et polyvalence, ainsi qu\u2019une utilisation conviviale accessible facilement \u00e0 tous les op\u00e9rateurs.<br \/>Le mot cl\u00e9 pour tous les produits Temac est la qualit\u00e9 : l\u2019importance donn\u00e9e \u00e0 l\u2019\u00e9tude et \u00e0 la conception, aboutit \u00e0 la cr\u00e9ation de structures m\u00e9caniques extr\u00eamement robustes et solides, adapt\u00e9es \u00e0 des poids et des caract\u00e9ristiques qui vont au-del\u00e0 des performances obtenues avec des d\u00e9coupeuses standard.<\/p>\t\t\t\t\t\t\t\t<\/div>\n\t\t\t\t<\/div>\n\t\t\t\t\t<\/div>\n\t\t<\/div>\n\t\t\t\t\t<\/div>\n\t\t<\/section>\n\t\t\t\t<section class=\"elementor-section elementor-top-section elementor-element elementor-element-1192918 elementor-section-boxed elementor-section-height-default elementor-section-height-default\" data-id=\"1192918\" data-element_type=\"section\">\n\t\t\t\t\t\t<div class=\"elementor-container elementor-column-gap-default\">\n\t\t\t\t\t<div class=\"elementor-column elementor-col-100 elementor-top-column elementor-element elementor-element-fcf80f5\" data-id=\"fcf80f5\" data-element_type=\"column\">\n\t\t\t<div class=\"elementor-widget-wrap elementor-element-populated\">\n\t\t\t\t\t\t<div class=\"elementor-element elementor-element-46f1351 elementor-widget elementor-widget-text-editor\" data-id=\"46f1351\" data-element_type=\"widget\" data-widget_type=\"text-editor.default\">\n\t\t\t\t<div class=\"elementor-widget-container\">\n\t\t\t\t\t\t\t\t\t<p><strong>TEMAC SERVICES<br \/><\/strong><br \/>TEMAC reste proche des services de production \/ d\u00e9coupe qui doivent s\u2019occuper de la machine tous les jours. Il prend en charge chaque demande et aide les op\u00e9rateurs pour le r\u00e9glage sp\u00e9cifique de chaque mat\u00e9riau.<br \/>Le professionnalisme, avec lequel les r\u00e9glages techniques d\u2019origine de chaque d\u00e9coupeuse sont effectu\u00e9s, assure au client le r\u00e9sultat final : r\u00e9duction des temps d\u2019arr\u00eat de la machine, vitesse de changement du type de travail, planification optimale des phases de contr\u00f4le et gestion du cycle de production.<br \/>L\u2019exp\u00e9rience de Temac, gr\u00e2ce \u00e0 un savoir-faire bien \u00e9tabli associ\u00e9 \u00e0 un personnel technique efficace, permet de fournir un syst\u00e8me de service large et complet, toujours \u00e0 jour, r\u00e9pondant parfaitement au profil de chaque client.<br \/>\u00c0 une \u00e9poque o\u00f9 la mondialisation des march\u00e9s semble b\u00e9n\u00e9ficier aux concepts de \u00ab concurrence \u00bb et de \u00ab dynamisme \u00bb en dehors de toute r\u00e8gle \u00e9conomique et \u00e9thique, Temac se tourne vers l\u2019avenir en misant sur des valeurs telles que la \u00ab qualit\u00e9 \u00bb et la \u00ab comp\u00e9tence \u00bb, entendues comme la capacit\u00e9 de pr\u00e9voir chaque besoin du client et de pr\u00e9parer des solutions ad\u00e9quates \u00e0 l\u2019avance.<br \/>Enfin, Temac offre \u00e0 ses clients italiens et \u00e9trangers un service apr\u00e8s-vente gr\u00e2ce \u00e0 un r\u00e9seau d\u2019agents pr\u00eats \u00e0 r\u00e9pondre rapidement \u00e0 toutes les attentes.<\/p>\t\t\t\t\t\t\t\t<\/div>\n\t\t\t\t<\/div>\n\t\t\t\t\t<\/div>\n\t\t<\/div>\n\t\t\t\t\t<\/div>\n\t\t<\/section>\n\t\t\t\t<section class=\"elementor-section elementor-top-section elementor-element elementor-element-794c0d9 elementor-section-boxed elementor-section-height-default elementor-section-height-default\" data-id=\"794c0d9\" data-element_type=\"section\">\n\t\t\t\t\t\t<div class=\"elementor-container elementor-column-gap-default\">\n\t\t\t\t\t<div class=\"elementor-column elementor-col-100 elementor-top-column elementor-element elementor-element-fb50c35\" data-id=\"fb50c35\" data-element_type=\"column\">\n\t\t\t<div class=\"elementor-widget-wrap elementor-element-populated\">\n\t\t\t\t\t\t<div class=\"elementor-element elementor-element-d96b6cb elementor-widget elementor-widget-text-editor\" data-id=\"d96b6cb\" data-element_type=\"widget\" data-widget_type=\"text-editor.default\">\n\t\t\t\t<div class=\"elementor-widget-container\">\n\t\t\t\t\t\t\t\t\t<p><strong>LE D\u00c9FI AVEC LE MARCH\u00c9<\/strong><\/p><p>Temac rel\u00e8ve ainsi le d\u00e9fi du march\u00e9, surmontant avec optimisme et d\u00e9termination les difficult\u00e9s qui ont impact\u00e9 l\u2019ensemble du secteur de l\u2019emballage. Nous continuerons sur la voie d\u2019un engagement s\u00e9rieux et solidaire, en misant sur un avenir meilleur et \u00e9co-durable : des valeurs fortes qui renforcent la confiance de nos clients, certains que le d\u00e9fi avec le march\u00e9 est \u00e9galement gagn\u00e9 avec une inspiration verte.<\/p>\t\t\t\t\t\t\t\t<\/div>\n\t\t\t\t<\/div>\n\t\t\t\t\t<\/div>\n\t\t<\/div>\n\t\t\t\t\t<\/div>\n\t\t<\/section>\n\t\t\t\t<\/div>\n\t\t","protected":false},"excerpt":{"rendered":"<p>Les march\u00e9s de la transformation et de l\u2019emballage, de plus en plus dynamiques et attentifs \u00e0 la qualit\u00e9, consid\u00e8rent d\u00e9sormais qu\u2019il est important d\u2019adopter des syst\u00e8mes qui int\u00e8grent l\u2019impact environnemental, la sant\u00e9 et la s\u00e9curit\u00e9, \u00e0 chaque \u00e9tape du processus de production. \u00c0 cet \u00e9gard, Temac dispose d\u2019une gamme de produits identifi\u00e9s par le logo<br \/><a class=\"moretag\" href=\"https:\/\/www.temacslitters.com\/fr\/ecosystemac\/\">+ Lire La Suite<\/a><\/p>\n","protected":false},"author":1,"featured_media":0,"parent":0,"menu_order":0,"comment_status":"closed","ping_status":"closed","template":"templates\/page-fullwidth_template.php","meta":{"_acf_changed":false,"footnotes":""},"class_list":["post-3975","page","type-page","status-publish","hentry"],"acf":[],"yoast_head":"<!-- This site is optimized with the Yoast SEO plugin v27.6 - https:\/\/yoast.com\/product\/yoast-seo-wordpress\/ -->\n<title>Ecosystemac - Bobineuse D\u00e9coupeuse Temac<\/title>\n<meta name=\"robots\" content=\"index, follow, max-snippet:-1, max-image-preview:large, max-video-preview:-1\" \/>\n<link rel=\"canonical\" href=\"https:\/\/www.temacslitters.com\/fr\/ecosystemac\/\" \/>\n<meta property=\"og:locale\" content=\"fr_FR\" \/>\n<meta property=\"og:type\" content=\"article\" \/>\n<meta property=\"og:title\" content=\"Ecosystemac - Bobineuse D\u00e9coupeuse Temac\" \/>\n<meta property=\"og:description\" content=\"Les march\u00e9s de la transformation et de l\u2019emballage, de plus en plus dynamiques et attentifs \u00e0 la qualit\u00e9, consid\u00e8rent d\u00e9sormais qu\u2019il est important d\u2019adopter des syst\u00e8mes qui int\u00e8grent l\u2019impact environnemental, la sant\u00e9 et la s\u00e9curit\u00e9, \u00e0 chaque \u00e9tape du processus de production. \u00c0 cet \u00e9gard, Temac dispose d\u2019une gamme de produits identifi\u00e9s par le logo+ Lire La Suite\" \/>\n<meta property=\"og:url\" content=\"https:\/\/www.temacslitters.com\/fr\/ecosystemac\/\" \/>\n<meta property=\"og:site_name\" content=\"Bobineuse D\u00e9coupeuse Temac\" \/>\n<meta property=\"article:publisher\" content=\"https:\/\/www.facebook.com\/TemacSrl\/\" \/>\n<meta property=\"article:modified_time\" content=\"2022-07-19T13:45:52+00:00\" \/>\n<meta property=\"og:image\" content=\"https:\/\/www.temacslitters.com\/wp-content\/uploads\/2022\/06\/ecosystemac.jpg\" \/>\n<meta name=\"twitter:card\" content=\"summary_large_image\" \/>\n<meta name=\"twitter:label1\" content=\"Dur\u00e9e de lecture estim\u00e9e\" \/>\n\t<meta name=\"twitter:data1\" content=\"4 minutes\" \/>\n<script type=\"application\/ld+json\" class=\"yoast-schema-graph\">{\"@context\":\"https:\\\/\\\/schema.org\",\"@graph\":[{\"@type\":\"WebPage\",\"@id\":\"https:\\\/\\\/www.temacslitters.com\\\/fr\\\/ecosystemac\\\/\",\"url\":\"https:\\\/\\\/www.temacslitters.com\\\/fr\\\/ecosystemac\\\/\",\"name\":\"Ecosystemac - Bobineuse D\u00e9coupeuse Temac\",\"isPartOf\":{\"@id\":\"https:\\\/\\\/www.temacslitters.com\\\/it\\\/#website\"},\"primaryImageOfPage\":{\"@id\":\"https:\\\/\\\/www.temacslitters.com\\\/fr\\\/ecosystemac\\\/#primaryimage\"},\"image\":{\"@id\":\"https:\\\/\\\/www.temacslitters.com\\\/fr\\\/ecosystemac\\\/#primaryimage\"},\"thumbnailUrl\":\"https:\\\/\\\/www.temacslitters.com\\\/wp-content\\\/uploads\\\/2022\\\/06\\\/ecosystemac.jpg\",\"datePublished\":\"2022-07-19T12:09:30+00:00\",\"dateModified\":\"2022-07-19T13:45:52+00:00\",\"breadcrumb\":{\"@id\":\"https:\\\/\\\/www.temacslitters.com\\\/fr\\\/ecosystemac\\\/#breadcrumb\"},\"inLanguage\":\"fr-FR\",\"potentialAction\":[{\"@type\":\"ReadAction\",\"target\":[\"https:\\\/\\\/www.temacslitters.com\\\/fr\\\/ecosystemac\\\/\"]}]},{\"@type\":\"ImageObject\",\"inLanguage\":\"fr-FR\",\"@id\":\"https:\\\/\\\/www.temacslitters.com\\\/fr\\\/ecosystemac\\\/#primaryimage\",\"url\":\"https:\\\/\\\/www.temacslitters.com\\\/wp-content\\\/uploads\\\/2022\\\/06\\\/ecosystemac.jpg\",\"contentUrl\":\"https:\\\/\\\/www.temacslitters.com\\\/wp-content\\\/uploads\\\/2022\\\/06\\\/ecosystemac.jpg\"},{\"@type\":\"BreadcrumbList\",\"@id\":\"https:\\\/\\\/www.temacslitters.com\\\/fr\\\/ecosystemac\\\/#breadcrumb\",\"itemListElement\":[{\"@type\":\"ListItem\",\"position\":1,\"name\":\"Home\",\"item\":\"https:\\\/\\\/www.temacslitters.com\\\/it\\\/\"},{\"@type\":\"ListItem\",\"position\":2,\"name\":\"Ecosystemac\"}]},{\"@type\":\"WebSite\",\"@id\":\"https:\\\/\\\/www.temacslitters.com\\\/it\\\/#website\",\"url\":\"https:\\\/\\\/www.temacslitters.com\\\/it\\\/\",\"name\":\"Bobineuse D\u00e9coupeuse Temac\",\"description\":\"Temac : leader du march\u00e9 dans la production de bobineuses-refendeuses, de machines d&#039;emballage et de machines sp\u00e9ciales sur demande.\",\"publisher\":{\"@id\":\"https:\\\/\\\/www.temacslitters.com\\\/it\\\/#organization\"},\"potentialAction\":[{\"@type\":\"SearchAction\",\"target\":{\"@type\":\"EntryPoint\",\"urlTemplate\":\"https:\\\/\\\/www.temacslitters.com\\\/it\\\/?s={search_term_string}\"},\"query-input\":{\"@type\":\"PropertyValueSpecification\",\"valueRequired\":true,\"valueName\":\"search_term_string\"}}],\"inLanguage\":\"fr-FR\"},{\"@type\":\"Organization\",\"@id\":\"https:\\\/\\\/www.temacslitters.com\\\/it\\\/#organization\",\"name\":\"Temac\",\"url\":\"https:\\\/\\\/www.temacslitters.com\\\/it\\\/\",\"logo\":{\"@type\":\"ImageObject\",\"inLanguage\":\"fr-FR\",\"@id\":\"https:\\\/\\\/www.temacslitters.com\\\/it\\\/#\\\/schema\\\/logo\\\/image\\\/\",\"url\":\"https:\\\/\\\/www.temacslitters.com\\\/wp-content\\\/uploads\\\/2017\\\/03\\\/temac_converting_taglierine_svolgitori_logo.png\",\"contentUrl\":\"https:\\\/\\\/www.temacslitters.com\\\/wp-content\\\/uploads\\\/2017\\\/03\\\/temac_converting_taglierine_svolgitori_logo.png\",\"width\":219,\"height\":55,\"caption\":\"Temac\"},\"image\":{\"@id\":\"https:\\\/\\\/www.temacslitters.com\\\/it\\\/#\\\/schema\\\/logo\\\/image\\\/\"},\"sameAs\":[\"https:\\\/\\\/www.facebook.com\\\/TemacSrl\\\/\",\"https:\\\/\\\/www.linkedin.com\\\/company\\\/temac-srl\\\/\"]}]}<\/script>\n<!-- \/ Yoast SEO plugin. -->","yoast_head_json":{"title":"Ecosystemac - Bobineuse D\u00e9coupeuse Temac","robots":{"index":"index","follow":"follow","max-snippet":"max-snippet:-1","max-image-preview":"max-image-preview:large","max-video-preview":"max-video-preview:-1"},"canonical":"https:\/\/www.temacslitters.com\/fr\/ecosystemac\/","og_locale":"fr_FR","og_type":"article","og_title":"Ecosystemac - Bobineuse D\u00e9coupeuse Temac","og_description":"Les march\u00e9s de la transformation et de l\u2019emballage, de plus en plus dynamiques et attentifs \u00e0 la qualit\u00e9, consid\u00e8rent d\u00e9sormais qu\u2019il est important d\u2019adopter des syst\u00e8mes qui int\u00e8grent l\u2019impact environnemental, la sant\u00e9 et la s\u00e9curit\u00e9, \u00e0 chaque \u00e9tape du processus de production. \u00c0 cet \u00e9gard, Temac dispose d\u2019une gamme de produits identifi\u00e9s par le logo+ Lire La Suite","og_url":"https:\/\/www.temacslitters.com\/fr\/ecosystemac\/","og_site_name":"Bobineuse D\u00e9coupeuse Temac","article_publisher":"https:\/\/www.facebook.com\/TemacSrl\/","article_modified_time":"2022-07-19T13:45:52+00:00","og_image":[{"url":"https:\/\/www.temacslitters.com\/wp-content\/uploads\/2022\/06\/ecosystemac.jpg","type":"","width":"","height":""}],"twitter_card":"summary_large_image","twitter_misc":{"Dur\u00e9e de lecture estim\u00e9e":"4 minutes"},"schema":{"@context":"https:\/\/schema.org","@graph":[{"@type":"WebPage","@id":"https:\/\/www.temacslitters.com\/fr\/ecosystemac\/","url":"https:\/\/www.temacslitters.com\/fr\/ecosystemac\/","name":"Ecosystemac - Bobineuse D\u00e9coupeuse Temac","isPartOf":{"@id":"https:\/\/www.temacslitters.com\/it\/#website"},"primaryImageOfPage":{"@id":"https:\/\/www.temacslitters.com\/fr\/ecosystemac\/#primaryimage"},"image":{"@id":"https:\/\/www.temacslitters.com\/fr\/ecosystemac\/#primaryimage"},"thumbnailUrl":"https:\/\/www.temacslitters.com\/wp-content\/uploads\/2022\/06\/ecosystemac.jpg","datePublished":"2022-07-19T12:09:30+00:00","dateModified":"2022-07-19T13:45:52+00:00","breadcrumb":{"@id":"https:\/\/www.temacslitters.com\/fr\/ecosystemac\/#breadcrumb"},"inLanguage":"fr-FR","potentialAction":[{"@type":"ReadAction","target":["https:\/\/www.temacslitters.com\/fr\/ecosystemac\/"]}]},{"@type":"ImageObject","inLanguage":"fr-FR","@id":"https:\/\/www.temacslitters.com\/fr\/ecosystemac\/#primaryimage","url":"https:\/\/www.temacslitters.com\/wp-content\/uploads\/2022\/06\/ecosystemac.jpg","contentUrl":"https:\/\/www.temacslitters.com\/wp-content\/uploads\/2022\/06\/ecosystemac.jpg"},{"@type":"BreadcrumbList","@id":"https:\/\/www.temacslitters.com\/fr\/ecosystemac\/#breadcrumb","itemListElement":[{"@type":"ListItem","position":1,"name":"Home","item":"https:\/\/www.temacslitters.com\/it\/"},{"@type":"ListItem","position":2,"name":"Ecosystemac"}]},{"@type":"WebSite","@id":"https:\/\/www.temacslitters.com\/it\/#website","url":"https:\/\/www.temacslitters.com\/it\/","name":"Bobineuse D\u00e9coupeuse Temac","description":"Temac : leader du march\u00e9 dans la production de bobineuses-refendeuses, de machines d&#039;emballage et de machines sp\u00e9ciales sur demande.","publisher":{"@id":"https:\/\/www.temacslitters.com\/it\/#organization"},"potentialAction":[{"@type":"SearchAction","target":{"@type":"EntryPoint","urlTemplate":"https:\/\/www.temacslitters.com\/it\/?s={search_term_string}"},"query-input":{"@type":"PropertyValueSpecification","valueRequired":true,"valueName":"search_term_string"}}],"inLanguage":"fr-FR"},{"@type":"Organization","@id":"https:\/\/www.temacslitters.com\/it\/#organization","name":"Temac","url":"https:\/\/www.temacslitters.com\/it\/","logo":{"@type":"ImageObject","inLanguage":"fr-FR","@id":"https:\/\/www.temacslitters.com\/it\/#\/schema\/logo\/image\/","url":"https:\/\/www.temacslitters.com\/wp-content\/uploads\/2017\/03\/temac_converting_taglierine_svolgitori_logo.png","contentUrl":"https:\/\/www.temacslitters.com\/wp-content\/uploads\/2017\/03\/temac_converting_taglierine_svolgitori_logo.png","width":219,"height":55,"caption":"Temac"},"image":{"@id":"https:\/\/www.temacslitters.com\/it\/#\/schema\/logo\/image\/"},"sameAs":["https:\/\/www.facebook.com\/TemacSrl\/","https:\/\/www.linkedin.com\/company\/temac-srl\/"]}]}},"_links":{"self":[{"href":"https:\/\/www.temacslitters.com\/fr\/wp-json\/wp\/v2\/pages\/3975","targetHints":{"allow":["GET"]}}],"collection":[{"href":"https:\/\/www.temacslitters.com\/fr\/wp-json\/wp\/v2\/pages"}],"about":[{"href":"https:\/\/www.temacslitters.com\/fr\/wp-json\/wp\/v2\/types\/page"}],"author":[{"embeddable":true,"href":"https:\/\/www.temacslitters.com\/fr\/wp-json\/wp\/v2\/users\/1"}],"replies":[{"embeddable":true,"href":"https:\/\/www.temacslitters.com\/fr\/wp-json\/wp\/v2\/comments?post=3975"}],"version-history":[{"count":4,"href":"https:\/\/www.temacslitters.com\/fr\/wp-json\/wp\/v2\/pages\/3975\/revisions"}],"predecessor-version":[{"id":4093,"href":"https:\/\/www.temacslitters.com\/fr\/wp-json\/wp\/v2\/pages\/3975\/revisions\/4093"}],"wp:attachment":[{"href":"https:\/\/www.temacslitters.com\/fr\/wp-json\/wp\/v2\/media?parent=3975"}],"curies":[{"name":"wp","href":"https:\/\/api.w.org\/{rel}","templated":true}]}}