{"id":3191,"date":"2021-05-17T10:49:57","date_gmt":"2021-05-17T10:49:57","guid":{"rendered":"https:\/\/www.temacslitters.com\/?page_id=3191"},"modified":"2023-11-10T10:21:18","modified_gmt":"2023-11-10T10:21:18","slug":"assistance","status":"publish","type":"page","link":"https:\/\/www.temacslitters.com\/fr\/assistance\/","title":{"rendered":"Assistance"},"content":{"rendered":"\t\t<div data-elementor-type=\"wp-page\" data-elementor-id=\"3191\" class=\"elementor elementor-3191 elementor-3188\">\n\t\t\t\t\t\t<section class=\"elementor-section elementor-top-section elementor-element elementor-element-4934a08e elementor-section-boxed elementor-section-height-default elementor-section-height-default\" data-id=\"4934a08e\" data-element_type=\"section\">\n\t\t\t\t\t\t<div class=\"elementor-container elementor-column-gap-default\">\n\t\t\t\t\t<div class=\"elementor-column elementor-col-100 elementor-top-column elementor-element elementor-element-e33d76c\" data-id=\"e33d76c\" data-element_type=\"column\">\n\t\t\t<div class=\"elementor-widget-wrap elementor-element-populated\">\n\t\t\t\t\t\t<div class=\"elementor-element elementor-element-4e5e9bd5 elementor-widget elementor-widget-text-editor\" data-id=\"4e5e9bd5\" data-element_type=\"widget\" data-widget_type=\"text-editor.default\">\n\t\t\t\t<div class=\"elementor-widget-container\">\n\t\t\t\t\t\t\t\t\t<p><img fetchpriority=\"high\" decoding=\"async\" class=\"aligncenter size-full wp-image-3213\" src=\"https:\/\/www.temacslitters.com\/wp-content\/uploads\/2021\/05\/assistenza-1.jpg\" alt=\"assistenza\" width=\"1030\" height=\"416\" srcset=\"https:\/\/www.temacslitters.com\/wp-content\/uploads\/2021\/05\/assistenza-1.jpg 1030w, https:\/\/www.temacslitters.com\/wp-content\/uploads\/2021\/05\/assistenza-1-300x121.jpg 300w, https:\/\/www.temacslitters.com\/wp-content\/uploads\/2021\/05\/assistenza-1-1024x414.jpg 1024w, https:\/\/www.temacslitters.com\/wp-content\/uploads\/2021\/05\/assistenza-1-768x310.jpg 768w\" sizes=\"(max-width: 1030px) 100vw, 1030px\" \/><br \/>TEMAC SRL attache une grande importance \u00e0 l\u2019<strong>Assistance Technique<\/strong>, bien que nos machines soient d\u2019une tr\u00e8s grande fiabilit\u00e9.<br \/>Notre priorit\u00e9, c\u2019est votre production; et nous sommes toujours <strong>\u00e0 vos c\u00f4t\u00e9s en cas de probl\u00e8me<\/strong>.<br \/>Notre \u00e9quipe technique, premier point de contact, maitrise parfaitement plusieurs langues et toutes les technologies pr\u00e9sentes sur nos machines : automation industrielle, programmation software, conception m\u00e9canique, etc.<br \/>Nos techniciens connaissent parfaitement aussi les diff\u00e9rentes techniques de fabrication et les diff\u00e9rents modes de travail des mat\u00e9riaux utilis\u00e9s.<\/p><p style=\"text-align: left;\"><strong>Comment nous contacter<\/strong><br \/><strong>T\u00e9l.fixe: (+39 0331 661204) T\u00e9l mobile : (+39-347-7451 869) m<\/strong><strong>ail : automation@temac.it et service@temac.it<\/strong><br \/>Les clients pourront <strong>contacter directement un technicien<\/strong> qui pourra intervenir soit en<strong> t\u00e9l\u00e9 assistance soit sur site<\/strong>, si n\u00e9cessaire.<br \/><strong>Important :<\/strong> Pour ouvrir un dossier d\u2019intervention il faut renseigner les \u00e9l\u00e9ments suivants : le nom de la soci\u00e9t\u00e9, le type de machine et son num\u00e9ro de s\u00e9rie ( sur la plaque de firme en aluminium fix\u00e9e sur la machine), et les coordonn\u00e9es de la personne en charge de l\u2019affaire; qui expliquera le probl\u00e8me.<\/p><p style=\"text-align: left;\"><div class=\"su-accordion su-u-trim\"> <div class=\"su-spoiler su-spoiler-style-default su-spoiler-icon-plus su-spoiler-closed\" data-scroll-offset=\"0\" data-anchor-in-url=\"no\"><div class=\"su-spoiler-title\" tabindex=\"0\" role=\"button\"><span class=\"su-spoiler-icon\"><\/span>Horaires d&rsquo;assistance technique<\/div><div class=\"su-spoiler-content su-u-clearfix su-u-trim\"><strong>Horaires d&rsquo;assistance technique<\/strong><br \/>horaire de bureau: du lundi au vendredi: 8h30 &#8211; 12h30 \/ 13h30 &#8211; 17h30<br \/>T\u00e9l\u00e9phones d&rsquo;assistance technique:<strong> standard t\u00e9l\u00e9phonique + 39-0331-660507 ou num\u00e9ro mobile + 39-347-7451869 adresses e-mail d\u00e9di\u00e9es automation@temac.it et service@temac.it<\/strong><\/p><p><\/div><\/div><div class=\"su-spoiler su-spoiler-style-default su-spoiler-icon-plus su-spoiler-closed\" data-scroll-offset=\"0\" data-anchor-in-url=\"no\"><div class=\"su-spoiler-title\" tabindex=\"0\" role=\"button\"><span class=\"su-spoiler-icon\"><\/span>Assistance pour arr\u00eat machine sous garantie<\/div><div class=\"su-spoiler-content su-u-clearfix su-u-trim\"><strong>TEMAC propose un service d&rsquo;assistance \u00e0 la maintenance pr\u00e9ventive des machines<\/strong><br \/>Le service d&rsquo;assistance avec un contrat de maintenance pr\u00e9ventive, destin\u00e9 exclusivement sur site, vise \u00e0 garantir en permanence l&rsquo;efficacit\u00e9 de la machine avec une garantie active ou expir\u00e9e. La prestation a lieu p\u00e9riodiquement sur rendez-vous pr\u00e9vu \u00e0 la signature du contrat et pr\u00e9voit 10 h. intervention pour chaque sortie client et comprend les graisses et lubrifiants pour la maintenance, mais pas les pi\u00e8ces us\u00e9es ou endommag\u00e9es.<br \/>Pour demander plus d&rsquo;informations, contactez nos num\u00e9ros: + 39-0331-660507<br \/><\/div><\/div><div class=\"su-spoiler su-spoiler-style-default su-spoiler-icon-plus su-spoiler-closed\" data-scroll-offset=\"0\" data-anchor-in-url=\"no\"><div class=\"su-spoiler-title\" tabindex=\"0\" role=\"button\"><span class=\"su-spoiler-icon\"><\/span>Pi\u00e8ces de rechange<\/div><div class=\"su-spoiler-content su-u-clearfix su-u-trim\"><strong>Pi\u00e8ces de rechange<\/strong><br \/>Notre d\u00e9partement des pi\u00e8ces de rechange est toujours \u00e0 votre disposition. Nous garantissons une r\u00e9ponse rapide, pour les livraisons ordinaires de pi\u00e8ces sujettes \u00e0 usure en une semaine. Pour des arbres suppl\u00e9mentaires, des adaptateurs ou des embrayages, livraison sous quatre semaines. Personne de contact: Cristina Testa &#8211;acquisti@temac.it, +39 0331661204. Nous cr\u00e9ons un ensemble recommand\u00e9 de pi\u00e8ces de rechange, \u00e0 toujours garder \u00e0 port\u00e9e de main dans votre si\u00e8ge, pour r\u00e9duire les temps d&rsquo;arr\u00eat dus \u00e0 des pi\u00e8ces de rechange manquantes. Contactez-nous pour un service d\u00e9di\u00e9.<\/div><\/div><div class=\"su-spoiler su-spoiler-style-default su-spoiler-icon-plus su-spoiler-closed\" data-scroll-offset=\"0\" data-anchor-in-url=\"no\"><div class=\"su-spoiler-title\" tabindex=\"0\" role=\"button\"><span class=\"su-spoiler-icon\"><\/span>Retrofit<\/div><div class=\"su-spoiler-content su-u-clearfix su-u-trim\"><strong>Retrofit<br \/><\/strong>Temac vous propose un service de retrofit machine avec une \u00e9tude sur mesure pour le remplacement de pi\u00e8ces m\u00e9caniques et \u00e9lectroniques pour la modernisation de votre ancienne machine industrielle, en optimisant la production et en \u00e9liminant les composants obsol\u00e8tes, avec d&rsquo;autres facilement disponibles.<br \/>Contactez-nous pour une \u00e9tude et une proposition sur mesure. T\u00e9l. +39 0331661204<br \/><\/div><\/div><div class=\"su-spoiler su-spoiler-style-default su-spoiler-icon-plus su-spoiler-closed\" data-scroll-offset=\"0\" data-anchor-in-url=\"no\"><div class=\"su-spoiler-title\" tabindex=\"0\" role=\"button\"><span class=\"su-spoiler-icon\"><\/span>Assistance \u00e0 distance et industrie 4.0<\/div><div class=\"su-spoiler-content su-u-clearfix su-u-trim\"><strong>Assistance \u00e0 distance et industrie 4.0<br \/><\/strong>Pour toutes les machines, TEMAC a d\u00e9velopp\u00e9 et offre \u00e0 ses clients la possibilit\u00e9 d&rsquo;un service d&rsquo;assistance \u00e0 distance pour r\u00e9soudre, o\u00f9 possible, le probl\u00e8me en optimisant le temps et les co\u00fbts et en pr\u00e9servant la sant\u00e9 de nos collaborateurs en p\u00e9riode de pand\u00e9mie et la sant\u00e9 de notre plan\u00e8te, toujours.<br \/>Avec la nouvelle s\u00e9rie de d\u00e9coupeurs \u00abSmartech\u00bb, la t\u00e9l\u00e9-assistance, via r\u00e9seau filaire ou WiFi, permet des diagnostics encore plus avanc\u00e9s car tous les principaux \u00e9quipements mat\u00e9riels sont connect\u00e9s les uns aux autres sur une dorsale EtherNet afin d&rsquo;\u00eatre interrog\u00e9s ou programmables \u00e0 distance .<br \/>La s\u00e9rie Smartech est l&rsquo;\u00e9volution naturelle de l&rsquo;Industrie 4.0. et est totalement compatible avec tous les nouveaux protocoles d&rsquo;\u00e9change de donn\u00e9es tels que Microsoft SQL Server Express, Microsoft Access, OPC UA, MySQL et Oracle.<br \/>De plus, le Panel PC qui \u00e9quipe la nouvelle s\u00e9rie Smartech offre d&rsquo;innombrables possibilit\u00e9s, du partage de r\u00e9seau \u00e0 la connexion de p\u00e9riph\u00e9riques tels que des imprimantes, des lecteurs de code ou RFID, la mise en miroir d&rsquo;images, l&rsquo;installation de logiciels suppl\u00e9mentaires tels que MES, ERP, PLM, etc.<br \/>Remarque: nous vous rappelons que tous les param\u00e8tres \/ configurations c\u00f4t\u00e9 Entreprise (Client) sont \u00e0 la charge du client.<\/p><p style=\"text-align: left;\"><\/div><\/div><\/div><\/p>\t\t\t\t\t\t\t\t<\/div>\n\t\t\t\t<\/div>\n\t\t\t\t\t<\/div>\n\t\t<\/div>\n\t\t\t\t\t<\/div>\n\t\t<\/section>\n\t\t\t\t<\/div>\n\t\t","protected":false},"excerpt":{"rendered":"<p>TEMAC SRL attache une grande importance \u00e0 l\u2019Assistance Technique, bien que nos machines soient d\u2019une tr\u00e8s grande fiabilit\u00e9.Notre priorit\u00e9, c\u2019est votre production; et nous sommes toujours \u00e0 vos c\u00f4t\u00e9s en cas de probl\u00e8me.Notre \u00e9quipe technique, premier point de contact, maitrise parfaitement plusieurs langues et toutes les technologies pr\u00e9sentes sur nos machines : automation industrielle, programmation<br \/><a class=\"moretag\" href=\"https:\/\/www.temacslitters.com\/fr\/assistance\/\">+ Lire La Suite<\/a><\/p>\n","protected":false},"author":1,"featured_media":0,"parent":0,"menu_order":0,"comment_status":"closed","ping_status":"closed","template":"templates\/page-fullwidth_template.php","meta":{"_acf_changed":false,"footnotes":""},"class_list":["post-3191","page","type-page","status-publish","hentry"],"acf":[],"yoast_head":"<!-- This site is optimized with the Yoast SEO plugin v27.4 - https:\/\/yoast.com\/product\/yoast-seo-wordpress\/ -->\n<title>Assistance - Bobineuse D\u00e9coupeuse Temac<\/title>\n<meta name=\"robots\" content=\"index, follow, max-snippet:-1, max-image-preview:large, max-video-preview:-1\" \/>\n<link rel=\"canonical\" href=\"https:\/\/www.temacslitters.com\/fr\/assistance\/\" \/>\n<meta property=\"og:locale\" content=\"fr_FR\" \/>\n<meta property=\"og:type\" content=\"article\" \/>\n<meta property=\"og:title\" content=\"Assistance - Bobineuse D\u00e9coupeuse Temac\" \/>\n<meta property=\"og:description\" content=\"TEMAC SRL attache une grande importance \u00e0 l\u2019Assistance Technique, bien que nos machines soient d\u2019une tr\u00e8s grande fiabilit\u00e9.Notre priorit\u00e9, c\u2019est votre production; et nous sommes toujours \u00e0 vos c\u00f4t\u00e9s en cas de probl\u00e8me.Notre \u00e9quipe technique, premier point de contact, maitrise parfaitement plusieurs langues et toutes les technologies pr\u00e9sentes sur nos machines : automation industrielle, programmation+ Lire La Suite\" \/>\n<meta property=\"og:url\" content=\"https:\/\/www.temacslitters.com\/fr\/assistance\/\" \/>\n<meta property=\"og:site_name\" content=\"Bobineuse D\u00e9coupeuse Temac\" \/>\n<meta property=\"article:publisher\" content=\"https:\/\/www.facebook.com\/TemacSrl\/\" \/>\n<meta property=\"article:modified_time\" content=\"2023-11-10T10:21:18+00:00\" \/>\n<meta property=\"og:image\" content=\"https:\/\/www.temacslitters.com\/wp-content\/uploads\/2021\/05\/assistenza-1.jpg\" \/>\n<meta name=\"twitter:card\" content=\"summary_large_image\" \/>\n<meta name=\"twitter:label1\" content=\"Dur\u00e9e de lecture estim\u00e9e\" \/>\n\t<meta name=\"twitter:data1\" content=\"4 minutes\" \/>\n<script type=\"application\/ld+json\" class=\"yoast-schema-graph\">{\"@context\":\"https:\\\/\\\/schema.org\",\"@graph\":[{\"@type\":\"WebPage\",\"@id\":\"https:\\\/\\\/www.temacslitters.com\\\/fr\\\/assistance\\\/\",\"url\":\"https:\\\/\\\/www.temacslitters.com\\\/fr\\\/assistance\\\/\",\"name\":\"Assistance - Bobineuse D\u00e9coupeuse Temac\",\"isPartOf\":{\"@id\":\"https:\\\/\\\/www.temacslitters.com\\\/it\\\/#website\"},\"primaryImageOfPage\":{\"@id\":\"https:\\\/\\\/www.temacslitters.com\\\/fr\\\/assistance\\\/#primaryimage\"},\"image\":{\"@id\":\"https:\\\/\\\/www.temacslitters.com\\\/fr\\\/assistance\\\/#primaryimage\"},\"thumbnailUrl\":\"https:\\\/\\\/www.temacslitters.com\\\/wp-content\\\/uploads\\\/2021\\\/05\\\/assistenza-1.jpg\",\"datePublished\":\"2021-05-17T10:49:57+00:00\",\"dateModified\":\"2023-11-10T10:21:18+00:00\",\"breadcrumb\":{\"@id\":\"https:\\\/\\\/www.temacslitters.com\\\/fr\\\/assistance\\\/#breadcrumb\"},\"inLanguage\":\"fr-FR\",\"potentialAction\":[{\"@type\":\"ReadAction\",\"target\":[\"https:\\\/\\\/www.temacslitters.com\\\/fr\\\/assistance\\\/\"]}]},{\"@type\":\"ImageObject\",\"inLanguage\":\"fr-FR\",\"@id\":\"https:\\\/\\\/www.temacslitters.com\\\/fr\\\/assistance\\\/#primaryimage\",\"url\":\"https:\\\/\\\/www.temacslitters.com\\\/wp-content\\\/uploads\\\/2021\\\/05\\\/assistenza-1.jpg\",\"contentUrl\":\"https:\\\/\\\/www.temacslitters.com\\\/wp-content\\\/uploads\\\/2021\\\/05\\\/assistenza-1.jpg\"},{\"@type\":\"BreadcrumbList\",\"@id\":\"https:\\\/\\\/www.temacslitters.com\\\/fr\\\/assistance\\\/#breadcrumb\",\"itemListElement\":[{\"@type\":\"ListItem\",\"position\":1,\"name\":\"Home\",\"item\":\"https:\\\/\\\/www.temacslitters.com\\\/it\\\/\"},{\"@type\":\"ListItem\",\"position\":2,\"name\":\"Assistance\"}]},{\"@type\":\"WebSite\",\"@id\":\"https:\\\/\\\/www.temacslitters.com\\\/it\\\/#website\",\"url\":\"https:\\\/\\\/www.temacslitters.com\\\/it\\\/\",\"name\":\"Bobineuse D\u00e9coupeuse Temac\",\"description\":\"Temac : leader du march\u00e9 dans la production de bobineuses-refendeuses, de machines d&#039;emballage et de machines sp\u00e9ciales sur demande.\",\"publisher\":{\"@id\":\"https:\\\/\\\/www.temacslitters.com\\\/it\\\/#organization\"},\"potentialAction\":[{\"@type\":\"SearchAction\",\"target\":{\"@type\":\"EntryPoint\",\"urlTemplate\":\"https:\\\/\\\/www.temacslitters.com\\\/it\\\/?s={search_term_string}\"},\"query-input\":{\"@type\":\"PropertyValueSpecification\",\"valueRequired\":true,\"valueName\":\"search_term_string\"}}],\"inLanguage\":\"fr-FR\"},{\"@type\":\"Organization\",\"@id\":\"https:\\\/\\\/www.temacslitters.com\\\/it\\\/#organization\",\"name\":\"Temac\",\"url\":\"https:\\\/\\\/www.temacslitters.com\\\/it\\\/\",\"logo\":{\"@type\":\"ImageObject\",\"inLanguage\":\"fr-FR\",\"@id\":\"https:\\\/\\\/www.temacslitters.com\\\/it\\\/#\\\/schema\\\/logo\\\/image\\\/\",\"url\":\"https:\\\/\\\/www.temacslitters.com\\\/wp-content\\\/uploads\\\/2017\\\/03\\\/temac_converting_taglierine_svolgitori_logo.png\",\"contentUrl\":\"https:\\\/\\\/www.temacslitters.com\\\/wp-content\\\/uploads\\\/2017\\\/03\\\/temac_converting_taglierine_svolgitori_logo.png\",\"width\":219,\"height\":55,\"caption\":\"Temac\"},\"image\":{\"@id\":\"https:\\\/\\\/www.temacslitters.com\\\/it\\\/#\\\/schema\\\/logo\\\/image\\\/\"},\"sameAs\":[\"https:\\\/\\\/www.facebook.com\\\/TemacSrl\\\/\",\"https:\\\/\\\/www.linkedin.com\\\/company\\\/temac-srl\\\/\"]}]}<\/script>\n<!-- \/ Yoast SEO plugin. -->","yoast_head_json":{"title":"Assistance - Bobineuse D\u00e9coupeuse Temac","robots":{"index":"index","follow":"follow","max-snippet":"max-snippet:-1","max-image-preview":"max-image-preview:large","max-video-preview":"max-video-preview:-1"},"canonical":"https:\/\/www.temacslitters.com\/fr\/assistance\/","og_locale":"fr_FR","og_type":"article","og_title":"Assistance - Bobineuse D\u00e9coupeuse Temac","og_description":"TEMAC SRL attache une grande importance \u00e0 l\u2019Assistance Technique, bien que nos machines soient d\u2019une tr\u00e8s grande fiabilit\u00e9.Notre priorit\u00e9, c\u2019est votre production; et nous sommes toujours \u00e0 vos c\u00f4t\u00e9s en cas de probl\u00e8me.Notre \u00e9quipe technique, premier point de contact, maitrise parfaitement plusieurs langues et toutes les technologies pr\u00e9sentes sur nos machines : automation industrielle, programmation+ Lire La Suite","og_url":"https:\/\/www.temacslitters.com\/fr\/assistance\/","og_site_name":"Bobineuse D\u00e9coupeuse Temac","article_publisher":"https:\/\/www.facebook.com\/TemacSrl\/","article_modified_time":"2023-11-10T10:21:18+00:00","og_image":[{"url":"https:\/\/www.temacslitters.com\/wp-content\/uploads\/2021\/05\/assistenza-1.jpg","type":"","width":"","height":""}],"twitter_card":"summary_large_image","twitter_misc":{"Dur\u00e9e de lecture estim\u00e9e":"4 minutes"},"schema":{"@context":"https:\/\/schema.org","@graph":[{"@type":"WebPage","@id":"https:\/\/www.temacslitters.com\/fr\/assistance\/","url":"https:\/\/www.temacslitters.com\/fr\/assistance\/","name":"Assistance - Bobineuse D\u00e9coupeuse Temac","isPartOf":{"@id":"https:\/\/www.temacslitters.com\/it\/#website"},"primaryImageOfPage":{"@id":"https:\/\/www.temacslitters.com\/fr\/assistance\/#primaryimage"},"image":{"@id":"https:\/\/www.temacslitters.com\/fr\/assistance\/#primaryimage"},"thumbnailUrl":"https:\/\/www.temacslitters.com\/wp-content\/uploads\/2021\/05\/assistenza-1.jpg","datePublished":"2021-05-17T10:49:57+00:00","dateModified":"2023-11-10T10:21:18+00:00","breadcrumb":{"@id":"https:\/\/www.temacslitters.com\/fr\/assistance\/#breadcrumb"},"inLanguage":"fr-FR","potentialAction":[{"@type":"ReadAction","target":["https:\/\/www.temacslitters.com\/fr\/assistance\/"]}]},{"@type":"ImageObject","inLanguage":"fr-FR","@id":"https:\/\/www.temacslitters.com\/fr\/assistance\/#primaryimage","url":"https:\/\/www.temacslitters.com\/wp-content\/uploads\/2021\/05\/assistenza-1.jpg","contentUrl":"https:\/\/www.temacslitters.com\/wp-content\/uploads\/2021\/05\/assistenza-1.jpg"},{"@type":"BreadcrumbList","@id":"https:\/\/www.temacslitters.com\/fr\/assistance\/#breadcrumb","itemListElement":[{"@type":"ListItem","position":1,"name":"Home","item":"https:\/\/www.temacslitters.com\/it\/"},{"@type":"ListItem","position":2,"name":"Assistance"}]},{"@type":"WebSite","@id":"https:\/\/www.temacslitters.com\/it\/#website","url":"https:\/\/www.temacslitters.com\/it\/","name":"Bobineuse D\u00e9coupeuse Temac","description":"Temac : leader du march\u00e9 dans la production de bobineuses-refendeuses, de machines d&#039;emballage et de machines sp\u00e9ciales sur demande.","publisher":{"@id":"https:\/\/www.temacslitters.com\/it\/#organization"},"potentialAction":[{"@type":"SearchAction","target":{"@type":"EntryPoint","urlTemplate":"https:\/\/www.temacslitters.com\/it\/?s={search_term_string}"},"query-input":{"@type":"PropertyValueSpecification","valueRequired":true,"valueName":"search_term_string"}}],"inLanguage":"fr-FR"},{"@type":"Organization","@id":"https:\/\/www.temacslitters.com\/it\/#organization","name":"Temac","url":"https:\/\/www.temacslitters.com\/it\/","logo":{"@type":"ImageObject","inLanguage":"fr-FR","@id":"https:\/\/www.temacslitters.com\/it\/#\/schema\/logo\/image\/","url":"https:\/\/www.temacslitters.com\/wp-content\/uploads\/2017\/03\/temac_converting_taglierine_svolgitori_logo.png","contentUrl":"https:\/\/www.temacslitters.com\/wp-content\/uploads\/2017\/03\/temac_converting_taglierine_svolgitori_logo.png","width":219,"height":55,"caption":"Temac"},"image":{"@id":"https:\/\/www.temacslitters.com\/it\/#\/schema\/logo\/image\/"},"sameAs":["https:\/\/www.facebook.com\/TemacSrl\/","https:\/\/www.linkedin.com\/company\/temac-srl\/"]}]}},"_links":{"self":[{"href":"https:\/\/www.temacslitters.com\/fr\/wp-json\/wp\/v2\/pages\/3191","targetHints":{"allow":["GET"]}}],"collection":[{"href":"https:\/\/www.temacslitters.com\/fr\/wp-json\/wp\/v2\/pages"}],"about":[{"href":"https:\/\/www.temacslitters.com\/fr\/wp-json\/wp\/v2\/types\/page"}],"author":[{"embeddable":true,"href":"https:\/\/www.temacslitters.com\/fr\/wp-json\/wp\/v2\/users\/1"}],"replies":[{"embeddable":true,"href":"https:\/\/www.temacslitters.com\/fr\/wp-json\/wp\/v2\/comments?post=3191"}],"version-history":[{"count":11,"href":"https:\/\/www.temacslitters.com\/fr\/wp-json\/wp\/v2\/pages\/3191\/revisions"}],"predecessor-version":[{"id":5496,"href":"https:\/\/www.temacslitters.com\/fr\/wp-json\/wp\/v2\/pages\/3191\/revisions\/5496"}],"wp:attachment":[{"href":"https:\/\/www.temacslitters.com\/fr\/wp-json\/wp\/v2\/media?parent=3191"}],"curies":[{"name":"wp","href":"https:\/\/api.w.org\/{rel}","templated":true}]}}