{"id":2828,"date":"2020-04-27T10:28:04","date_gmt":"2020-04-27T10:28:04","guid":{"rendered":"https:\/\/www.temacslitters.com\/?page_id=2828"},"modified":"2021-07-07T09:33:27","modified_gmt":"2021-07-07T09:33:27","slug":"pret-a-etre-livre","status":"publish","type":"page","link":"https:\/\/www.temacslitters.com\/fr\/pret-a-etre-livre\/","title":{"rendered":"Pret \u00e0 Etre Livr\u00e9"},"content":{"rendered":"<p><!--[su_heading size=\"24\" margin=\"10\"]REMBOBINEUSE BIDIRECTIONNELLE DTR800[\/su_heading]\nDonn\u00e9es techniques de la machine d\u00e9crite ci-dessous destin\u00e9e au travail de mat\u00e9riaux pour emballages flexibles non \u00e9tirables.\n\n[su_button url=\"https:\/\/www.temacslitters.com\/wp-content\/uploads\/2020\/04\/description-technique-dtr-800r.pdf\" target=\"blank\"]T\u00e9l\u00e9charger le Pdf[\/su_button]--><\/p>\n<p>Pour le moment, il n&rsquo;y a pas de machines pr\u00eates \u00e0 \u00eatre livr\u00e9es.<br \/>\nPour autres d&rsquo;informations, contactez notre bureau client:<br \/>\n<a href=\"mailto:davide.gottardi@temac.it\">davide.gottardi@temac.it<\/a><br \/>\n<a href=\"mailto:commerciale@temac.it\">commerciale@temac.it<\/a><\/p>\n","protected":false},"excerpt":{"rendered":"<p>Pour le moment, il n&rsquo;y a pas de machines pr\u00eates \u00e0 \u00eatre livr\u00e9es. Pour autres d&rsquo;informations, contactez notre bureau client: davide.gottardi@temac.it commerciale@temac.it<\/p>\n","protected":false},"author":1,"featured_media":0,"parent":0,"menu_order":0,"comment_status":"closed","ping_status":"closed","template":"templates\/page-fullwidth_template.php","meta":{"_acf_changed":false,"footnotes":""},"class_list":["post-2828","page","type-page","status-publish","hentry"],"acf":[],"yoast_head":"<!-- This site is optimized with the Yoast SEO plugin v27.3 - https:\/\/yoast.com\/product\/yoast-seo-wordpress\/ -->\n<title>Pret \u00e0 Etre Livr\u00e9 - Bobineuse D\u00e9coupeuse Temac<\/title>\n<meta name=\"robots\" content=\"index, follow, max-snippet:-1, max-image-preview:large, max-video-preview:-1\" \/>\n<link rel=\"canonical\" href=\"https:\/\/www.temacslitters.com\/fr\/pret-a-etre-livre\/\" \/>\n<meta property=\"og:locale\" content=\"fr_FR\" \/>\n<meta property=\"og:type\" content=\"article\" \/>\n<meta property=\"og:title\" content=\"Pret \u00e0 Etre Livr\u00e9 - Bobineuse D\u00e9coupeuse Temac\" \/>\n<meta property=\"og:description\" content=\"Pour le moment, il n&rsquo;y a pas de machines pr\u00eates \u00e0 \u00eatre livr\u00e9es. Pour autres d&rsquo;informations, contactez notre bureau client: davide.gottardi@temac.it commerciale@temac.it\" \/>\n<meta property=\"og:url\" content=\"https:\/\/www.temacslitters.com\/fr\/pret-a-etre-livre\/\" \/>\n<meta property=\"og:site_name\" content=\"Bobineuse D\u00e9coupeuse Temac\" \/>\n<meta property=\"article:publisher\" content=\"https:\/\/www.facebook.com\/TemacSrl\/\" \/>\n<meta property=\"article:modified_time\" content=\"2021-07-07T09:33:27+00:00\" \/>\n<meta name=\"twitter:card\" content=\"summary_large_image\" \/>\n<script type=\"application\/ld+json\" class=\"yoast-schema-graph\">{\"@context\":\"https:\\\/\\\/schema.org\",\"@graph\":[{\"@type\":\"WebPage\",\"@id\":\"https:\\\/\\\/www.temacslitters.com\\\/fr\\\/pret-a-etre-livre\\\/\",\"url\":\"https:\\\/\\\/www.temacslitters.com\\\/fr\\\/pret-a-etre-livre\\\/\",\"name\":\"Pret \u00e0 Etre Livr\u00e9 - Bobineuse D\u00e9coupeuse Temac\",\"isPartOf\":{\"@id\":\"https:\\\/\\\/www.temacslitters.com\\\/it\\\/#website\"},\"datePublished\":\"2020-04-27T10:28:04+00:00\",\"dateModified\":\"2021-07-07T09:33:27+00:00\",\"breadcrumb\":{\"@id\":\"https:\\\/\\\/www.temacslitters.com\\\/fr\\\/pret-a-etre-livre\\\/#breadcrumb\"},\"inLanguage\":\"fr-FR\",\"potentialAction\":[{\"@type\":\"ReadAction\",\"target\":[\"https:\\\/\\\/www.temacslitters.com\\\/fr\\\/pret-a-etre-livre\\\/\"]}]},{\"@type\":\"BreadcrumbList\",\"@id\":\"https:\\\/\\\/www.temacslitters.com\\\/fr\\\/pret-a-etre-livre\\\/#breadcrumb\",\"itemListElement\":[{\"@type\":\"ListItem\",\"position\":1,\"name\":\"Home\",\"item\":\"https:\\\/\\\/www.temacslitters.com\\\/it\\\/\"},{\"@type\":\"ListItem\",\"position\":2,\"name\":\"Pret \u00e0 Etre Livr\u00e9\"}]},{\"@type\":\"WebSite\",\"@id\":\"https:\\\/\\\/www.temacslitters.com\\\/it\\\/#website\",\"url\":\"https:\\\/\\\/www.temacslitters.com\\\/it\\\/\",\"name\":\"Bobineuse D\u00e9coupeuse Temac\",\"description\":\"Temac : leader du march\u00e9 dans la production de bobineuses-refendeuses, de machines d&#039;emballage et de machines sp\u00e9ciales sur demande.\",\"publisher\":{\"@id\":\"https:\\\/\\\/www.temacslitters.com\\\/it\\\/#organization\"},\"potentialAction\":[{\"@type\":\"SearchAction\",\"target\":{\"@type\":\"EntryPoint\",\"urlTemplate\":\"https:\\\/\\\/www.temacslitters.com\\\/it\\\/?s={search_term_string}\"},\"query-input\":{\"@type\":\"PropertyValueSpecification\",\"valueRequired\":true,\"valueName\":\"search_term_string\"}}],\"inLanguage\":\"fr-FR\"},{\"@type\":\"Organization\",\"@id\":\"https:\\\/\\\/www.temacslitters.com\\\/it\\\/#organization\",\"name\":\"Temac\",\"url\":\"https:\\\/\\\/www.temacslitters.com\\\/it\\\/\",\"logo\":{\"@type\":\"ImageObject\",\"inLanguage\":\"fr-FR\",\"@id\":\"https:\\\/\\\/www.temacslitters.com\\\/it\\\/#\\\/schema\\\/logo\\\/image\\\/\",\"url\":\"https:\\\/\\\/www.temacslitters.com\\\/wp-content\\\/uploads\\\/2017\\\/03\\\/temac_converting_taglierine_svolgitori_logo.png\",\"contentUrl\":\"https:\\\/\\\/www.temacslitters.com\\\/wp-content\\\/uploads\\\/2017\\\/03\\\/temac_converting_taglierine_svolgitori_logo.png\",\"width\":219,\"height\":55,\"caption\":\"Temac\"},\"image\":{\"@id\":\"https:\\\/\\\/www.temacslitters.com\\\/it\\\/#\\\/schema\\\/logo\\\/image\\\/\"},\"sameAs\":[\"https:\\\/\\\/www.facebook.com\\\/TemacSrl\\\/\",\"https:\\\/\\\/www.linkedin.com\\\/company\\\/temac-srl\\\/\"]}]}<\/script>\n<!-- \/ Yoast SEO plugin. -->","yoast_head_json":{"title":"Pret \u00e0 Etre Livr\u00e9 - Bobineuse D\u00e9coupeuse Temac","robots":{"index":"index","follow":"follow","max-snippet":"max-snippet:-1","max-image-preview":"max-image-preview:large","max-video-preview":"max-video-preview:-1"},"canonical":"https:\/\/www.temacslitters.com\/fr\/pret-a-etre-livre\/","og_locale":"fr_FR","og_type":"article","og_title":"Pret \u00e0 Etre Livr\u00e9 - Bobineuse D\u00e9coupeuse Temac","og_description":"Pour le moment, il n&rsquo;y a pas de machines pr\u00eates \u00e0 \u00eatre livr\u00e9es. Pour autres d&rsquo;informations, contactez notre bureau client: davide.gottardi@temac.it commerciale@temac.it","og_url":"https:\/\/www.temacslitters.com\/fr\/pret-a-etre-livre\/","og_site_name":"Bobineuse D\u00e9coupeuse Temac","article_publisher":"https:\/\/www.facebook.com\/TemacSrl\/","article_modified_time":"2021-07-07T09:33:27+00:00","twitter_card":"summary_large_image","schema":{"@context":"https:\/\/schema.org","@graph":[{"@type":"WebPage","@id":"https:\/\/www.temacslitters.com\/fr\/pret-a-etre-livre\/","url":"https:\/\/www.temacslitters.com\/fr\/pret-a-etre-livre\/","name":"Pret \u00e0 Etre Livr\u00e9 - Bobineuse D\u00e9coupeuse Temac","isPartOf":{"@id":"https:\/\/www.temacslitters.com\/it\/#website"},"datePublished":"2020-04-27T10:28:04+00:00","dateModified":"2021-07-07T09:33:27+00:00","breadcrumb":{"@id":"https:\/\/www.temacslitters.com\/fr\/pret-a-etre-livre\/#breadcrumb"},"inLanguage":"fr-FR","potentialAction":[{"@type":"ReadAction","target":["https:\/\/www.temacslitters.com\/fr\/pret-a-etre-livre\/"]}]},{"@type":"BreadcrumbList","@id":"https:\/\/www.temacslitters.com\/fr\/pret-a-etre-livre\/#breadcrumb","itemListElement":[{"@type":"ListItem","position":1,"name":"Home","item":"https:\/\/www.temacslitters.com\/it\/"},{"@type":"ListItem","position":2,"name":"Pret \u00e0 Etre Livr\u00e9"}]},{"@type":"WebSite","@id":"https:\/\/www.temacslitters.com\/it\/#website","url":"https:\/\/www.temacslitters.com\/it\/","name":"Bobineuse D\u00e9coupeuse Temac","description":"Temac : leader du march\u00e9 dans la production de bobineuses-refendeuses, de machines d&#039;emballage et de machines sp\u00e9ciales sur demande.","publisher":{"@id":"https:\/\/www.temacslitters.com\/it\/#organization"},"potentialAction":[{"@type":"SearchAction","target":{"@type":"EntryPoint","urlTemplate":"https:\/\/www.temacslitters.com\/it\/?s={search_term_string}"},"query-input":{"@type":"PropertyValueSpecification","valueRequired":true,"valueName":"search_term_string"}}],"inLanguage":"fr-FR"},{"@type":"Organization","@id":"https:\/\/www.temacslitters.com\/it\/#organization","name":"Temac","url":"https:\/\/www.temacslitters.com\/it\/","logo":{"@type":"ImageObject","inLanguage":"fr-FR","@id":"https:\/\/www.temacslitters.com\/it\/#\/schema\/logo\/image\/","url":"https:\/\/www.temacslitters.com\/wp-content\/uploads\/2017\/03\/temac_converting_taglierine_svolgitori_logo.png","contentUrl":"https:\/\/www.temacslitters.com\/wp-content\/uploads\/2017\/03\/temac_converting_taglierine_svolgitori_logo.png","width":219,"height":55,"caption":"Temac"},"image":{"@id":"https:\/\/www.temacslitters.com\/it\/#\/schema\/logo\/image\/"},"sameAs":["https:\/\/www.facebook.com\/TemacSrl\/","https:\/\/www.linkedin.com\/company\/temac-srl\/"]}]}},"_links":{"self":[{"href":"https:\/\/www.temacslitters.com\/fr\/wp-json\/wp\/v2\/pages\/2828","targetHints":{"allow":["GET"]}}],"collection":[{"href":"https:\/\/www.temacslitters.com\/fr\/wp-json\/wp\/v2\/pages"}],"about":[{"href":"https:\/\/www.temacslitters.com\/fr\/wp-json\/wp\/v2\/types\/page"}],"author":[{"embeddable":true,"href":"https:\/\/www.temacslitters.com\/fr\/wp-json\/wp\/v2\/users\/1"}],"replies":[{"embeddable":true,"href":"https:\/\/www.temacslitters.com\/fr\/wp-json\/wp\/v2\/comments?post=2828"}],"version-history":[{"count":4,"href":"https:\/\/www.temacslitters.com\/fr\/wp-json\/wp\/v2\/pages\/2828\/revisions"}],"predecessor-version":[{"id":3330,"href":"https:\/\/www.temacslitters.com\/fr\/wp-json\/wp\/v2\/pages\/2828\/revisions\/3330"}],"wp:attachment":[{"href":"https:\/\/www.temacslitters.com\/fr\/wp-json\/wp\/v2\/media?parent=2828"}],"curies":[{"name":"wp","href":"https:\/\/api.w.org\/{rel}","templated":true}]}}