{"id":1959,"date":"2018-10-03T23:11:12","date_gmt":"2018-10-03T23:11:12","guid":{"rendered":"https:\/\/www.temacslitters.com\/?page_id=1959"},"modified":"2025-01-17T10:38:02","modified_gmt":"2025-01-17T10:38:02","slug":"home-sezione-nuove-macchine","status":"publish","type":"page","link":"https:\/\/www.temacslitters.com\/fr\/home-sezione-nuove-macchine\/","title":{"rendered":"Home Sezione Nuove Macchine"},"content":{"rendered":"\n\n\t\t<div class=\"center-title\"><h2 style=\"color:#282828\">Derni\u00e8res Nouvelles<\/h2><span style=\"border-bottom-color:#e8e7e7\"><\/span><\/div>\n\n\t\t\n<p style=\"text-align: center;\">Nous sommes toujours \u00e0 la recherche d&rsquo;innovation: Regardez les caract\u00e9ristiques de nos derniers d\u00e9coupeuses et d\u00e9couvrez tous les d\u00e9tails qui font la diff\u00e9rence par rapport \u00e0 d&rsquo;autres machines sur le march\u00e9<\/p>\n<div class=\"spacecode\" style=\"height:30px;\"><\/div>\n<div class=\"su-row\">\n<div class=\"su-column su-column-size-1-2\"><div class=\"su-column-inner su-u-clearfix su-u-trim\">\n<img fetchpriority=\"high\" decoding=\"async\" class=\"aligncenter wp-image-5850 size-full\" src=\"https:\/\/www.temacslitters.com\/wp-content\/uploads\/2018\/01\/EMS-610.jpg\" alt=\"EMS610\" width=\"505\" height=\"355\" srcset=\"https:\/\/www.temacslitters.com\/wp-content\/uploads\/2018\/01\/EMS-610.jpg 505w, https:\/\/www.temacslitters.com\/wp-content\/uploads\/2018\/01\/EMS-610-300x211.jpg 300w\" sizes=\"(max-width: 505px) 100vw, 505px\" \/><\/p>\n<div class=\"su-button-center\"><a href=\"https:\/\/www.temacslitters.com\/fr\/m\/bobineuse-decoupeuse-ems-610\/\" class=\"su-button su-button-style-default\" style=\"color:#FFFFFF;background-color:#2D89EF;border-color:#246ec0;border-radius:6px\" target=\"_self\"><span style=\"color:#FFFFFF;padding:0px 18px;font-size:14px;line-height:28px;border-color:#6cadf4;border-radius:6px;text-shadow:none\">  Bobineuse D\u00e9coupeuse EMS 610 <\/span><\/a><\/div>\n<\/div><\/div>\n<div class=\"su-column su-column-size-1-2\"><div class=\"su-column-inner su-u-clearfix su-u-trim\">\n<img decoding=\"async\" class=\"aligncenter wp-image-2507 size-full\" src=\"https:\/\/www.temacslitters.com\/wp-content\/uploads\/2019\/09\/srp1010.jpg\" alt=\"srp1010\" width=\"505\" height=\"355\" srcset=\"https:\/\/www.temacslitters.com\/wp-content\/uploads\/2019\/09\/srp1010.jpg 505w, https:\/\/www.temacslitters.com\/wp-content\/uploads\/2019\/09\/srp1010-300x211.jpg 300w\" sizes=\"(max-width: 505px) 100vw, 505px\" \/><br \/>\n<div class=\"su-button-center\"><a href=\"https:\/\/www.temacslitters.com\/fr\/m\/slitter-with-top-web-passage-path-srp1010\/\" class=\"su-button su-button-style-default\" style=\"color:#FFFFFF;background-color:#2D89EF;border-color:#246ec0;border-radius:6px\" target=\"_self\"><span style=\"color:#FFFFFF;padding:0px 18px;font-size:14px;line-height:28px;border-color:#6cadf4;border-radius:6px;text-shadow:none\">  Nouvelle Bobineuse SRP1010 <\/span><\/a><\/div>\n<\/div><\/div>\n<\/div>\n<div class=\"su-row\">\n<div class=\"su-column su-column-size-1-2\"><div class=\"su-column-inner su-u-clearfix su-u-trim\">\n<a href=\"https:\/\/www.temacslitters.com\/fr\/m\/bobineuse-avec-film-aerien-passant-srp-162\/\"><img decoding=\"async\" class=\"aligncenter wp-image-3408 size-full\" src=\"https:\/\/www.temacslitters.com\/wp-content\/uploads\/2021\/10\/srp162-svi.jpg\" alt=\"SRP 162 svi\" width=\"505\" height=\"355\" srcset=\"https:\/\/www.temacslitters.com\/wp-content\/uploads\/2021\/10\/srp162-svi.jpg 505w, https:\/\/www.temacslitters.com\/wp-content\/uploads\/2021\/10\/srp162-svi-300x211.jpg 300w\" sizes=\"(max-width: 505px) 100vw, 505px\" \/><\/a><br \/>\n<div class=\"su-button-center\"><a href=\"https:\/\/www.temacslitters.com\/fr\/m\/bobineuse-avec-film-aerien-passant-srp-162\/\" class=\"su-button su-button-style-default\" style=\"color:#FFFFFF;background-color:#2D89EF;border-color:#246ec0;border-radius:6px\" target=\"_self\"><span style=\"color:#FFFFFF;padding:0px 18px;font-size:14px;line-height:28px;border-color:#6cadf4;border-radius:6px;text-shadow:none\">  Bobineuse D\u00e9coupeuse SRP 162 <\/span><\/a><\/div>\n<\/div><\/div>\n<div class=\"su-column su-column-size-1-2\"><div class=\"su-column-inner su-u-clearfix su-u-trim\">\n<a href=\"https:\/\/www.temacslitters.com\/fr\/m\/bobineuse-decoupeuse-tsw-801\/\"><img loading=\"lazy\" decoding=\"async\" class=\"aligncenter wp-image-3413 size-full\" src=\"https:\/\/www.temacslitters.com\/wp-content\/uploads\/2021\/10\/TSW_801_IS_front.jpg\" alt=\"TSW801\" width=\"505\" height=\"355\" srcset=\"https:\/\/www.temacslitters.com\/wp-content\/uploads\/2021\/10\/TSW_801_IS_front.jpg 505w, https:\/\/www.temacslitters.com\/wp-content\/uploads\/2021\/10\/TSW_801_IS_front-300x211.jpg 300w\" sizes=\"(max-width: 505px) 100vw, 505px\" \/><\/a><br \/>\n<div class=\"su-button-center\"><a href=\"https:\/\/www.temacslitters.com\/fr\/m\/bobineuse-decoupeuse-tsw-801\/\" class=\"su-button su-button-style-default\" style=\"color:#FFFFFF;background-color:#2D89EF;border-color:#246ec0;border-radius:6px\" target=\"_self\"><span style=\"color:#FFFFFF;padding:0px 18px;font-size:14px;line-height:28px;border-color:#6cadf4;border-radius:6px;text-shadow:none\">  Bobineuse D\u00e9coupeuse TSW 801 <\/span><\/a><\/div>\n<\/div><\/div>\n<\/div>\n<div class=\"spacecode\" style=\"height:15px;\"><\/div>\n","protected":false},"excerpt":{"rendered":"<p>Nous sommes toujours \u00e0 la recherche d&rsquo;innovation: Regardez les caract\u00e9ristiques de nos derniers d\u00e9coupeuses et d\u00e9couvrez tous les d\u00e9tails qui font la diff\u00e9rence par rapport \u00e0 d&rsquo;autres machines sur le march\u00e9<\/p>\n","protected":false},"author":1,"featured_media":0,"parent":0,"menu_order":0,"comment_status":"closed","ping_status":"closed","template":"templates\/page-fullwidth_template.php","meta":{"_acf_changed":false,"footnotes":""},"class_list":["post-1959","page","type-page","status-publish","hentry"],"acf":[],"yoast_head":"<!-- This site is optimized with the Yoast SEO plugin v27.3 - https:\/\/yoast.com\/product\/yoast-seo-wordpress\/ -->\n<title>Home Sezione Nuove Macchine - Bobineuse D\u00e9coupeuse Temac<\/title>\n<meta name=\"robots\" content=\"index, follow, max-snippet:-1, max-image-preview:large, max-video-preview:-1\" \/>\n<link rel=\"canonical\" href=\"https:\/\/www.temacslitters.com\/fr\/home-sezione-nuove-macchine\/\" \/>\n<meta property=\"og:locale\" content=\"fr_FR\" \/>\n<meta property=\"og:type\" content=\"article\" \/>\n<meta property=\"og:title\" content=\"Home Sezione Nuove Macchine - Bobineuse D\u00e9coupeuse Temac\" \/>\n<meta property=\"og:description\" content=\"Nous sommes toujours \u00e0 la recherche d&rsquo;innovation: Regardez les caract\u00e9ristiques de nos derniers d\u00e9coupeuses et d\u00e9couvrez tous les d\u00e9tails qui font la diff\u00e9rence par rapport \u00e0 d&rsquo;autres machines sur le march\u00e9\" \/>\n<meta property=\"og:url\" content=\"https:\/\/www.temacslitters.com\/fr\/home-sezione-nuove-macchine\/\" \/>\n<meta property=\"og:site_name\" content=\"Bobineuse D\u00e9coupeuse Temac\" \/>\n<meta property=\"article:publisher\" content=\"https:\/\/www.facebook.com\/TemacSrl\/\" \/>\n<meta property=\"article:modified_time\" content=\"2025-01-17T10:38:02+00:00\" \/>\n<meta property=\"og:image\" content=\"https:\/\/www.temacslitters.com\/wp-content\/uploads\/2018\/01\/EMS-610.jpg\" \/>\n\t<meta property=\"og:image:width\" content=\"505\" \/>\n\t<meta property=\"og:image:height\" content=\"355\" \/>\n\t<meta property=\"og:image:type\" content=\"image\/jpeg\" \/>\n<meta name=\"twitter:card\" content=\"summary_large_image\" \/>\n<meta name=\"twitter:label1\" content=\"Dur\u00e9e de lecture estim\u00e9e\" \/>\n\t<meta name=\"twitter:data1\" content=\"2 minutes\" \/>\n<script type=\"application\/ld+json\" class=\"yoast-schema-graph\">{\"@context\":\"https:\\\/\\\/schema.org\",\"@graph\":[{\"@type\":\"WebPage\",\"@id\":\"https:\\\/\\\/www.temacslitters.com\\\/fr\\\/home-sezione-nuove-macchine\\\/\",\"url\":\"https:\\\/\\\/www.temacslitters.com\\\/fr\\\/home-sezione-nuove-macchine\\\/\",\"name\":\"Home Sezione Nuove Macchine - Bobineuse D\u00e9coupeuse Temac\",\"isPartOf\":{\"@id\":\"https:\\\/\\\/www.temacslitters.com\\\/it\\\/#website\"},\"primaryImageOfPage\":{\"@id\":\"https:\\\/\\\/www.temacslitters.com\\\/fr\\\/home-sezione-nuove-macchine\\\/#primaryimage\"},\"image\":{\"@id\":\"https:\\\/\\\/www.temacslitters.com\\\/fr\\\/home-sezione-nuove-macchine\\\/#primaryimage\"},\"thumbnailUrl\":\"https:\\\/\\\/www.temacslitters.com\\\/wp-content\\\/uploads\\\/2018\\\/01\\\/EMS-610.jpg\",\"datePublished\":\"2018-10-03T23:11:12+00:00\",\"dateModified\":\"2025-01-17T10:38:02+00:00\",\"breadcrumb\":{\"@id\":\"https:\\\/\\\/www.temacslitters.com\\\/fr\\\/home-sezione-nuove-macchine\\\/#breadcrumb\"},\"inLanguage\":\"fr-FR\",\"potentialAction\":[{\"@type\":\"ReadAction\",\"target\":[\"https:\\\/\\\/www.temacslitters.com\\\/fr\\\/home-sezione-nuove-macchine\\\/\"]}]},{\"@type\":\"ImageObject\",\"inLanguage\":\"fr-FR\",\"@id\":\"https:\\\/\\\/www.temacslitters.com\\\/fr\\\/home-sezione-nuove-macchine\\\/#primaryimage\",\"url\":\"https:\\\/\\\/www.temacslitters.com\\\/wp-content\\\/uploads\\\/2018\\\/01\\\/EMS-610.jpg\",\"contentUrl\":\"https:\\\/\\\/www.temacslitters.com\\\/wp-content\\\/uploads\\\/2018\\\/01\\\/EMS-610.jpg\"},{\"@type\":\"BreadcrumbList\",\"@id\":\"https:\\\/\\\/www.temacslitters.com\\\/fr\\\/home-sezione-nuove-macchine\\\/#breadcrumb\",\"itemListElement\":[{\"@type\":\"ListItem\",\"position\":1,\"name\":\"Home\",\"item\":\"https:\\\/\\\/www.temacslitters.com\\\/it\\\/\"},{\"@type\":\"ListItem\",\"position\":2,\"name\":\"Home Sezione Nuove Macchine\"}]},{\"@type\":\"WebSite\",\"@id\":\"https:\\\/\\\/www.temacslitters.com\\\/it\\\/#website\",\"url\":\"https:\\\/\\\/www.temacslitters.com\\\/it\\\/\",\"name\":\"Bobineuse D\u00e9coupeuse Temac\",\"description\":\"Temac : leader du march\u00e9 dans la production de bobineuses-refendeuses, de machines d&#039;emballage et de machines sp\u00e9ciales sur demande.\",\"publisher\":{\"@id\":\"https:\\\/\\\/www.temacslitters.com\\\/it\\\/#organization\"},\"potentialAction\":[{\"@type\":\"SearchAction\",\"target\":{\"@type\":\"EntryPoint\",\"urlTemplate\":\"https:\\\/\\\/www.temacslitters.com\\\/it\\\/?s={search_term_string}\"},\"query-input\":{\"@type\":\"PropertyValueSpecification\",\"valueRequired\":true,\"valueName\":\"search_term_string\"}}],\"inLanguage\":\"fr-FR\"},{\"@type\":\"Organization\",\"@id\":\"https:\\\/\\\/www.temacslitters.com\\\/it\\\/#organization\",\"name\":\"Temac\",\"url\":\"https:\\\/\\\/www.temacslitters.com\\\/it\\\/\",\"logo\":{\"@type\":\"ImageObject\",\"inLanguage\":\"fr-FR\",\"@id\":\"https:\\\/\\\/www.temacslitters.com\\\/it\\\/#\\\/schema\\\/logo\\\/image\\\/\",\"url\":\"https:\\\/\\\/www.temacslitters.com\\\/wp-content\\\/uploads\\\/2017\\\/03\\\/temac_converting_taglierine_svolgitori_logo.png\",\"contentUrl\":\"https:\\\/\\\/www.temacslitters.com\\\/wp-content\\\/uploads\\\/2017\\\/03\\\/temac_converting_taglierine_svolgitori_logo.png\",\"width\":219,\"height\":55,\"caption\":\"Temac\"},\"image\":{\"@id\":\"https:\\\/\\\/www.temacslitters.com\\\/it\\\/#\\\/schema\\\/logo\\\/image\\\/\"},\"sameAs\":[\"https:\\\/\\\/www.facebook.com\\\/TemacSrl\\\/\",\"https:\\\/\\\/www.linkedin.com\\\/company\\\/temac-srl\\\/\"]}]}<\/script>\n<!-- \/ Yoast SEO plugin. -->","yoast_head_json":{"title":"Home Sezione Nuove Macchine - Bobineuse D\u00e9coupeuse Temac","robots":{"index":"index","follow":"follow","max-snippet":"max-snippet:-1","max-image-preview":"max-image-preview:large","max-video-preview":"max-video-preview:-1"},"canonical":"https:\/\/www.temacslitters.com\/fr\/home-sezione-nuove-macchine\/","og_locale":"fr_FR","og_type":"article","og_title":"Home Sezione Nuove Macchine - Bobineuse D\u00e9coupeuse Temac","og_description":"Nous sommes toujours \u00e0 la recherche d&rsquo;innovation: Regardez les caract\u00e9ristiques de nos derniers d\u00e9coupeuses et d\u00e9couvrez tous les d\u00e9tails qui font la diff\u00e9rence par rapport \u00e0 d&rsquo;autres machines sur le march\u00e9","og_url":"https:\/\/www.temacslitters.com\/fr\/home-sezione-nuove-macchine\/","og_site_name":"Bobineuse D\u00e9coupeuse Temac","article_publisher":"https:\/\/www.facebook.com\/TemacSrl\/","article_modified_time":"2025-01-17T10:38:02+00:00","og_image":[{"width":505,"height":355,"url":"https:\/\/www.temacslitters.com\/wp-content\/uploads\/2018\/01\/EMS-610.jpg","type":"image\/jpeg"}],"twitter_card":"summary_large_image","twitter_misc":{"Dur\u00e9e de lecture estim\u00e9e":"2 minutes"},"schema":{"@context":"https:\/\/schema.org","@graph":[{"@type":"WebPage","@id":"https:\/\/www.temacslitters.com\/fr\/home-sezione-nuove-macchine\/","url":"https:\/\/www.temacslitters.com\/fr\/home-sezione-nuove-macchine\/","name":"Home Sezione Nuove Macchine - Bobineuse D\u00e9coupeuse Temac","isPartOf":{"@id":"https:\/\/www.temacslitters.com\/it\/#website"},"primaryImageOfPage":{"@id":"https:\/\/www.temacslitters.com\/fr\/home-sezione-nuove-macchine\/#primaryimage"},"image":{"@id":"https:\/\/www.temacslitters.com\/fr\/home-sezione-nuove-macchine\/#primaryimage"},"thumbnailUrl":"https:\/\/www.temacslitters.com\/wp-content\/uploads\/2018\/01\/EMS-610.jpg","datePublished":"2018-10-03T23:11:12+00:00","dateModified":"2025-01-17T10:38:02+00:00","breadcrumb":{"@id":"https:\/\/www.temacslitters.com\/fr\/home-sezione-nuove-macchine\/#breadcrumb"},"inLanguage":"fr-FR","potentialAction":[{"@type":"ReadAction","target":["https:\/\/www.temacslitters.com\/fr\/home-sezione-nuove-macchine\/"]}]},{"@type":"ImageObject","inLanguage":"fr-FR","@id":"https:\/\/www.temacslitters.com\/fr\/home-sezione-nuove-macchine\/#primaryimage","url":"https:\/\/www.temacslitters.com\/wp-content\/uploads\/2018\/01\/EMS-610.jpg","contentUrl":"https:\/\/www.temacslitters.com\/wp-content\/uploads\/2018\/01\/EMS-610.jpg"},{"@type":"BreadcrumbList","@id":"https:\/\/www.temacslitters.com\/fr\/home-sezione-nuove-macchine\/#breadcrumb","itemListElement":[{"@type":"ListItem","position":1,"name":"Home","item":"https:\/\/www.temacslitters.com\/it\/"},{"@type":"ListItem","position":2,"name":"Home Sezione Nuove Macchine"}]},{"@type":"WebSite","@id":"https:\/\/www.temacslitters.com\/it\/#website","url":"https:\/\/www.temacslitters.com\/it\/","name":"Bobineuse D\u00e9coupeuse Temac","description":"Temac : leader du march\u00e9 dans la production de bobineuses-refendeuses, de machines d&#039;emballage et de machines sp\u00e9ciales sur demande.","publisher":{"@id":"https:\/\/www.temacslitters.com\/it\/#organization"},"potentialAction":[{"@type":"SearchAction","target":{"@type":"EntryPoint","urlTemplate":"https:\/\/www.temacslitters.com\/it\/?s={search_term_string}"},"query-input":{"@type":"PropertyValueSpecification","valueRequired":true,"valueName":"search_term_string"}}],"inLanguage":"fr-FR"},{"@type":"Organization","@id":"https:\/\/www.temacslitters.com\/it\/#organization","name":"Temac","url":"https:\/\/www.temacslitters.com\/it\/","logo":{"@type":"ImageObject","inLanguage":"fr-FR","@id":"https:\/\/www.temacslitters.com\/it\/#\/schema\/logo\/image\/","url":"https:\/\/www.temacslitters.com\/wp-content\/uploads\/2017\/03\/temac_converting_taglierine_svolgitori_logo.png","contentUrl":"https:\/\/www.temacslitters.com\/wp-content\/uploads\/2017\/03\/temac_converting_taglierine_svolgitori_logo.png","width":219,"height":55,"caption":"Temac"},"image":{"@id":"https:\/\/www.temacslitters.com\/it\/#\/schema\/logo\/image\/"},"sameAs":["https:\/\/www.facebook.com\/TemacSrl\/","https:\/\/www.linkedin.com\/company\/temac-srl\/"]}]}},"_links":{"self":[{"href":"https:\/\/www.temacslitters.com\/fr\/wp-json\/wp\/v2\/pages\/1959","targetHints":{"allow":["GET"]}}],"collection":[{"href":"https:\/\/www.temacslitters.com\/fr\/wp-json\/wp\/v2\/pages"}],"about":[{"href":"https:\/\/www.temacslitters.com\/fr\/wp-json\/wp\/v2\/types\/page"}],"author":[{"embeddable":true,"href":"https:\/\/www.temacslitters.com\/fr\/wp-json\/wp\/v2\/users\/1"}],"replies":[{"embeddable":true,"href":"https:\/\/www.temacslitters.com\/fr\/wp-json\/wp\/v2\/comments?post=1959"}],"version-history":[{"count":8,"href":"https:\/\/www.temacslitters.com\/fr\/wp-json\/wp\/v2\/pages\/1959\/revisions"}],"predecessor-version":[{"id":5857,"href":"https:\/\/www.temacslitters.com\/fr\/wp-json\/wp\/v2\/pages\/1959\/revisions\/5857"}],"wp:attachment":[{"href":"https:\/\/www.temacslitters.com\/fr\/wp-json\/wp\/v2\/media?parent=1959"}],"curies":[{"name":"wp","href":"https:\/\/api.w.org\/{rel}","templated":true}]}}