{"id":1913,"date":"2018-10-03T22:34:22","date_gmt":"2018-10-03T22:34:22","guid":{"rendered":"https:\/\/www.temacslitters.com\/?page_id=1913"},"modified":"2022-01-14T11:51:19","modified_gmt":"2022-01-14T11:51:19","slug":"systemes-mecaniques-de-dechargement","status":"publish","type":"page","link":"https:\/\/www.temacslitters.com\/fr\/systemes-mecaniques-de-dechargement\/","title":{"rendered":"Syst\u00e8mes M\u00e9caniques de D\u00e9chargement"},"content":{"rendered":"<p>Nos syst\u00e8mes d&rsquo;\u00e9chappement. Consultez les fiches ci-dessous ou t\u00e9l\u00e9chargez le <a href=\"https:\/\/www.temacslitters.com\/wp-content\/uploads\/2018\/05\/scaricatori.pdf\">pdf de pr\u00e9sentation<\/a>.<br \/>\n<div class=\"su-tabs su-tabs-style-default su-tabs-mobile-stack\" data-active=\"1\" data-scroll-offset=\"0\" data-anchor-in-url=\"no\"><div class=\"su-tabs-nav\"><span class=\"\" data-url=\"\" data-target=\"blank\" tabindex=\"0\" role=\"button\">SF12<\/span><span class=\"\" data-url=\"\" data-target=\"blank\" tabindex=\"0\" role=\"button\">SF14<\/span><span class=\"\" data-url=\"\" data-target=\"blank\" tabindex=\"0\" role=\"button\">SF16<\/span><span class=\"\" data-url=\"\" data-target=\"blank\" tabindex=\"0\" role=\"button\">SF18<\/span><span class=\"\" data-url=\"\" data-target=\"blank\" tabindex=\"0\" role=\"button\">SF20<\/span><span class=\"\" data-url=\"\" data-target=\"blank\" tabindex=\"0\" role=\"button\">SF22<\/span><\/div><div class=\"su-tabs-panes\"><div class=\"su-tabs-pane su-u-clearfix su-u-trim\" data-title=\"SF12\">\n<div class=\"su-heading su-heading-style-default su-heading-align-center\" id=\"\" style=\"font-size:24px;margin-bottom:10px\"><div class=\"su-heading-inner\">SF12<\/div><\/div>\n<p><img fetchpriority=\"high\" decoding=\"async\" class=\"aligncenter size-full wp-image-1667\" src=\"https:\/\/www.temacslitters.com\/wp-content\/uploads\/2018\/05\/scaricatore-sf12.jpg\" alt=\"scaricatore sf12\" width=\"271\" height=\"237\" \/>Le mod\u00e8le suivant est disponible:<br \/>\nD\u00c9CHARGEUR SF12<br \/>\nSyst\u00e8me de d\u00e9charge lat\u00e9rale manuelle.<\/p>\n<\/div>\n<div class=\"su-tabs-pane su-u-clearfix su-u-trim\" data-title=\"SF14\">\n<div class=\"su-heading su-heading-style-default su-heading-align-center\" id=\"\" style=\"font-size:24px;margin-bottom:10px\"><div class=\"su-heading-inner\">SF14<\/div><\/div>\n<p><img decoding=\"async\" class=\"aligncenter size-full wp-image-1916\" src=\"https:\/\/www.temacslitters.com\/wp-content\/uploads\/2018\/05\/scaricatore-sf14.jpg\" alt=\"scaricatore sf14\" width=\"271\" height=\"237\" \/>Disponibile il seguente modello:<br \/>\nD\u00c9CHARGEUR SF14<br \/>\nSyst\u00e8me de d\u00e9chargement lat\u00e9ral manuel avec rotation orthogonale \u00e0 90\u00b0 pour positionner les bobines finies au m\u00eame niveau du sol.<\/p>\n<\/div>\n<div class=\"su-tabs-pane su-u-clearfix su-u-trim\" data-title=\"SF16\">\n<div class=\"su-heading su-heading-style-default su-heading-align-center\" id=\"\" style=\"font-size:24px;margin-bottom:10px\"><div class=\"su-heading-inner\">SF16<\/div><\/div>\n<p><img decoding=\"async\" class=\"aligncenter size-full wp-image-1914\" src=\"https:\/\/www.temacslitters.com\/wp-content\/uploads\/2018\/05\/scaricatore-sf16.jpg\" alt=\"scaricatore sf16\" width=\"271\" height=\"237\" \/>Disponibile il seguente modello:<br \/>\nD\u00c9CHARGEUR SF16<br \/>\nSyst\u00e8me de d\u00e9chargement lat\u00e9ral manuel \u00e0 rotation orthogonale \u00e0 90\u00b0 avec descente au sol ou sur palette motoris\u00e9e (euro-palettes, etc..).<\/p>\n<\/div>\n<div class=\"su-tabs-pane su-u-clearfix su-u-trim\" data-title=\"SF18\">\n<div class=\"su-heading su-heading-style-default su-heading-align-center\" id=\"\" style=\"font-size:24px;margin-bottom:10px\"><div class=\"su-heading-inner\">SF18<\/div><\/div>\n<p><img loading=\"lazy\" decoding=\"async\" class=\"aligncenter size-full wp-image-1915\" src=\"https:\/\/www.temacslitters.com\/wp-content\/uploads\/2018\/05\/scaricatore-sf18.jpg\" alt=\"scaricatore sf18\" width=\"271\" height=\"237\" \/>Disponibile il seguente modello:<br \/>\nD\u00c9CHARGEUR SF18<br \/>\nSyst\u00e8me de d\u00e9chargement lat\u00e9ral manuel \u00e0 rotation orthogonale \u00e0 90\u00b0 avec descente au sol ou sur palette motoris\u00e9e (euro-palettes, etc..) avec \u00e9jection motoris\u00e9e des bobines finies.<\/p>\n<\/div>\n<div class=\"su-tabs-pane su-u-clearfix su-u-trim\" data-title=\"SF20\">\n<div class=\"su-heading su-heading-style-default su-heading-align-center\" id=\"\" style=\"font-size:24px;margin-bottom:10px\"><div class=\"su-heading-inner\">SF20<\/div><\/div>\n<p><img loading=\"lazy\" decoding=\"async\" class=\"aligncenter size-full wp-image-1918\" src=\"https:\/\/www.temacslitters.com\/wp-content\/uploads\/2018\/05\/scaricatore-sf20.jpg\" alt=\"scaricatore sf20\" width=\"271\" height=\"237\" \/>Disponibile il seguente modello:<br \/>\nD\u00c9CHARGEUR SF20<br \/>\nSyst\u00e8me de d\u00e9chargement lat\u00e9ral avec ROTATION MOTORIS\u00c9E DE LA COLONNE et rotation orthogonale \u00e0 90\u00b0 avec descente au sol ou sur palette motoris\u00e9e (euro-palettes, etc..) avec \u00e9jection motoris\u00e9e des bobines finies.<\/p>\n<\/div>\n<div class=\"su-tabs-pane su-u-clearfix su-u-trim\" data-title=\"SF22\">\n<div class=\"su-heading su-heading-style-default su-heading-align-center\" id=\"\" style=\"font-size:24px;margin-bottom:10px\"><div class=\"su-heading-inner\">SF22<\/div><\/div>\n<p><img loading=\"lazy\" decoding=\"async\" class=\"aligncenter size-full wp-image-1917\" src=\"https:\/\/www.temacslitters.com\/wp-content\/uploads\/2018\/05\/scaricatore-sf22.jpg\" alt=\"scaricatore sf22\" width=\"271\" height=\"237\" \/>Disponibile il seguente modello:<br \/>\nD\u00c9CHARGEUR SF22<br \/>\nRobot de d\u00e9chargement automatis\u00e9 des bobines : syst\u00e8me de d\u00e9chargement lat\u00e9ral m\u00e9canique (fourche m\u00e9canique) avec ROTATION DE COLONNE MOTORIS\u00c9E par servo moteur BRUSHLESS, ROTATION ORTHOGONALE MOTORIS\u00c9E par servo moteur BRUSHLESS avec DESCENTE \u00c0 TERRE OU SUR PALETTE MOTORIS\u00c9E par servo moteur BRUSHLESS + EXPULSION DES BOBINES MOTORIS\u00c9E par servo moteur Moteur BRUSHLESS. Gr\u00e2ce \u00e0 la gestion enti\u00e8rement automatique des quatre axes, ce mod\u00e8le est id\u00e9al pour l&rsquo;int\u00e9gration avec des syst\u00e8mes de manutention automatiques pour les rouleaux finis.<\/p>\n<\/div><\/div><\/div>\n","protected":false},"excerpt":{"rendered":"<p>Nos syst\u00e8mes d&rsquo;\u00e9chappement. Consultez les fiches ci-dessous ou t\u00e9l\u00e9chargez le pdf de pr\u00e9sentation.<\/p>\n","protected":false},"author":1,"featured_media":0,"parent":0,"menu_order":0,"comment_status":"closed","ping_status":"closed","template":"templates\/page-fullwidth_template.php","meta":{"_acf_changed":false,"footnotes":""},"class_list":["post-1913","page","type-page","status-publish","hentry"],"acf":[],"yoast_head":"<!-- This site is optimized with the Yoast SEO plugin v27.4 - https:\/\/yoast.com\/product\/yoast-seo-wordpress\/ -->\n<title>Syst\u00e8mes M\u00e9caniques de D\u00e9chargement - Bobineuse D\u00e9coupeuse Temac<\/title>\n<meta name=\"robots\" content=\"index, follow, max-snippet:-1, max-image-preview:large, max-video-preview:-1\" \/>\n<link rel=\"canonical\" href=\"https:\/\/www.temacslitters.com\/fr\/systemes-mecaniques-de-dechargement\/\" \/>\n<meta property=\"og:locale\" content=\"fr_FR\" \/>\n<meta property=\"og:type\" content=\"article\" \/>\n<meta property=\"og:title\" content=\"Syst\u00e8mes M\u00e9caniques de D\u00e9chargement - Bobineuse D\u00e9coupeuse Temac\" \/>\n<meta property=\"og:description\" content=\"Nos syst\u00e8mes d&rsquo;\u00e9chappement. Consultez les fiches ci-dessous ou t\u00e9l\u00e9chargez le pdf de pr\u00e9sentation.\" \/>\n<meta property=\"og:url\" content=\"https:\/\/www.temacslitters.com\/fr\/systemes-mecaniques-de-dechargement\/\" \/>\n<meta property=\"og:site_name\" content=\"Bobineuse D\u00e9coupeuse Temac\" \/>\n<meta property=\"article:publisher\" content=\"https:\/\/www.facebook.com\/TemacSrl\/\" \/>\n<meta property=\"article:modified_time\" content=\"2022-01-14T11:51:19+00:00\" \/>\n<meta property=\"og:image\" content=\"https:\/\/www.temacslitters.com\/wp-content\/uploads\/2018\/05\/scaricatore-sf12.jpg\" \/>\n<meta name=\"twitter:card\" content=\"summary_large_image\" \/>\n<meta name=\"twitter:label1\" content=\"Dur\u00e9e de lecture estim\u00e9e\" \/>\n\t<meta name=\"twitter:data1\" content=\"3 minutes\" \/>\n<script type=\"application\/ld+json\" class=\"yoast-schema-graph\">{\"@context\":\"https:\\\/\\\/schema.org\",\"@graph\":[{\"@type\":\"WebPage\",\"@id\":\"https:\\\/\\\/www.temacslitters.com\\\/fr\\\/systemes-mecaniques-de-dechargement\\\/\",\"url\":\"https:\\\/\\\/www.temacslitters.com\\\/fr\\\/systemes-mecaniques-de-dechargement\\\/\",\"name\":\"Syst\u00e8mes M\u00e9caniques de D\u00e9chargement - Bobineuse D\u00e9coupeuse Temac\",\"isPartOf\":{\"@id\":\"https:\\\/\\\/www.temacslitters.com\\\/it\\\/#website\"},\"primaryImageOfPage\":{\"@id\":\"https:\\\/\\\/www.temacslitters.com\\\/fr\\\/systemes-mecaniques-de-dechargement\\\/#primaryimage\"},\"image\":{\"@id\":\"https:\\\/\\\/www.temacslitters.com\\\/fr\\\/systemes-mecaniques-de-dechargement\\\/#primaryimage\"},\"thumbnailUrl\":\"https:\\\/\\\/www.temacslitters.com\\\/wp-content\\\/uploads\\\/2018\\\/05\\\/scaricatore-sf12.jpg\",\"datePublished\":\"2018-10-03T22:34:22+00:00\",\"dateModified\":\"2022-01-14T11:51:19+00:00\",\"breadcrumb\":{\"@id\":\"https:\\\/\\\/www.temacslitters.com\\\/fr\\\/systemes-mecaniques-de-dechargement\\\/#breadcrumb\"},\"inLanguage\":\"fr-FR\",\"potentialAction\":[{\"@type\":\"ReadAction\",\"target\":[\"https:\\\/\\\/www.temacslitters.com\\\/fr\\\/systemes-mecaniques-de-dechargement\\\/\"]}]},{\"@type\":\"ImageObject\",\"inLanguage\":\"fr-FR\",\"@id\":\"https:\\\/\\\/www.temacslitters.com\\\/fr\\\/systemes-mecaniques-de-dechargement\\\/#primaryimage\",\"url\":\"https:\\\/\\\/www.temacslitters.com\\\/wp-content\\\/uploads\\\/2018\\\/05\\\/scaricatore-sf12.jpg\",\"contentUrl\":\"https:\\\/\\\/www.temacslitters.com\\\/wp-content\\\/uploads\\\/2018\\\/05\\\/scaricatore-sf12.jpg\"},{\"@type\":\"BreadcrumbList\",\"@id\":\"https:\\\/\\\/www.temacslitters.com\\\/fr\\\/systemes-mecaniques-de-dechargement\\\/#breadcrumb\",\"itemListElement\":[{\"@type\":\"ListItem\",\"position\":1,\"name\":\"Home\",\"item\":\"https:\\\/\\\/www.temacslitters.com\\\/it\\\/\"},{\"@type\":\"ListItem\",\"position\":2,\"name\":\"Syst\u00e8mes M\u00e9caniques de D\u00e9chargement\"}]},{\"@type\":\"WebSite\",\"@id\":\"https:\\\/\\\/www.temacslitters.com\\\/it\\\/#website\",\"url\":\"https:\\\/\\\/www.temacslitters.com\\\/it\\\/\",\"name\":\"Bobineuse D\u00e9coupeuse Temac\",\"description\":\"Temac : leader du march\u00e9 dans la production de bobineuses-refendeuses, de machines d&#039;emballage et de machines sp\u00e9ciales sur demande.\",\"publisher\":{\"@id\":\"https:\\\/\\\/www.temacslitters.com\\\/it\\\/#organization\"},\"potentialAction\":[{\"@type\":\"SearchAction\",\"target\":{\"@type\":\"EntryPoint\",\"urlTemplate\":\"https:\\\/\\\/www.temacslitters.com\\\/it\\\/?s={search_term_string}\"},\"query-input\":{\"@type\":\"PropertyValueSpecification\",\"valueRequired\":true,\"valueName\":\"search_term_string\"}}],\"inLanguage\":\"fr-FR\"},{\"@type\":\"Organization\",\"@id\":\"https:\\\/\\\/www.temacslitters.com\\\/it\\\/#organization\",\"name\":\"Temac\",\"url\":\"https:\\\/\\\/www.temacslitters.com\\\/it\\\/\",\"logo\":{\"@type\":\"ImageObject\",\"inLanguage\":\"fr-FR\",\"@id\":\"https:\\\/\\\/www.temacslitters.com\\\/it\\\/#\\\/schema\\\/logo\\\/image\\\/\",\"url\":\"https:\\\/\\\/www.temacslitters.com\\\/wp-content\\\/uploads\\\/2017\\\/03\\\/temac_converting_taglierine_svolgitori_logo.png\",\"contentUrl\":\"https:\\\/\\\/www.temacslitters.com\\\/wp-content\\\/uploads\\\/2017\\\/03\\\/temac_converting_taglierine_svolgitori_logo.png\",\"width\":219,\"height\":55,\"caption\":\"Temac\"},\"image\":{\"@id\":\"https:\\\/\\\/www.temacslitters.com\\\/it\\\/#\\\/schema\\\/logo\\\/image\\\/\"},\"sameAs\":[\"https:\\\/\\\/www.facebook.com\\\/TemacSrl\\\/\",\"https:\\\/\\\/www.linkedin.com\\\/company\\\/temac-srl\\\/\"]}]}<\/script>\n<!-- \/ Yoast SEO plugin. -->","yoast_head_json":{"title":"Syst\u00e8mes M\u00e9caniques de D\u00e9chargement - Bobineuse D\u00e9coupeuse Temac","robots":{"index":"index","follow":"follow","max-snippet":"max-snippet:-1","max-image-preview":"max-image-preview:large","max-video-preview":"max-video-preview:-1"},"canonical":"https:\/\/www.temacslitters.com\/fr\/systemes-mecaniques-de-dechargement\/","og_locale":"fr_FR","og_type":"article","og_title":"Syst\u00e8mes M\u00e9caniques de D\u00e9chargement - Bobineuse D\u00e9coupeuse Temac","og_description":"Nos syst\u00e8mes d&rsquo;\u00e9chappement. Consultez les fiches ci-dessous ou t\u00e9l\u00e9chargez le pdf de pr\u00e9sentation.","og_url":"https:\/\/www.temacslitters.com\/fr\/systemes-mecaniques-de-dechargement\/","og_site_name":"Bobineuse D\u00e9coupeuse Temac","article_publisher":"https:\/\/www.facebook.com\/TemacSrl\/","article_modified_time":"2022-01-14T11:51:19+00:00","og_image":[{"url":"https:\/\/www.temacslitters.com\/wp-content\/uploads\/2018\/05\/scaricatore-sf12.jpg","type":"","width":"","height":""}],"twitter_card":"summary_large_image","twitter_misc":{"Dur\u00e9e de lecture estim\u00e9e":"3 minutes"},"schema":{"@context":"https:\/\/schema.org","@graph":[{"@type":"WebPage","@id":"https:\/\/www.temacslitters.com\/fr\/systemes-mecaniques-de-dechargement\/","url":"https:\/\/www.temacslitters.com\/fr\/systemes-mecaniques-de-dechargement\/","name":"Syst\u00e8mes M\u00e9caniques de D\u00e9chargement - Bobineuse D\u00e9coupeuse Temac","isPartOf":{"@id":"https:\/\/www.temacslitters.com\/it\/#website"},"primaryImageOfPage":{"@id":"https:\/\/www.temacslitters.com\/fr\/systemes-mecaniques-de-dechargement\/#primaryimage"},"image":{"@id":"https:\/\/www.temacslitters.com\/fr\/systemes-mecaniques-de-dechargement\/#primaryimage"},"thumbnailUrl":"https:\/\/www.temacslitters.com\/wp-content\/uploads\/2018\/05\/scaricatore-sf12.jpg","datePublished":"2018-10-03T22:34:22+00:00","dateModified":"2022-01-14T11:51:19+00:00","breadcrumb":{"@id":"https:\/\/www.temacslitters.com\/fr\/systemes-mecaniques-de-dechargement\/#breadcrumb"},"inLanguage":"fr-FR","potentialAction":[{"@type":"ReadAction","target":["https:\/\/www.temacslitters.com\/fr\/systemes-mecaniques-de-dechargement\/"]}]},{"@type":"ImageObject","inLanguage":"fr-FR","@id":"https:\/\/www.temacslitters.com\/fr\/systemes-mecaniques-de-dechargement\/#primaryimage","url":"https:\/\/www.temacslitters.com\/wp-content\/uploads\/2018\/05\/scaricatore-sf12.jpg","contentUrl":"https:\/\/www.temacslitters.com\/wp-content\/uploads\/2018\/05\/scaricatore-sf12.jpg"},{"@type":"BreadcrumbList","@id":"https:\/\/www.temacslitters.com\/fr\/systemes-mecaniques-de-dechargement\/#breadcrumb","itemListElement":[{"@type":"ListItem","position":1,"name":"Home","item":"https:\/\/www.temacslitters.com\/it\/"},{"@type":"ListItem","position":2,"name":"Syst\u00e8mes M\u00e9caniques de D\u00e9chargement"}]},{"@type":"WebSite","@id":"https:\/\/www.temacslitters.com\/it\/#website","url":"https:\/\/www.temacslitters.com\/it\/","name":"Bobineuse D\u00e9coupeuse Temac","description":"Temac : leader du march\u00e9 dans la production de bobineuses-refendeuses, de machines d&#039;emballage et de machines sp\u00e9ciales sur demande.","publisher":{"@id":"https:\/\/www.temacslitters.com\/it\/#organization"},"potentialAction":[{"@type":"SearchAction","target":{"@type":"EntryPoint","urlTemplate":"https:\/\/www.temacslitters.com\/it\/?s={search_term_string}"},"query-input":{"@type":"PropertyValueSpecification","valueRequired":true,"valueName":"search_term_string"}}],"inLanguage":"fr-FR"},{"@type":"Organization","@id":"https:\/\/www.temacslitters.com\/it\/#organization","name":"Temac","url":"https:\/\/www.temacslitters.com\/it\/","logo":{"@type":"ImageObject","inLanguage":"fr-FR","@id":"https:\/\/www.temacslitters.com\/it\/#\/schema\/logo\/image\/","url":"https:\/\/www.temacslitters.com\/wp-content\/uploads\/2017\/03\/temac_converting_taglierine_svolgitori_logo.png","contentUrl":"https:\/\/www.temacslitters.com\/wp-content\/uploads\/2017\/03\/temac_converting_taglierine_svolgitori_logo.png","width":219,"height":55,"caption":"Temac"},"image":{"@id":"https:\/\/www.temacslitters.com\/it\/#\/schema\/logo\/image\/"},"sameAs":["https:\/\/www.facebook.com\/TemacSrl\/","https:\/\/www.linkedin.com\/company\/temac-srl\/"]}]}},"_links":{"self":[{"href":"https:\/\/www.temacslitters.com\/fr\/wp-json\/wp\/v2\/pages\/1913","targetHints":{"allow":["GET"]}}],"collection":[{"href":"https:\/\/www.temacslitters.com\/fr\/wp-json\/wp\/v2\/pages"}],"about":[{"href":"https:\/\/www.temacslitters.com\/fr\/wp-json\/wp\/v2\/types\/page"}],"author":[{"embeddable":true,"href":"https:\/\/www.temacslitters.com\/fr\/wp-json\/wp\/v2\/users\/1"}],"replies":[{"embeddable":true,"href":"https:\/\/www.temacslitters.com\/fr\/wp-json\/wp\/v2\/comments?post=1913"}],"version-history":[{"count":5,"href":"https:\/\/www.temacslitters.com\/fr\/wp-json\/wp\/v2\/pages\/1913\/revisions"}],"predecessor-version":[{"id":3655,"href":"https:\/\/www.temacslitters.com\/fr\/wp-json\/wp\/v2\/pages\/1913\/revisions\/3655"}],"wp:attachment":[{"href":"https:\/\/www.temacslitters.com\/fr\/wp-json\/wp\/v2\/media?parent=1913"}],"curies":[{"name":"wp","href":"https:\/\/api.w.org\/{rel}","templated":true}]}}