{"id":1893,"date":"2017-08-24T10:35:12","date_gmt":"2017-08-24T10:35:12","guid":{"rendered":"https:\/\/www.temacslitters.com\/?page_id=1893"},"modified":"2024-03-15T09:22:17","modified_gmt":"2024-03-15T09:22:17","slug":"societe","status":"publish","type":"page","link":"https:\/\/www.temacslitters.com\/fr\/societe\/","title":{"rendered":"Societ\u00e9"},"content":{"rendered":"\t\t<div data-elementor-type=\"wp-page\" data-elementor-id=\"1893\" class=\"elementor elementor-1893 elementor-515\">\n\t\t\t\t\t\t<section class=\"elementor-section elementor-top-section elementor-element elementor-element-65f74bef elementor-section-boxed elementor-section-height-default elementor-section-height-default\" data-id=\"65f74bef\" data-element_type=\"section\">\n\t\t\t\t\t\t<div class=\"elementor-container elementor-column-gap-default\">\n\t\t\t\t\t<div class=\"elementor-column elementor-col-100 elementor-top-column elementor-element elementor-element-7cdd2fef\" data-id=\"7cdd2fef\" data-element_type=\"column\">\n\t\t\t<div class=\"elementor-widget-wrap elementor-element-populated\">\n\t\t\t\t\t\t<div class=\"elementor-element elementor-element-6ffe54b3 elementor-widget elementor-widget-image\" data-id=\"6ffe54b3\" data-element_type=\"widget\" data-widget_type=\"image.default\">\n\t\t\t\t<div class=\"elementor-widget-container\">\n\t\t\t\t\t\t\t\t\t\t\t\t\t\t\t<img fetchpriority=\"high\" decoding=\"async\" width=\"1200\" height=\"249\" src=\"https:\/\/www.temacslitters.com\/wp-content\/uploads\/2023\/02\/temac-azienda-1.jpg\" class=\"attachment-full size-full wp-image-4855\" alt=\"\" srcset=\"https:\/\/www.temacslitters.com\/wp-content\/uploads\/2023\/02\/temac-azienda-1.jpg 1200w, https:\/\/www.temacslitters.com\/wp-content\/uploads\/2023\/02\/temac-azienda-1-300x62.jpg 300w, https:\/\/www.temacslitters.com\/wp-content\/uploads\/2023\/02\/temac-azienda-1-1024x212.jpg 1024w, https:\/\/www.temacslitters.com\/wp-content\/uploads\/2023\/02\/temac-azienda-1-768x159.jpg 768w\" sizes=\"(max-width: 1200px) 100vw, 1200px\" \/>\t\t\t\t\t\t\t\t\t\t\t\t\t\t\t<\/div>\n\t\t\t\t<\/div>\n\t\t\t\t<section class=\"elementor-section elementor-inner-section elementor-element elementor-element-7620caab elementor-section-boxed elementor-section-height-default elementor-section-height-default\" data-id=\"7620caab\" data-element_type=\"section\">\n\t\t\t\t\t\t<div class=\"elementor-container elementor-column-gap-default\">\n\t\t\t\t\t<div class=\"elementor-column elementor-col-50 elementor-inner-column elementor-element elementor-element-298daec5\" data-id=\"298daec5\" data-element_type=\"column\">\n\t\t\t<div class=\"elementor-widget-wrap elementor-element-populated\">\n\t\t\t\t\t\t<div class=\"elementor-element elementor-element-147e2e2e elementor-widget elementor-widget-image\" data-id=\"147e2e2e\" data-element_type=\"widget\" data-widget_type=\"image.default\">\n\t\t\t\t<div class=\"elementor-widget-container\">\n\t\t\t\t\t\t\t\t\t\t\t\t\t\t\t<img decoding=\"async\" width=\"484\" height=\"289\" src=\"https:\/\/www.temacslitters.com\/wp-content\/uploads\/2023\/02\/massimo-cerliani.jpg\" class=\"attachment-full size-full wp-image-4781\" alt=\"massimo cerliani\" srcset=\"https:\/\/www.temacslitters.com\/wp-content\/uploads\/2023\/02\/massimo-cerliani.jpg 484w, https:\/\/www.temacslitters.com\/wp-content\/uploads\/2023\/02\/massimo-cerliani-300x179.jpg 300w\" sizes=\"(max-width: 484px) 100vw, 484px\" \/>\t\t\t\t\t\t\t\t\t\t\t\t\t\t\t<\/div>\n\t\t\t\t<\/div>\n\t\t\t\t\t<\/div>\n\t\t<\/div>\n\t\t\t\t<div class=\"elementor-column elementor-col-50 elementor-inner-column elementor-element elementor-element-5cd8c1ae\" data-id=\"5cd8c1ae\" data-element_type=\"column\">\n\t\t\t<div class=\"elementor-widget-wrap elementor-element-populated\">\n\t\t\t\t\t\t<div class=\"elementor-element elementor-element-39d4d1bb elementor-widget elementor-widget-text-editor\" data-id=\"39d4d1bb\" data-element_type=\"widget\" data-widget_type=\"text-editor.default\">\n\t\t\t\t<div class=\"elementor-widget-container\">\n\t\t\t\t\t\t\t\t\t<strong>\u00ab\u00a0Slitter engineering\u00a0\u00bb<\/strong> est notre essence : le design est notre philosophie de fonctionnement, annonciateur de g\u00e9nie et de cr\u00e9ativit\u00e9.\nNous sommes toujours pr\u00eats \u00e0 <strong>\u00e9couter les besoins de nos clients<\/strong> et \u00e0 concevoir de <strong>nouvelles solutions<\/strong> qui les satisfont.\n<strong>Le client est notre pr\u00e9cieux partenaire<\/strong>. Nous pensons que les solutions les plus cr\u00e9atives, les petites am\u00e9liorations de construction ou de logiciel si appr\u00e9ci\u00e9es aujourd&rsquo;hui, sont n\u00e9es des id\u00e9es et des demandes de nos clients. Un diam\u00e8tre de d\u00e9roulement un peu plus grand, une relocalisation de la station de collecte, une gestion automatique du poids, un pointeur suppl\u00e9mentaire pour faciliter l&rsquo;op\u00e9rateur. Des modifications les plus simples aux conceptions plus importantes, <strong>notre modus operandi est l&rsquo;\u00e9coute, suivie de l&rsquo;\u00e9tude de faisabilit\u00e9 et de la mise en \u0153uvre concr\u00e8te<\/strong>.\t\t\t\t\t\t\t\t<\/div>\n\t\t\t\t<\/div>\n\t\t\t\t<div class=\"elementor-element elementor-element-59785b58 elementor-align-center elementor-widget elementor-widget-button\" data-id=\"59785b58\" data-element_type=\"widget\" data-widget_type=\"button.default\">\n\t\t\t\t<div class=\"elementor-widget-container\">\n\t\t\t\t\t\t\t\t\t<div class=\"elementor-button-wrapper\">\n\t\t\t\t\t<a class=\"elementor-button elementor-button-link elementor-size-sm\" href=\"https:\/\/www.temacslitters.com\/wp-content\/uploads\/2024\/03\/brochure-temac-francaise.pdf\">\n\t\t\t\t\t\t<span class=\"elementor-button-content-wrapper\">\n\t\t\t\t\t\t\t\t\t<span class=\"elementor-button-text\">T\u00e9l\u00e9charger le catalogue<\/span>\n\t\t\t\t\t<\/span>\n\t\t\t\t\t<\/a>\n\t\t\t\t<\/div>\n\t\t\t\t\t\t\t\t<\/div>\n\t\t\t\t<\/div>\n\t\t\t\t\t<\/div>\n\t\t<\/div>\n\t\t\t\t\t<\/div>\n\t\t<\/section>\n\t\t\t\t\t<\/div>\n\t\t<\/div>\n\t\t\t\t\t<\/div>\n\t\t<\/section>\n\t\t\t\t<section class=\"elementor-section elementor-top-section elementor-element elementor-element-756a731c elementor-section-boxed elementor-section-height-default elementor-section-height-default\" data-id=\"756a731c\" data-element_type=\"section\">\n\t\t\t\t\t\t<div class=\"elementor-container elementor-column-gap-default\">\n\t\t\t\t\t<div class=\"elementor-column elementor-col-50 elementor-top-column elementor-element elementor-element-6b80e275\" data-id=\"6b80e275\" data-element_type=\"column\">\n\t\t\t<div class=\"elementor-widget-wrap elementor-element-populated\">\n\t\t\t\t\t\t<div class=\"elementor-element elementor-element-2ba834df elementor-widget elementor-widget-image\" data-id=\"2ba834df\" data-element_type=\"widget\" data-widget_type=\"image.default\">\n\t\t\t\t<div class=\"elementor-widget-container\">\n\t\t\t\t\t\t\t\t\t\t\t\t\t\t\t<img decoding=\"async\" width=\"475\" height=\"205\" src=\"https:\/\/www.temacslitters.com\/wp-content\/uploads\/2023\/02\/slitter-design-1.jpg\" class=\"attachment-full size-full wp-image-4794\" alt=\"\" srcset=\"https:\/\/www.temacslitters.com\/wp-content\/uploads\/2023\/02\/slitter-design-1.jpg 475w, https:\/\/www.temacslitters.com\/wp-content\/uploads\/2023\/02\/slitter-design-1-300x129.jpg 300w\" sizes=\"(max-width: 475px) 100vw, 475px\" \/>\t\t\t\t\t\t\t\t\t\t\t\t\t\t\t<\/div>\n\t\t\t\t<\/div>\n\t\t\t\t\t<\/div>\n\t\t<\/div>\n\t\t\t\t<div class=\"elementor-column elementor-col-50 elementor-top-column elementor-element elementor-element-30bb69fa\" data-id=\"30bb69fa\" data-element_type=\"column\">\n\t\t\t<div class=\"elementor-widget-wrap elementor-element-populated\">\n\t\t\t\t\t\t<div class=\"elementor-element elementor-element-10ea7f6c elementor-widget elementor-widget-text-editor\" data-id=\"10ea7f6c\" data-element_type=\"widget\" data-widget_type=\"text-editor.default\">\n\t\t\t\t<div class=\"elementor-widget-container\">\n\t\t\t\t\t\t\t\t\tTous les cutters, si seuls les principaux param\u00e8tres techniques sont pris en compte, se ressemblent, mais ce sont les d\u00e9tails qui font la diff\u00e9rence. Dans notre cas, le point de d\u00e9part est toujours le client et en particulier l&rsquo;op\u00e9rateur machine du d\u00e9partement d\u00e9coupe. C&rsquo;est en \u00e9coutant les utilisateurs finaux, ceux qui utilisent le cutter au quotidien, qu&rsquo;au fil de notre exp\u00e9rience, nous avons am\u00e9lior\u00e9 certains aspects, introduit des d\u00e9tails simples mais d\u00e9cisifs, pour r\u00e9pondre \u00e0 leurs besoins. Et ainsi chaque <b>cutter s&rsquo;enrichit de solutions ad hoc, \u00e0 tel point que chacun poss\u00e8de des particularit\u00e9s, qui le rendent unique<\/b>.\t\t\t\t\t\t\t\t<\/div>\n\t\t\t\t<\/div>\n\t\t\t\t<div class=\"elementor-element elementor-element-43f297e elementor-align-center elementor-widget elementor-widget-button\" data-id=\"43f297e\" data-element_type=\"widget\" data-widget_type=\"button.default\">\n\t\t\t\t<div class=\"elementor-widget-container\">\n\t\t\t\t\t\t\t\t\t<div class=\"elementor-button-wrapper\">\n\t\t\t\t\t<a class=\"elementor-button elementor-button-link elementor-size-sm\" href=\"https:\/\/www.temacslitters.com\/fr\/skills\/\">\n\t\t\t\t\t\t<span class=\"elementor-button-content-wrapper\">\n\t\t\t\t\t\t\t\t\t<span class=\"elementor-button-text\">En savoir plus sur les comp\u00e9tences<\/span>\n\t\t\t\t\t<\/span>\n\t\t\t\t\t<\/a>\n\t\t\t\t<\/div>\n\t\t\t\t\t\t\t\t<\/div>\n\t\t\t\t<\/div>\n\t\t\t\t\t<\/div>\n\t\t<\/div>\n\t\t\t\t\t<\/div>\n\t\t<\/section>\n\t\t\t\t<section class=\"elementor-section elementor-top-section elementor-element elementor-element-60d0c2b elementor-section-boxed elementor-section-height-default elementor-section-height-default\" data-id=\"60d0c2b\" data-element_type=\"section\">\n\t\t\t\t\t\t<div class=\"elementor-container elementor-column-gap-default\">\n\t\t\t\t\t<div class=\"elementor-column elementor-col-50 elementor-top-column elementor-element elementor-element-6cbb179b\" data-id=\"6cbb179b\" data-element_type=\"column\">\n\t\t\t<div class=\"elementor-widget-wrap elementor-element-populated\">\n\t\t\t\t\t\t<div class=\"elementor-element elementor-element-13afa00 elementor-widget elementor-widget-image\" data-id=\"13afa00\" data-element_type=\"widget\" data-widget_type=\"image.default\">\n\t\t\t\t<div class=\"elementor-widget-container\">\n\t\t\t\t\t\t\t\t\t\t\t\t\t\t\t<img loading=\"lazy\" decoding=\"async\" width=\"401\" height=\"287\" src=\"https:\/\/www.temacslitters.com\/wp-content\/uploads\/2023\/02\/affidabili.jpg\" class=\"attachment-full size-full wp-image-4844\" alt=\"\" srcset=\"https:\/\/www.temacslitters.com\/wp-content\/uploads\/2023\/02\/affidabili.jpg 401w, https:\/\/www.temacslitters.com\/wp-content\/uploads\/2023\/02\/affidabili-300x215.jpg 300w\" sizes=\"(max-width: 401px) 100vw, 401px\" \/>\t\t\t\t\t\t\t\t\t\t\t\t\t\t\t<\/div>\n\t\t\t\t<\/div>\n\t\t\t\t\t<\/div>\n\t\t<\/div>\n\t\t\t\t<div class=\"elementor-column elementor-col-50 elementor-top-column elementor-element elementor-element-52b0faa0\" data-id=\"52b0faa0\" data-element_type=\"column\">\n\t\t\t<div class=\"elementor-widget-wrap elementor-element-populated\">\n\t\t\t\t\t\t<div class=\"elementor-element elementor-element-31be4993 elementor-widget elementor-widget-heading\" data-id=\"31be4993\" data-element_type=\"widget\" data-widget_type=\"heading.default\">\n\t\t\t\t<div class=\"elementor-widget-container\">\n\t\t\t\t\t<h3 class=\"elementor-heading-title elementor-size-default\">Nous sommes fiables<\/h3>\t\t\t\t<\/div>\n\t\t\t\t<\/div>\n\t\t\t\t<div class=\"elementor-element elementor-element-35e879bf elementor-widget elementor-widget-text-editor\" data-id=\"35e879bf\" data-element_type=\"widget\" data-widget_type=\"text-editor.default\">\n\t\t\t\t<div class=\"elementor-widget-container\">\n\t\t\t\t\t\t\t\t\tNos produits r\u00e9pondent aux exigences de fiabilit\u00e9 et de performance les plus \u00e9lev\u00e9es, garantissant une efficacit\u00e9 \u00e9lev\u00e9e et une innovation continue dans le secteur.\nDepuis 1999, nous sommes un partenaire fiable qui croit en la qualit\u00e9 et ne fait aucun compromis. Au fil des ans, nous avons atteint un pourcentage de plus en plus \u00e9lev\u00e9 de clients fid\u00e8les. Nous restons avec nos clients gr\u00e2ce \u00e0\n<ul>\n <li>service de pi\u00e8ces de rechange efficace<\/li>\n <li>assistance technique qualifi\u00e9e sur site ou \u00e0 distance<\/li>\n<\/ul>\t\t\t\t\t\t\t\t<\/div>\n\t\t\t\t<\/div>\n\t\t\t\t\t<\/div>\n\t\t<\/div>\n\t\t\t\t\t<\/div>\n\t\t<\/section>\n\t\t\t\t<section class=\"elementor-section elementor-top-section elementor-element elementor-element-46f6889 elementor-section-boxed elementor-section-height-default elementor-section-height-default\" data-id=\"46f6889\" data-element_type=\"section\">\n\t\t\t\t\t\t<div class=\"elementor-container elementor-column-gap-default\">\n\t\t\t\t\t<div class=\"elementor-column elementor-col-50 elementor-top-column elementor-element elementor-element-7663fe6e\" data-id=\"7663fe6e\" data-element_type=\"column\">\n\t\t\t<div class=\"elementor-widget-wrap elementor-element-populated\">\n\t\t\t\t\t\t<div class=\"elementor-element elementor-element-545338a9 elementor-widget elementor-widget-image\" data-id=\"545338a9\" data-element_type=\"widget\" data-widget_type=\"image.default\">\n\t\t\t\t<div class=\"elementor-widget-container\">\n\t\t\t\t\t\t\t\t\t\t\t\t\t\t\t<img loading=\"lazy\" decoding=\"async\" width=\"690\" height=\"279\" src=\"https:\/\/www.temacslitters.com\/wp-content\/uploads\/2022\/06\/ecosystemac.jpg\" class=\"attachment-large size-large wp-image-3978\" alt=\"ecosystemac\" srcset=\"https:\/\/www.temacslitters.com\/wp-content\/uploads\/2022\/06\/ecosystemac.jpg 768w, https:\/\/www.temacslitters.com\/wp-content\/uploads\/2022\/06\/ecosystemac-300x121.jpg 300w\" sizes=\"(max-width: 690px) 100vw, 690px\" \/>\t\t\t\t\t\t\t\t\t\t\t\t\t\t\t<\/div>\n\t\t\t\t<\/div>\n\t\t\t\t\t<\/div>\n\t\t<\/div>\n\t\t\t\t<div class=\"elementor-column elementor-col-50 elementor-top-column elementor-element elementor-element-3c91b061\" data-id=\"3c91b061\" data-element_type=\"column\">\n\t\t\t<div class=\"elementor-widget-wrap elementor-element-populated\">\n\t\t\t\t\t\t<div class=\"elementor-element elementor-element-1e59b3be elementor-widget elementor-widget-heading\" data-id=\"1e59b3be\" data-element_type=\"widget\" data-widget_type=\"heading.default\">\n\t\t\t\t<div class=\"elementor-widget-container\">\n\t\t\t\t\t<h3 class=\"elementor-heading-title elementor-size-default\">Nous sommes \u00e9cologiques<\/h3>\t\t\t\t<\/div>\n\t\t\t\t<\/div>\n\t\t\t\t<div class=\"elementor-element elementor-element-774e5297 elementor-widget elementor-widget-text-editor\" data-id=\"774e5297\" data-element_type=\"widget\" data-widget_type=\"text-editor.default\">\n\t\t\t\t<div class=\"elementor-widget-container\">\n\t\t\t\t\t\t\t\t\tNous avons pris notre engagement environnemental en concevant et fabriquant la s\u00e9rie Ecosystemac qui garantit une haute valeur ajout\u00e9e en termes de performance de production et d&rsquo;\u00e9co-durabilit\u00e9.\t\t\t\t\t\t\t\t<\/div>\n\t\t\t\t<\/div>\n\t\t\t\t<div class=\"elementor-element elementor-element-7a4ab elementor-align-center elementor-widget elementor-widget-button\" data-id=\"7a4ab\" data-element_type=\"widget\" data-widget_type=\"button.default\">\n\t\t\t\t<div class=\"elementor-widget-container\">\n\t\t\t\t\t\t\t\t\t<div class=\"elementor-button-wrapper\">\n\t\t\t\t\t<a class=\"elementor-button elementor-button-link elementor-size-sm\" href=\"https:\/\/www.temacslitters.com\/fr\/ecosystemac\/\">\n\t\t\t\t\t\t<span class=\"elementor-button-content-wrapper\">\n\t\t\t\t\t\t\t\t\t<span class=\"elementor-button-text\"> D\u00e9couvrez Ecosystemac<\/span>\n\t\t\t\t\t<\/span>\n\t\t\t\t\t<\/a>\n\t\t\t\t<\/div>\n\t\t\t\t\t\t\t\t<\/div>\n\t\t\t\t<\/div>\n\t\t\t\t\t<\/div>\n\t\t<\/div>\n\t\t\t\t\t<\/div>\n\t\t<\/section>\n\t\t\t\t<\/div>\n\t\t","protected":false},"excerpt":{"rendered":"<p>\u00ab\u00a0Slitter engineering\u00a0\u00bb est notre essence : le design est notre philosophie de fonctionnement, annonciateur de g\u00e9nie et de cr\u00e9ativit\u00e9. Nous sommes toujours pr\u00eats \u00e0 \u00e9couter les besoins de nos clients et \u00e0 concevoir de nouvelles solutions qui les satisfont. Le client est notre pr\u00e9cieux partenaire. Nous pensons que les solutions les plus cr\u00e9atives, les petites<br \/><a class=\"moretag\" href=\"https:\/\/www.temacslitters.com\/fr\/societe\/\">+ Lire La Suite<\/a><\/p>\n","protected":false},"author":1,"featured_media":0,"parent":0,"menu_order":0,"comment_status":"closed","ping_status":"closed","template":"templates\/page-fullwidth_template.php","meta":{"_acf_changed":false,"footnotes":""},"class_list":["post-1893","page","type-page","status-publish","hentry"],"acf":[],"yoast_head":"<!-- This site is optimized with the Yoast SEO plugin v27.3 - https:\/\/yoast.com\/product\/yoast-seo-wordpress\/ -->\n<title>Societ\u00e9 - Bobineuse D\u00e9coupeuse Temac<\/title>\n<meta name=\"robots\" content=\"index, follow, max-snippet:-1, max-image-preview:large, max-video-preview:-1\" \/>\n<link rel=\"canonical\" href=\"https:\/\/www.temacslitters.com\/it\/azienda\/\" \/>\n<meta property=\"og:locale\" content=\"fr_FR\" \/>\n<meta property=\"og:type\" content=\"article\" \/>\n<meta property=\"og:title\" content=\"Societ\u00e9 - Bobineuse D\u00e9coupeuse Temac\" \/>\n<meta property=\"og:description\" content=\"\u00ab\u00a0Slitter engineering\u00a0\u00bb est notre essence : le design est notre philosophie de fonctionnement, annonciateur de g\u00e9nie et de cr\u00e9ativit\u00e9. Nous sommes toujours pr\u00eats \u00e0 \u00e9couter les besoins de nos clients et \u00e0 concevoir de nouvelles solutions qui les satisfont. Le client est notre pr\u00e9cieux partenaire. Nous pensons que les solutions les plus cr\u00e9atives, les petites+ Lire La Suite\" \/>\n<meta property=\"og:url\" content=\"https:\/\/www.temacslitters.com\/it\/azienda\/\" \/>\n<meta property=\"og:site_name\" content=\"Bobineuse D\u00e9coupeuse Temac\" \/>\n<meta property=\"article:publisher\" content=\"https:\/\/www.facebook.com\/TemacSrl\/\" \/>\n<meta property=\"article:modified_time\" content=\"2024-03-15T09:22:17+00:00\" \/>\n<meta property=\"og:image\" content=\"https:\/\/www.temacslitters.com\/wp-content\/uploads\/2023\/02\/temac-azienda-1.jpg\" \/>\n<meta name=\"twitter:card\" content=\"summary_large_image\" \/>\n<meta name=\"twitter:label1\" content=\"Dur\u00e9e de lecture estim\u00e9e\" \/>\n\t<meta name=\"twitter:data1\" content=\"3 minutes\" \/>\n<script type=\"application\/ld+json\" class=\"yoast-schema-graph\">{\"@context\":\"https:\\\/\\\/schema.org\",\"@graph\":[{\"@type\":\"WebPage\",\"@id\":\"https:\\\/\\\/www.temacslitters.com\\\/it\\\/azienda\\\/\",\"url\":\"https:\\\/\\\/www.temacslitters.com\\\/it\\\/azienda\\\/\",\"name\":\"Societ\u00e9 - Bobineuse D\u00e9coupeuse Temac\",\"isPartOf\":{\"@id\":\"https:\\\/\\\/www.temacslitters.com\\\/it\\\/#website\"},\"primaryImageOfPage\":{\"@id\":\"https:\\\/\\\/www.temacslitters.com\\\/it\\\/azienda\\\/#primaryimage\"},\"image\":{\"@id\":\"https:\\\/\\\/www.temacslitters.com\\\/it\\\/azienda\\\/#primaryimage\"},\"thumbnailUrl\":\"https:\\\/\\\/www.temacslitters.com\\\/wp-content\\\/uploads\\\/2023\\\/02\\\/temac-azienda-1.jpg\",\"datePublished\":\"2017-08-24T10:35:12+00:00\",\"dateModified\":\"2024-03-15T09:22:17+00:00\",\"breadcrumb\":{\"@id\":\"https:\\\/\\\/www.temacslitters.com\\\/it\\\/azienda\\\/#breadcrumb\"},\"inLanguage\":\"fr-FR\",\"potentialAction\":[{\"@type\":\"ReadAction\",\"target\":[\"https:\\\/\\\/www.temacslitters.com\\\/it\\\/azienda\\\/\"]}]},{\"@type\":\"ImageObject\",\"inLanguage\":\"fr-FR\",\"@id\":\"https:\\\/\\\/www.temacslitters.com\\\/it\\\/azienda\\\/#primaryimage\",\"url\":\"https:\\\/\\\/www.temacslitters.com\\\/wp-content\\\/uploads\\\/2023\\\/02\\\/temac-azienda-1.jpg\",\"contentUrl\":\"https:\\\/\\\/www.temacslitters.com\\\/wp-content\\\/uploads\\\/2023\\\/02\\\/temac-azienda-1.jpg\"},{\"@type\":\"BreadcrumbList\",\"@id\":\"https:\\\/\\\/www.temacslitters.com\\\/it\\\/azienda\\\/#breadcrumb\",\"itemListElement\":[{\"@type\":\"ListItem\",\"position\":1,\"name\":\"Home\",\"item\":\"https:\\\/\\\/www.temacslitters.com\\\/it\\\/\"},{\"@type\":\"ListItem\",\"position\":2,\"name\":\"Societ\u00e9\"}]},{\"@type\":\"WebSite\",\"@id\":\"https:\\\/\\\/www.temacslitters.com\\\/it\\\/#website\",\"url\":\"https:\\\/\\\/www.temacslitters.com\\\/it\\\/\",\"name\":\"Bobineuse D\u00e9coupeuse Temac\",\"description\":\"Temac : leader du march\u00e9 dans la production de bobineuses-refendeuses, de machines d&#039;emballage et de machines sp\u00e9ciales sur demande.\",\"publisher\":{\"@id\":\"https:\\\/\\\/www.temacslitters.com\\\/it\\\/#organization\"},\"potentialAction\":[{\"@type\":\"SearchAction\",\"target\":{\"@type\":\"EntryPoint\",\"urlTemplate\":\"https:\\\/\\\/www.temacslitters.com\\\/it\\\/?s={search_term_string}\"},\"query-input\":{\"@type\":\"PropertyValueSpecification\",\"valueRequired\":true,\"valueName\":\"search_term_string\"}}],\"inLanguage\":\"fr-FR\"},{\"@type\":\"Organization\",\"@id\":\"https:\\\/\\\/www.temacslitters.com\\\/it\\\/#organization\",\"name\":\"Temac\",\"url\":\"https:\\\/\\\/www.temacslitters.com\\\/it\\\/\",\"logo\":{\"@type\":\"ImageObject\",\"inLanguage\":\"fr-FR\",\"@id\":\"https:\\\/\\\/www.temacslitters.com\\\/it\\\/#\\\/schema\\\/logo\\\/image\\\/\",\"url\":\"https:\\\/\\\/www.temacslitters.com\\\/wp-content\\\/uploads\\\/2017\\\/03\\\/temac_converting_taglierine_svolgitori_logo.png\",\"contentUrl\":\"https:\\\/\\\/www.temacslitters.com\\\/wp-content\\\/uploads\\\/2017\\\/03\\\/temac_converting_taglierine_svolgitori_logo.png\",\"width\":219,\"height\":55,\"caption\":\"Temac\"},\"image\":{\"@id\":\"https:\\\/\\\/www.temacslitters.com\\\/it\\\/#\\\/schema\\\/logo\\\/image\\\/\"},\"sameAs\":[\"https:\\\/\\\/www.facebook.com\\\/TemacSrl\\\/\",\"https:\\\/\\\/www.linkedin.com\\\/company\\\/temac-srl\\\/\"]}]}<\/script>\n<!-- \/ Yoast SEO plugin. -->","yoast_head_json":{"title":"Societ\u00e9 - Bobineuse D\u00e9coupeuse Temac","robots":{"index":"index","follow":"follow","max-snippet":"max-snippet:-1","max-image-preview":"max-image-preview:large","max-video-preview":"max-video-preview:-1"},"canonical":"https:\/\/www.temacslitters.com\/it\/azienda\/","og_locale":"fr_FR","og_type":"article","og_title":"Societ\u00e9 - Bobineuse D\u00e9coupeuse Temac","og_description":"\u00ab\u00a0Slitter engineering\u00a0\u00bb est notre essence : le design est notre philosophie de fonctionnement, annonciateur de g\u00e9nie et de cr\u00e9ativit\u00e9. Nous sommes toujours pr\u00eats \u00e0 \u00e9couter les besoins de nos clients et \u00e0 concevoir de nouvelles solutions qui les satisfont. Le client est notre pr\u00e9cieux partenaire. Nous pensons que les solutions les plus cr\u00e9atives, les petites+ Lire La Suite","og_url":"https:\/\/www.temacslitters.com\/it\/azienda\/","og_site_name":"Bobineuse D\u00e9coupeuse Temac","article_publisher":"https:\/\/www.facebook.com\/TemacSrl\/","article_modified_time":"2024-03-15T09:22:17+00:00","og_image":[{"url":"https:\/\/www.temacslitters.com\/wp-content\/uploads\/2023\/02\/temac-azienda-1.jpg","type":"","width":"","height":""}],"twitter_card":"summary_large_image","twitter_misc":{"Dur\u00e9e de lecture estim\u00e9e":"3 minutes"},"schema":{"@context":"https:\/\/schema.org","@graph":[{"@type":"WebPage","@id":"https:\/\/www.temacslitters.com\/it\/azienda\/","url":"https:\/\/www.temacslitters.com\/it\/azienda\/","name":"Societ\u00e9 - Bobineuse D\u00e9coupeuse Temac","isPartOf":{"@id":"https:\/\/www.temacslitters.com\/it\/#website"},"primaryImageOfPage":{"@id":"https:\/\/www.temacslitters.com\/it\/azienda\/#primaryimage"},"image":{"@id":"https:\/\/www.temacslitters.com\/it\/azienda\/#primaryimage"},"thumbnailUrl":"https:\/\/www.temacslitters.com\/wp-content\/uploads\/2023\/02\/temac-azienda-1.jpg","datePublished":"2017-08-24T10:35:12+00:00","dateModified":"2024-03-15T09:22:17+00:00","breadcrumb":{"@id":"https:\/\/www.temacslitters.com\/it\/azienda\/#breadcrumb"},"inLanguage":"fr-FR","potentialAction":[{"@type":"ReadAction","target":["https:\/\/www.temacslitters.com\/it\/azienda\/"]}]},{"@type":"ImageObject","inLanguage":"fr-FR","@id":"https:\/\/www.temacslitters.com\/it\/azienda\/#primaryimage","url":"https:\/\/www.temacslitters.com\/wp-content\/uploads\/2023\/02\/temac-azienda-1.jpg","contentUrl":"https:\/\/www.temacslitters.com\/wp-content\/uploads\/2023\/02\/temac-azienda-1.jpg"},{"@type":"BreadcrumbList","@id":"https:\/\/www.temacslitters.com\/it\/azienda\/#breadcrumb","itemListElement":[{"@type":"ListItem","position":1,"name":"Home","item":"https:\/\/www.temacslitters.com\/it\/"},{"@type":"ListItem","position":2,"name":"Societ\u00e9"}]},{"@type":"WebSite","@id":"https:\/\/www.temacslitters.com\/it\/#website","url":"https:\/\/www.temacslitters.com\/it\/","name":"Bobineuse D\u00e9coupeuse Temac","description":"Temac : leader du march\u00e9 dans la production de bobineuses-refendeuses, de machines d&#039;emballage et de machines sp\u00e9ciales sur demande.","publisher":{"@id":"https:\/\/www.temacslitters.com\/it\/#organization"},"potentialAction":[{"@type":"SearchAction","target":{"@type":"EntryPoint","urlTemplate":"https:\/\/www.temacslitters.com\/it\/?s={search_term_string}"},"query-input":{"@type":"PropertyValueSpecification","valueRequired":true,"valueName":"search_term_string"}}],"inLanguage":"fr-FR"},{"@type":"Organization","@id":"https:\/\/www.temacslitters.com\/it\/#organization","name":"Temac","url":"https:\/\/www.temacslitters.com\/it\/","logo":{"@type":"ImageObject","inLanguage":"fr-FR","@id":"https:\/\/www.temacslitters.com\/it\/#\/schema\/logo\/image\/","url":"https:\/\/www.temacslitters.com\/wp-content\/uploads\/2017\/03\/temac_converting_taglierine_svolgitori_logo.png","contentUrl":"https:\/\/www.temacslitters.com\/wp-content\/uploads\/2017\/03\/temac_converting_taglierine_svolgitori_logo.png","width":219,"height":55,"caption":"Temac"},"image":{"@id":"https:\/\/www.temacslitters.com\/it\/#\/schema\/logo\/image\/"},"sameAs":["https:\/\/www.facebook.com\/TemacSrl\/","https:\/\/www.linkedin.com\/company\/temac-srl\/"]}]}},"_links":{"self":[{"href":"https:\/\/www.temacslitters.com\/fr\/wp-json\/wp\/v2\/pages\/1893","targetHints":{"allow":["GET"]}}],"collection":[{"href":"https:\/\/www.temacslitters.com\/fr\/wp-json\/wp\/v2\/pages"}],"about":[{"href":"https:\/\/www.temacslitters.com\/fr\/wp-json\/wp\/v2\/types\/page"}],"author":[{"embeddable":true,"href":"https:\/\/www.temacslitters.com\/fr\/wp-json\/wp\/v2\/users\/1"}],"replies":[{"embeddable":true,"href":"https:\/\/www.temacslitters.com\/fr\/wp-json\/wp\/v2\/comments?post=1893"}],"version-history":[{"count":20,"href":"https:\/\/www.temacslitters.com\/fr\/wp-json\/wp\/v2\/pages\/1893\/revisions"}],"predecessor-version":[{"id":5675,"href":"https:\/\/www.temacslitters.com\/fr\/wp-json\/wp\/v2\/pages\/1893\/revisions\/5675"}],"wp:attachment":[{"href":"https:\/\/www.temacslitters.com\/fr\/wp-json\/wp\/v2\/media?parent=1893"}],"curies":[{"name":"wp","href":"https:\/\/api.w.org\/{rel}","templated":true}]}}