{"id":5392,"date":"2023-10-05T06:45:54","date_gmt":"2023-10-05T06:45:54","guid":{"rendered":"https:\/\/www.temacslitters.com\/?page_id=5392"},"modified":"2023-10-05T06:48:29","modified_gmt":"2023-10-05T06:48:29","slug":"cosmetica-moda-y-diseno","status":"publish","type":"page","link":"https:\/\/www.temacslitters.com\/es\/cosmetica-moda-y-diseno\/","title":{"rendered":"Cosm\u00e9tica, Moda y Dise\u00f1o"},"content":{"rendered":"\t\t<div data-elementor-type=\"wp-page\" data-elementor-id=\"5392\" class=\"elementor elementor-5392 elementor-4433\">\n\t\t\t\t\t\t<section class=\"elementor-section elementor-top-section elementor-element elementor-element-cd5f623 elementor-section-boxed elementor-section-height-default elementor-section-height-default\" data-id=\"cd5f623\" data-element_type=\"section\">\n\t\t\t\t\t\t<div class=\"elementor-container elementor-column-gap-default\">\n\t\t\t\t\t<div class=\"elementor-column elementor-col-50 elementor-top-column elementor-element elementor-element-6db2409\" data-id=\"6db2409\" data-element_type=\"column\">\n\t\t\t<div class=\"elementor-widget-wrap elementor-element-populated\">\n\t\t\t\t\t\t<div class=\"elementor-element elementor-element-681c392 elementor-widget elementor-widget-image\" data-id=\"681c392\" data-element_type=\"widget\" data-widget_type=\"image.default\">\n\t\t\t\t<div class=\"elementor-widget-container\">\n\t\t\t\t\t\t\t\t\t\t\t\t\t\t\t<img fetchpriority=\"high\" decoding=\"async\" width=\"768\" height=\"512\" src=\"https:\/\/www.temacslitters.com\/wp-content\/uploads\/2022\/11\/taglierine-temac-cosmetici-moda-design.jpg\" class=\"attachment-large size-large wp-image-4410\" alt=\"taglierine temac cosmetica moda design\" srcset=\"https:\/\/www.temacslitters.com\/wp-content\/uploads\/2022\/11\/taglierine-temac-cosmetici-moda-design.jpg 768w, https:\/\/www.temacslitters.com\/wp-content\/uploads\/2022\/11\/taglierine-temac-cosmetici-moda-design-300x200.jpg 300w\" sizes=\"(max-width: 768px) 100vw, 768px\" \/>\t\t\t\t\t\t\t\t\t\t\t\t\t\t\t<\/div>\n\t\t\t\t<\/div>\n\t\t\t\t\t<\/div>\n\t\t<\/div>\n\t\t\t\t<div class=\"elementor-column elementor-col-50 elementor-top-column elementor-element elementor-element-cd19b12\" data-id=\"cd19b12\" data-element_type=\"column\">\n\t\t\t<div class=\"elementor-widget-wrap elementor-element-populated\">\n\t\t\t\t\t\t<div class=\"elementor-element elementor-element-b3b77c2 elementor-widget elementor-widget-text-editor\" data-id=\"b3b77c2\" data-element_type=\"widget\" data-widget_type=\"text-editor.default\">\n\t\t\t\t<div class=\"elementor-widget-container\">\n\t\t\t\t\t\t\t\t\t<p>La <strong>l\u00e1mina de estampaci\u00f3n en caliente es una pel\u00edcula de poli\u00e9ster o polipropileno pigmentada o laminada<\/strong> que libera el efecto mediante la acci\u00f3n combinada de la presi\u00f3n y el calor. Es un material muy delicado de procesar y, sobre todo, de cortar. Se aplica a diversos sectores como la moda, la cosm\u00e9tica y el dise\u00f1o que utilizan laminados de este tipo. Temac ha adquirido una experiencia particular gracias a su colaboraci\u00f3n con una empresa (Luxoro, Kurz Group) l\u00edder en el sector que ha adquirido 13 m\u00e1quinas a lo largo de los a\u00f1os.<\/p>\t\t\t\t\t\t\t\t<\/div>\n\t\t\t\t<\/div>\n\t\t\t\t<div class=\"elementor-element elementor-element-8663565 elementor-widget elementor-widget-text-editor\" data-id=\"8663565\" data-element_type=\"widget\" data-widget_type=\"text-editor.default\">\n\t\t\t\t<div class=\"elementor-widget-container\">\n\t\t\t\t\t\t\t\t\t<h3>CAMPOS DE APLICACI\u00d3N<\/h3>\ncosm\u00e9tica, moda, dise\u00f1o\t\t\t\t\t\t\t\t<\/div>\n\t\t\t\t<\/div>\n\t\t\t\t<div class=\"elementor-element elementor-element-b7dc56e elementor-widget elementor-widget-text-editor\" data-id=\"b7dc56e\" data-element_type=\"widget\" data-widget_type=\"text-editor.default\">\n\t\t\t\t<div class=\"elementor-widget-container\">\n\t\t\t\t\t\t\t\t\t<h3>MATERIALES<\/h3>\nfilm de poliester o polipropileno pigmentado o laminado\t\t\t\t\t\t\t\t<\/div>\n\t\t\t\t<\/div>\n\t\t\t\t\t<\/div>\n\t\t<\/div>\n\t\t\t\t\t<\/div>\n\t\t<\/section>\n\t\t\t\t<section class=\"elementor-section elementor-top-section elementor-element elementor-element-10cb598 elementor-section-boxed elementor-section-height-default elementor-section-height-default\" data-id=\"10cb598\" data-element_type=\"section\">\n\t\t\t\t\t\t<div class=\"elementor-container elementor-column-gap-default\">\n\t\t\t\t\t<div class=\"elementor-column elementor-col-100 elementor-top-column elementor-element elementor-element-c5997a8\" data-id=\"c5997a8\" data-element_type=\"column\">\n\t\t\t<div class=\"elementor-widget-wrap elementor-element-populated\">\n\t\t\t\t\t\t<div class=\"elementor-element elementor-element-2e6b301 elementor-widget elementor-widget-heading\" data-id=\"2e6b301\" data-element_type=\"widget\" data-widget_type=\"heading.default\">\n\t\t\t\t<div class=\"elementor-widget-container\">\n\t\t\t\t\t<h2 class=\"elementor-heading-title elementor-size-default\">Cortadoras recomendadas<\/h2>\t\t\t\t<\/div>\n\t\t\t\t<\/div>\n\t\t\t\t\t<\/div>\n\t\t<\/div>\n\t\t\t\t\t<\/div>\n\t\t<\/section>\n\t\t\t\t<section class=\"elementor-section elementor-top-section elementor-element elementor-element-5dc52a8 elementor-section-boxed elementor-section-height-default elementor-section-height-default\" data-id=\"5dc52a8\" data-element_type=\"section\">\n\t\t\t\t\t\t<div class=\"elementor-container elementor-column-gap-default\">\n\t\t\t\t\t<div class=\"elementor-column elementor-col-50 elementor-top-column elementor-element elementor-element-a75eb66\" data-id=\"a75eb66\" data-element_type=\"column\">\n\t\t\t<div class=\"elementor-widget-wrap elementor-element-populated\">\n\t\t\t\t\t\t<div class=\"elementor-element elementor-element-9814995 elementor-widget elementor-widget-image\" data-id=\"9814995\" data-element_type=\"widget\" data-widget_type=\"image.default\">\n\t\t\t\t<div class=\"elementor-widget-container\">\n\t\t\t\t\t\t\t\t\t\t\t\t<figure class=\"wp-caption\">\n\t\t\t\t\t\t\t\t\t\t\t<a href=\"https:\/\/www.temacslitters.com\/es\/m\/cortadora-rebobinadora-srs-850\/\">\n\t\t\t\t\t\t\t<img decoding=\"async\" width=\"505\" height=\"355\" src=\"https:\/\/www.temacslitters.com\/wp-content\/uploads\/2018\/01\/srs850.jpg\" class=\"attachment-large size-large wp-image-3071\" alt=\"srs850\" srcset=\"https:\/\/www.temacslitters.com\/wp-content\/uploads\/2018\/01\/srs850.jpg 505w, https:\/\/www.temacslitters.com\/wp-content\/uploads\/2018\/01\/srs850-300x211.jpg 300w\" sizes=\"(max-width: 505px) 100vw, 505px\" \/>\t\t\t\t\t\t\t\t<\/a>\n\t\t\t\t\t\t\t\t\t\t\t<figcaption class=\"widget-image-caption wp-caption-text\">SRS 850<\/figcaption>\n\t\t\t\t\t\t\t\t\t\t<\/figure>\n\t\t\t\t\t\t\t\t\t<\/div>\n\t\t\t\t<\/div>\n\t\t\t\t\t<\/div>\n\t\t<\/div>\n\t\t\t\t<div class=\"elementor-column elementor-col-50 elementor-top-column elementor-element elementor-element-1f8d55a\" data-id=\"1f8d55a\" data-element_type=\"column\">\n\t\t\t<div class=\"elementor-widget-wrap elementor-element-populated\">\n\t\t\t\t\t\t\t<\/div>\n\t\t<\/div>\n\t\t\t\t\t<\/div>\n\t\t<\/section>\n\t\t\t\t<\/div>\n\t\t","protected":false},"excerpt":{"rendered":"<p>La l\u00e1mina de estampaci\u00f3n en caliente es una pel\u00edcula de poli\u00e9ster o polipropileno pigmentada o laminada que libera el efecto mediante la acci\u00f3n combinada de la presi\u00f3n y el calor. Es un material muy delicado de procesar y, sobre todo, de cortar. Se aplica a diversos sectores como la moda, la cosm\u00e9tica y el dise\u00f1o<br \/><a class=\"moretag\" href=\"https:\/\/www.temacslitters.com\/es\/cosmetica-moda-y-diseno\/\">+ Leer M\u00e1s<\/a><\/p>\n","protected":false},"author":1,"featured_media":0,"parent":0,"menu_order":0,"comment_status":"closed","ping_status":"closed","template":"templates\/page-fullwidth_template.php","meta":{"_acf_changed":false,"footnotes":""},"class_list":["post-5392","page","type-page","status-publish","hentry"],"acf":[],"yoast_head":"<!-- This site is optimized with the Yoast SEO plugin v27.3 - https:\/\/yoast.com\/product\/yoast-seo-wordpress\/ -->\n<title>Cosm\u00e9tica, Moda y Dise\u00f1o - Cortadoras Rebobinadoras Temac<\/title>\n<meta name=\"robots\" content=\"index, follow, max-snippet:-1, max-image-preview:large, max-video-preview:-1\" \/>\n<link rel=\"canonical\" href=\"https:\/\/www.temacslitters.com\/es\/cosmetica-moda-y-diseno\/\" \/>\n<meta property=\"og:locale\" content=\"es_ES\" \/>\n<meta property=\"og:type\" content=\"article\" \/>\n<meta property=\"og:title\" content=\"Cosm\u00e9tica, Moda y Dise\u00f1o - Cortadoras Rebobinadoras Temac\" \/>\n<meta property=\"og:description\" content=\"La l\u00e1mina de estampaci\u00f3n en caliente es una pel\u00edcula de poli\u00e9ster o polipropileno pigmentada o laminada que libera el efecto mediante la acci\u00f3n combinada de la presi\u00f3n y el calor. Es un material muy delicado de procesar y, sobre todo, de cortar. Se aplica a diversos sectores como la moda, la cosm\u00e9tica y el dise\u00f1o+ Leer M\u00e1s\" \/>\n<meta property=\"og:url\" content=\"https:\/\/www.temacslitters.com\/es\/cosmetica-moda-y-diseno\/\" \/>\n<meta property=\"og:site_name\" content=\"Cortadoras Rebobinadoras Temac\" \/>\n<meta property=\"article:publisher\" content=\"https:\/\/www.facebook.com\/TemacSrl\/\" \/>\n<meta property=\"article:modified_time\" content=\"2023-10-05T06:48:29+00:00\" \/>\n<meta property=\"og:image\" content=\"https:\/\/www.temacslitters.com\/wp-content\/uploads\/2022\/11\/taglierine-temac-cosmetici-moda-design.jpg\" \/>\n<meta name=\"twitter:card\" content=\"summary_large_image\" \/>\n<meta name=\"twitter:label1\" content=\"Tiempo de lectura\" \/>\n\t<meta name=\"twitter:data1\" content=\"1 minuto\" \/>\n<script type=\"application\/ld+json\" class=\"yoast-schema-graph\">{\"@context\":\"https:\\\/\\\/schema.org\",\"@graph\":[{\"@type\":\"WebPage\",\"@id\":\"https:\\\/\\\/www.temacslitters.com\\\/es\\\/cosmetica-moda-y-diseno\\\/\",\"url\":\"https:\\\/\\\/www.temacslitters.com\\\/es\\\/cosmetica-moda-y-diseno\\\/\",\"name\":\"Cosm\u00e9tica, Moda y Dise\u00f1o - Cortadoras Rebobinadoras Temac\",\"isPartOf\":{\"@id\":\"https:\\\/\\\/www.temacslitters.com\\\/it\\\/#website\"},\"primaryImageOfPage\":{\"@id\":\"https:\\\/\\\/www.temacslitters.com\\\/es\\\/cosmetica-moda-y-diseno\\\/#primaryimage\"},\"image\":{\"@id\":\"https:\\\/\\\/www.temacslitters.com\\\/es\\\/cosmetica-moda-y-diseno\\\/#primaryimage\"},\"thumbnailUrl\":\"https:\\\/\\\/www.temacslitters.com\\\/wp-content\\\/uploads\\\/2022\\\/11\\\/taglierine-temac-cosmetici-moda-design.jpg\",\"datePublished\":\"2023-10-05T06:45:54+00:00\",\"dateModified\":\"2023-10-05T06:48:29+00:00\",\"breadcrumb\":{\"@id\":\"https:\\\/\\\/www.temacslitters.com\\\/es\\\/cosmetica-moda-y-diseno\\\/#breadcrumb\"},\"inLanguage\":\"es\",\"potentialAction\":[{\"@type\":\"ReadAction\",\"target\":[\"https:\\\/\\\/www.temacslitters.com\\\/es\\\/cosmetica-moda-y-diseno\\\/\"]}]},{\"@type\":\"ImageObject\",\"inLanguage\":\"es\",\"@id\":\"https:\\\/\\\/www.temacslitters.com\\\/es\\\/cosmetica-moda-y-diseno\\\/#primaryimage\",\"url\":\"https:\\\/\\\/www.temacslitters.com\\\/wp-content\\\/uploads\\\/2022\\\/11\\\/taglierine-temac-cosmetici-moda-design.jpg\",\"contentUrl\":\"https:\\\/\\\/www.temacslitters.com\\\/wp-content\\\/uploads\\\/2022\\\/11\\\/taglierine-temac-cosmetici-moda-design.jpg\"},{\"@type\":\"BreadcrumbList\",\"@id\":\"https:\\\/\\\/www.temacslitters.com\\\/es\\\/cosmetica-moda-y-diseno\\\/#breadcrumb\",\"itemListElement\":[{\"@type\":\"ListItem\",\"position\":1,\"name\":\"Home\",\"item\":\"https:\\\/\\\/www.temacslitters.com\\\/it\\\/\"},{\"@type\":\"ListItem\",\"position\":2,\"name\":\"Cosm\u00e9tica, Moda y Dise\u00f1o\"}]},{\"@type\":\"WebSite\",\"@id\":\"https:\\\/\\\/www.temacslitters.com\\\/it\\\/#website\",\"url\":\"https:\\\/\\\/www.temacslitters.com\\\/it\\\/\",\"name\":\"Cortadoras Rebobinadoras Temac\",\"description\":\"Temac: l\u00edder del mercado en la producci\u00f3n de cortadoras rebobinadoras, envasadoras y m\u00e1quinas especiales bajo pedido.\",\"publisher\":{\"@id\":\"https:\\\/\\\/www.temacslitters.com\\\/it\\\/#organization\"},\"potentialAction\":[{\"@type\":\"SearchAction\",\"target\":{\"@type\":\"EntryPoint\",\"urlTemplate\":\"https:\\\/\\\/www.temacslitters.com\\\/it\\\/?s={search_term_string}\"},\"query-input\":{\"@type\":\"PropertyValueSpecification\",\"valueRequired\":true,\"valueName\":\"search_term_string\"}}],\"inLanguage\":\"es\"},{\"@type\":\"Organization\",\"@id\":\"https:\\\/\\\/www.temacslitters.com\\\/it\\\/#organization\",\"name\":\"Temac\",\"url\":\"https:\\\/\\\/www.temacslitters.com\\\/it\\\/\",\"logo\":{\"@type\":\"ImageObject\",\"inLanguage\":\"es\",\"@id\":\"https:\\\/\\\/www.temacslitters.com\\\/it\\\/#\\\/schema\\\/logo\\\/image\\\/\",\"url\":\"https:\\\/\\\/www.temacslitters.com\\\/wp-content\\\/uploads\\\/2017\\\/03\\\/temac_converting_taglierine_svolgitori_logo.png\",\"contentUrl\":\"https:\\\/\\\/www.temacslitters.com\\\/wp-content\\\/uploads\\\/2017\\\/03\\\/temac_converting_taglierine_svolgitori_logo.png\",\"width\":219,\"height\":55,\"caption\":\"Temac\"},\"image\":{\"@id\":\"https:\\\/\\\/www.temacslitters.com\\\/it\\\/#\\\/schema\\\/logo\\\/image\\\/\"},\"sameAs\":[\"https:\\\/\\\/www.facebook.com\\\/TemacSrl\\\/\",\"https:\\\/\\\/www.linkedin.com\\\/company\\\/temac-srl\\\/\"]}]}<\/script>\n<!-- \/ Yoast SEO plugin. -->","yoast_head_json":{"title":"Cosm\u00e9tica, Moda y Dise\u00f1o - Cortadoras Rebobinadoras Temac","robots":{"index":"index","follow":"follow","max-snippet":"max-snippet:-1","max-image-preview":"max-image-preview:large","max-video-preview":"max-video-preview:-1"},"canonical":"https:\/\/www.temacslitters.com\/es\/cosmetica-moda-y-diseno\/","og_locale":"es_ES","og_type":"article","og_title":"Cosm\u00e9tica, Moda y Dise\u00f1o - Cortadoras Rebobinadoras Temac","og_description":"La l\u00e1mina de estampaci\u00f3n en caliente es una pel\u00edcula de poli\u00e9ster o polipropileno pigmentada o laminada que libera el efecto mediante la acci\u00f3n combinada de la presi\u00f3n y el calor. Es un material muy delicado de procesar y, sobre todo, de cortar. Se aplica a diversos sectores como la moda, la cosm\u00e9tica y el dise\u00f1o+ Leer M\u00e1s","og_url":"https:\/\/www.temacslitters.com\/es\/cosmetica-moda-y-diseno\/","og_site_name":"Cortadoras Rebobinadoras Temac","article_publisher":"https:\/\/www.facebook.com\/TemacSrl\/","article_modified_time":"2023-10-05T06:48:29+00:00","og_image":[{"url":"https:\/\/www.temacslitters.com\/wp-content\/uploads\/2022\/11\/taglierine-temac-cosmetici-moda-design.jpg","type":"","width":"","height":""}],"twitter_card":"summary_large_image","twitter_misc":{"Tiempo de lectura":"1 minuto"},"schema":{"@context":"https:\/\/schema.org","@graph":[{"@type":"WebPage","@id":"https:\/\/www.temacslitters.com\/es\/cosmetica-moda-y-diseno\/","url":"https:\/\/www.temacslitters.com\/es\/cosmetica-moda-y-diseno\/","name":"Cosm\u00e9tica, Moda y Dise\u00f1o - Cortadoras Rebobinadoras Temac","isPartOf":{"@id":"https:\/\/www.temacslitters.com\/it\/#website"},"primaryImageOfPage":{"@id":"https:\/\/www.temacslitters.com\/es\/cosmetica-moda-y-diseno\/#primaryimage"},"image":{"@id":"https:\/\/www.temacslitters.com\/es\/cosmetica-moda-y-diseno\/#primaryimage"},"thumbnailUrl":"https:\/\/www.temacslitters.com\/wp-content\/uploads\/2022\/11\/taglierine-temac-cosmetici-moda-design.jpg","datePublished":"2023-10-05T06:45:54+00:00","dateModified":"2023-10-05T06:48:29+00:00","breadcrumb":{"@id":"https:\/\/www.temacslitters.com\/es\/cosmetica-moda-y-diseno\/#breadcrumb"},"inLanguage":"es","potentialAction":[{"@type":"ReadAction","target":["https:\/\/www.temacslitters.com\/es\/cosmetica-moda-y-diseno\/"]}]},{"@type":"ImageObject","inLanguage":"es","@id":"https:\/\/www.temacslitters.com\/es\/cosmetica-moda-y-diseno\/#primaryimage","url":"https:\/\/www.temacslitters.com\/wp-content\/uploads\/2022\/11\/taglierine-temac-cosmetici-moda-design.jpg","contentUrl":"https:\/\/www.temacslitters.com\/wp-content\/uploads\/2022\/11\/taglierine-temac-cosmetici-moda-design.jpg"},{"@type":"BreadcrumbList","@id":"https:\/\/www.temacslitters.com\/es\/cosmetica-moda-y-diseno\/#breadcrumb","itemListElement":[{"@type":"ListItem","position":1,"name":"Home","item":"https:\/\/www.temacslitters.com\/it\/"},{"@type":"ListItem","position":2,"name":"Cosm\u00e9tica, Moda y Dise\u00f1o"}]},{"@type":"WebSite","@id":"https:\/\/www.temacslitters.com\/it\/#website","url":"https:\/\/www.temacslitters.com\/it\/","name":"Cortadoras Rebobinadoras Temac","description":"Temac: l\u00edder del mercado en la producci\u00f3n de cortadoras rebobinadoras, envasadoras y m\u00e1quinas especiales bajo pedido.","publisher":{"@id":"https:\/\/www.temacslitters.com\/it\/#organization"},"potentialAction":[{"@type":"SearchAction","target":{"@type":"EntryPoint","urlTemplate":"https:\/\/www.temacslitters.com\/it\/?s={search_term_string}"},"query-input":{"@type":"PropertyValueSpecification","valueRequired":true,"valueName":"search_term_string"}}],"inLanguage":"es"},{"@type":"Organization","@id":"https:\/\/www.temacslitters.com\/it\/#organization","name":"Temac","url":"https:\/\/www.temacslitters.com\/it\/","logo":{"@type":"ImageObject","inLanguage":"es","@id":"https:\/\/www.temacslitters.com\/it\/#\/schema\/logo\/image\/","url":"https:\/\/www.temacslitters.com\/wp-content\/uploads\/2017\/03\/temac_converting_taglierine_svolgitori_logo.png","contentUrl":"https:\/\/www.temacslitters.com\/wp-content\/uploads\/2017\/03\/temac_converting_taglierine_svolgitori_logo.png","width":219,"height":55,"caption":"Temac"},"image":{"@id":"https:\/\/www.temacslitters.com\/it\/#\/schema\/logo\/image\/"},"sameAs":["https:\/\/www.facebook.com\/TemacSrl\/","https:\/\/www.linkedin.com\/company\/temac-srl\/"]}]}},"_links":{"self":[{"href":"https:\/\/www.temacslitters.com\/es\/wp-json\/wp\/v2\/pages\/5392","targetHints":{"allow":["GET"]}}],"collection":[{"href":"https:\/\/www.temacslitters.com\/es\/wp-json\/wp\/v2\/pages"}],"about":[{"href":"https:\/\/www.temacslitters.com\/es\/wp-json\/wp\/v2\/types\/page"}],"author":[{"embeddable":true,"href":"https:\/\/www.temacslitters.com\/es\/wp-json\/wp\/v2\/users\/1"}],"replies":[{"embeddable":true,"href":"https:\/\/www.temacslitters.com\/es\/wp-json\/wp\/v2\/comments?post=5392"}],"version-history":[{"count":4,"href":"https:\/\/www.temacslitters.com\/es\/wp-json\/wp\/v2\/pages\/5392\/revisions"}],"predecessor-version":[{"id":5396,"href":"https:\/\/www.temacslitters.com\/es\/wp-json\/wp\/v2\/pages\/5392\/revisions\/5396"}],"wp:attachment":[{"href":"https:\/\/www.temacslitters.com\/es\/wp-json\/wp\/v2\/media?parent=5392"}],"curies":[{"name":"wp","href":"https:\/\/api.w.org\/{rel}","templated":true}]}}