{"id":5365,"date":"2023-10-04T10:57:48","date_gmt":"2023-10-04T10:57:48","guid":{"rendered":"https:\/\/www.temacslitters.com\/?page_id=5365"},"modified":"2025-01-29T09:24:34","modified_gmt":"2025-01-29T09:24:34","slug":"higiene-y-medicina","status":"publish","type":"page","link":"https:\/\/www.temacslitters.com\/es\/higiene-y-medicina\/","title":{"rendered":"Higiene y medicina"},"content":{"rendered":"\t\t<div data-elementor-type=\"wp-page\" data-elementor-id=\"5365\" class=\"elementor elementor-5365 elementor-4265\">\n\t\t\t\t\t\t<section class=\"elementor-section elementor-top-section elementor-element elementor-element-cd5f623 elementor-section-boxed elementor-section-height-default elementor-section-height-default\" data-id=\"cd5f623\" data-element_type=\"section\">\n\t\t\t\t\t\t<div class=\"elementor-container elementor-column-gap-default\">\n\t\t\t\t\t<div class=\"elementor-column elementor-col-50 elementor-top-column elementor-element elementor-element-6db2409\" data-id=\"6db2409\" data-element_type=\"column\">\n\t\t\t<div class=\"elementor-widget-wrap elementor-element-populated\">\n\t\t\t\t\t\t<div class=\"elementor-element elementor-element-681c392 elementor-widget elementor-widget-image\" data-id=\"681c392\" data-element_type=\"widget\" data-widget_type=\"image.default\">\n\t\t\t\t<div class=\"elementor-widget-container\">\n\t\t\t\t\t\t\t\t\t\t\t\t\t\t\t<img fetchpriority=\"high\" decoding=\"async\" width=\"690\" height=\"460\" src=\"https:\/\/www.temacslitters.com\/wp-content\/uploads\/2022\/11\/taglierine-temac-igiene-medicale.jpg\" class=\"attachment-large size-large wp-image-4329\" alt=\"taglierine temac igiene medicale\" srcset=\"https:\/\/www.temacslitters.com\/wp-content\/uploads\/2022\/11\/taglierine-temac-igiene-medicale.jpg 768w, https:\/\/www.temacslitters.com\/wp-content\/uploads\/2022\/11\/taglierine-temac-igiene-medicale-300x200.jpg 300w\" sizes=\"(max-width: 690px) 100vw, 690px\" \/>\t\t\t\t\t\t\t\t\t\t\t\t\t\t\t<\/div>\n\t\t\t\t<\/div>\n\t\t\t\t\t<\/div>\n\t\t<\/div>\n\t\t\t\t<div class=\"elementor-column elementor-col-50 elementor-top-column elementor-element elementor-element-cd19b12\" data-id=\"cd19b12\" data-element_type=\"column\">\n\t\t\t<div class=\"elementor-widget-wrap elementor-element-populated\">\n\t\t\t\t\t\t<div class=\"elementor-element elementor-element-b3b77c2 elementor-widget elementor-widget-text-editor\" data-id=\"b3b77c2\" data-element_type=\"widget\" data-widget_type=\"text-editor.default\">\n\t\t\t\t<div class=\"elementor-widget-container\">\n\t\t\t\t\t\t\t\t\t<p>Temac ha desarrollado una cortadora ad hoc para cortar elast\u00f3meros aplicados a la producci\u00f3n de pa\u00f1ales.<br \/>Los clientes de Temac producen una amplia gama de <strong>films laminados y films el\u00e1sticos<\/strong> adecuados para la producci\u00f3n de la \u00faltima generaci\u00f3n de sistemas de cierre para pa\u00f1ales abiertos.<br \/>Tambi\u00e9n en el proceso de producci\u00f3n de <strong>tejidos m\u00e9dicos para la fabricaci\u00f3n de mascarillas, textiles hospitalarios<\/strong>, etc,<br \/>Temac puede ofrecer cortadoras adecuadas para este tipo de material.<\/p>\t\t\t\t\t\t\t\t<\/div>\n\t\t\t\t<\/div>\n\t\t\t\t<div class=\"elementor-element elementor-element-8663565 elementor-widget elementor-widget-text-editor\" data-id=\"8663565\" data-element_type=\"widget\" data-widget_type=\"text-editor.default\">\n\t\t\t\t<div class=\"elementor-widget-container\">\n\t\t\t\t\t\t\t\t\t<h3>CAMPOS DE APLICACI\u00d3N<\/h3><p>pa\u00f1ales para beb\u00e9s, cuidado personal<br \/>m\u00e1scaras de seguridad, pa\u00f1os quir\u00fargicos y manteles<\/p>\t\t\t\t\t\t\t\t<\/div>\n\t\t\t\t<\/div>\n\t\t\t\t<div class=\"elementor-element elementor-element-b7dc56e elementor-widget elementor-widget-text-editor\" data-id=\"b7dc56e\" data-element_type=\"widget\" data-widget_type=\"text-editor.default\">\n\t\t\t\t<div class=\"elementor-widget-container\">\n\t\t\t\t\t\t\t\t\t<h3>MATERIALES<\/h3>\npel\u00edcula de elast\u00f3mero\nlaminados m\u00e9dicos coextruidos y termofusibles (d\u00faplex, tr\u00edplex o estructuras especiales) para la producci\u00f3n de pa\u00f1os y fundas quir\u00fargicas de un solo uso\n\t\t\t\t\t\t\t\t<\/div>\n\t\t\t\t<\/div>\n\t\t\t\t\t<\/div>\n\t\t<\/div>\n\t\t\t\t\t<\/div>\n\t\t<\/section>\n\t\t\t\t<section class=\"elementor-section elementor-top-section elementor-element elementor-element-10cb598 elementor-section-boxed elementor-section-height-default elementor-section-height-default\" data-id=\"10cb598\" data-element_type=\"section\">\n\t\t\t\t\t\t<div class=\"elementor-container elementor-column-gap-default\">\n\t\t\t\t\t<div class=\"elementor-column elementor-col-100 elementor-top-column elementor-element elementor-element-c5997a8\" data-id=\"c5997a8\" data-element_type=\"column\">\n\t\t\t<div class=\"elementor-widget-wrap elementor-element-populated\">\n\t\t\t\t\t\t<div class=\"elementor-element elementor-element-2e6b301 elementor-widget elementor-widget-heading\" data-id=\"2e6b301\" data-element_type=\"widget\" data-widget_type=\"heading.default\">\n\t\t\t\t<div class=\"elementor-widget-container\">\n\t\t\t\t\t<h2 class=\"elementor-heading-title elementor-size-default\">Cortadoras recomendadas<\/h2>\t\t\t\t<\/div>\n\t\t\t\t<\/div>\n\t\t\t\t\t<\/div>\n\t\t<\/div>\n\t\t\t\t\t<\/div>\n\t\t<\/section>\n\t\t\t\t<section class=\"elementor-section elementor-top-section elementor-element elementor-element-5dc52a8 elementor-section-boxed elementor-section-height-default elementor-section-height-default\" data-id=\"5dc52a8\" data-element_type=\"section\">\n\t\t\t\t\t\t<div class=\"elementor-container elementor-column-gap-default\">\n\t\t\t\t\t<div class=\"elementor-column elementor-col-50 elementor-top-column elementor-element elementor-element-a75eb66\" data-id=\"a75eb66\" data-element_type=\"column\">\n\t\t\t<div class=\"elementor-widget-wrap elementor-element-populated\">\n\t\t\t\t\t\t<div class=\"elementor-element elementor-element-9814995 elementor-widget elementor-widget-image\" data-id=\"9814995\" data-element_type=\"widget\" data-widget_type=\"image.default\">\n\t\t\t\t<div class=\"elementor-widget-container\">\n\t\t\t\t\t\t\t\t\t\t\t\t<figure class=\"wp-caption\">\n\t\t\t\t\t\t\t\t\t\t\t<a href=\"https:\/\/www.temacslitters.com\/es\/m\/cortadora-rebobinadora-srs-861\/\">\n\t\t\t\t\t\t\t<img decoding=\"async\" width=\"505\" height=\"355\" src=\"https:\/\/www.temacslitters.com\/wp-content\/uploads\/2017\/11\/srs-861s-1.jpg\" class=\"attachment-large size-large wp-image-738\" alt=\"SRS 861\" srcset=\"https:\/\/www.temacslitters.com\/wp-content\/uploads\/2017\/11\/srs-861s-1.jpg 505w, https:\/\/www.temacslitters.com\/wp-content\/uploads\/2017\/11\/srs-861s-1-300x211.jpg 300w\" sizes=\"(max-width: 505px) 100vw, 505px\" \/>\t\t\t\t\t\t\t\t<\/a>\n\t\t\t\t\t\t\t\t\t\t\t<figcaption class=\"widget-image-caption wp-caption-text\">SRS 861<\/figcaption>\n\t\t\t\t\t\t\t\t\t\t<\/figure>\n\t\t\t\t\t\t\t\t\t<\/div>\n\t\t\t\t<\/div>\n\t\t\t\t\t<\/div>\n\t\t<\/div>\n\t\t\t\t<div class=\"elementor-column elementor-col-50 elementor-top-column elementor-element elementor-element-1f8d55a\" data-id=\"1f8d55a\" data-element_type=\"column\">\n\t\t\t<div class=\"elementor-widget-wrap elementor-element-populated\">\n\t\t\t\t\t\t\t<\/div>\n\t\t<\/div>\n\t\t\t\t\t<\/div>\n\t\t<\/section>\n\t\t\t\t<\/div>\n\t\t","protected":false},"excerpt":{"rendered":"<p>Temac ha desarrollado una cortadora ad hoc para cortar elast\u00f3meros aplicados a la producci\u00f3n de pa\u00f1ales.Los clientes de Temac producen una amplia gama de films laminados y films el\u00e1sticos adecuados para la producci\u00f3n de la \u00faltima generaci\u00f3n de sistemas de cierre para pa\u00f1ales abiertos.Tambi\u00e9n en el proceso de producci\u00f3n de tejidos m\u00e9dicos para la fabricaci\u00f3n<br \/><a class=\"moretag\" href=\"https:\/\/www.temacslitters.com\/es\/higiene-y-medicina\/\">+ Leer M\u00e1s<\/a><\/p>\n","protected":false},"author":1,"featured_media":0,"parent":0,"menu_order":0,"comment_status":"closed","ping_status":"closed","template":"templates\/page-fullwidth_template.php","meta":{"_acf_changed":false,"footnotes":""},"class_list":["post-5365","page","type-page","status-publish","hentry"],"acf":[],"yoast_head":"<!-- This site is optimized with the Yoast SEO plugin v27.3 - https:\/\/yoast.com\/product\/yoast-seo-wordpress\/ -->\n<title>Higiene y medicina - Cortadoras Rebobinadoras Temac<\/title>\n<meta name=\"robots\" content=\"index, follow, max-snippet:-1, max-image-preview:large, max-video-preview:-1\" \/>\n<link rel=\"canonical\" href=\"https:\/\/www.temacslitters.com\/es\/higiene-y-medicina\/\" \/>\n<meta property=\"og:locale\" content=\"es_ES\" \/>\n<meta property=\"og:type\" content=\"article\" \/>\n<meta property=\"og:title\" content=\"Higiene y medicina - Cortadoras Rebobinadoras Temac\" \/>\n<meta property=\"og:description\" content=\"Temac ha desarrollado una cortadora ad hoc para cortar elast\u00f3meros aplicados a la producci\u00f3n de pa\u00f1ales.Los clientes de Temac producen una amplia gama de films laminados y films el\u00e1sticos adecuados para la producci\u00f3n de la \u00faltima generaci\u00f3n de sistemas de cierre para pa\u00f1ales abiertos.Tambi\u00e9n en el proceso de producci\u00f3n de tejidos m\u00e9dicos para la fabricaci\u00f3n+ Leer M\u00e1s\" \/>\n<meta property=\"og:url\" content=\"https:\/\/www.temacslitters.com\/es\/higiene-y-medicina\/\" \/>\n<meta property=\"og:site_name\" content=\"Cortadoras Rebobinadoras Temac\" \/>\n<meta property=\"article:publisher\" content=\"https:\/\/www.facebook.com\/TemacSrl\/\" \/>\n<meta property=\"article:modified_time\" content=\"2025-01-29T09:24:34+00:00\" \/>\n<meta property=\"og:image\" content=\"https:\/\/www.temacslitters.com\/wp-content\/uploads\/2022\/11\/taglierine-temac-igiene-medicale.jpg\" \/>\n\t<meta property=\"og:image:width\" content=\"768\" \/>\n\t<meta property=\"og:image:height\" content=\"512\" \/>\n\t<meta property=\"og:image:type\" content=\"image\/jpeg\" \/>\n<meta name=\"twitter:card\" content=\"summary_large_image\" \/>\n<meta name=\"twitter:label1\" content=\"Tiempo de lectura\" \/>\n\t<meta name=\"twitter:data1\" content=\"1 minuto\" \/>\n<script type=\"application\/ld+json\" class=\"yoast-schema-graph\">{\"@context\":\"https:\\\/\\\/schema.org\",\"@graph\":[{\"@type\":\"WebPage\",\"@id\":\"https:\\\/\\\/www.temacslitters.com\\\/es\\\/higiene-y-medicina\\\/\",\"url\":\"https:\\\/\\\/www.temacslitters.com\\\/es\\\/higiene-y-medicina\\\/\",\"name\":\"Higiene y medicina - Cortadoras Rebobinadoras Temac\",\"isPartOf\":{\"@id\":\"https:\\\/\\\/www.temacslitters.com\\\/it\\\/#website\"},\"primaryImageOfPage\":{\"@id\":\"https:\\\/\\\/www.temacslitters.com\\\/es\\\/higiene-y-medicina\\\/#primaryimage\"},\"image\":{\"@id\":\"https:\\\/\\\/www.temacslitters.com\\\/es\\\/higiene-y-medicina\\\/#primaryimage\"},\"thumbnailUrl\":\"https:\\\/\\\/www.temacslitters.com\\\/wp-content\\\/uploads\\\/2022\\\/11\\\/taglierine-temac-igiene-medicale.jpg\",\"datePublished\":\"2023-10-04T10:57:48+00:00\",\"dateModified\":\"2025-01-29T09:24:34+00:00\",\"breadcrumb\":{\"@id\":\"https:\\\/\\\/www.temacslitters.com\\\/es\\\/higiene-y-medicina\\\/#breadcrumb\"},\"inLanguage\":\"es\",\"potentialAction\":[{\"@type\":\"ReadAction\",\"target\":[\"https:\\\/\\\/www.temacslitters.com\\\/es\\\/higiene-y-medicina\\\/\"]}]},{\"@type\":\"ImageObject\",\"inLanguage\":\"es\",\"@id\":\"https:\\\/\\\/www.temacslitters.com\\\/es\\\/higiene-y-medicina\\\/#primaryimage\",\"url\":\"https:\\\/\\\/www.temacslitters.com\\\/wp-content\\\/uploads\\\/2022\\\/11\\\/taglierine-temac-igiene-medicale.jpg\",\"contentUrl\":\"https:\\\/\\\/www.temacslitters.com\\\/wp-content\\\/uploads\\\/2022\\\/11\\\/taglierine-temac-igiene-medicale.jpg\"},{\"@type\":\"BreadcrumbList\",\"@id\":\"https:\\\/\\\/www.temacslitters.com\\\/es\\\/higiene-y-medicina\\\/#breadcrumb\",\"itemListElement\":[{\"@type\":\"ListItem\",\"position\":1,\"name\":\"Home\",\"item\":\"https:\\\/\\\/www.temacslitters.com\\\/it\\\/\"},{\"@type\":\"ListItem\",\"position\":2,\"name\":\"Higiene y medicina\"}]},{\"@type\":\"WebSite\",\"@id\":\"https:\\\/\\\/www.temacslitters.com\\\/it\\\/#website\",\"url\":\"https:\\\/\\\/www.temacslitters.com\\\/it\\\/\",\"name\":\"Cortadoras Rebobinadoras Temac\",\"description\":\"Temac: l\u00edder del mercado en la producci\u00f3n de cortadoras rebobinadoras, envasadoras y m\u00e1quinas especiales bajo pedido.\",\"publisher\":{\"@id\":\"https:\\\/\\\/www.temacslitters.com\\\/it\\\/#organization\"},\"potentialAction\":[{\"@type\":\"SearchAction\",\"target\":{\"@type\":\"EntryPoint\",\"urlTemplate\":\"https:\\\/\\\/www.temacslitters.com\\\/it\\\/?s={search_term_string}\"},\"query-input\":{\"@type\":\"PropertyValueSpecification\",\"valueRequired\":true,\"valueName\":\"search_term_string\"}}],\"inLanguage\":\"es\"},{\"@type\":\"Organization\",\"@id\":\"https:\\\/\\\/www.temacslitters.com\\\/it\\\/#organization\",\"name\":\"Temac\",\"url\":\"https:\\\/\\\/www.temacslitters.com\\\/it\\\/\",\"logo\":{\"@type\":\"ImageObject\",\"inLanguage\":\"es\",\"@id\":\"https:\\\/\\\/www.temacslitters.com\\\/it\\\/#\\\/schema\\\/logo\\\/image\\\/\",\"url\":\"https:\\\/\\\/www.temacslitters.com\\\/wp-content\\\/uploads\\\/2017\\\/03\\\/temac_converting_taglierine_svolgitori_logo.png\",\"contentUrl\":\"https:\\\/\\\/www.temacslitters.com\\\/wp-content\\\/uploads\\\/2017\\\/03\\\/temac_converting_taglierine_svolgitori_logo.png\",\"width\":219,\"height\":55,\"caption\":\"Temac\"},\"image\":{\"@id\":\"https:\\\/\\\/www.temacslitters.com\\\/it\\\/#\\\/schema\\\/logo\\\/image\\\/\"},\"sameAs\":[\"https:\\\/\\\/www.facebook.com\\\/TemacSrl\\\/\",\"https:\\\/\\\/www.linkedin.com\\\/company\\\/temac-srl\\\/\"]}]}<\/script>\n<!-- \/ Yoast SEO plugin. -->","yoast_head_json":{"title":"Higiene y medicina - Cortadoras Rebobinadoras Temac","robots":{"index":"index","follow":"follow","max-snippet":"max-snippet:-1","max-image-preview":"max-image-preview:large","max-video-preview":"max-video-preview:-1"},"canonical":"https:\/\/www.temacslitters.com\/es\/higiene-y-medicina\/","og_locale":"es_ES","og_type":"article","og_title":"Higiene y medicina - Cortadoras Rebobinadoras Temac","og_description":"Temac ha desarrollado una cortadora ad hoc para cortar elast\u00f3meros aplicados a la producci\u00f3n de pa\u00f1ales.Los clientes de Temac producen una amplia gama de films laminados y films el\u00e1sticos adecuados para la producci\u00f3n de la \u00faltima generaci\u00f3n de sistemas de cierre para pa\u00f1ales abiertos.Tambi\u00e9n en el proceso de producci\u00f3n de tejidos m\u00e9dicos para la fabricaci\u00f3n+ Leer M\u00e1s","og_url":"https:\/\/www.temacslitters.com\/es\/higiene-y-medicina\/","og_site_name":"Cortadoras Rebobinadoras Temac","article_publisher":"https:\/\/www.facebook.com\/TemacSrl\/","article_modified_time":"2025-01-29T09:24:34+00:00","og_image":[{"width":768,"height":512,"url":"https:\/\/www.temacslitters.com\/wp-content\/uploads\/2022\/11\/taglierine-temac-igiene-medicale.jpg","type":"image\/jpeg"}],"twitter_card":"summary_large_image","twitter_misc":{"Tiempo de lectura":"1 minuto"},"schema":{"@context":"https:\/\/schema.org","@graph":[{"@type":"WebPage","@id":"https:\/\/www.temacslitters.com\/es\/higiene-y-medicina\/","url":"https:\/\/www.temacslitters.com\/es\/higiene-y-medicina\/","name":"Higiene y medicina - Cortadoras Rebobinadoras Temac","isPartOf":{"@id":"https:\/\/www.temacslitters.com\/it\/#website"},"primaryImageOfPage":{"@id":"https:\/\/www.temacslitters.com\/es\/higiene-y-medicina\/#primaryimage"},"image":{"@id":"https:\/\/www.temacslitters.com\/es\/higiene-y-medicina\/#primaryimage"},"thumbnailUrl":"https:\/\/www.temacslitters.com\/wp-content\/uploads\/2022\/11\/taglierine-temac-igiene-medicale.jpg","datePublished":"2023-10-04T10:57:48+00:00","dateModified":"2025-01-29T09:24:34+00:00","breadcrumb":{"@id":"https:\/\/www.temacslitters.com\/es\/higiene-y-medicina\/#breadcrumb"},"inLanguage":"es","potentialAction":[{"@type":"ReadAction","target":["https:\/\/www.temacslitters.com\/es\/higiene-y-medicina\/"]}]},{"@type":"ImageObject","inLanguage":"es","@id":"https:\/\/www.temacslitters.com\/es\/higiene-y-medicina\/#primaryimage","url":"https:\/\/www.temacslitters.com\/wp-content\/uploads\/2022\/11\/taglierine-temac-igiene-medicale.jpg","contentUrl":"https:\/\/www.temacslitters.com\/wp-content\/uploads\/2022\/11\/taglierine-temac-igiene-medicale.jpg"},{"@type":"BreadcrumbList","@id":"https:\/\/www.temacslitters.com\/es\/higiene-y-medicina\/#breadcrumb","itemListElement":[{"@type":"ListItem","position":1,"name":"Home","item":"https:\/\/www.temacslitters.com\/it\/"},{"@type":"ListItem","position":2,"name":"Higiene y medicina"}]},{"@type":"WebSite","@id":"https:\/\/www.temacslitters.com\/it\/#website","url":"https:\/\/www.temacslitters.com\/it\/","name":"Cortadoras Rebobinadoras Temac","description":"Temac: l\u00edder del mercado en la producci\u00f3n de cortadoras rebobinadoras, envasadoras y m\u00e1quinas especiales bajo pedido.","publisher":{"@id":"https:\/\/www.temacslitters.com\/it\/#organization"},"potentialAction":[{"@type":"SearchAction","target":{"@type":"EntryPoint","urlTemplate":"https:\/\/www.temacslitters.com\/it\/?s={search_term_string}"},"query-input":{"@type":"PropertyValueSpecification","valueRequired":true,"valueName":"search_term_string"}}],"inLanguage":"es"},{"@type":"Organization","@id":"https:\/\/www.temacslitters.com\/it\/#organization","name":"Temac","url":"https:\/\/www.temacslitters.com\/it\/","logo":{"@type":"ImageObject","inLanguage":"es","@id":"https:\/\/www.temacslitters.com\/it\/#\/schema\/logo\/image\/","url":"https:\/\/www.temacslitters.com\/wp-content\/uploads\/2017\/03\/temac_converting_taglierine_svolgitori_logo.png","contentUrl":"https:\/\/www.temacslitters.com\/wp-content\/uploads\/2017\/03\/temac_converting_taglierine_svolgitori_logo.png","width":219,"height":55,"caption":"Temac"},"image":{"@id":"https:\/\/www.temacslitters.com\/it\/#\/schema\/logo\/image\/"},"sameAs":["https:\/\/www.facebook.com\/TemacSrl\/","https:\/\/www.linkedin.com\/company\/temac-srl\/"]}]}},"_links":{"self":[{"href":"https:\/\/www.temacslitters.com\/es\/wp-json\/wp\/v2\/pages\/5365","targetHints":{"allow":["GET"]}}],"collection":[{"href":"https:\/\/www.temacslitters.com\/es\/wp-json\/wp\/v2\/pages"}],"about":[{"href":"https:\/\/www.temacslitters.com\/es\/wp-json\/wp\/v2\/types\/page"}],"author":[{"embeddable":true,"href":"https:\/\/www.temacslitters.com\/es\/wp-json\/wp\/v2\/users\/1"}],"replies":[{"embeddable":true,"href":"https:\/\/www.temacslitters.com\/es\/wp-json\/wp\/v2\/comments?post=5365"}],"version-history":[{"count":7,"href":"https:\/\/www.temacslitters.com\/es\/wp-json\/wp\/v2\/pages\/5365\/revisions"}],"predecessor-version":[{"id":6076,"href":"https:\/\/www.temacslitters.com\/es\/wp-json\/wp\/v2\/pages\/5365\/revisions\/6076"}],"wp:attachment":[{"href":"https:\/\/www.temacslitters.com\/es\/wp-json\/wp\/v2\/media?parent=5365"}],"curies":[{"name":"wp","href":"https:\/\/api.w.org\/{rel}","templated":true}]}}