{"id":3190,"date":"2023-03-17T09:57:15","date_gmt":"2023-03-17T09:57:15","guid":{"rendered":"https:\/\/www.temacslitters.com\/?page_id=3190"},"modified":"2023-11-10T10:16:45","modified_gmt":"2023-11-10T10:16:45","slug":"asistencia","status":"publish","type":"page","link":"https:\/\/www.temacslitters.com\/es\/asistencia\/","title":{"rendered":"Asistencia"},"content":{"rendered":"\t\t<div data-elementor-type=\"wp-page\" data-elementor-id=\"3190\" class=\"elementor elementor-3190 elementor-3188\">\n\t\t\t\t\t\t<section class=\"elementor-section elementor-top-section elementor-element elementor-element-be2e20e elementor-section-boxed elementor-section-height-default elementor-section-height-default\" data-id=\"be2e20e\" data-element_type=\"section\">\n\t\t\t\t\t\t<div class=\"elementor-container elementor-column-gap-default\">\n\t\t\t\t\t<div class=\"elementor-column elementor-col-100 elementor-top-column elementor-element elementor-element-ef734d3\" data-id=\"ef734d3\" data-element_type=\"column\">\n\t\t\t<div class=\"elementor-widget-wrap elementor-element-populated\">\n\t\t\t\t\t\t<div class=\"elementor-element elementor-element-896b93c elementor-widget elementor-widget-image\" data-id=\"896b93c\" data-element_type=\"widget\" data-widget_type=\"image.default\">\n\t\t\t\t<div class=\"elementor-widget-container\">\n\t\t\t\t\t\t\t\t\t\t\t\t\t\t\t<img fetchpriority=\"high\" decoding=\"async\" width=\"690\" height=\"279\" src=\"https:\/\/www.temacslitters.com\/wp-content\/uploads\/2021\/05\/assistenza-1-1024x414.jpg\" class=\"attachment-large size-large wp-image-3215\" alt=\"assistenza\" srcset=\"https:\/\/www.temacslitters.com\/wp-content\/uploads\/2021\/05\/assistenza-1-1024x414.jpg 1024w, https:\/\/www.temacslitters.com\/wp-content\/uploads\/2021\/05\/assistenza-1-300x121.jpg 300w, https:\/\/www.temacslitters.com\/wp-content\/uploads\/2021\/05\/assistenza-1-768x310.jpg 768w, https:\/\/www.temacslitters.com\/wp-content\/uploads\/2021\/05\/assistenza-1.jpg 1030w\" sizes=\"(max-width: 690px) 100vw, 690px\" \/>\t\t\t\t\t\t\t\t\t\t\t\t\t\t\t<\/div>\n\t\t\t\t<\/div>\n\t\t\t\t<div class=\"elementor-element elementor-element-3696347 elementor-widget elementor-widget-text-editor\" data-id=\"3696347\" data-element_type=\"widget\" data-widget_type=\"text-editor.default\">\n\t\t\t\t<div class=\"elementor-widget-container\">\n\t\t\t\t\t\t\t\t\t<p><strong>C\u00f3mo contactarnos<\/strong><br \/><strong>A trav\u00e9s de nuestra centralita telef\u00f3nica (+39-0331-661204), nuestro n\u00famero m\u00f3vil (+39-347-7451869) o mediante las dos direcciones de correos electr\u00f3nicos dedicados<\/strong> (<a href=\"mailto:automation@temac.it\">automation@temac.it<\/a> y <a href=\"mailto:service@temac.it\">service@temac.it<\/a>), los clientes pueden <strong>comunicarse directamente con un t\u00e9cnico<\/strong> para exponer su problema: seg\u00fan el caso,<strong> se lleva a cabo una intervenci\u00f3n remota<\/strong> a trav\u00e9s de diagn\u00f3stico a distancia, o, si es necesario,<strong> se programa una intervenci\u00f3n en el sitio<\/strong>.<br \/>Recordamos a los clientes que, para abrir un ticket de asistencia, es necesario proporcionar el nombre de su empresa, el modelo y el n\u00famero de serie de la m\u00e1quina (placa de aluminio en el c\u00e1rter) y una persona de contacto, que tendr\u00e1 que explicar el problema.<\/p>\t\t\t\t\t\t\t\t<\/div>\n\t\t\t\t<\/div>\n\t\t\t\t\t<\/div>\n\t\t<\/div>\n\t\t\t\t\t<\/div>\n\t\t<\/section>\n\t\t\t\t<\/div>\n\t\t","protected":false},"excerpt":{"rendered":"<p>C\u00f3mo contactarnosA trav\u00e9s de nuestra centralita telef\u00f3nica (+39-0331-661204), nuestro n\u00famero m\u00f3vil (+39-347-7451869) o mediante las dos direcciones de correos electr\u00f3nicos dedicados (automation@temac.it y service@temac.it), los clientes pueden comunicarse directamente con un t\u00e9cnico para exponer su problema: seg\u00fan el caso, se lleva a cabo una intervenci\u00f3n remota a trav\u00e9s de diagn\u00f3stico a distancia, o, si es<br \/><a class=\"moretag\" href=\"https:\/\/www.temacslitters.com\/es\/asistencia\/\">+ Leer M\u00e1s<\/a><\/p>\n","protected":false},"author":1,"featured_media":0,"parent":0,"menu_order":0,"comment_status":"closed","ping_status":"closed","template":"templates\/page-fullwidth_template.php","meta":{"_acf_changed":false,"footnotes":""},"class_list":["post-3190","page","type-page","status-publish","hentry"],"acf":[],"yoast_head":"<!-- This site is optimized with the Yoast SEO plugin v27.4 - https:\/\/yoast.com\/product\/yoast-seo-wordpress\/ -->\n<title>Asistencia - Cortadoras Rebobinadoras Temac<\/title>\n<meta name=\"robots\" content=\"index, follow, max-snippet:-1, max-image-preview:large, max-video-preview:-1\" \/>\n<link rel=\"canonical\" href=\"https:\/\/www.temacslitters.com\/it\/assistenza\/\" \/>\n<meta property=\"og:locale\" content=\"es_ES\" \/>\n<meta property=\"og:type\" content=\"article\" \/>\n<meta property=\"og:title\" content=\"Asistencia - Cortadoras Rebobinadoras Temac\" \/>\n<meta property=\"og:description\" content=\"C\u00f3mo contactarnosA trav\u00e9s de nuestra centralita telef\u00f3nica (+39-0331-661204), nuestro n\u00famero m\u00f3vil (+39-347-7451869) o mediante las dos direcciones de correos electr\u00f3nicos dedicados (automation@temac.it y service@temac.it), los clientes pueden comunicarse directamente con un t\u00e9cnico para exponer su problema: seg\u00fan el caso, se lleva a cabo una intervenci\u00f3n remota a trav\u00e9s de diagn\u00f3stico a distancia, o, si es+ Leer M\u00e1s\" \/>\n<meta property=\"og:url\" content=\"https:\/\/www.temacslitters.com\/it\/assistenza\/\" \/>\n<meta property=\"og:site_name\" content=\"Cortadoras Rebobinadoras Temac\" \/>\n<meta property=\"article:publisher\" content=\"https:\/\/www.facebook.com\/TemacSrl\/\" \/>\n<meta property=\"article:modified_time\" content=\"2023-11-10T10:16:45+00:00\" \/>\n<meta property=\"og:image\" content=\"https:\/\/www.temacslitters.com\/wp-content\/uploads\/2021\/05\/assistenza-1-1024x414.jpg\" \/>\n<meta name=\"twitter:card\" content=\"summary_large_image\" \/>\n<meta name=\"twitter:label1\" content=\"Tiempo de lectura\" \/>\n\t<meta name=\"twitter:data1\" content=\"1 minuto\" \/>\n<script type=\"application\/ld+json\" class=\"yoast-schema-graph\">{\"@context\":\"https:\\\/\\\/schema.org\",\"@graph\":[{\"@type\":\"WebPage\",\"@id\":\"https:\\\/\\\/www.temacslitters.com\\\/it\\\/assistenza\\\/\",\"url\":\"https:\\\/\\\/www.temacslitters.com\\\/it\\\/assistenza\\\/\",\"name\":\"Asistencia - Cortadoras Rebobinadoras Temac\",\"isPartOf\":{\"@id\":\"https:\\\/\\\/www.temacslitters.com\\\/it\\\/#website\"},\"primaryImageOfPage\":{\"@id\":\"https:\\\/\\\/www.temacslitters.com\\\/it\\\/assistenza\\\/#primaryimage\"},\"image\":{\"@id\":\"https:\\\/\\\/www.temacslitters.com\\\/it\\\/assistenza\\\/#primaryimage\"},\"thumbnailUrl\":\"https:\\\/\\\/www.temacslitters.com\\\/wp-content\\\/uploads\\\/2021\\\/05\\\/assistenza-1-1024x414.jpg\",\"datePublished\":\"2023-03-17T09:57:15+00:00\",\"dateModified\":\"2023-11-10T10:16:45+00:00\",\"breadcrumb\":{\"@id\":\"https:\\\/\\\/www.temacslitters.com\\\/it\\\/assistenza\\\/#breadcrumb\"},\"inLanguage\":\"es\",\"potentialAction\":[{\"@type\":\"ReadAction\",\"target\":[\"https:\\\/\\\/www.temacslitters.com\\\/it\\\/assistenza\\\/\"]}]},{\"@type\":\"ImageObject\",\"inLanguage\":\"es\",\"@id\":\"https:\\\/\\\/www.temacslitters.com\\\/it\\\/assistenza\\\/#primaryimage\",\"url\":\"https:\\\/\\\/www.temacslitters.com\\\/wp-content\\\/uploads\\\/2021\\\/05\\\/assistenza-1-1024x414.jpg\",\"contentUrl\":\"https:\\\/\\\/www.temacslitters.com\\\/wp-content\\\/uploads\\\/2021\\\/05\\\/assistenza-1-1024x414.jpg\"},{\"@type\":\"BreadcrumbList\",\"@id\":\"https:\\\/\\\/www.temacslitters.com\\\/it\\\/assistenza\\\/#breadcrumb\",\"itemListElement\":[{\"@type\":\"ListItem\",\"position\":1,\"name\":\"Home\",\"item\":\"https:\\\/\\\/www.temacslitters.com\\\/it\\\/\"},{\"@type\":\"ListItem\",\"position\":2,\"name\":\"Asistencia\"}]},{\"@type\":\"WebSite\",\"@id\":\"https:\\\/\\\/www.temacslitters.com\\\/it\\\/#website\",\"url\":\"https:\\\/\\\/www.temacslitters.com\\\/it\\\/\",\"name\":\"Cortadoras Rebobinadoras Temac\",\"description\":\"Temac: l\u00edder del mercado en la producci\u00f3n de cortadoras rebobinadoras, envasadoras y m\u00e1quinas especiales bajo pedido.\",\"publisher\":{\"@id\":\"https:\\\/\\\/www.temacslitters.com\\\/it\\\/#organization\"},\"potentialAction\":[{\"@type\":\"SearchAction\",\"target\":{\"@type\":\"EntryPoint\",\"urlTemplate\":\"https:\\\/\\\/www.temacslitters.com\\\/it\\\/?s={search_term_string}\"},\"query-input\":{\"@type\":\"PropertyValueSpecification\",\"valueRequired\":true,\"valueName\":\"search_term_string\"}}],\"inLanguage\":\"es\"},{\"@type\":\"Organization\",\"@id\":\"https:\\\/\\\/www.temacslitters.com\\\/it\\\/#organization\",\"name\":\"Temac\",\"url\":\"https:\\\/\\\/www.temacslitters.com\\\/it\\\/\",\"logo\":{\"@type\":\"ImageObject\",\"inLanguage\":\"es\",\"@id\":\"https:\\\/\\\/www.temacslitters.com\\\/it\\\/#\\\/schema\\\/logo\\\/image\\\/\",\"url\":\"https:\\\/\\\/www.temacslitters.com\\\/wp-content\\\/uploads\\\/2017\\\/03\\\/temac_converting_taglierine_svolgitori_logo.png\",\"contentUrl\":\"https:\\\/\\\/www.temacslitters.com\\\/wp-content\\\/uploads\\\/2017\\\/03\\\/temac_converting_taglierine_svolgitori_logo.png\",\"width\":219,\"height\":55,\"caption\":\"Temac\"},\"image\":{\"@id\":\"https:\\\/\\\/www.temacslitters.com\\\/it\\\/#\\\/schema\\\/logo\\\/image\\\/\"},\"sameAs\":[\"https:\\\/\\\/www.facebook.com\\\/TemacSrl\\\/\",\"https:\\\/\\\/www.linkedin.com\\\/company\\\/temac-srl\\\/\"]}]}<\/script>\n<!-- \/ Yoast SEO plugin. -->","yoast_head_json":{"title":"Asistencia - Cortadoras Rebobinadoras Temac","robots":{"index":"index","follow":"follow","max-snippet":"max-snippet:-1","max-image-preview":"max-image-preview:large","max-video-preview":"max-video-preview:-1"},"canonical":"https:\/\/www.temacslitters.com\/it\/assistenza\/","og_locale":"es_ES","og_type":"article","og_title":"Asistencia - Cortadoras Rebobinadoras Temac","og_description":"C\u00f3mo contactarnosA trav\u00e9s de nuestra centralita telef\u00f3nica (+39-0331-661204), nuestro n\u00famero m\u00f3vil (+39-347-7451869) o mediante las dos direcciones de correos electr\u00f3nicos dedicados (automation@temac.it y service@temac.it), los clientes pueden comunicarse directamente con un t\u00e9cnico para exponer su problema: seg\u00fan el caso, se lleva a cabo una intervenci\u00f3n remota a trav\u00e9s de diagn\u00f3stico a distancia, o, si es+ Leer M\u00e1s","og_url":"https:\/\/www.temacslitters.com\/it\/assistenza\/","og_site_name":"Cortadoras Rebobinadoras Temac","article_publisher":"https:\/\/www.facebook.com\/TemacSrl\/","article_modified_time":"2023-11-10T10:16:45+00:00","og_image":[{"url":"https:\/\/www.temacslitters.com\/wp-content\/uploads\/2021\/05\/assistenza-1-1024x414.jpg","type":"","width":"","height":""}],"twitter_card":"summary_large_image","twitter_misc":{"Tiempo de lectura":"1 minuto"},"schema":{"@context":"https:\/\/schema.org","@graph":[{"@type":"WebPage","@id":"https:\/\/www.temacslitters.com\/it\/assistenza\/","url":"https:\/\/www.temacslitters.com\/it\/assistenza\/","name":"Asistencia - Cortadoras Rebobinadoras Temac","isPartOf":{"@id":"https:\/\/www.temacslitters.com\/it\/#website"},"primaryImageOfPage":{"@id":"https:\/\/www.temacslitters.com\/it\/assistenza\/#primaryimage"},"image":{"@id":"https:\/\/www.temacslitters.com\/it\/assistenza\/#primaryimage"},"thumbnailUrl":"https:\/\/www.temacslitters.com\/wp-content\/uploads\/2021\/05\/assistenza-1-1024x414.jpg","datePublished":"2023-03-17T09:57:15+00:00","dateModified":"2023-11-10T10:16:45+00:00","breadcrumb":{"@id":"https:\/\/www.temacslitters.com\/it\/assistenza\/#breadcrumb"},"inLanguage":"es","potentialAction":[{"@type":"ReadAction","target":["https:\/\/www.temacslitters.com\/it\/assistenza\/"]}]},{"@type":"ImageObject","inLanguage":"es","@id":"https:\/\/www.temacslitters.com\/it\/assistenza\/#primaryimage","url":"https:\/\/www.temacslitters.com\/wp-content\/uploads\/2021\/05\/assistenza-1-1024x414.jpg","contentUrl":"https:\/\/www.temacslitters.com\/wp-content\/uploads\/2021\/05\/assistenza-1-1024x414.jpg"},{"@type":"BreadcrumbList","@id":"https:\/\/www.temacslitters.com\/it\/assistenza\/#breadcrumb","itemListElement":[{"@type":"ListItem","position":1,"name":"Home","item":"https:\/\/www.temacslitters.com\/it\/"},{"@type":"ListItem","position":2,"name":"Asistencia"}]},{"@type":"WebSite","@id":"https:\/\/www.temacslitters.com\/it\/#website","url":"https:\/\/www.temacslitters.com\/it\/","name":"Cortadoras Rebobinadoras Temac","description":"Temac: l\u00edder del mercado en la producci\u00f3n de cortadoras rebobinadoras, envasadoras y m\u00e1quinas especiales bajo pedido.","publisher":{"@id":"https:\/\/www.temacslitters.com\/it\/#organization"},"potentialAction":[{"@type":"SearchAction","target":{"@type":"EntryPoint","urlTemplate":"https:\/\/www.temacslitters.com\/it\/?s={search_term_string}"},"query-input":{"@type":"PropertyValueSpecification","valueRequired":true,"valueName":"search_term_string"}}],"inLanguage":"es"},{"@type":"Organization","@id":"https:\/\/www.temacslitters.com\/it\/#organization","name":"Temac","url":"https:\/\/www.temacslitters.com\/it\/","logo":{"@type":"ImageObject","inLanguage":"es","@id":"https:\/\/www.temacslitters.com\/it\/#\/schema\/logo\/image\/","url":"https:\/\/www.temacslitters.com\/wp-content\/uploads\/2017\/03\/temac_converting_taglierine_svolgitori_logo.png","contentUrl":"https:\/\/www.temacslitters.com\/wp-content\/uploads\/2017\/03\/temac_converting_taglierine_svolgitori_logo.png","width":219,"height":55,"caption":"Temac"},"image":{"@id":"https:\/\/www.temacslitters.com\/it\/#\/schema\/logo\/image\/"},"sameAs":["https:\/\/www.facebook.com\/TemacSrl\/","https:\/\/www.linkedin.com\/company\/temac-srl\/"]}]}},"_links":{"self":[{"href":"https:\/\/www.temacslitters.com\/es\/wp-json\/wp\/v2\/pages\/3190","targetHints":{"allow":["GET"]}}],"collection":[{"href":"https:\/\/www.temacslitters.com\/es\/wp-json\/wp\/v2\/pages"}],"about":[{"href":"https:\/\/www.temacslitters.com\/es\/wp-json\/wp\/v2\/types\/page"}],"author":[{"embeddable":true,"href":"https:\/\/www.temacslitters.com\/es\/wp-json\/wp\/v2\/users\/1"}],"replies":[{"embeddable":true,"href":"https:\/\/www.temacslitters.com\/es\/wp-json\/wp\/v2\/comments?post=3190"}],"version-history":[{"count":4,"href":"https:\/\/www.temacslitters.com\/es\/wp-json\/wp\/v2\/pages\/3190\/revisions"}],"predecessor-version":[{"id":5490,"href":"https:\/\/www.temacslitters.com\/es\/wp-json\/wp\/v2\/pages\/3190\/revisions\/5490"}],"wp:attachment":[{"href":"https:\/\/www.temacslitters.com\/es\/wp-json\/wp\/v2\/media?parent=3190"}],"curies":[{"name":"wp","href":"https:\/\/api.w.org\/{rel}","templated":true}]}}