{"id":3096,"date":"2021-04-08T10:30:05","date_gmt":"2021-04-08T10:30:05","guid":{"rendered":"https:\/\/www.temacslitters.com\/?page_id=3096"},"modified":"2025-01-17T10:46:23","modified_gmt":"2025-01-17T10:46:23","slug":"home-sezione-nuove-macchine-es","status":"publish","type":"page","link":"https:\/\/www.temacslitters.com\/es\/home-sezione-nuove-macchine-es\/","title":{"rendered":"Home Sezione Nuove Macchine es"},"content":{"rendered":"\n\n\t\t<div class=\"center-title\"><h2 style=\"color:#282828\">Nuevas m\u00e1quinas y cortadoras<\/h2><span style=\"border-bottom-color:#e8e7e7\"><\/span><\/div>\n\n\t\t\n<p style=\"text-align: center;\">Siempre procuramos innovar. Echa un vistazo a las fichas t\u00e9cnicas de nuestras \u00faltimas cortadoras y descubre todos los detalles que marcan la diferencia en comparaci\u00f3n con las dem\u00e1s m\u00e1quinas del mercado<\/p>\n<p>&nbsp;<\/p>\n<div class=\"spacecode\" style=\"height:30px;\"><\/div>\n<div class=\"su-row\">\n<div class=\"su-column su-column-size-1-2\"><div class=\"su-column-inner su-u-clearfix su-u-trim\">\n<p><img fetchpriority=\"high\" decoding=\"async\" class=\"aligncenter wp-image-5853 size-full\" src=\"https:\/\/www.temacslitters.com\/wp-content\/uploads\/2018\/01\/EMS-610.jpg\" alt=\"EMS610\" width=\"505\" height=\"355\" srcset=\"https:\/\/www.temacslitters.com\/wp-content\/uploads\/2018\/01\/EMS-610.jpg 505w, https:\/\/www.temacslitters.com\/wp-content\/uploads\/2018\/01\/EMS-610-300x211.jpg 300w\" sizes=\"(max-width: 505px) 100vw, 505px\" \/><\/p>\n<p>&nbsp;<\/p>\n<p>&nbsp;<\/p>\n<div class=\"su-button-center\"><a href=\"https:\/\/www.temacslitters.com\/es\/m\/cortadora-rebobinadora-ems-610\/\" class=\"su-button su-button-style-default\" style=\"color:#FFFFFF;background-color:#2D89EF;border-color:#246ec0;border-radius:6px\" target=\"_self\"><span style=\"color:#FFFFFF;padding:0px 18px;font-size:14px;line-height:28px;border-color:#6cadf4;border-radius:6px;text-shadow:none\">  Cortadora Rebobinadora EMS 610 <\/span><\/a><\/div>\n<\/div><\/div>\n<div class=\"su-column su-column-size-1-2\"><div class=\"su-column-inner su-u-clearfix su-u-trim\">\n<a href=\"https:\/\/www.temacslitters.com\/es\/m\/cortadora-rebobinadora-srp-182\/\"><img decoding=\"async\" class=\"aligncenter wp-image-3311 size-full\" src=\"https:\/\/www.temacslitters.com\/wp-content\/uploads\/2021\/07\/srp182.jpg\" alt=\"srp182\" width=\"505\" height=\"355\" srcset=\"https:\/\/www.temacslitters.com\/wp-content\/uploads\/2021\/07\/srp182.jpg 505w, https:\/\/www.temacslitters.com\/wp-content\/uploads\/2021\/07\/srp182-300x211.jpg 300w\" sizes=\"(max-width: 505px) 100vw, 505px\" \/><\/a><br \/>\n<div class=\"su-button-center\"><a href=\"https:\/\/www.temacslitters.com\/es\/m\/cortadora-rebobinadora-srp-182\/\" class=\"su-button su-button-style-default\" style=\"color:#FFFFFF;background-color:#2D89EF;border-color:#246ec0;border-radius:6px\" target=\"_self\"><span style=\"color:#FFFFFF;padding:0px 18px;font-size:14px;line-height:28px;border-color:#6cadf4;border-radius:6px;text-shadow:none\">  Nueva cortadora rebobinadora SRP 182 <\/span><\/a><\/div>\n<\/div><\/div>\n<\/div>\n<div class=\"su-row\">\n<div class=\"su-column su-column-size-1-2\"><div class=\"su-column-inner su-u-clearfix su-u-trim\">\n<a href=\"https:\/\/www.temacslitters.com\/es\/m\/cortadora-rebobinadora-srp-162\/\"><img decoding=\"async\" class=\"aligncenter wp-image-3410 size-full\" src=\"https:\/\/www.temacslitters.com\/wp-content\/uploads\/2021\/10\/srp162-svi.jpg\" alt=\"SRP 162 svi\" width=\"505\" height=\"355\" srcset=\"https:\/\/www.temacslitters.com\/wp-content\/uploads\/2021\/10\/srp162-svi.jpg 505w, https:\/\/www.temacslitters.com\/wp-content\/uploads\/2021\/10\/srp162-svi-300x211.jpg 300w\" sizes=\"(max-width: 505px) 100vw, 505px\" \/><\/a><br \/>\n<div class=\"su-button-center\"><a href=\"https:\/\/www.temacslitters.com\/es\/m\/cortadora-rebobinadora-srp-162\/\" class=\"su-button su-button-style-default\" style=\"color:#FFFFFF;background-color:#2D89EF;border-color:#246ec0;border-radius:6px\" target=\"_self\"><span style=\"color:#FFFFFF;padding:0px 18px;font-size:14px;line-height:28px;border-color:#6cadf4;border-radius:6px;text-shadow:none\">  Cortadora Rebobinadora SRP 162 <\/span><\/a><\/div>\n<\/div><\/div>\n<div class=\"su-column su-column-size-1-2\"><div class=\"su-column-inner su-u-clearfix su-u-trim\">\n<a href=\"https:\/\/www.temacslitters.com\/es\/m\/cortadora-rebobinadora-tsw-801\/\"><img loading=\"lazy\" decoding=\"async\" class=\"aligncenter wp-image-3415 size-full\" src=\"https:\/\/www.temacslitters.com\/wp-content\/uploads\/2021\/10\/TSW_801_IS_front.jpg\" alt=\"TSW801\" width=\"505\" height=\"355\" srcset=\"https:\/\/www.temacslitters.com\/wp-content\/uploads\/2021\/10\/TSW_801_IS_front.jpg 505w, https:\/\/www.temacslitters.com\/wp-content\/uploads\/2021\/10\/TSW_801_IS_front-300x211.jpg 300w\" sizes=\"(max-width: 505px) 100vw, 505px\" \/><\/a><br \/>\n<div class=\"su-button-center\"><a href=\"https:\/\/www.temacslitters.com\/es\/m\/cortadora-rebobinadora-tsw-801\/\" class=\"su-button su-button-style-default\" style=\"color:#FFFFFF;background-color:#2D89EF;border-color:#246ec0;border-radius:6px\" target=\"_self\"><span style=\"color:#FFFFFF;padding:0px 18px;font-size:14px;line-height:28px;border-color:#6cadf4;border-radius:6px;text-shadow:none\">  Cortadora Rebobinadora TSW 801 <\/span><\/a><\/div>\n<\/div><\/div>\n<\/div>\n<div class=\"spacecode\" style=\"height:15px;\"><\/div>\n","protected":false},"excerpt":{"rendered":"<p>Siempre procuramos innovar. Echa un vistazo a las fichas t\u00e9cnicas de nuestras \u00faltimas cortadoras y descubre todos los detalles que marcan la diferencia en comparaci\u00f3n con las dem\u00e1s m\u00e1quinas del mercado &nbsp;<\/p>\n","protected":false},"author":1,"featured_media":0,"parent":0,"menu_order":0,"comment_status":"closed","ping_status":"closed","template":"templates\/page-fullwidth_template.php","meta":{"_acf_changed":false,"footnotes":""},"class_list":["post-3096","page","type-page","status-publish","hentry"],"acf":[],"yoast_head":"<!-- This site is optimized with the Yoast SEO plugin v27.3 - https:\/\/yoast.com\/product\/yoast-seo-wordpress\/ -->\n<title>Home Sezione Nuove Macchine es - Cortadoras Rebobinadoras Temac<\/title>\n<meta name=\"robots\" content=\"index, follow, max-snippet:-1, max-image-preview:large, max-video-preview:-1\" \/>\n<link rel=\"canonical\" href=\"https:\/\/www.temacslitters.com\/es\/home-sezione-nuove-macchine-es\/\" \/>\n<meta property=\"og:locale\" content=\"es_ES\" \/>\n<meta property=\"og:type\" content=\"article\" \/>\n<meta property=\"og:title\" content=\"Home Sezione Nuove Macchine es - Cortadoras Rebobinadoras Temac\" \/>\n<meta property=\"og:description\" content=\"Siempre procuramos innovar. Echa un vistazo a las fichas t\u00e9cnicas de nuestras \u00faltimas cortadoras y descubre todos los detalles que marcan la diferencia en comparaci\u00f3n con las dem\u00e1s m\u00e1quinas del mercado &nbsp;\" \/>\n<meta property=\"og:url\" content=\"https:\/\/www.temacslitters.com\/es\/home-sezione-nuove-macchine-es\/\" \/>\n<meta property=\"og:site_name\" content=\"Cortadoras Rebobinadoras Temac\" \/>\n<meta property=\"article:publisher\" content=\"https:\/\/www.facebook.com\/TemacSrl\/\" \/>\n<meta property=\"article:modified_time\" content=\"2025-01-17T10:46:23+00:00\" \/>\n<meta property=\"og:image\" content=\"https:\/\/www.temacslitters.com\/wp-content\/uploads\/2018\/01\/EMS-610.jpg\" \/>\n\t<meta property=\"og:image:width\" content=\"505\" \/>\n\t<meta property=\"og:image:height\" content=\"355\" \/>\n\t<meta property=\"og:image:type\" content=\"image\/jpeg\" \/>\n<meta name=\"twitter:card\" content=\"summary_large_image\" \/>\n<meta name=\"twitter:label1\" content=\"Tiempo de lectura\" \/>\n\t<meta name=\"twitter:data1\" content=\"2 minutos\" \/>\n<script type=\"application\/ld+json\" class=\"yoast-schema-graph\">{\"@context\":\"https:\\\/\\\/schema.org\",\"@graph\":[{\"@type\":\"WebPage\",\"@id\":\"https:\\\/\\\/www.temacslitters.com\\\/es\\\/home-sezione-nuove-macchine-es\\\/\",\"url\":\"https:\\\/\\\/www.temacslitters.com\\\/es\\\/home-sezione-nuove-macchine-es\\\/\",\"name\":\"Home Sezione Nuove Macchine es - Cortadoras Rebobinadoras Temac\",\"isPartOf\":{\"@id\":\"https:\\\/\\\/www.temacslitters.com\\\/it\\\/#website\"},\"primaryImageOfPage\":{\"@id\":\"https:\\\/\\\/www.temacslitters.com\\\/es\\\/home-sezione-nuove-macchine-es\\\/#primaryimage\"},\"image\":{\"@id\":\"https:\\\/\\\/www.temacslitters.com\\\/es\\\/home-sezione-nuove-macchine-es\\\/#primaryimage\"},\"thumbnailUrl\":\"https:\\\/\\\/www.temacslitters.com\\\/wp-content\\\/uploads\\\/2018\\\/01\\\/EMS-610.jpg\",\"datePublished\":\"2021-04-08T10:30:05+00:00\",\"dateModified\":\"2025-01-17T10:46:23+00:00\",\"breadcrumb\":{\"@id\":\"https:\\\/\\\/www.temacslitters.com\\\/es\\\/home-sezione-nuove-macchine-es\\\/#breadcrumb\"},\"inLanguage\":\"es\",\"potentialAction\":[{\"@type\":\"ReadAction\",\"target\":[\"https:\\\/\\\/www.temacslitters.com\\\/es\\\/home-sezione-nuove-macchine-es\\\/\"]}]},{\"@type\":\"ImageObject\",\"inLanguage\":\"es\",\"@id\":\"https:\\\/\\\/www.temacslitters.com\\\/es\\\/home-sezione-nuove-macchine-es\\\/#primaryimage\",\"url\":\"https:\\\/\\\/www.temacslitters.com\\\/wp-content\\\/uploads\\\/2018\\\/01\\\/EMS-610.jpg\",\"contentUrl\":\"https:\\\/\\\/www.temacslitters.com\\\/wp-content\\\/uploads\\\/2018\\\/01\\\/EMS-610.jpg\"},{\"@type\":\"BreadcrumbList\",\"@id\":\"https:\\\/\\\/www.temacslitters.com\\\/es\\\/home-sezione-nuove-macchine-es\\\/#breadcrumb\",\"itemListElement\":[{\"@type\":\"ListItem\",\"position\":1,\"name\":\"Home\",\"item\":\"https:\\\/\\\/www.temacslitters.com\\\/it\\\/\"},{\"@type\":\"ListItem\",\"position\":2,\"name\":\"Home Sezione Nuove Macchine es\"}]},{\"@type\":\"WebSite\",\"@id\":\"https:\\\/\\\/www.temacslitters.com\\\/it\\\/#website\",\"url\":\"https:\\\/\\\/www.temacslitters.com\\\/it\\\/\",\"name\":\"Cortadoras Rebobinadoras Temac\",\"description\":\"Temac: l\u00edder del mercado en la producci\u00f3n de cortadoras rebobinadoras, envasadoras y m\u00e1quinas especiales bajo pedido.\",\"publisher\":{\"@id\":\"https:\\\/\\\/www.temacslitters.com\\\/it\\\/#organization\"},\"potentialAction\":[{\"@type\":\"SearchAction\",\"target\":{\"@type\":\"EntryPoint\",\"urlTemplate\":\"https:\\\/\\\/www.temacslitters.com\\\/it\\\/?s={search_term_string}\"},\"query-input\":{\"@type\":\"PropertyValueSpecification\",\"valueRequired\":true,\"valueName\":\"search_term_string\"}}],\"inLanguage\":\"es\"},{\"@type\":\"Organization\",\"@id\":\"https:\\\/\\\/www.temacslitters.com\\\/it\\\/#organization\",\"name\":\"Temac\",\"url\":\"https:\\\/\\\/www.temacslitters.com\\\/it\\\/\",\"logo\":{\"@type\":\"ImageObject\",\"inLanguage\":\"es\",\"@id\":\"https:\\\/\\\/www.temacslitters.com\\\/it\\\/#\\\/schema\\\/logo\\\/image\\\/\",\"url\":\"https:\\\/\\\/www.temacslitters.com\\\/wp-content\\\/uploads\\\/2017\\\/03\\\/temac_converting_taglierine_svolgitori_logo.png\",\"contentUrl\":\"https:\\\/\\\/www.temacslitters.com\\\/wp-content\\\/uploads\\\/2017\\\/03\\\/temac_converting_taglierine_svolgitori_logo.png\",\"width\":219,\"height\":55,\"caption\":\"Temac\"},\"image\":{\"@id\":\"https:\\\/\\\/www.temacslitters.com\\\/it\\\/#\\\/schema\\\/logo\\\/image\\\/\"},\"sameAs\":[\"https:\\\/\\\/www.facebook.com\\\/TemacSrl\\\/\",\"https:\\\/\\\/www.linkedin.com\\\/company\\\/temac-srl\\\/\"]}]}<\/script>\n<!-- \/ Yoast SEO plugin. -->","yoast_head_json":{"title":"Home Sezione Nuove Macchine es - Cortadoras Rebobinadoras Temac","robots":{"index":"index","follow":"follow","max-snippet":"max-snippet:-1","max-image-preview":"max-image-preview:large","max-video-preview":"max-video-preview:-1"},"canonical":"https:\/\/www.temacslitters.com\/es\/home-sezione-nuove-macchine-es\/","og_locale":"es_ES","og_type":"article","og_title":"Home Sezione Nuove Macchine es - Cortadoras Rebobinadoras Temac","og_description":"Siempre procuramos innovar. Echa un vistazo a las fichas t\u00e9cnicas de nuestras \u00faltimas cortadoras y descubre todos los detalles que marcan la diferencia en comparaci\u00f3n con las dem\u00e1s m\u00e1quinas del mercado &nbsp;","og_url":"https:\/\/www.temacslitters.com\/es\/home-sezione-nuove-macchine-es\/","og_site_name":"Cortadoras Rebobinadoras Temac","article_publisher":"https:\/\/www.facebook.com\/TemacSrl\/","article_modified_time":"2025-01-17T10:46:23+00:00","og_image":[{"width":505,"height":355,"url":"https:\/\/www.temacslitters.com\/wp-content\/uploads\/2018\/01\/EMS-610.jpg","type":"image\/jpeg"}],"twitter_card":"summary_large_image","twitter_misc":{"Tiempo de lectura":"2 minutos"},"schema":{"@context":"https:\/\/schema.org","@graph":[{"@type":"WebPage","@id":"https:\/\/www.temacslitters.com\/es\/home-sezione-nuove-macchine-es\/","url":"https:\/\/www.temacslitters.com\/es\/home-sezione-nuove-macchine-es\/","name":"Home Sezione Nuove Macchine es - Cortadoras Rebobinadoras Temac","isPartOf":{"@id":"https:\/\/www.temacslitters.com\/it\/#website"},"primaryImageOfPage":{"@id":"https:\/\/www.temacslitters.com\/es\/home-sezione-nuove-macchine-es\/#primaryimage"},"image":{"@id":"https:\/\/www.temacslitters.com\/es\/home-sezione-nuove-macchine-es\/#primaryimage"},"thumbnailUrl":"https:\/\/www.temacslitters.com\/wp-content\/uploads\/2018\/01\/EMS-610.jpg","datePublished":"2021-04-08T10:30:05+00:00","dateModified":"2025-01-17T10:46:23+00:00","breadcrumb":{"@id":"https:\/\/www.temacslitters.com\/es\/home-sezione-nuove-macchine-es\/#breadcrumb"},"inLanguage":"es","potentialAction":[{"@type":"ReadAction","target":["https:\/\/www.temacslitters.com\/es\/home-sezione-nuove-macchine-es\/"]}]},{"@type":"ImageObject","inLanguage":"es","@id":"https:\/\/www.temacslitters.com\/es\/home-sezione-nuove-macchine-es\/#primaryimage","url":"https:\/\/www.temacslitters.com\/wp-content\/uploads\/2018\/01\/EMS-610.jpg","contentUrl":"https:\/\/www.temacslitters.com\/wp-content\/uploads\/2018\/01\/EMS-610.jpg"},{"@type":"BreadcrumbList","@id":"https:\/\/www.temacslitters.com\/es\/home-sezione-nuove-macchine-es\/#breadcrumb","itemListElement":[{"@type":"ListItem","position":1,"name":"Home","item":"https:\/\/www.temacslitters.com\/it\/"},{"@type":"ListItem","position":2,"name":"Home Sezione Nuove Macchine es"}]},{"@type":"WebSite","@id":"https:\/\/www.temacslitters.com\/it\/#website","url":"https:\/\/www.temacslitters.com\/it\/","name":"Cortadoras Rebobinadoras Temac","description":"Temac: l\u00edder del mercado en la producci\u00f3n de cortadoras rebobinadoras, envasadoras y m\u00e1quinas especiales bajo pedido.","publisher":{"@id":"https:\/\/www.temacslitters.com\/it\/#organization"},"potentialAction":[{"@type":"SearchAction","target":{"@type":"EntryPoint","urlTemplate":"https:\/\/www.temacslitters.com\/it\/?s={search_term_string}"},"query-input":{"@type":"PropertyValueSpecification","valueRequired":true,"valueName":"search_term_string"}}],"inLanguage":"es"},{"@type":"Organization","@id":"https:\/\/www.temacslitters.com\/it\/#organization","name":"Temac","url":"https:\/\/www.temacslitters.com\/it\/","logo":{"@type":"ImageObject","inLanguage":"es","@id":"https:\/\/www.temacslitters.com\/it\/#\/schema\/logo\/image\/","url":"https:\/\/www.temacslitters.com\/wp-content\/uploads\/2017\/03\/temac_converting_taglierine_svolgitori_logo.png","contentUrl":"https:\/\/www.temacslitters.com\/wp-content\/uploads\/2017\/03\/temac_converting_taglierine_svolgitori_logo.png","width":219,"height":55,"caption":"Temac"},"image":{"@id":"https:\/\/www.temacslitters.com\/it\/#\/schema\/logo\/image\/"},"sameAs":["https:\/\/www.facebook.com\/TemacSrl\/","https:\/\/www.linkedin.com\/company\/temac-srl\/"]}]}},"_links":{"self":[{"href":"https:\/\/www.temacslitters.com\/es\/wp-json\/wp\/v2\/pages\/3096","targetHints":{"allow":["GET"]}}],"collection":[{"href":"https:\/\/www.temacslitters.com\/es\/wp-json\/wp\/v2\/pages"}],"about":[{"href":"https:\/\/www.temacslitters.com\/es\/wp-json\/wp\/v2\/types\/page"}],"author":[{"embeddable":true,"href":"https:\/\/www.temacslitters.com\/es\/wp-json\/wp\/v2\/users\/1"}],"replies":[{"embeddable":true,"href":"https:\/\/www.temacslitters.com\/es\/wp-json\/wp\/v2\/comments?post=3096"}],"version-history":[{"count":11,"href":"https:\/\/www.temacslitters.com\/es\/wp-json\/wp\/v2\/pages\/3096\/revisions"}],"predecessor-version":[{"id":5860,"href":"https:\/\/www.temacslitters.com\/es\/wp-json\/wp\/v2\/pages\/3096\/revisions\/5860"}],"wp:attachment":[{"href":"https:\/\/www.temacslitters.com\/es\/wp-json\/wp\/v2\/media?parent=3096"}],"curies":[{"name":"wp","href":"https:\/\/api.w.org\/{rel}","templated":true}]}}