{"id":2199,"date":"2018-05-15T13:18:14","date_gmt":"2018-05-15T13:18:14","guid":{"rendered":"https:\/\/www.temacslitters.com\/scaricatori\/"},"modified":"2021-04-20T10:47:22","modified_gmt":"2021-04-20T10:47:22","slug":"descargadores","status":"publish","type":"page","link":"https:\/\/www.temacslitters.com\/es\/descargadores\/","title":{"rendered":"Descargadores"},"content":{"rendered":"<p>Nuestros sistemas de descarga. Consulta las fichas siguientes o descarga el <a href=\"https:\/\/www.temacslitters.com\/wp-content\/uploads\/2018\/05\/scaricatori.pdf\" target=\"_blank\" rel=\"noopener\">pdf de presentaci\u00f3n<\/a>.<br \/>\n<div class=\"su-tabs su-tabs-style-default su-tabs-mobile-stack\" data-active=\"1\" data-scroll-offset=\"0\" data-anchor-in-url=\"no\"><div class=\"su-tabs-nav\"><span class=\"\" data-url=\"\" data-target=\"blank\" tabindex=\"0\" role=\"button\">SF12<\/span><span class=\"\" data-url=\"\" data-target=\"blank\" tabindex=\"0\" role=\"button\">SF14<\/span><span class=\"\" data-url=\"\" data-target=\"blank\" tabindex=\"0\" role=\"button\">SF16<\/span><span class=\"\" data-url=\"\" data-target=\"blank\" tabindex=\"0\" role=\"button\">SF18<\/span><span class=\"\" data-url=\"\" data-target=\"blank\" tabindex=\"0\" role=\"button\">SF20<\/span><span class=\"\" data-url=\"\" data-target=\"blank\" tabindex=\"0\" role=\"button\">SF22<\/span><\/div><div class=\"su-tabs-panes\"><div class=\"su-tabs-pane su-u-clearfix su-u-trim\" data-title=\"SF12\">\n<div class=\"su-heading su-heading-style-default su-heading-align-center\" id=\"\" style=\"font-size:24px;margin-bottom:10px\"><div class=\"su-heading-inner\">SF12<\/div><\/div>\n<p><img fetchpriority=\"high\" decoding=\"async\" class=\"aligncenter size-full wp-image-1670\" src=\"https:\/\/www.temacslitters.com\/wp-content\/uploads\/2018\/05\/scaricatore-sf12.jpg\" alt=\"scaricatore sf12\" width=\"271\" height=\"237\" \/>El siguiente modelo est\u00e1 disponible:<br \/>\nDESCARGADOR SF12<br \/>\nSistema de descarga lateral manual.<\/p>\n<\/div>\n<div class=\"su-tabs-pane su-u-clearfix su-u-trim\" data-title=\"SF14\">\n<div class=\"su-heading su-heading-style-default su-heading-align-center\" id=\"\" style=\"font-size:24px;margin-bottom:10px\"><div class=\"su-heading-inner\">SF14<\/div><\/div>\n<p><img decoding=\"async\" class=\"aligncenter size-full wp-image-1674\" src=\"https:\/\/www.temacslitters.com\/wp-content\/uploads\/2018\/05\/scaricatore-sf14.jpg\" alt=\"scaricatore sf14\" width=\"271\" height=\"237\" \/>El siguiente modelo est\u00e1 disponible:<br \/>\nDESCARGADOR SF14<br \/>\nSistema de descarga lateral manual con rotaci\u00f3n ortogonal a 90\u00b0 para posicionar las bobinas terminadas al mismo nivel del suelo.<\/p>\n<\/div>\n<div class=\"su-tabs-pane su-u-clearfix su-u-trim\" data-title=\"SF16\">\n<div class=\"su-heading su-heading-style-default su-heading-align-center\" id=\"\" style=\"font-size:24px;margin-bottom:10px\"><div class=\"su-heading-inner\">SF16<\/div><\/div>\n<p><img decoding=\"async\" class=\"aligncenter size-full wp-image-1662\" src=\"https:\/\/www.temacslitters.com\/wp-content\/uploads\/2018\/05\/scaricatore-sf16.jpg\" alt=\"scaricatore sf16\" width=\"271\" height=\"237\" \/>El siguiente modelo est\u00e1 disponible:<br \/>\nDESCARGADOR SF16<br \/>\nSistema de descarga lateral manual con rotaci\u00f3n ortogonal a 90\u00b0 con descenso al suelo o sobre plataforma motorizada (europal\u00e9, etc.).<\/p>\n<\/div>\n<div class=\"su-tabs-pane su-u-clearfix su-u-trim\" data-title=\"SF18\">\n<div class=\"su-heading su-heading-style-default su-heading-align-center\" id=\"\" style=\"font-size:24px;margin-bottom:10px\"><div class=\"su-heading-inner\">SF18<\/div><\/div>\n<p><img loading=\"lazy\" decoding=\"async\" class=\"aligncenter size-full wp-image-1666\" src=\"https:\/\/www.temacslitters.com\/wp-content\/uploads\/2018\/05\/scaricatore-sf18.jpg\" alt=\"scaricatore sf18\" width=\"271\" height=\"237\" \/>El siguiente modelo est\u00e1 disponible:<br \/>\nDESCARGADOR SF18<br \/>\nSistema de descarga lateral manual con rotaci\u00f3n ortogonal a 90\u00b0 con descenso al suelo o sobre pal\u00e9 motorizado (europal\u00e9s, etc.) con expulsi\u00f3n motorizada de las bobinas terminadas.<\/p>\n<\/div>\n<div class=\"su-tabs-pane su-u-clearfix su-u-trim\" data-title=\"SF20\">\n<div class=\"su-heading su-heading-style-default su-heading-align-center\" id=\"\" style=\"font-size:24px;margin-bottom:10px\"><div class=\"su-heading-inner\">SF20<\/div><\/div>\n<p><img loading=\"lazy\" decoding=\"async\" class=\"aligncenter size-full wp-image-1682\" src=\"https:\/\/www.temacslitters.com\/wp-content\/uploads\/2018\/05\/scaricatore-sf20.jpg\" alt=\"scaricatore sf20\" width=\"271\" height=\"237\" \/>El siguiente modelo est\u00e1 disponible:<br \/>\nDESCARGADOR SF20<br \/>\nSistema de descarga lateral con ROTACI\u00d3N DE COLUMNA MOTORIZADA y rotaci\u00f3n ortogonal a 90\u00b0 con descenso al suelo o sobre pal\u00e9 motorizado (europal\u00e9s, etc.) con expulsi\u00f3n motorizada de las bobinas terminadas.<\/p>\n<\/div>\n<div class=\"su-tabs-pane su-u-clearfix su-u-trim\" data-title=\"SF22\">\n<div class=\"su-heading su-heading-style-default su-heading-align-center\" id=\"\" style=\"font-size:24px;margin-bottom:10px\"><div class=\"su-heading-inner\">SF22<\/div><\/div>\n<p><img loading=\"lazy\" decoding=\"async\" class=\"aligncenter size-full wp-image-1678\" src=\"https:\/\/www.temacslitters.com\/wp-content\/uploads\/2018\/05\/scaricatore-sf22.jpg\" alt=\"scaricatore sf22\" width=\"271\" height=\"237\" \/>El siguiente modelo est\u00e1 disponible:<br \/>\nDESCARGADOR SF22<br \/>\nRobot de descarga de las bobinas automatizado: sistema mec\u00e1nico de descarga lateral (horquilla mec\u00e1nica) con ROTACI\u00d3N DE LA COLUMNA ACCIONADA por el servomotor SIN ESCOBILLAS, ROTACI\u00d3N ORTOGONAL ACCIONADA por el servomotor SIN ESCOBILLAS con DESCENSO AL SUELO O EN EL PAL\u00c9 ACCIONADO por el servomotor SIN ESCOBILLAS + EXPULSI\u00d3N DE LAS BOBINAS ACCIONADAS por el servomotor SIN ESCOBILLAS. Gracias a la gesti\u00f3n totalmente autom\u00e1tica de los cuatro ejes, este modelo es ideal para integrarse con sistemas autom\u00e1ticos para la manipulaci\u00f3n de bobinas terminadas.<\/p>\n<\/div><\/div><\/div>\n","protected":false},"excerpt":{"rendered":"<p>Nuestros sistemas de descarga. Consulta las fichas siguientes o descarga el pdf de presentaci\u00f3n.<\/p>\n","protected":false},"author":1,"featured_media":0,"parent":0,"menu_order":0,"comment_status":"closed","ping_status":"closed","template":"templates\/page-fullwidth_template.php","meta":{"_acf_changed":false,"footnotes":""},"class_list":["post-2199","page","type-page","status-publish","hentry"],"acf":[],"yoast_head":"<!-- This site is optimized with the Yoast SEO plugin v27.5 - https:\/\/yoast.com\/product\/yoast-seo-wordpress\/ -->\n<title>Descargadores - Cortadoras Rebobinadoras Temac<\/title>\n<meta name=\"robots\" content=\"index, follow, max-snippet:-1, max-image-preview:large, max-video-preview:-1\" \/>\n<link rel=\"canonical\" href=\"https:\/\/www.temacslitters.com\/es\/descargadores\/\" \/>\n<meta property=\"og:locale\" content=\"es_ES\" \/>\n<meta property=\"og:type\" content=\"article\" \/>\n<meta property=\"og:title\" content=\"Descargadores - Cortadoras Rebobinadoras Temac\" \/>\n<meta property=\"og:description\" content=\"Nuestros sistemas de descarga. Consulta las fichas siguientes o descarga el pdf de presentaci\u00f3n.\" \/>\n<meta property=\"og:url\" content=\"https:\/\/www.temacslitters.com\/es\/descargadores\/\" \/>\n<meta property=\"og:site_name\" content=\"Cortadoras Rebobinadoras Temac\" \/>\n<meta property=\"article:publisher\" content=\"https:\/\/www.facebook.com\/TemacSrl\/\" \/>\n<meta property=\"article:modified_time\" content=\"2021-04-20T10:47:22+00:00\" \/>\n<meta property=\"og:image\" content=\"https:\/\/www.temacslitters.com\/wp-content\/uploads\/2018\/05\/scaricatore-sf12.jpg\" \/>\n<meta name=\"twitter:card\" content=\"summary_large_image\" \/>\n<meta name=\"twitter:label1\" content=\"Tiempo de lectura\" \/>\n\t<meta name=\"twitter:data1\" content=\"3 minutos\" \/>\n<script type=\"application\/ld+json\" class=\"yoast-schema-graph\">{\"@context\":\"https:\\\/\\\/schema.org\",\"@graph\":[{\"@type\":\"WebPage\",\"@id\":\"https:\\\/\\\/www.temacslitters.com\\\/es\\\/descargadores\\\/\",\"url\":\"https:\\\/\\\/www.temacslitters.com\\\/es\\\/descargadores\\\/\",\"name\":\"Descargadores - Cortadoras Rebobinadoras Temac\",\"isPartOf\":{\"@id\":\"https:\\\/\\\/www.temacslitters.com\\\/it\\\/#website\"},\"primaryImageOfPage\":{\"@id\":\"https:\\\/\\\/www.temacslitters.com\\\/es\\\/descargadores\\\/#primaryimage\"},\"image\":{\"@id\":\"https:\\\/\\\/www.temacslitters.com\\\/es\\\/descargadores\\\/#primaryimage\"},\"thumbnailUrl\":\"https:\\\/\\\/www.temacslitters.com\\\/wp-content\\\/uploads\\\/2018\\\/05\\\/scaricatore-sf12.jpg\",\"datePublished\":\"2018-05-15T13:18:14+00:00\",\"dateModified\":\"2021-04-20T10:47:22+00:00\",\"breadcrumb\":{\"@id\":\"https:\\\/\\\/www.temacslitters.com\\\/es\\\/descargadores\\\/#breadcrumb\"},\"inLanguage\":\"es\",\"potentialAction\":[{\"@type\":\"ReadAction\",\"target\":[\"https:\\\/\\\/www.temacslitters.com\\\/es\\\/descargadores\\\/\"]}]},{\"@type\":\"ImageObject\",\"inLanguage\":\"es\",\"@id\":\"https:\\\/\\\/www.temacslitters.com\\\/es\\\/descargadores\\\/#primaryimage\",\"url\":\"https:\\\/\\\/www.temacslitters.com\\\/wp-content\\\/uploads\\\/2018\\\/05\\\/scaricatore-sf12.jpg\",\"contentUrl\":\"https:\\\/\\\/www.temacslitters.com\\\/wp-content\\\/uploads\\\/2018\\\/05\\\/scaricatore-sf12.jpg\"},{\"@type\":\"BreadcrumbList\",\"@id\":\"https:\\\/\\\/www.temacslitters.com\\\/es\\\/descargadores\\\/#breadcrumb\",\"itemListElement\":[{\"@type\":\"ListItem\",\"position\":1,\"name\":\"Home\",\"item\":\"https:\\\/\\\/www.temacslitters.com\\\/it\\\/\"},{\"@type\":\"ListItem\",\"position\":2,\"name\":\"Descargadores\"}]},{\"@type\":\"WebSite\",\"@id\":\"https:\\\/\\\/www.temacslitters.com\\\/it\\\/#website\",\"url\":\"https:\\\/\\\/www.temacslitters.com\\\/it\\\/\",\"name\":\"Cortadoras Rebobinadoras Temac\",\"description\":\"Temac: l\u00edder del mercado en la producci\u00f3n de cortadoras rebobinadoras, envasadoras y m\u00e1quinas especiales bajo pedido.\",\"publisher\":{\"@id\":\"https:\\\/\\\/www.temacslitters.com\\\/it\\\/#organization\"},\"potentialAction\":[{\"@type\":\"SearchAction\",\"target\":{\"@type\":\"EntryPoint\",\"urlTemplate\":\"https:\\\/\\\/www.temacslitters.com\\\/it\\\/?s={search_term_string}\"},\"query-input\":{\"@type\":\"PropertyValueSpecification\",\"valueRequired\":true,\"valueName\":\"search_term_string\"}}],\"inLanguage\":\"es\"},{\"@type\":\"Organization\",\"@id\":\"https:\\\/\\\/www.temacslitters.com\\\/it\\\/#organization\",\"name\":\"Temac\",\"url\":\"https:\\\/\\\/www.temacslitters.com\\\/it\\\/\",\"logo\":{\"@type\":\"ImageObject\",\"inLanguage\":\"es\",\"@id\":\"https:\\\/\\\/www.temacslitters.com\\\/it\\\/#\\\/schema\\\/logo\\\/image\\\/\",\"url\":\"https:\\\/\\\/www.temacslitters.com\\\/wp-content\\\/uploads\\\/2017\\\/03\\\/temac_converting_taglierine_svolgitori_logo.png\",\"contentUrl\":\"https:\\\/\\\/www.temacslitters.com\\\/wp-content\\\/uploads\\\/2017\\\/03\\\/temac_converting_taglierine_svolgitori_logo.png\",\"width\":219,\"height\":55,\"caption\":\"Temac\"},\"image\":{\"@id\":\"https:\\\/\\\/www.temacslitters.com\\\/it\\\/#\\\/schema\\\/logo\\\/image\\\/\"},\"sameAs\":[\"https:\\\/\\\/www.facebook.com\\\/TemacSrl\\\/\",\"https:\\\/\\\/www.linkedin.com\\\/company\\\/temac-srl\\\/\"]}]}<\/script>\n<!-- \/ Yoast SEO plugin. -->","yoast_head_json":{"title":"Descargadores - Cortadoras Rebobinadoras Temac","robots":{"index":"index","follow":"follow","max-snippet":"max-snippet:-1","max-image-preview":"max-image-preview:large","max-video-preview":"max-video-preview:-1"},"canonical":"https:\/\/www.temacslitters.com\/es\/descargadores\/","og_locale":"es_ES","og_type":"article","og_title":"Descargadores - Cortadoras Rebobinadoras Temac","og_description":"Nuestros sistemas de descarga. Consulta las fichas siguientes o descarga el pdf de presentaci\u00f3n.","og_url":"https:\/\/www.temacslitters.com\/es\/descargadores\/","og_site_name":"Cortadoras Rebobinadoras Temac","article_publisher":"https:\/\/www.facebook.com\/TemacSrl\/","article_modified_time":"2021-04-20T10:47:22+00:00","og_image":[{"url":"https:\/\/www.temacslitters.com\/wp-content\/uploads\/2018\/05\/scaricatore-sf12.jpg","type":"","width":"","height":""}],"twitter_card":"summary_large_image","twitter_misc":{"Tiempo de lectura":"3 minutos"},"schema":{"@context":"https:\/\/schema.org","@graph":[{"@type":"WebPage","@id":"https:\/\/www.temacslitters.com\/es\/descargadores\/","url":"https:\/\/www.temacslitters.com\/es\/descargadores\/","name":"Descargadores - Cortadoras Rebobinadoras Temac","isPartOf":{"@id":"https:\/\/www.temacslitters.com\/it\/#website"},"primaryImageOfPage":{"@id":"https:\/\/www.temacslitters.com\/es\/descargadores\/#primaryimage"},"image":{"@id":"https:\/\/www.temacslitters.com\/es\/descargadores\/#primaryimage"},"thumbnailUrl":"https:\/\/www.temacslitters.com\/wp-content\/uploads\/2018\/05\/scaricatore-sf12.jpg","datePublished":"2018-05-15T13:18:14+00:00","dateModified":"2021-04-20T10:47:22+00:00","breadcrumb":{"@id":"https:\/\/www.temacslitters.com\/es\/descargadores\/#breadcrumb"},"inLanguage":"es","potentialAction":[{"@type":"ReadAction","target":["https:\/\/www.temacslitters.com\/es\/descargadores\/"]}]},{"@type":"ImageObject","inLanguage":"es","@id":"https:\/\/www.temacslitters.com\/es\/descargadores\/#primaryimage","url":"https:\/\/www.temacslitters.com\/wp-content\/uploads\/2018\/05\/scaricatore-sf12.jpg","contentUrl":"https:\/\/www.temacslitters.com\/wp-content\/uploads\/2018\/05\/scaricatore-sf12.jpg"},{"@type":"BreadcrumbList","@id":"https:\/\/www.temacslitters.com\/es\/descargadores\/#breadcrumb","itemListElement":[{"@type":"ListItem","position":1,"name":"Home","item":"https:\/\/www.temacslitters.com\/it\/"},{"@type":"ListItem","position":2,"name":"Descargadores"}]},{"@type":"WebSite","@id":"https:\/\/www.temacslitters.com\/it\/#website","url":"https:\/\/www.temacslitters.com\/it\/","name":"Cortadoras Rebobinadoras Temac","description":"Temac: l\u00edder del mercado en la producci\u00f3n de cortadoras rebobinadoras, envasadoras y m\u00e1quinas especiales bajo pedido.","publisher":{"@id":"https:\/\/www.temacslitters.com\/it\/#organization"},"potentialAction":[{"@type":"SearchAction","target":{"@type":"EntryPoint","urlTemplate":"https:\/\/www.temacslitters.com\/it\/?s={search_term_string}"},"query-input":{"@type":"PropertyValueSpecification","valueRequired":true,"valueName":"search_term_string"}}],"inLanguage":"es"},{"@type":"Organization","@id":"https:\/\/www.temacslitters.com\/it\/#organization","name":"Temac","url":"https:\/\/www.temacslitters.com\/it\/","logo":{"@type":"ImageObject","inLanguage":"es","@id":"https:\/\/www.temacslitters.com\/it\/#\/schema\/logo\/image\/","url":"https:\/\/www.temacslitters.com\/wp-content\/uploads\/2017\/03\/temac_converting_taglierine_svolgitori_logo.png","contentUrl":"https:\/\/www.temacslitters.com\/wp-content\/uploads\/2017\/03\/temac_converting_taglierine_svolgitori_logo.png","width":219,"height":55,"caption":"Temac"},"image":{"@id":"https:\/\/www.temacslitters.com\/it\/#\/schema\/logo\/image\/"},"sameAs":["https:\/\/www.facebook.com\/TemacSrl\/","https:\/\/www.linkedin.com\/company\/temac-srl\/"]}]}},"_links":{"self":[{"href":"https:\/\/www.temacslitters.com\/es\/wp-json\/wp\/v2\/pages\/2199","targetHints":{"allow":["GET"]}}],"collection":[{"href":"https:\/\/www.temacslitters.com\/es\/wp-json\/wp\/v2\/pages"}],"about":[{"href":"https:\/\/www.temacslitters.com\/es\/wp-json\/wp\/v2\/types\/page"}],"author":[{"embeddable":true,"href":"https:\/\/www.temacslitters.com\/es\/wp-json\/wp\/v2\/users\/1"}],"replies":[{"embeddable":true,"href":"https:\/\/www.temacslitters.com\/es\/wp-json\/wp\/v2\/comments?post=2199"}],"version-history":[{"count":3,"href":"https:\/\/www.temacslitters.com\/es\/wp-json\/wp\/v2\/pages\/2199\/revisions"}],"predecessor-version":[{"id":3144,"href":"https:\/\/www.temacslitters.com\/es\/wp-json\/wp\/v2\/pages\/2199\/revisions\/3144"}],"wp:attachment":[{"href":"https:\/\/www.temacslitters.com\/es\/wp-json\/wp\/v2\/media?parent=2199"}],"curies":[{"name":"wp","href":"https:\/\/api.w.org\/{rel}","templated":true}]}}