{"id":1757,"date":"2018-06-28T10:47:41","date_gmt":"2018-06-28T10:47:41","guid":{"rendered":"https:\/\/www.temacslitters.com\/?page_id=1757"},"modified":"2025-01-17T10:12:32","modified_gmt":"2025-01-17T10:12:32","slug":"red-de-ventas","status":"publish","type":"page","link":"https:\/\/www.temacslitters.com\/es\/red-de-ventas\/","title":{"rendered":"Red de ventas"},"content":{"rendered":"<p><img fetchpriority=\"high\" decoding=\"async\" class=\"aligncenter size-full wp-image-399\" src=\"https:\/\/www.temacslitters.com\/wp-content\/uploads\/2017\/04\/w-map.jpg\" alt=\"\" width=\"577\" height=\"300\" srcset=\"https:\/\/www.temacslitters.com\/wp-content\/uploads\/2017\/04\/w-map.jpg 577w, https:\/\/www.temacslitters.com\/wp-content\/uploads\/2017\/04\/w-map-300x156.jpg 300w\" sizes=\"(max-width: 577px) 100vw, 577px\" \/><\/p>\n<div class=\"su-tabs su-tabs-style-default su-tabs-mobile-stack\" data-active=\"1\" data-scroll-offset=\"0\" data-anchor-in-url=\"no\"><div class=\"su-tabs-nav\"><span class=\"\" data-url=\"\" data-target=\"blank\" tabindex=\"0\" role=\"button\">EUROPA<\/span><span class=\"\" data-url=\"\" data-target=\"blank\" tabindex=\"0\" role=\"button\">AFRICA<\/span><span class=\"\" data-url=\"\" data-target=\"blank\" tabindex=\"0\" role=\"button\">AMERICA<\/span><span class=\"\" data-url=\"\" data-target=\"blank\" tabindex=\"0\" role=\"button\">ASIA<\/span><\/div><div class=\"su-tabs-panes\"><div class=\"su-tabs-pane su-u-clearfix su-u-trim\" data-title=\"EUROPA\">\n<p style=\"text-align: center;\"><div class=\"su-heading su-heading-style-default su-heading-align-center\" id=\"\" style=\"font-size:24px;margin-bottom:10px\"><div class=\"su-heading-inner\">BULGARY EX JUGOSLAVIA ITALY<\/div><\/div>\n<h3 style=\"text-align: center;\">\u00a0\u00a0TASOVAC TECHNOLOGY ITALIA<\/h3>\n<p style=\"text-align: center;\"><span lang=\"IT\">\u00a0\u00a0\u00a0\u00a0Via De Amicis, 33 &#8211; 20040 Burago di Molgora, Milan (Italy)<\/span><\/p>\n<p style=\"text-align: center;\">Mobile: +39 333 914.4833 &#8211; fax: +39 02700439795<\/p>\n<p style=\"text-align: center;\">Contactos:<br \/>\nMr Dragan Tasovac<br \/>\nE-mail: <a href=\"https:\/\/www.temacslitters.com\/wp-admin\/tasovac@genie.it\">tti.flexible@gmail.com<\/a><\/p>\n<p style=\"text-align: center;\"><div class=\"su-heading su-heading-style-default su-heading-align-center\" id=\"\" style=\"font-size:24px;margin-bottom:10px\"><div class=\"su-heading-inner\">FRANCE<\/div><\/div>\n<h3 style=\"text-align: center;\">ADS COMMERCE<\/h3>\n<p style=\"text-align: center;\"><img decoding=\"async\" class=\"aligncenter\" src=\"https:\/\/www.temacslitters.com\/wp-content\/uploads\/2018\/02\/ads.jpg\" \/><\/p>\n<p style=\"text-align: center;\">Les Porrots<br \/>\n71400 ANTULLY FRANCE<br \/>\nTel: +33 (0) 660 11 13 42<br \/>\nContactos:<br \/>\nMr Antonio De Stefano<br \/>\nE-mail: <a href=\"mailto:adscoc@orange.fr\">adscoc@orange.fr<\/a><\/p>\n<p style=\"text-align: center;\"><div class=\"su-heading su-heading-style-default su-heading-align-center\" id=\"\" style=\"font-size:24px;margin-bottom:10px\"><div class=\"su-heading-inner\">UK AND IRELAND<\/div><\/div>\n<p><img decoding=\"async\" class=\"size-full wp-image-5460 aligncenter\" src=\"https:\/\/www.temacslitters.com\/wp-content\/uploads\/2023\/11\/uk-extrusion.jpg\" alt=\"\" width=\"232\" height=\"54\" \/><\/p>\n<h3 class=\"blu\" style=\"text-align: center;\">UK EXTRUSION<\/h3>\n<p style=\"text-align: center;\">Wincomblee Road, Walker<br \/>\nNewcastle upon Tyne, NE6 3QS<br \/>\nwww.ukextrusion.com<br \/>\nContacts:<br \/>\nStefano Nestri \u2013 Sales Director<br \/>\n+44 (0) 7547 114 153<br \/>\n<a href=\"&quot;mailto:stefano.nestri@ukextrusion.com\">stefano.nestri@ukextrusion.com<\/a><\/p>\n<p style=\"text-align: center;\">Steve Trainor \u2013 Managing Director<br \/>\n+44 (0) 7970 272 039<br \/>\n<a href=\"mailto:steve.trainor@ukextrusion.co.uk\">steve.trainor@ukextrusion.com<\/a><\/p>\n<p style=\"text-align: center;\">Dan Clayton \u2013 Operations Manager<br \/>\n+44 (0) 7507159003<br \/>\n<a href=\"mailto:dan.clayton@ukextrusion.com\">dan.clayton@ukextrusion.com<\/a><\/p>\n<p style=\"text-align: center;\"><div class=\"su-heading su-heading-style-default su-heading-align-center\" id=\"\" style=\"font-size:24px;margin-bottom:10px\"><div class=\"su-heading-inner\">GREECE<\/div><\/div>\n<h3 style=\"text-align: center;\">KARASTEFANOU S.A.<\/h3>\n<p style=\"text-align: center;\"><img decoding=\"async\" class=\"size-full wp-image-5434 alignnone\" src=\"https:\/\/www.temacslitters.com\/wp-content\/uploads\/2023\/10\/karastefanou.jpg\" alt=\"karastefanou\" width=\"230\" height=\"49\" \/><\/p>\n<p style=\"text-align: center;\">67, Protopapa Strasse GR 16342 Ilioupolis, Athens<\/p>\n<p style=\"text-align: center;\"><div class=\"su-heading su-heading-style-default su-heading-align-center\" id=\"\" style=\"font-size:24px;margin-bottom:10px\"><div class=\"su-heading-inner\">CENTER AND SOUTH ITALY<\/div><\/div>\n<h3 style=\"text-align: center;\">GRIECO MARIO<\/h3>\n<p style=\"text-align: center;\"><span lang=\"IT\">Via Montenuovo, 138<br \/>\n80078 Pozzuoli (NA)<\/span><br \/>\n<span lang=\"IT\">Tel. e Fax Ufficio: +39 081 8043812<br \/>\nMobile: +39 335 6004909<br \/>\nMobile: +39 334 2608600<\/span><br \/>\nContactos:<br \/>\n<span lang=\"IT\">Mario Grieco<\/span><br \/>\n<a href=\"www.griecomario.com\" target=\"_blank\" rel=\"noopener noreferrer\">www.griecomario.com<\/a><br \/>\nE-mail:<a href=\"info@griecomario.com\">info@griecomario.com<\/a> &#8211; <a href=\"mailto:mariogrieco@legalmail.it\">mariogrieco@legalmail.it<\/a><\/p>\n<p style=\"text-align: center;\"><div class=\"su-heading su-heading-style-default su-heading-align-center\" id=\"\" style=\"font-size:24px;margin-bottom:10px\"><div class=\"su-heading-inner\">HUNGARY, CZECH REP. &amp; SLOVAKIA<\/div><\/div>\n<h3 style=\"text-align: center;\">Kistner Fabian \u2013 Sales representative &amp; Consultant<\/h3>\n<p style=\"text-align: center;\"><strong>ONE STOP PACK s.r.o.<\/strong><br \/>\nNeklanova 22<br \/>\n128 00 Praha 2<\/p>\n<p style=\"text-align: center;\">Tel: +420734448828<br \/>\nE-mail:\u00a0<a href=\"mailto:fabian@onestop-pack.com\">fabian@onestop-pack.com<\/a><\/p>\n<p style=\"text-align: center;\"><a href=\"http:\/\/www.onestop-pack.com\">www.onestop-pack.com<\/a><\/p>\n<p style=\"text-align: center;\"><div class=\"su-heading su-heading-style-default su-heading-align-center\" id=\"\" style=\"font-size:24px;margin-bottom:10px\"><div class=\"su-heading-inner\">SPAIN<\/div><\/div>\n<h3 style=\"text-align: center;\">FABIO DANZE&#8217; MONTINI<\/h3>\n<p style=\"text-align: center;\"><img decoding=\"async\" class=\"aligncenter\" src=\"https:\/\/www.temacslitters.com\/wp-content\/uploads\/2018\/02\/fabio-danze.jpg\" \/><\/p>\n<p style=\"text-align: center;\">Placa de la Vila, 7-2<br \/>\n08338 Premi\u00e0 de Dalt (Barcelona) Spain<br \/>\nPhone: +34 937529011<br \/>\nContactos:<br \/>\nEmail: <a href=\"http:\/\/www.temac.it\/it\/fabio.danze@danzetrade.com\">fabio.danze@danzetrade.com<\/a><\/p>\n<p style=\"text-align: center;\"><div class=\"su-heading su-heading-style-default su-heading-align-center\" id=\"\" style=\"font-size:24px;margin-bottom:10px\"><div class=\"su-heading-inner\">SWEDEN<\/div><\/div>\n<h3 style=\"text-align: center;\">EPM AB<\/h3>\n<p style=\"text-align: center;\"><img decoding=\"async\" class=\"aligncenter\" src=\"https:\/\/www.temacslitters.com\/wp-content\/uploads\/2018\/03\/epm-svezia.jpg\" \/><\/p>\n<p style=\"text-align: center;\">S\u00e4nn\u00e5s 10 &#8211; 333 91 SMALANDSSTENAR &#8211; SWEDEN<br \/>\nOffice Phone: +46 371 32530<br \/>\nOffice Fax: +46 371 32532<br \/>\nMobile: +46 0706 63 70 72<br \/>\n<a href=\"http:\/\/www.epmab.com\" target=\"_blank\" rel=\"nofollow noopener noreferrer\">www.epmab.com<\/a><br \/>\nContactos:<br \/>\nMr. Ingemar Andersson<br \/>\nE-mail:<a href=\"mailto:ia@epmab.com\">ia@epmab.com<\/a><\/p>\n<p style=\"text-align: center;\"><div class=\"su-heading su-heading-style-default su-heading-align-center\" id=\"\" style=\"font-size:24px;margin-bottom:10px\"><div class=\"su-heading-inner\">RUSSIA<\/div><\/div>\n<h3 style=\"text-align: center;\">Alexander Teteryuk<\/h3>\n<p style=\"text-align: center;\">188689 Leningradskaya obl., Vsevolozhskiy r-n, Gollandskaya str., 5, kv. 52<br \/>\nMob: +7 921 633 2522<br \/>\nE-mail:\u00a0 <a href=\"mailto:davide.gottardi@temac.it\">tetaa@yandex.ru<\/a><\/p>\n<p style=\"text-align: center;\"><div class=\"su-heading su-heading-style-default su-heading-align-center\" id=\"\" style=\"font-size:24px;margin-bottom:10px\"><div class=\"su-heading-inner\">TURKEY<\/div><\/div>\n<h3 style=\"text-align: center;\">MITIS GROUP<\/h3>\n<p><img loading=\"lazy\" decoding=\"async\" class=\"size-full wp-image-5616 aligncenter\" src=\"https:\/\/www.temacslitters.com\/wp-content\/uploads\/2024\/01\/mitis.jpg\" alt=\"mitis group\" width=\"175\" height=\"87\" \/><\/p>\n<h3 style=\"text-align: center;\">Mr. Ahmet Mertoglu<\/h3>\n<p style=\"text-align: center;\">K\u00f6m\u00fcrc\u00fcler Mh. 2855 Sok. 12\/2<br \/>\nD\u00f6\u015femealti, Antalya, T\u00fcrkiye<\/p>\n<p style=\"text-align: center;\">+90 532 649 07 81<br \/>\n+90 242 966 13 41<\/p>\n<p style=\"text-align: center;\">www.mitis-group.com<br \/>\nE-mail:\u00a0 <a href=\"mailto:ahmetmertoglu@mitis-group.com\">ahmetmertoglu@mitis-group.com <\/a><br \/>\n<a href=\"mailto:info@mitis-group.com\">info@mitis-group.com<\/a><\/p>\n<\/div>\n<div class=\"su-tabs-pane su-u-clearfix su-u-trim\" data-title=\"AFRICA\">\n<div class=\"su-heading su-heading-style-default su-heading-align-center\" id=\"\" style=\"font-size:24px;margin-bottom:10px\"><div class=\"su-heading-inner\">ALGERIA MOROCCO TUNISIA<\/div><\/div>\n<h3 style=\"text-align: center;\">Mr.\u00a0Davide Gottardi<\/h3>\n<p style=\"text-align: center;\">Sales Area Manager<br \/>\nE-mail:\u00a0 <a href=\"mailto:davide.gottardi@temac.it\">davide.gottardi@lestalentsitaliens.com<\/a><br \/>\nMob: +39 349 57 48 002<\/p>\n<\/div>\n<div class=\"su-tabs-pane su-u-clearfix su-u-trim\" data-title=\"AMERICA\">\n<div class=\"su-heading su-heading-style-default su-heading-align-center\" id=\"\" style=\"font-size:24px;margin-bottom:10px\"><div class=\"su-heading-inner\">USA CANADA<\/div><\/div>\n<h3 style=\"text-align: center;\">EUROTECHNICAL SERVICES INC<\/h3>\n<p style=\"text-align: center;\"><img loading=\"lazy\" decoding=\"async\" class=\"alignnone wp-image-5425 size-full\" src=\"https:\/\/www.temacslitters.com\/wp-content\/uploads\/2023\/10\/eurotechnicalservicesinc.jpg\" alt=\"eurotechnicalservices\" width=\"230\" height=\"89\" \/><br \/>\nMaurilio Millefanti: CEO, Service, Sales<br \/>\nFederica Fini: Sales and spare parts specialist<br \/>\n2450 Abutment Rd Ste 5<br \/>\nDalton, GA 30721, Stati Uniti<br \/>\n+1 7065297317<br \/>\n<a href=\"http:\/\/www.ige-groupe.org\" target=\"_blank\" rel=\"noopener noreferrer\">info@eurotechnical.net<\/a><\/p>\n\n<div class=\"su-heading su-heading-style-default su-heading-align-center\" id=\"\" style=\"font-size:24px;margin-bottom:10px\"><div class=\"su-heading-inner\">ARGENTINA CHILE PARAGUAY BOLIVIA URUGUAY<\/div><\/div>\n<h3 style=\"text-align: center;\"><b>PROINPLAS<\/b><\/h3>\n<p><img loading=\"lazy\" decoding=\"async\" class=\"aligncenter size-full wp-image-1142\" src=\"https:\/\/www.temacslitters.com\/wp-content\/uploads\/2018\/01\/proinplas.jpg\" alt=\"proinplas\" width=\"84\" height=\"20\" \/><\/p>\n<p style=\"text-align: center;\"><span lang=\"ES\">Calle 38 &#8211; Gral. Manuel Savio 1137<br \/>\n(1650) Villa Maip\u00fa- Pdo. de San Martin<br \/>\nBuenos Aires &#8211; Argentina<br \/>\nPhone : +54 11 4713 9083<\/span><br \/>\n<a href=\"http:\/\/www.proinplas.com\" target=\"_blank\" rel=\"noopener noreferrer\">www.proinplas.com<br \/>\n<\/a>Contactos:<br \/>\nMr Carlos Lofredo<br \/>\nE-mail: <a href=\"carloslofredo@proinplas.com \">carloslofredo@proinplas.com<br \/>\n<\/a><\/p>\n<p style=\"text-align: center;\"><div class=\"su-heading su-heading-style-default su-heading-align-center\" id=\"\" style=\"font-size:24px;margin-bottom:10px\"><div class=\"su-heading-inner\">COLOMBIA<\/div><\/div>\n<h3 style=\"text-align: center;\"><b>FERROMAC<br \/>\n<\/b><\/h3>\n<p style=\"text-align: center;\">Bogot\u00e0 D.C., Colombia<br \/>\nPhone: 57 1 2872211 \u2013 2451627<br \/>\nMobile: 57 3153062277<br \/>\nContactos:<br \/>\nMr Edgar Machado<\/p>\n<div class=\"su-heading su-heading-style-default su-heading-align-center\" id=\"\" style=\"font-size:24px;margin-bottom:10px\"><div class=\"su-heading-inner\">MESSICO<\/div><\/div>\n<h3 style=\"text-align: center;\"><b>PROINPLAS<\/b><\/h3>\n<p><img loading=\"lazy\" decoding=\"async\" class=\"aligncenter size-full wp-image-1142\" src=\"https:\/\/www.temacslitters.com\/wp-content\/uploads\/2018\/01\/proinplas.jpg\" alt=\"proinplas\" width=\"84\" height=\"20\" \/><\/p>\n<p style=\"text-align: center;\"><span lang=\"ES\">Calle 38 &#8211; Gral. Manuel Savio 1137<br \/>\n(1650) Villa Maip\u00fa- Pdo. de San Martin<br \/>\nBuenos Aires &#8211; Argentina<br \/>\nPhone : +54 11 4713 9083<\/span><br \/>\n<a href=\"http:\/\/www.proinplas.com\" target=\"_blank\" rel=\"noopener noreferrer\">www.proinplas.com<br \/>\n<\/a>Contactos:<br \/>\nMr Javier Lofredo<br \/>\nE-mail: <a href=\"carloslofredo@proinplas.com \">javierlofredo@proinplas.com<\/a><\/p>\n<div class=\"su-heading su-heading-style-default su-heading-align-center\" id=\"\" style=\"font-size:24px;margin-bottom:10px\"><div class=\"su-heading-inner\">PERU<\/div><\/div>\n<h3 style=\"text-align: center;\"><b>GH TRADING S.A.C.<\/b><\/h3>\n<p style=\"text-align: center;\"><img decoding=\"async\" class=\"aligncenter\" src=\"https:\/\/www.temacslitters.com\/wp-content\/uploads\/2018\/02\/ghtrading.jpg\" \/> Calle T\u00fapac Amaru 128, Ofic. 301<br \/>\nMiraflores Lima 18 \u2013 Per\u00fa<br \/>\nPhone: (51 1) 446-9967 \/ 2426894<br \/>\nContactos:<br \/>\nMr Giorgio Huguet<br \/>\nE-mail: <a href=\"mailto:giorgio@ghtrading.com.pe\">giorgio@ghtrading.com.pe<\/a><br \/>\nContactos:<br \/>\nMr Antonio Frasson<br \/>\nE-mail: <a href=\"mailto:tony@ghtrading.com.pe\">tony@ghtrading.com.pe<\/a><\/p>\n<\/div>\n<div class=\"su-tabs-pane su-u-clearfix su-u-trim\" data-title=\"ASIA\">\n<div class=\"su-heading su-heading-style-default su-heading-align-center\" id=\"\" style=\"font-size:24px;margin-bottom:10px\"><div class=\"su-heading-inner\">INDIA<\/div><\/div>\n<h3 style=\"text-align: center;\"><b>MUKESH KACHHIA<\/b><\/h3>\n<p style=\"text-align: center;\">Harshil Global Industries<br \/>\n11, Bandung flat, Ahmedabad-13<br \/>\nContactos:<br \/>\nMobile: +919998603225<br \/>\nMr. Mukesh Kachhia &#8211; Commercial Manager<br \/>\nE-mail: <a href=\"harshilglobalindustries@gmail.com\">harshilglobalindustries@gmail.com<\/a> &#8211; <a href=\"mukesh_kachhia@yahoo.com\">mukesh_kachhia@yahoo.com<\/a><\/p>\n<div class=\"su-heading su-heading-style-default su-heading-align-center\" id=\"\" style=\"font-size:24px;margin-bottom:10px\"><div class=\"su-heading-inner\">IRAN<\/div><\/div>\n<h3 style=\"text-align: center;\"><b>TAGHI ABGHARI<\/b><\/h3>\n<p style=\"text-align: center;\">Cell: +989121110326<br \/>\nContactos:<br \/>\nMr Taghi Abghari &#8211; Commercial Manager<br \/>\nE-mail: <a href=\"mailto:abgharitaghi@gmail.com\">abgharitaghi@gmail.com <\/a><\/p>\n<div class=\"su-heading su-heading-style-default su-heading-align-center\" id=\"\" style=\"font-size:24px;margin-bottom:10px\"><div class=\"su-heading-inner\">PHILIPPINES<\/div><\/div>\n<h3 style=\"text-align: center;\"><b>GNZ ENTERPRISE<\/b><\/h3>\n<p style=\"text-align: center;\"><img decoding=\"async\" class=\"aligncenter\" src=\"https:\/\/www.temacslitters.com\/wp-content\/uploads\/2018\/02\/taglierine-filippine.jpg\" \/> Unit 104 Lakeview Arcade, 11<br \/>\nBagong Calsada Brgy., Ususan<br \/>\nTaguig, Metro Manila, 1632<br \/>\nPhone: (51 1) 446-9967 \/ 2426894<br \/>\nContactos:<br \/>\nMr Nelson Arrosa<br \/>\nE-mail: <a href=\"mailto:nelson.arrosa@gmail.com\">nelson.arrosa@gmail.com<\/a><\/p>\n<\/div><\/div><\/div>\n","protected":false},"excerpt":{"rendered":"","protected":false},"author":1,"featured_media":0,"parent":0,"menu_order":0,"comment_status":"closed","ping_status":"closed","template":"templates\/page-fullwidth_template.php","meta":{"_acf_changed":false,"footnotes":""},"class_list":["post-1757","page","type-page","status-publish","hentry"],"acf":[],"yoast_head":"<!-- This site is optimized with the Yoast SEO plugin v27.4 - https:\/\/yoast.com\/product\/yoast-seo-wordpress\/ -->\n<title>Red de ventas - Cortadoras Rebobinadoras Temac<\/title>\n<meta name=\"robots\" content=\"index, follow, max-snippet:-1, max-image-preview:large, max-video-preview:-1\" \/>\n<link rel=\"canonical\" href=\"https:\/\/www.temacslitters.com\/es\/red-de-ventas\/\" \/>\n<meta property=\"og:locale\" content=\"es_ES\" \/>\n<meta property=\"og:type\" content=\"article\" \/>\n<meta property=\"og:title\" content=\"Red de ventas - Cortadoras Rebobinadoras Temac\" \/>\n<meta property=\"og:url\" content=\"https:\/\/www.temacslitters.com\/es\/red-de-ventas\/\" \/>\n<meta property=\"og:site_name\" content=\"Cortadoras Rebobinadoras Temac\" \/>\n<meta property=\"article:publisher\" content=\"https:\/\/www.facebook.com\/TemacSrl\/\" \/>\n<meta property=\"article:modified_time\" content=\"2025-01-17T10:12:32+00:00\" \/>\n<meta property=\"og:image\" content=\"https:\/\/www.temacslitters.com\/wp-content\/uploads\/2017\/04\/w-map.jpg\" \/>\n\t<meta property=\"og:image:width\" content=\"577\" \/>\n\t<meta property=\"og:image:height\" content=\"300\" \/>\n\t<meta property=\"og:image:type\" content=\"image\/jpeg\" \/>\n<meta name=\"twitter:card\" content=\"summary_large_image\" \/>\n<meta name=\"twitter:label1\" content=\"Tiempo de lectura\" \/>\n\t<meta name=\"twitter:data1\" content=\"6 minutos\" \/>\n<script type=\"application\/ld+json\" class=\"yoast-schema-graph\">{\"@context\":\"https:\\\/\\\/schema.org\",\"@graph\":[{\"@type\":\"WebPage\",\"@id\":\"https:\\\/\\\/www.temacslitters.com\\\/es\\\/red-de-ventas\\\/\",\"url\":\"https:\\\/\\\/www.temacslitters.com\\\/es\\\/red-de-ventas\\\/\",\"name\":\"Red de ventas - Cortadoras Rebobinadoras Temac\",\"isPartOf\":{\"@id\":\"https:\\\/\\\/www.temacslitters.com\\\/it\\\/#website\"},\"primaryImageOfPage\":{\"@id\":\"https:\\\/\\\/www.temacslitters.com\\\/es\\\/red-de-ventas\\\/#primaryimage\"},\"image\":{\"@id\":\"https:\\\/\\\/www.temacslitters.com\\\/es\\\/red-de-ventas\\\/#primaryimage\"},\"thumbnailUrl\":\"https:\\\/\\\/www.temacslitters.com\\\/wp-content\\\/uploads\\\/2017\\\/04\\\/w-map.jpg\",\"datePublished\":\"2018-06-28T10:47:41+00:00\",\"dateModified\":\"2025-01-17T10:12:32+00:00\",\"breadcrumb\":{\"@id\":\"https:\\\/\\\/www.temacslitters.com\\\/es\\\/red-de-ventas\\\/#breadcrumb\"},\"inLanguage\":\"es\",\"potentialAction\":[{\"@type\":\"ReadAction\",\"target\":[\"https:\\\/\\\/www.temacslitters.com\\\/es\\\/red-de-ventas\\\/\"]}]},{\"@type\":\"ImageObject\",\"inLanguage\":\"es\",\"@id\":\"https:\\\/\\\/www.temacslitters.com\\\/es\\\/red-de-ventas\\\/#primaryimage\",\"url\":\"https:\\\/\\\/www.temacslitters.com\\\/wp-content\\\/uploads\\\/2017\\\/04\\\/w-map.jpg\",\"contentUrl\":\"https:\\\/\\\/www.temacslitters.com\\\/wp-content\\\/uploads\\\/2017\\\/04\\\/w-map.jpg\"},{\"@type\":\"BreadcrumbList\",\"@id\":\"https:\\\/\\\/www.temacslitters.com\\\/es\\\/red-de-ventas\\\/#breadcrumb\",\"itemListElement\":[{\"@type\":\"ListItem\",\"position\":1,\"name\":\"Home\",\"item\":\"https:\\\/\\\/www.temacslitters.com\\\/it\\\/\"},{\"@type\":\"ListItem\",\"position\":2,\"name\":\"Red de ventas\"}]},{\"@type\":\"WebSite\",\"@id\":\"https:\\\/\\\/www.temacslitters.com\\\/it\\\/#website\",\"url\":\"https:\\\/\\\/www.temacslitters.com\\\/it\\\/\",\"name\":\"Cortadoras Rebobinadoras Temac\",\"description\":\"Temac: l\u00edder del mercado en la producci\u00f3n de cortadoras rebobinadoras, envasadoras y m\u00e1quinas especiales bajo pedido.\",\"publisher\":{\"@id\":\"https:\\\/\\\/www.temacslitters.com\\\/it\\\/#organization\"},\"potentialAction\":[{\"@type\":\"SearchAction\",\"target\":{\"@type\":\"EntryPoint\",\"urlTemplate\":\"https:\\\/\\\/www.temacslitters.com\\\/it\\\/?s={search_term_string}\"},\"query-input\":{\"@type\":\"PropertyValueSpecification\",\"valueRequired\":true,\"valueName\":\"search_term_string\"}}],\"inLanguage\":\"es\"},{\"@type\":\"Organization\",\"@id\":\"https:\\\/\\\/www.temacslitters.com\\\/it\\\/#organization\",\"name\":\"Temac\",\"url\":\"https:\\\/\\\/www.temacslitters.com\\\/it\\\/\",\"logo\":{\"@type\":\"ImageObject\",\"inLanguage\":\"es\",\"@id\":\"https:\\\/\\\/www.temacslitters.com\\\/it\\\/#\\\/schema\\\/logo\\\/image\\\/\",\"url\":\"https:\\\/\\\/www.temacslitters.com\\\/wp-content\\\/uploads\\\/2017\\\/03\\\/temac_converting_taglierine_svolgitori_logo.png\",\"contentUrl\":\"https:\\\/\\\/www.temacslitters.com\\\/wp-content\\\/uploads\\\/2017\\\/03\\\/temac_converting_taglierine_svolgitori_logo.png\",\"width\":219,\"height\":55,\"caption\":\"Temac\"},\"image\":{\"@id\":\"https:\\\/\\\/www.temacslitters.com\\\/it\\\/#\\\/schema\\\/logo\\\/image\\\/\"},\"sameAs\":[\"https:\\\/\\\/www.facebook.com\\\/TemacSrl\\\/\",\"https:\\\/\\\/www.linkedin.com\\\/company\\\/temac-srl\\\/\"]}]}<\/script>\n<!-- \/ Yoast SEO plugin. -->","yoast_head_json":{"title":"Red de ventas - Cortadoras Rebobinadoras Temac","robots":{"index":"index","follow":"follow","max-snippet":"max-snippet:-1","max-image-preview":"max-image-preview:large","max-video-preview":"max-video-preview:-1"},"canonical":"https:\/\/www.temacslitters.com\/es\/red-de-ventas\/","og_locale":"es_ES","og_type":"article","og_title":"Red de ventas - Cortadoras Rebobinadoras Temac","og_url":"https:\/\/www.temacslitters.com\/es\/red-de-ventas\/","og_site_name":"Cortadoras Rebobinadoras Temac","article_publisher":"https:\/\/www.facebook.com\/TemacSrl\/","article_modified_time":"2025-01-17T10:12:32+00:00","og_image":[{"width":577,"height":300,"url":"https:\/\/www.temacslitters.com\/wp-content\/uploads\/2017\/04\/w-map.jpg","type":"image\/jpeg"}],"twitter_card":"summary_large_image","twitter_misc":{"Tiempo de lectura":"6 minutos"},"schema":{"@context":"https:\/\/schema.org","@graph":[{"@type":"WebPage","@id":"https:\/\/www.temacslitters.com\/es\/red-de-ventas\/","url":"https:\/\/www.temacslitters.com\/es\/red-de-ventas\/","name":"Red de ventas - Cortadoras Rebobinadoras Temac","isPartOf":{"@id":"https:\/\/www.temacslitters.com\/it\/#website"},"primaryImageOfPage":{"@id":"https:\/\/www.temacslitters.com\/es\/red-de-ventas\/#primaryimage"},"image":{"@id":"https:\/\/www.temacslitters.com\/es\/red-de-ventas\/#primaryimage"},"thumbnailUrl":"https:\/\/www.temacslitters.com\/wp-content\/uploads\/2017\/04\/w-map.jpg","datePublished":"2018-06-28T10:47:41+00:00","dateModified":"2025-01-17T10:12:32+00:00","breadcrumb":{"@id":"https:\/\/www.temacslitters.com\/es\/red-de-ventas\/#breadcrumb"},"inLanguage":"es","potentialAction":[{"@type":"ReadAction","target":["https:\/\/www.temacslitters.com\/es\/red-de-ventas\/"]}]},{"@type":"ImageObject","inLanguage":"es","@id":"https:\/\/www.temacslitters.com\/es\/red-de-ventas\/#primaryimage","url":"https:\/\/www.temacslitters.com\/wp-content\/uploads\/2017\/04\/w-map.jpg","contentUrl":"https:\/\/www.temacslitters.com\/wp-content\/uploads\/2017\/04\/w-map.jpg"},{"@type":"BreadcrumbList","@id":"https:\/\/www.temacslitters.com\/es\/red-de-ventas\/#breadcrumb","itemListElement":[{"@type":"ListItem","position":1,"name":"Home","item":"https:\/\/www.temacslitters.com\/it\/"},{"@type":"ListItem","position":2,"name":"Red de ventas"}]},{"@type":"WebSite","@id":"https:\/\/www.temacslitters.com\/it\/#website","url":"https:\/\/www.temacslitters.com\/it\/","name":"Cortadoras Rebobinadoras Temac","description":"Temac: l\u00edder del mercado en la producci\u00f3n de cortadoras rebobinadoras, envasadoras y m\u00e1quinas especiales bajo pedido.","publisher":{"@id":"https:\/\/www.temacslitters.com\/it\/#organization"},"potentialAction":[{"@type":"SearchAction","target":{"@type":"EntryPoint","urlTemplate":"https:\/\/www.temacslitters.com\/it\/?s={search_term_string}"},"query-input":{"@type":"PropertyValueSpecification","valueRequired":true,"valueName":"search_term_string"}}],"inLanguage":"es"},{"@type":"Organization","@id":"https:\/\/www.temacslitters.com\/it\/#organization","name":"Temac","url":"https:\/\/www.temacslitters.com\/it\/","logo":{"@type":"ImageObject","inLanguage":"es","@id":"https:\/\/www.temacslitters.com\/it\/#\/schema\/logo\/image\/","url":"https:\/\/www.temacslitters.com\/wp-content\/uploads\/2017\/03\/temac_converting_taglierine_svolgitori_logo.png","contentUrl":"https:\/\/www.temacslitters.com\/wp-content\/uploads\/2017\/03\/temac_converting_taglierine_svolgitori_logo.png","width":219,"height":55,"caption":"Temac"},"image":{"@id":"https:\/\/www.temacslitters.com\/it\/#\/schema\/logo\/image\/"},"sameAs":["https:\/\/www.facebook.com\/TemacSrl\/","https:\/\/www.linkedin.com\/company\/temac-srl\/"]}]}},"_links":{"self":[{"href":"https:\/\/www.temacslitters.com\/es\/wp-json\/wp\/v2\/pages\/1757","targetHints":{"allow":["GET"]}}],"collection":[{"href":"https:\/\/www.temacslitters.com\/es\/wp-json\/wp\/v2\/pages"}],"about":[{"href":"https:\/\/www.temacslitters.com\/es\/wp-json\/wp\/v2\/types\/page"}],"author":[{"embeddable":true,"href":"https:\/\/www.temacslitters.com\/es\/wp-json\/wp\/v2\/users\/1"}],"replies":[{"embeddable":true,"href":"https:\/\/www.temacslitters.com\/es\/wp-json\/wp\/v2\/comments?post=1757"}],"version-history":[{"count":35,"href":"https:\/\/www.temacslitters.com\/es\/wp-json\/wp\/v2\/pages\/1757\/revisions"}],"predecessor-version":[{"id":5848,"href":"https:\/\/www.temacslitters.com\/es\/wp-json\/wp\/v2\/pages\/1757\/revisions\/5848"}],"wp:attachment":[{"href":"https:\/\/www.temacslitters.com\/es\/wp-json\/wp\/v2\/media?parent=1757"}],"curies":[{"name":"wp","href":"https:\/\/api.w.org\/{rel}","templated":true}]}}