{"id":1735,"date":"2018-06-28T08:48:03","date_gmt":"2018-06-28T08:48:03","guid":{"rendered":"https:\/\/www.temacslitters.com\/?page_id=1735"},"modified":"2024-03-15T09:28:53","modified_gmt":"2024-03-15T09:28:53","slug":"empresa","status":"publish","type":"page","link":"https:\/\/www.temacslitters.com\/es\/empresa\/","title":{"rendered":"Empresa"},"content":{"rendered":"\t\t<div data-elementor-type=\"wp-page\" data-elementor-id=\"1735\" class=\"elementor elementor-1735 elementor-515\">\n\t\t\t\t\t\t<section class=\"elementor-section elementor-top-section elementor-element elementor-element-387865c5 elementor-section-boxed elementor-section-height-default elementor-section-height-default\" data-id=\"387865c5\" data-element_type=\"section\">\n\t\t\t\t\t\t<div class=\"elementor-container elementor-column-gap-default\">\n\t\t\t\t\t<div class=\"elementor-column elementor-col-100 elementor-top-column elementor-element elementor-element-19b57977\" data-id=\"19b57977\" data-element_type=\"column\">\n\t\t\t<div class=\"elementor-widget-wrap elementor-element-populated\">\n\t\t\t\t\t\t<div class=\"elementor-element elementor-element-69cfaf66 elementor-widget elementor-widget-image\" data-id=\"69cfaf66\" data-element_type=\"widget\" data-widget_type=\"image.default\">\n\t\t\t\t<div class=\"elementor-widget-container\">\n\t\t\t\t\t\t\t\t\t\t\t\t\t\t\t<img fetchpriority=\"high\" decoding=\"async\" width=\"1200\" height=\"249\" src=\"https:\/\/www.temacslitters.com\/wp-content\/uploads\/2023\/02\/temac-azienda-1.jpg\" class=\"attachment-full size-full wp-image-4857\" alt=\"\" srcset=\"https:\/\/www.temacslitters.com\/wp-content\/uploads\/2023\/02\/temac-azienda-1.jpg 1200w, https:\/\/www.temacslitters.com\/wp-content\/uploads\/2023\/02\/temac-azienda-1-300x62.jpg 300w, https:\/\/www.temacslitters.com\/wp-content\/uploads\/2023\/02\/temac-azienda-1-1024x212.jpg 1024w, https:\/\/www.temacslitters.com\/wp-content\/uploads\/2023\/02\/temac-azienda-1-768x159.jpg 768w\" sizes=\"(max-width: 1200px) 100vw, 1200px\" \/>\t\t\t\t\t\t\t\t\t\t\t\t\t\t\t<\/div>\n\t\t\t\t<\/div>\n\t\t\t\t<section class=\"elementor-section elementor-inner-section elementor-element elementor-element-623f2344 elementor-section-boxed elementor-section-height-default elementor-section-height-default\" data-id=\"623f2344\" data-element_type=\"section\">\n\t\t\t\t\t\t<div class=\"elementor-container elementor-column-gap-default\">\n\t\t\t\t\t<div class=\"elementor-column elementor-col-50 elementor-inner-column elementor-element elementor-element-2eed70cf\" data-id=\"2eed70cf\" data-element_type=\"column\">\n\t\t\t<div class=\"elementor-widget-wrap elementor-element-populated\">\n\t\t\t\t\t\t<div class=\"elementor-element elementor-element-7af79add elementor-widget elementor-widget-image\" data-id=\"7af79add\" data-element_type=\"widget\" data-widget_type=\"image.default\">\n\t\t\t\t<div class=\"elementor-widget-container\">\n\t\t\t\t\t\t\t\t\t\t\t\t\t\t\t<img decoding=\"async\" width=\"484\" height=\"289\" src=\"https:\/\/www.temacslitters.com\/wp-content\/uploads\/2023\/02\/massimo-cerliani.jpg\" class=\"attachment-full size-full wp-image-4783\" alt=\"massimo cerliani\" srcset=\"https:\/\/www.temacslitters.com\/wp-content\/uploads\/2023\/02\/massimo-cerliani.jpg 484w, https:\/\/www.temacslitters.com\/wp-content\/uploads\/2023\/02\/massimo-cerliani-300x179.jpg 300w\" sizes=\"(max-width: 484px) 100vw, 484px\" \/>\t\t\t\t\t\t\t\t\t\t\t\t\t\t\t<\/div>\n\t\t\t\t<\/div>\n\t\t\t\t\t<\/div>\n\t\t<\/div>\n\t\t\t\t<div class=\"elementor-column elementor-col-50 elementor-inner-column elementor-element elementor-element-425ee25c\" data-id=\"425ee25c\" data-element_type=\"column\">\n\t\t\t<div class=\"elementor-widget-wrap elementor-element-populated\">\n\t\t\t\t\t\t<div class=\"elementor-element elementor-element-65559ebf elementor-widget elementor-widget-text-editor\" data-id=\"65559ebf\" data-element_type=\"widget\" data-widget_type=\"text-editor.default\">\n\t\t\t\t<div class=\"elementor-widget-container\">\n\t\t\t\t\t\t\t\t\t<p>La<strong> \u00abingenier\u00eda de corte\u00bb<\/strong> es nuestra esencia: el dise\u00f1o es nuestra filosof\u00eda operativa, un presagio de genialidad y creatividad.<br \/>Siempre estamos listos para <strong>escuchar las necesidades de nuestros clientes<\/strong> y dise\u00f1ar nuevas soluciones que las satisfagan.<br \/><strong>El cliente es nuestro valioso socio<\/strong>. Creemos que las soluciones m\u00e1s creativas, las peque\u00f1as mejoras constructivas o de software tan apreciadas hoy en d\u00eda, partieron de las ideas y peticiones de nuestros clientes. Un di\u00e1metro de desenrollado ligeramente mayor, una reubicaci\u00f3n de la estaci\u00f3n de descarga, una gesti\u00f3n de peso autom\u00e1tica, un indicador adicional para facilitar al operador. Desde las modificaciones m\u00e1s simples hasta los dise\u00f1os m\u00e1s importantes<strong>, nuestro modus operandi es escuchar, seguido del estudio de factibilidad y ejecuci\u00f3n concreta<\/strong>.<\/p>\t\t\t\t\t\t\t\t<\/div>\n\t\t\t\t<\/div>\n\t\t\t\t<div class=\"elementor-element elementor-element-590fef26 elementor-align-center elementor-widget elementor-widget-button\" data-id=\"590fef26\" data-element_type=\"widget\" data-widget_type=\"button.default\">\n\t\t\t\t<div class=\"elementor-widget-container\">\n\t\t\t\t\t\t\t\t\t<div class=\"elementor-button-wrapper\">\n\t\t\t\t\t<a class=\"elementor-button elementor-button-link elementor-size-sm\" href=\"https:\/\/www.temacslitters.com\/wp-content\/uploads\/2024\/03\/brochure-temac-espanol.pdf\">\n\t\t\t\t\t\t<span class=\"elementor-button-content-wrapper\">\n\t\t\t\t\t\t\t\t\t<span class=\"elementor-button-text\">Descargar el catalogo<\/span>\n\t\t\t\t\t<\/span>\n\t\t\t\t\t<\/a>\n\t\t\t\t<\/div>\n\t\t\t\t\t\t\t\t<\/div>\n\t\t\t\t<\/div>\n\t\t\t\t\t<\/div>\n\t\t<\/div>\n\t\t\t\t\t<\/div>\n\t\t<\/section>\n\t\t\t\t\t<\/div>\n\t\t<\/div>\n\t\t\t\t\t<\/div>\n\t\t<\/section>\n\t\t\t\t<section class=\"elementor-section elementor-top-section elementor-element elementor-element-6490b94f elementor-section-boxed elementor-section-height-default elementor-section-height-default\" data-id=\"6490b94f\" data-element_type=\"section\">\n\t\t\t\t\t\t<div class=\"elementor-container elementor-column-gap-default\">\n\t\t\t\t\t<div class=\"elementor-column elementor-col-50 elementor-top-column elementor-element elementor-element-30f1f667\" data-id=\"30f1f667\" data-element_type=\"column\">\n\t\t\t<div class=\"elementor-widget-wrap elementor-element-populated\">\n\t\t\t\t\t\t<div class=\"elementor-element elementor-element-77eaf6f3 elementor-widget elementor-widget-image\" data-id=\"77eaf6f3\" data-element_type=\"widget\" data-widget_type=\"image.default\">\n\t\t\t\t<div class=\"elementor-widget-container\">\n\t\t\t\t\t\t\t\t\t\t\t\t\t\t\t<img decoding=\"async\" width=\"475\" height=\"205\" src=\"https:\/\/www.temacslitters.com\/wp-content\/uploads\/2023\/02\/slitter-design-1.jpg\" class=\"attachment-full size-full wp-image-4796\" alt=\"\" srcset=\"https:\/\/www.temacslitters.com\/wp-content\/uploads\/2023\/02\/slitter-design-1.jpg 475w, https:\/\/www.temacslitters.com\/wp-content\/uploads\/2023\/02\/slitter-design-1-300x129.jpg 300w\" sizes=\"(max-width: 475px) 100vw, 475px\" \/>\t\t\t\t\t\t\t\t\t\t\t\t\t\t\t<\/div>\n\t\t\t\t<\/div>\n\t\t\t\t\t<\/div>\n\t\t<\/div>\n\t\t\t\t<div class=\"elementor-column elementor-col-50 elementor-top-column elementor-element elementor-element-2bf49976\" data-id=\"2bf49976\" data-element_type=\"column\">\n\t\t\t<div class=\"elementor-widget-wrap elementor-element-populated\">\n\t\t\t\t\t\t<div class=\"elementor-element elementor-element-63a535e8 elementor-widget elementor-widget-text-editor\" data-id=\"63a535e8\" data-element_type=\"widget\" data-widget_type=\"text-editor.default\">\n\t\t\t\t<div class=\"elementor-widget-container\">\n\t\t\t\t\t\t\t\t\t<p>Todas las cortadoras, si solo se consideran los principales par\u00e1metros t\u00e9cnicos, tienen el mismo aspecto, pero son los detalles los que marcan la diferencia. En nuestro caso, el punto de partida es siempre el cliente y, en particular, el maquinista del departamento de corte longitudinal. Es escuchando a los usuarios finales, aquellos que usan el cortador todos los d\u00edas, que en el transcurso de nuestra experiencia, hemos mejorado algunos aspectos, introducido detalles simples pero decisivos, para satisfacer sus necesidades. Y as\u00ed<strong> cada cortadora se enriquece con soluciones ad hoc, tanto es as\u00ed que cada una tiene particularidades, que la hacen \u00fanica<\/strong>.<\/p>\t\t\t\t\t\t\t\t<\/div>\n\t\t\t\t<\/div>\n\t\t\t\t<div class=\"elementor-element elementor-element-a1a0d95 elementor-align-center elementor-widget elementor-widget-button\" data-id=\"a1a0d95\" data-element_type=\"widget\" data-widget_type=\"button.default\">\n\t\t\t\t<div class=\"elementor-widget-container\">\n\t\t\t\t\t\t\t\t\t<div class=\"elementor-button-wrapper\">\n\t\t\t\t\t<a class=\"elementor-button elementor-button-link elementor-size-sm\" href=\"https:\/\/www.temacslitters.com\/es\/skills\/\">\n\t\t\t\t\t\t<span class=\"elementor-button-content-wrapper\">\n\t\t\t\t\t\t\t\t\t<span class=\"elementor-button-text\">M\u00e1s informaci\u00f3n sobre las habilidades<\/span>\n\t\t\t\t\t<\/span>\n\t\t\t\t\t<\/a>\n\t\t\t\t<\/div>\n\t\t\t\t\t\t\t\t<\/div>\n\t\t\t\t<\/div>\n\t\t\t\t\t<\/div>\n\t\t<\/div>\n\t\t\t\t\t<\/div>\n\t\t<\/section>\n\t\t\t\t<section class=\"elementor-section elementor-top-section elementor-element elementor-element-16c5e6d elementor-section-boxed elementor-section-height-default elementor-section-height-default\" data-id=\"16c5e6d\" data-element_type=\"section\">\n\t\t\t\t\t\t<div class=\"elementor-container elementor-column-gap-default\">\n\t\t\t\t\t<div class=\"elementor-column elementor-col-50 elementor-top-column elementor-element elementor-element-12bf1773\" data-id=\"12bf1773\" data-element_type=\"column\">\n\t\t\t<div class=\"elementor-widget-wrap elementor-element-populated\">\n\t\t\t\t\t\t<div class=\"elementor-element elementor-element-7c7c4ade elementor-widget elementor-widget-image\" data-id=\"7c7c4ade\" data-element_type=\"widget\" data-widget_type=\"image.default\">\n\t\t\t\t<div class=\"elementor-widget-container\">\n\t\t\t\t\t\t\t\t\t\t\t\t\t\t\t<img loading=\"lazy\" decoding=\"async\" width=\"401\" height=\"287\" src=\"https:\/\/www.temacslitters.com\/wp-content\/uploads\/2023\/02\/affidabili.jpg\" class=\"attachment-full size-full wp-image-4846\" alt=\"\" srcset=\"https:\/\/www.temacslitters.com\/wp-content\/uploads\/2023\/02\/affidabili.jpg 401w, https:\/\/www.temacslitters.com\/wp-content\/uploads\/2023\/02\/affidabili-300x215.jpg 300w\" sizes=\"(max-width: 401px) 100vw, 401px\" \/>\t\t\t\t\t\t\t\t\t\t\t\t\t\t\t<\/div>\n\t\t\t\t<\/div>\n\t\t\t\t\t<\/div>\n\t\t<\/div>\n\t\t\t\t<div class=\"elementor-column elementor-col-50 elementor-top-column elementor-element elementor-element-979ffea\" data-id=\"979ffea\" data-element_type=\"column\">\n\t\t\t<div class=\"elementor-widget-wrap elementor-element-populated\">\n\t\t\t\t\t\t<div class=\"elementor-element elementor-element-3358636d elementor-widget elementor-widget-heading\" data-id=\"3358636d\" data-element_type=\"widget\" data-widget_type=\"heading.default\">\n\t\t\t\t<div class=\"elementor-widget-container\">\n\t\t\t\t\t<h3 class=\"elementor-heading-title elementor-size-default\">Nosotros somos confiables<\/h3>\t\t\t\t<\/div>\n\t\t\t\t<\/div>\n\t\t\t\t<div class=\"elementor-element elementor-element-62686b81 elementor-widget elementor-widget-text-editor\" data-id=\"62686b81\" data-element_type=\"widget\" data-widget_type=\"text-editor.default\">\n\t\t\t\t<div class=\"elementor-widget-container\">\n\t\t\t\t\t\t\t\t\t<p>Nuestros productos cumplen los m\u00e1s altos requisitos de fiabilidad y rendimiento, garantizando una alta eficiencia y una continua innovaci\u00f3n en el sector.<br \/>Desde 1999 somos un socio fiable que cree en la calidad y no hace concesiones. A lo largo de los a\u00f1os hemos conseguido un porcentaje cada vez m\u00e1s alto de clientes fieles. Nos quedamos con nuestros clientes gracias a<\/p><ul><li>servicio eficiente de repuestos<\/li><li>soporte t\u00e9cnico calificado en el sitio o remoto<\/li><\/ul>\t\t\t\t\t\t\t\t<\/div>\n\t\t\t\t<\/div>\n\t\t\t\t\t<\/div>\n\t\t<\/div>\n\t\t\t\t\t<\/div>\n\t\t<\/section>\n\t\t\t\t<section class=\"elementor-section elementor-top-section elementor-element elementor-element-6033d5cb elementor-section-boxed elementor-section-height-default elementor-section-height-default\" data-id=\"6033d5cb\" data-element_type=\"section\">\n\t\t\t\t\t\t<div class=\"elementor-container elementor-column-gap-default\">\n\t\t\t\t\t<div class=\"elementor-column elementor-col-50 elementor-top-column elementor-element elementor-element-30861ed8\" data-id=\"30861ed8\" data-element_type=\"column\">\n\t\t\t<div class=\"elementor-widget-wrap elementor-element-populated\">\n\t\t\t\t\t\t<div class=\"elementor-element elementor-element-17af24bc elementor-widget elementor-widget-image\" data-id=\"17af24bc\" data-element_type=\"widget\" data-widget_type=\"image.default\">\n\t\t\t\t<div class=\"elementor-widget-container\">\n\t\t\t\t\t\t\t\t\t\t\t\t\t\t\t<img loading=\"lazy\" decoding=\"async\" width=\"690\" height=\"279\" src=\"https:\/\/www.temacslitters.com\/wp-content\/uploads\/2022\/06\/ecosystemac.jpg\" class=\"attachment-large size-large wp-image-3980\" alt=\"ecosystemac\" srcset=\"https:\/\/www.temacslitters.com\/wp-content\/uploads\/2022\/06\/ecosystemac.jpg 768w, https:\/\/www.temacslitters.com\/wp-content\/uploads\/2022\/06\/ecosystemac-300x121.jpg 300w\" sizes=\"(max-width: 690px) 100vw, 690px\" \/>\t\t\t\t\t\t\t\t\t\t\t\t\t\t\t<\/div>\n\t\t\t\t<\/div>\n\t\t\t\t\t<\/div>\n\t\t<\/div>\n\t\t\t\t<div class=\"elementor-column elementor-col-50 elementor-top-column elementor-element elementor-element-2a7bc6f6\" data-id=\"2a7bc6f6\" data-element_type=\"column\">\n\t\t\t<div class=\"elementor-widget-wrap elementor-element-populated\">\n\t\t\t\t\t\t<div class=\"elementor-element elementor-element-51831222 elementor-widget elementor-widget-heading\" data-id=\"51831222\" data-element_type=\"widget\" data-widget_type=\"heading.default\">\n\t\t\t\t<div class=\"elementor-widget-container\">\n\t\t\t\t\t<h3 class=\"elementor-heading-title elementor-size-default\">Nosotros somos ecologicos<\/h3>\t\t\t\t<\/div>\n\t\t\t\t<\/div>\n\t\t\t\t<div class=\"elementor-element elementor-element-543c1583 elementor-widget elementor-widget-text-editor\" data-id=\"543c1583\" data-element_type=\"widget\" data-widget_type=\"text-editor.default\">\n\t\t\t\t<div class=\"elementor-widget-container\">\n\t\t\t\t\t\t\t\t\t<p>Hemos asumido nuestro compromiso medioambiental dise\u00f1ando y fabricando la serie Ecosystemac que garantiza un alto valor a\u00f1adido en t\u00e9rminos de rendimiento productivo y ecosostenibilidad.<\/p>\t\t\t\t\t\t\t\t<\/div>\n\t\t\t\t<\/div>\n\t\t\t\t<div class=\"elementor-element elementor-element-6bea9a7b elementor-align-center elementor-widget elementor-widget-button\" data-id=\"6bea9a7b\" data-element_type=\"widget\" data-widget_type=\"button.default\">\n\t\t\t\t<div class=\"elementor-widget-container\">\n\t\t\t\t\t\t\t\t\t<div class=\"elementor-button-wrapper\">\n\t\t\t\t\t<a class=\"elementor-button elementor-button-link elementor-size-sm\" href=\"https:\/\/www.temacslitters.com\/es\/ecosystemac\/\">\n\t\t\t\t\t\t<span class=\"elementor-button-content-wrapper\">\n\t\t\t\t\t\t\t\t\t<span class=\"elementor-button-text\">Descubres Ecosystemac<\/span>\n\t\t\t\t\t<\/span>\n\t\t\t\t\t<\/a>\n\t\t\t\t<\/div>\n\t\t\t\t\t\t\t\t<\/div>\n\t\t\t\t<\/div>\n\t\t\t\t\t<\/div>\n\t\t<\/div>\n\t\t\t\t\t<\/div>\n\t\t<\/section>\n\t\t\t\t<\/div>\n\t\t","protected":false},"excerpt":{"rendered":"<p>La \u00abingenier\u00eda de corte\u00bb es nuestra esencia: el dise\u00f1o es nuestra filosof\u00eda operativa, un presagio de genialidad y creatividad.Siempre estamos listos para escuchar las necesidades de nuestros clientes y dise\u00f1ar nuevas soluciones que las satisfagan.El cliente es nuestro valioso socio. Creemos que las soluciones m\u00e1s creativas, las peque\u00f1as mejoras constructivas o de software tan apreciadas<br \/><a class=\"moretag\" href=\"https:\/\/www.temacslitters.com\/es\/empresa\/\">+ Leer M\u00e1s<\/a><\/p>\n","protected":false},"author":1,"featured_media":0,"parent":0,"menu_order":0,"comment_status":"closed","ping_status":"closed","template":"templates\/page-fullwidth_template.php","meta":{"_acf_changed":false,"footnotes":""},"class_list":["post-1735","page","type-page","status-publish","hentry"],"acf":[],"yoast_head":"<!-- This site is optimized with the Yoast SEO plugin v27.4 - https:\/\/yoast.com\/product\/yoast-seo-wordpress\/ -->\n<title>Empresa - Cortadoras Rebobinadoras Temac<\/title>\n<meta name=\"robots\" content=\"index, follow, max-snippet:-1, max-image-preview:large, max-video-preview:-1\" \/>\n<link rel=\"canonical\" href=\"https:\/\/www.temacslitters.com\/it\/azienda\/\" \/>\n<meta property=\"og:locale\" content=\"es_ES\" \/>\n<meta property=\"og:type\" content=\"article\" \/>\n<meta property=\"og:title\" content=\"Empresa - Cortadoras Rebobinadoras Temac\" \/>\n<meta property=\"og:description\" content=\"La \u00abingenier\u00eda de corte\u00bb es nuestra esencia: el dise\u00f1o es nuestra filosof\u00eda operativa, un presagio de genialidad y creatividad.Siempre estamos listos para escuchar las necesidades de nuestros clientes y dise\u00f1ar nuevas soluciones que las satisfagan.El cliente es nuestro valioso socio. Creemos que las soluciones m\u00e1s creativas, las peque\u00f1as mejoras constructivas o de software tan apreciadas+ Leer M\u00e1s\" \/>\n<meta property=\"og:url\" content=\"https:\/\/www.temacslitters.com\/it\/azienda\/\" \/>\n<meta property=\"og:site_name\" content=\"Cortadoras Rebobinadoras Temac\" \/>\n<meta property=\"article:publisher\" content=\"https:\/\/www.facebook.com\/TemacSrl\/\" \/>\n<meta property=\"article:modified_time\" content=\"2024-03-15T09:28:53+00:00\" \/>\n<meta property=\"og:image\" content=\"https:\/\/www.temacslitters.com\/wp-content\/uploads\/2023\/02\/temac-azienda-1.jpg\" \/>\n<meta name=\"twitter:card\" content=\"summary_large_image\" \/>\n<meta name=\"twitter:label1\" content=\"Tiempo de lectura\" \/>\n\t<meta name=\"twitter:data1\" content=\"3 minutos\" \/>\n<script type=\"application\/ld+json\" class=\"yoast-schema-graph\">{\"@context\":\"https:\\\/\\\/schema.org\",\"@graph\":[{\"@type\":\"WebPage\",\"@id\":\"https:\\\/\\\/www.temacslitters.com\\\/it\\\/azienda\\\/\",\"url\":\"https:\\\/\\\/www.temacslitters.com\\\/it\\\/azienda\\\/\",\"name\":\"Empresa - Cortadoras Rebobinadoras Temac\",\"isPartOf\":{\"@id\":\"https:\\\/\\\/www.temacslitters.com\\\/it\\\/#website\"},\"primaryImageOfPage\":{\"@id\":\"https:\\\/\\\/www.temacslitters.com\\\/it\\\/azienda\\\/#primaryimage\"},\"image\":{\"@id\":\"https:\\\/\\\/www.temacslitters.com\\\/it\\\/azienda\\\/#primaryimage\"},\"thumbnailUrl\":\"https:\\\/\\\/www.temacslitters.com\\\/wp-content\\\/uploads\\\/2023\\\/02\\\/temac-azienda-1.jpg\",\"datePublished\":\"2018-06-28T08:48:03+00:00\",\"dateModified\":\"2024-03-15T09:28:53+00:00\",\"breadcrumb\":{\"@id\":\"https:\\\/\\\/www.temacslitters.com\\\/it\\\/azienda\\\/#breadcrumb\"},\"inLanguage\":\"es\",\"potentialAction\":[{\"@type\":\"ReadAction\",\"target\":[\"https:\\\/\\\/www.temacslitters.com\\\/it\\\/azienda\\\/\"]}]},{\"@type\":\"ImageObject\",\"inLanguage\":\"es\",\"@id\":\"https:\\\/\\\/www.temacslitters.com\\\/it\\\/azienda\\\/#primaryimage\",\"url\":\"https:\\\/\\\/www.temacslitters.com\\\/wp-content\\\/uploads\\\/2023\\\/02\\\/temac-azienda-1.jpg\",\"contentUrl\":\"https:\\\/\\\/www.temacslitters.com\\\/wp-content\\\/uploads\\\/2023\\\/02\\\/temac-azienda-1.jpg\"},{\"@type\":\"BreadcrumbList\",\"@id\":\"https:\\\/\\\/www.temacslitters.com\\\/it\\\/azienda\\\/#breadcrumb\",\"itemListElement\":[{\"@type\":\"ListItem\",\"position\":1,\"name\":\"Home\",\"item\":\"https:\\\/\\\/www.temacslitters.com\\\/it\\\/\"},{\"@type\":\"ListItem\",\"position\":2,\"name\":\"Empresa\"}]},{\"@type\":\"WebSite\",\"@id\":\"https:\\\/\\\/www.temacslitters.com\\\/it\\\/#website\",\"url\":\"https:\\\/\\\/www.temacslitters.com\\\/it\\\/\",\"name\":\"Cortadoras Rebobinadoras Temac\",\"description\":\"Temac: l\u00edder del mercado en la producci\u00f3n de cortadoras rebobinadoras, envasadoras y m\u00e1quinas especiales bajo pedido.\",\"publisher\":{\"@id\":\"https:\\\/\\\/www.temacslitters.com\\\/it\\\/#organization\"},\"potentialAction\":[{\"@type\":\"SearchAction\",\"target\":{\"@type\":\"EntryPoint\",\"urlTemplate\":\"https:\\\/\\\/www.temacslitters.com\\\/it\\\/?s={search_term_string}\"},\"query-input\":{\"@type\":\"PropertyValueSpecification\",\"valueRequired\":true,\"valueName\":\"search_term_string\"}}],\"inLanguage\":\"es\"},{\"@type\":\"Organization\",\"@id\":\"https:\\\/\\\/www.temacslitters.com\\\/it\\\/#organization\",\"name\":\"Temac\",\"url\":\"https:\\\/\\\/www.temacslitters.com\\\/it\\\/\",\"logo\":{\"@type\":\"ImageObject\",\"inLanguage\":\"es\",\"@id\":\"https:\\\/\\\/www.temacslitters.com\\\/it\\\/#\\\/schema\\\/logo\\\/image\\\/\",\"url\":\"https:\\\/\\\/www.temacslitters.com\\\/wp-content\\\/uploads\\\/2017\\\/03\\\/temac_converting_taglierine_svolgitori_logo.png\",\"contentUrl\":\"https:\\\/\\\/www.temacslitters.com\\\/wp-content\\\/uploads\\\/2017\\\/03\\\/temac_converting_taglierine_svolgitori_logo.png\",\"width\":219,\"height\":55,\"caption\":\"Temac\"},\"image\":{\"@id\":\"https:\\\/\\\/www.temacslitters.com\\\/it\\\/#\\\/schema\\\/logo\\\/image\\\/\"},\"sameAs\":[\"https:\\\/\\\/www.facebook.com\\\/TemacSrl\\\/\",\"https:\\\/\\\/www.linkedin.com\\\/company\\\/temac-srl\\\/\"]}]}<\/script>\n<!-- \/ Yoast SEO plugin. -->","yoast_head_json":{"title":"Empresa - Cortadoras Rebobinadoras Temac","robots":{"index":"index","follow":"follow","max-snippet":"max-snippet:-1","max-image-preview":"max-image-preview:large","max-video-preview":"max-video-preview:-1"},"canonical":"https:\/\/www.temacslitters.com\/it\/azienda\/","og_locale":"es_ES","og_type":"article","og_title":"Empresa - Cortadoras Rebobinadoras Temac","og_description":"La \u00abingenier\u00eda de corte\u00bb es nuestra esencia: el dise\u00f1o es nuestra filosof\u00eda operativa, un presagio de genialidad y creatividad.Siempre estamos listos para escuchar las necesidades de nuestros clientes y dise\u00f1ar nuevas soluciones que las satisfagan.El cliente es nuestro valioso socio. Creemos que las soluciones m\u00e1s creativas, las peque\u00f1as mejoras constructivas o de software tan apreciadas+ Leer M\u00e1s","og_url":"https:\/\/www.temacslitters.com\/it\/azienda\/","og_site_name":"Cortadoras Rebobinadoras Temac","article_publisher":"https:\/\/www.facebook.com\/TemacSrl\/","article_modified_time":"2024-03-15T09:28:53+00:00","og_image":[{"url":"https:\/\/www.temacslitters.com\/wp-content\/uploads\/2023\/02\/temac-azienda-1.jpg","type":"","width":"","height":""}],"twitter_card":"summary_large_image","twitter_misc":{"Tiempo de lectura":"3 minutos"},"schema":{"@context":"https:\/\/schema.org","@graph":[{"@type":"WebPage","@id":"https:\/\/www.temacslitters.com\/it\/azienda\/","url":"https:\/\/www.temacslitters.com\/it\/azienda\/","name":"Empresa - Cortadoras Rebobinadoras Temac","isPartOf":{"@id":"https:\/\/www.temacslitters.com\/it\/#website"},"primaryImageOfPage":{"@id":"https:\/\/www.temacslitters.com\/it\/azienda\/#primaryimage"},"image":{"@id":"https:\/\/www.temacslitters.com\/it\/azienda\/#primaryimage"},"thumbnailUrl":"https:\/\/www.temacslitters.com\/wp-content\/uploads\/2023\/02\/temac-azienda-1.jpg","datePublished":"2018-06-28T08:48:03+00:00","dateModified":"2024-03-15T09:28:53+00:00","breadcrumb":{"@id":"https:\/\/www.temacslitters.com\/it\/azienda\/#breadcrumb"},"inLanguage":"es","potentialAction":[{"@type":"ReadAction","target":["https:\/\/www.temacslitters.com\/it\/azienda\/"]}]},{"@type":"ImageObject","inLanguage":"es","@id":"https:\/\/www.temacslitters.com\/it\/azienda\/#primaryimage","url":"https:\/\/www.temacslitters.com\/wp-content\/uploads\/2023\/02\/temac-azienda-1.jpg","contentUrl":"https:\/\/www.temacslitters.com\/wp-content\/uploads\/2023\/02\/temac-azienda-1.jpg"},{"@type":"BreadcrumbList","@id":"https:\/\/www.temacslitters.com\/it\/azienda\/#breadcrumb","itemListElement":[{"@type":"ListItem","position":1,"name":"Home","item":"https:\/\/www.temacslitters.com\/it\/"},{"@type":"ListItem","position":2,"name":"Empresa"}]},{"@type":"WebSite","@id":"https:\/\/www.temacslitters.com\/it\/#website","url":"https:\/\/www.temacslitters.com\/it\/","name":"Cortadoras Rebobinadoras Temac","description":"Temac: l\u00edder del mercado en la producci\u00f3n de cortadoras rebobinadoras, envasadoras y m\u00e1quinas especiales bajo pedido.","publisher":{"@id":"https:\/\/www.temacslitters.com\/it\/#organization"},"potentialAction":[{"@type":"SearchAction","target":{"@type":"EntryPoint","urlTemplate":"https:\/\/www.temacslitters.com\/it\/?s={search_term_string}"},"query-input":{"@type":"PropertyValueSpecification","valueRequired":true,"valueName":"search_term_string"}}],"inLanguage":"es"},{"@type":"Organization","@id":"https:\/\/www.temacslitters.com\/it\/#organization","name":"Temac","url":"https:\/\/www.temacslitters.com\/it\/","logo":{"@type":"ImageObject","inLanguage":"es","@id":"https:\/\/www.temacslitters.com\/it\/#\/schema\/logo\/image\/","url":"https:\/\/www.temacslitters.com\/wp-content\/uploads\/2017\/03\/temac_converting_taglierine_svolgitori_logo.png","contentUrl":"https:\/\/www.temacslitters.com\/wp-content\/uploads\/2017\/03\/temac_converting_taglierine_svolgitori_logo.png","width":219,"height":55,"caption":"Temac"},"image":{"@id":"https:\/\/www.temacslitters.com\/it\/#\/schema\/logo\/image\/"},"sameAs":["https:\/\/www.facebook.com\/TemacSrl\/","https:\/\/www.linkedin.com\/company\/temac-srl\/"]}]}},"_links":{"self":[{"href":"https:\/\/www.temacslitters.com\/es\/wp-json\/wp\/v2\/pages\/1735","targetHints":{"allow":["GET"]}}],"collection":[{"href":"https:\/\/www.temacslitters.com\/es\/wp-json\/wp\/v2\/pages"}],"about":[{"href":"https:\/\/www.temacslitters.com\/es\/wp-json\/wp\/v2\/types\/page"}],"author":[{"embeddable":true,"href":"https:\/\/www.temacslitters.com\/es\/wp-json\/wp\/v2\/users\/1"}],"replies":[{"embeddable":true,"href":"https:\/\/www.temacslitters.com\/es\/wp-json\/wp\/v2\/comments?post=1735"}],"version-history":[{"count":30,"href":"https:\/\/www.temacslitters.com\/es\/wp-json\/wp\/v2\/pages\/1735\/revisions"}],"predecessor-version":[{"id":5685,"href":"https:\/\/www.temacslitters.com\/es\/wp-json\/wp\/v2\/pages\/1735\/revisions\/5685"}],"wp:attachment":[{"href":"https:\/\/www.temacslitters.com\/es\/wp-json\/wp\/v2\/media?parent=1735"}],"curies":[{"name":"wp","href":"https:\/\/api.w.org\/{rel}","templated":true}]}}